{"id":8580,"date":"2025-05-30T14:42:56","date_gmt":"2025-05-30T11:42:56","guid":{"rendered":"https:\/\/gaceramic.online\/?post_type=product&#038;p=8580"},"modified":"2025-06-02T11:10:16","modified_gmt":"2025-06-02T08:10:16","slug":"cocuklar-icin-seramik-dogum-gunu-partisi-yaratici-atolye-etkinligi-ile-kutlama","status":"publish","type":"product","link":"https:\/\/gaceramic.online\/ru\/product\/cocuklar-icin-seramik-dogum-gunu-partisi-yaratici-atolye-etkinligi-ile-kutlama\/","title":{"rendered":"\u041a\u0415\u0420\u0410\u041c\u0418\u0427\u0415\u0421\u041a\u0418\u0419 \u041f\u0420\u0410\u0417\u0414\u041d\u0418\u041a \u0414\u041b\u042f \u0414\u0415\u0422\u0415\u0419 (\u041f\u0440\u0430\u0437\u0434\u043d\u043e\u0432\u0430\u043d\u0438\u0435 \u0441 \u0442\u0432\u043e\u0440\u0447\u0435\u0441\u043a\u043e\u0439 \u043c\u0430\u0441\u0442\u0435\u0440\u0441\u043a\u043e\u0439)"},"content":{"rendered":"<p>\u00c7ocu\u011funuzun do\u011fum g\u00fcn\u00fc hem yarat\u0131c\u0131 hem de unutulmaz bir deneyime d\u00f6n\u00fc\u015fs\u00fcn!<br \/>\nAt\u00f6lyemizde d\u00fczenledi\u011fimiz 2 saatlik seramik workshop partisi, \u00e7ocuklara hem e\u011flenme hem de kendi eserlerini yaratma f\u0131rsat\u0131 sunuyor.<\/p>\n<p>\ud83c\udf89 Diledi\u011finiz gibi s\u00fcsleyebilece\u011finiz at\u00f6lye alan\u0131m\u0131zda:<br \/>\n\ud83c\udf82 Kendi pastan\u0131z\u0131 getirip kutlama yapabilir,<br \/>\n\ud83d\udc69\u200d\ud83c\udfa8 Profesyonel e\u011fitmen e\u015fli\u011finde \u00e7ocuklar kendi seramik objelerini \u015fekillendirebilir.<br \/>\n\ud83e\uddc1 \u0130sterseniz ikraml\u0131klar\u0131n\u0131z\u0131 getirin, at\u00f6lyemiz \u00e7ocuklar i\u00e7in g\u00fcvenli ve e\u011flenceli bir ortam sa\u011flar.<br \/>\nBu \u00f6zel g\u00fcn\u00fcn\u00fcz\u00fc sanatla ta\u00e7land\u0131rmak i\u00e7in bizimle ileti\u015fime ge\u00e7in!<\/p>","protected":false},"excerpt":{"rendered":"<p>4-15 Ya\u015f aral\u0131\u011f\u0131nda olabilir.<\/p>\n<p>Minimum be\u015f maksimum on ki\u015filik gruplar olabilir.<\/p>\n<p>Bir saat seramik yap\u0131lacak daha sonra kalan bir saatte de pasta kesimi ve kutlama yap\u0131lacakt\u0131r.<\/p>\n<p>Fiyatlar\u0131m\u0131z bir ki\u015fi i\u00e7in ge\u00e7erlidir. Ka\u00e7 ki\u015fi kat\u0131lmak istiyorsa sepetinize o ki\u015fi say\u0131s\u0131 kadar ekleme yapmal\u0131s\u0131n\u0131z.<\/p>","protected":false},"featured_media":8581,"comment_status":"open","ping_status":"closed","template":"","meta":{"_uag_custom_page_level_css":"","site-sidebar-layout":"default","site-content-layout":"","ast-site-content-layout":"default","site-content-style":"default","site-sidebar-style":"default","ast-global-header-display":"","ast-banner-title-visibility":"","ast-main-header-display":"","ast-hfb-above-header-display":"","ast-hfb-below-header-display":"","ast-hfb-mobile-header-display":"","site-post-title":"","ast-breadcrumbs-content":"","ast-featured-img":"","footer-sml-layout":"","theme-transparent-header-meta":"default","adv-header-id-meta":"","stick-header-meta":"","header-above-stick-meta":"","header-main-stick-meta":"","header-below-stick-meta":"","astra-migrate-meta-layouts":"set","ast-page-background-enabled":"default","ast-page-background-meta":{"desktop":{"background-color":"","background-image":"","background-repeat":"repeat","background-position":"center center","background-size":"auto","background-attachment":"scroll","background-type":"","background-media":"","overlay-type":"","overlay-color":"","overlay-opacity":"","overlay-gradient":""},"tablet":{"background-color":"","background-image":"","background-repeat":"repeat","background-position":"center center","background-size":"auto","background-attachment":"scroll","background-type":"","background-media":"","overlay-type":"","overlay-color":"","overlay-opacity":"","overlay-gradient":""},"mobile":{"background-color":"","background-image":"","background-repeat":"repeat","background-position":"center center","background-size":"auto","background-attachment":"scroll","background-type":"","background-media":"","overlay-type":"","overlay-color":"","overlay-opacity":"","overlay-gradient":""}},"ast-content-background-meta":{"desktop":{"background-color":"var(--ast-global-color-5)","background-image":"","background-repeat":"repeat","background-position":"center center","background-size":"auto","background-attachment":"scroll","background-type":"","background-media":"","overlay-type":"","overlay-color":"","overlay-opacity":"","overlay-gradient":""},"tablet":{"background-color":"var(--ast-global-color-5)","background-image":"","background-repeat":"repeat","background-position":"center center","background-size":"auto","background-attachment":"scroll","background-type":"","background-media":"","overlay-type":"","overlay-color":"","overlay-opacity":"","overlay-gradient":""},"mobile":{"background-color":"var(--ast-global-color-5)","background-image":"","background-repeat":"repeat","background-position":"center center","background-size":"auto","background-attachment":"scroll","background-type":"","background-media":"","overlay-type":"","overlay-color":"","overlay-opacity":"","overlay-gradient":""}}},"product_cat":[440],"product_tag":[920,922,883,884,921,912,914,917,916,889,888,887,918,915,910,923,919,885,911,886,913],"class_list":{"0":"post-8580","1":"product","2":"type-product","3":"status-publish","4":"has-post-thumbnail","6":"product_cat-egitim","7":"product_tag-3saatetkinlik","8":"product_tag-atolyedekutlama","9":"product_tag-cocuk-atolyesi","10":"product_tag-cocuk-dogum-gunu-etkinligi","11":"product_tag-cocukdogumgunufikri","12":"product_tag-cocuketkinligiistanbul","13":"product_tag-cocuklaraicinsanat","14":"product_tag-cocukseramikatolyesi","15":"product_tag-dogumgunuatolyesi","16":"product_tag-eglenceli-atolye-calismasi","17":"product_tag-grup-etkinlikleri-cocuk","18":"product_tag-istanbul-cocuk-etkinlikleri","19":"product_tag-istanbuletkinlikleri","20":"product_tag-kadikoyatolye","21":"product_tag-kadikoycocukatolyesi","22":"product_tag-kadikoydogumgunupartisi","23":"product_tag-partiveatolyebirarada","24":"product_tag-seramik-workshop-cocuk","25":"product_tag-seramikdogumgunu","26":"product_tag-yaratici-dogum-gunu-fikirleri","27":"product_tag-yaraticikutlama","28":"desktop-align-left","29":"tablet-align-left","30":"mobile-align-left","32":"first","33":"instock","34":"sale","35":"taxable","36":"shipping-taxable","37":"purchasable","38":"product-type-simple"},"jetpack_sharing_enabled":true,"uagb_featured_image_src":{"full":["https:\/\/gaceramic.online\/wp-content\/uploads\/2025\/05\/Cocuklar-icin-dogum-gunu-partisi-seramik.jpeg",1024,1024,false],"thumbnail":["https:\/\/gaceramic.online\/wp-content\/uploads\/2025\/05\/Cocuklar-icin-dogum-gunu-partisi-seramik-150x150.jpeg",150,150,true],"medium":["https:\/\/gaceramic.online\/wp-content\/uploads\/2025\/05\/Cocuklar-icin-dogum-gunu-partisi-seramik-300x300.jpeg",300,300,true],"medium_large":["https:\/\/gaceramic.online\/wp-content\/uploads\/2025\/05\/Cocuklar-icin-dogum-gunu-partisi-seramik-768x768.jpeg",768,768,true],"large":["https:\/\/gaceramic.online\/wp-content\/uploads\/2025\/05\/Cocuklar-icin-dogum-gunu-partisi-seramik.jpeg",1024,1024,false],"1536x1536":["https:\/\/gaceramic.online\/wp-content\/uploads\/2025\/05\/Cocuklar-icin-dogum-gunu-partisi-seramik.jpeg",1024,1024,false],"2048x2048":["https:\/\/gaceramic.online\/wp-content\/uploads\/2025\/05\/Cocuklar-icin-dogum-gunu-partisi-seramik.jpeg",1024,1024,false],"trp-custom-language-flag":["https:\/\/gaceramic.online\/wp-content\/uploads\/2025\/05\/Cocuklar-icin-dogum-gunu-partisi-seramik.jpeg",12,12,false],"woocommerce_thumbnail":["https:\/\/gaceramic.online\/wp-content\/uploads\/2025\/05\/Cocuklar-icin-dogum-gunu-partisi-seramik-300x300.jpeg",300,300,true],"woocommerce_single":["https:\/\/gaceramic.online\/wp-content\/uploads\/2025\/05\/Cocuklar-icin-dogum-gunu-partisi-seramik-600x600.jpeg",600,600,true],"woocommerce_gallery_thumbnail":["https:\/\/gaceramic.online\/wp-content\/uploads\/2025\/05\/Cocuklar-icin-dogum-gunu-partisi-seramik-100x100.jpeg",100,100,true],"variation_swatches_image_size":["https:\/\/gaceramic.online\/wp-content\/uploads\/2025\/05\/Cocuklar-icin-dogum-gunu-partisi-seramik.jpeg",50,50,false],"variation_swatches_tooltip_size":["https:\/\/gaceramic.online\/wp-content\/uploads\/2025\/05\/Cocuklar-icin-dogum-gunu-partisi-seramik.jpeg",100,100,false]},"uagb_author_info":{"display_name":"gaceramic","author_link":"https:\/\/gaceramic.online\/ru\/author\/"},"uagb_comment_info":0,"uagb_excerpt":"4-15 Ya\u015f aral\u0131\u011f\u0131nda olabilir. Minimum be\u015f maksimum on ki\u015filik gruplar olabilir. Bir saat seramik yap\u0131lacak daha sonra kalan bir saatte de pasta kesimi ve kutlama yap\u0131lacakt\u0131r. Fiyatlar\u0131m\u0131z bir ki\u015fi i\u00e7in ge\u00e7erlidir. Ka\u00e7 ki\u015fi kat\u0131lmak istiyorsa sepetinize o ki\u015fi say\u0131s\u0131 kadar ekleme yapmal\u0131s\u0131n\u0131z.","_links":{"self":[{"href":"https:\/\/gaceramic.online\/ru\/wp-json\/wp\/v2\/product\/8580","targetHints":{"allow":["GET"]}}],"collection":[{"href":"https:\/\/gaceramic.online\/ru\/wp-json\/wp\/v2\/product"}],"about":[{"href":"https:\/\/gaceramic.online\/ru\/wp-json\/wp\/v2\/types\/product"}],"replies":[{"embeddable":true,"href":"https:\/\/gaceramic.online\/ru\/wp-json\/wp\/v2\/comments?post=8580"}],"version-history":[{"count":2,"href":"https:\/\/gaceramic.online\/ru\/wp-json\/wp\/v2\/product\/8580\/revisions"}],"predecessor-version":[{"id":8603,"href":"https:\/\/gaceramic.online\/ru\/wp-json\/wp\/v2\/product\/8580\/revisions\/8603"}],"wp:featuredmedia":[{"embeddable":true,"href":"https:\/\/gaceramic.online\/ru\/wp-json\/wp\/v2\/media\/8581"}],"wp:attachment":[{"href":"https:\/\/gaceramic.online\/ru\/wp-json\/wp\/v2\/media?parent=8580"}],"wp:term":[{"taxonomy":"product_cat","embeddable":true,"href":"https:\/\/gaceramic.online\/ru\/wp-json\/wp\/v2\/product_cat?post=8580"},{"taxonomy":"product_tag","embeddable":true,"href":"https:\/\/gaceramic.online\/ru\/wp-json\/wp\/v2\/product_tag?post=8580"}],"curies":[{"name":"wp","href":"https:\/\/api.w.org\/{rel}","templated":true}]}}