{"id":8495,"date":"2024-12-02T15:08:48","date_gmt":"2024-12-02T12:08:48","guid":{"rendered":"https:\/\/gaceramic.online\/?post_type=product&#038;p=8495"},"modified":"2025-10-07T10:23:26","modified_gmt":"2025-10-07T07:23:26","slug":"seramik-aylik-kurs-2","status":"publish","type":"product","link":"https:\/\/gaceramic.online\/ru\/product\/seramik-aylik-kurs-2\/","title":{"rendered":"\u041a\u0435\u0440\u0430\u043c\u0438\u0447\u0435\u0441\u043a\u0438\u0439 \u0415\u0416\u0415\u0414\u041d\u0415\u0412\u041d\u042b\u0419 \u041a\u0423\u0420\u0421"},"content":{"rendered":"<p>Siz de kendinize \u00f6zg\u00fc el yap\u0131m\u0131 seramikler \u00fcretmek ve bu yarat\u0131c\u0131 s\u00fcrece dahil olmak isterseniz, ayl\u0131k seramik kursumuza kat\u0131labilirsiniz.<br \/>\nKurslar\u0131m\u0131z, haftada bir g\u00fcn olup 2 saat s\u00fcrmektedir. Bu s\u00fcre boyunca size \u00e7e\u015fitli teknikler \u00f6\u011frenecek ve istedi\u011finiz \u015feyleri yapman\u0131za olanak sa\u011flayaca\u011f\u0131z. B\u00f6ylece, \u00fcretti\u011finiz seramikler tamamen size ait olacak.<br \/>\nS\u0131n\u0131flar\u0131m\u0131z maksimum 7 ki\u015filik oldu\u011fu i\u00e7in size \u00f6zel bir dikkat ve ilgi g\u00f6steriyoruz. Kurs i\u00e7eri\u011fine t\u00fcm malzemeler dahildir (\u00e7amur, s\u0131r ve pi\u015firim). Herhangi bir \u015fey alman\u0131za gerek yoktur. Pek \u00e7ok renk se\u00e7ene\u011fi olan en kaliteli ithal s\u0131rlar\u0131 kullanaca\u011f\u0131z<br \/>\nKurs s\u00fcresince yapt\u0131\u011f\u0131n\u0131z \u00fcr\u00fcn\u00fc hem \u015fekillendirecek sonras\u0131nda da bizim deste\u011fimiz ve \u00f6\u011frettiklerimiz do\u011frultusunda s\u0131rlama i\u015flemini diledi\u011finiz gibi yine sizler yapacaks\u0131n\u0131z.<br \/>\nDeneyimli veya deneyimsiz olman\u0131z fark etmez, her seviyeden kat\u0131l\u0131mc\u0131lar\u0131 kurslar\u0131m\u0131za bekliyoruz.<br \/>\nKat\u0131lmak i\u00e7in l\u00fctfen bize ula\u015f\u0131n ve kayd\u0131n\u0131z\u0131 yapt\u0131r\u0131n<br \/>\nKurs iptallerinde \u00fccret iadesi yap\u0131lmamaktad\u0131r.<br \/>\nSat\u0131n ald\u0131\u011f\u0131n\u0131z kurs o hafta i\u00e7in ge\u00e7erlidir.<br \/>\nEn ge\u00e7 1 g\u00fcn \u00f6nceden gelemeyece\u011finizi haber verdi\u011finiz taktirde ders hakk\u0131n\u0131z\u0131 o ay i\u00e7erisinde telafi edebilirsiniz.<br \/>\nHaber vermeden gelmedi\u011finiz dersler yap\u0131ld\u0131 say\u0131lacakt\u0131r.<\/p>","protected":false},"excerpt":{"rendered":"<p>GACERAMIC Seramik Ayl\u0131k Kurs Kad\u0131k\u00f6y Hasanpa\u015fa merkezi lokasyonunda g\u00fcnl\u00fck stresinizi atarken keyifli vakit ge\u00e7irebilece\u011finiz bir ortam sunuyor<\/p>","protected":false},"featured_media":8598,"comment_status":"open","ping_status":"closed","template":"","meta":{"_uag_custom_page_level_css":"","site-sidebar-layout":"default","site-content-layout":"","ast-site-content-layout":"default","site-content-style":"default","site-sidebar-style":"default","ast-global-header-display":"","ast-banner-title-visibility":"","ast-main-header-display":"","ast-hfb-above-header-display":"","ast-hfb-below-header-display":"","ast-hfb-mobile-header-display":"","site-post-title":"","ast-breadcrumbs-content":"","ast-featured-img":"","footer-sml-layout":"","theme-transparent-header-meta":"default","adv-header-id-meta":"","stick-header-meta":"","header-above-stick-meta":"","header-main-stick-meta":"","header-below-stick-meta":"","astra-migrate-meta-layouts":"set","ast-page-background-enabled":"default","ast-page-background-meta":{"desktop":{"background-color":"","background-image":"","background-repeat":"repeat","background-position":"center center","background-size":"auto","background-attachment":"scroll","background-type":"","background-media":"","overlay-type":"","overlay-color":"","overlay-opacity":"","overlay-gradient":""},"tablet":{"background-color":"","background-image":"","background-repeat":"repeat","background-position":"center center","background-size":"auto","background-attachment":"scroll","background-type":"","background-media":"","overlay-type":"","overlay-color":"","overlay-opacity":"","overlay-gradient":""},"mobile":{"background-color":"","background-image":"","background-repeat":"repeat","background-position":"center center","background-size":"auto","background-attachment":"scroll","background-type":"","background-media":"","overlay-type":"","overlay-color":"","overlay-opacity":"","overlay-gradient":""}},"ast-content-background-meta":{"desktop":{"background-color":"var(--ast-global-color-5)","background-image":"","background-repeat":"repeat","background-position":"center center","background-size":"auto","background-attachment":"scroll","background-type":"","background-media":"","overlay-type":"","overlay-color":"","overlay-opacity":"","overlay-gradient":""},"tablet":{"background-color":"var(--ast-global-color-5)","background-image":"","background-repeat":"repeat","background-position":"center center","background-size":"auto","background-attachment":"scroll","background-type":"","background-media":"","overlay-type":"","overlay-color":"","overlay-opacity":"","overlay-gradient":""},"mobile":{"background-color":"var(--ast-global-color-5)","background-image":"","background-repeat":"repeat","background-position":"center center","background-size":"auto","background-attachment":"scroll","background-type":"","background-media":"","overlay-type":"","overlay-color":"","overlay-opacity":"","overlay-gradient":""}}},"product_cat":[440],"product_tag":[935,925,929,937,837,836,838,932,448,924,928,447,938,940,446,931,926,927,939,936,933,941,442,934,930,942],"class_list":{"0":"post-8495","1":"product","2":"type-product","3":"status-publish","4":"has-post-thumbnail","6":"product_cat-egitim","7":"product_tag-aylik-seramik-atolyesi","8":"product_tag-aylik-seramik-egitimi","9":"product_tag-el-ile-seramik-yapimi","10":"product_tag-hobi-seramik-kursu","11":"product_tag-kadikoy-kurs","12":"product_tag-kadikoy-seramik","13":"product_tag-seramik-atolyesi","14":"product_tag-seramik-atolyesi-egitimi","15":"product_tag-seramik-aylik-kurs","16":"product_tag-seramik-aylik-kursu","17":"product_tag-seramik-dersleri","18":"product_tag-seramik-egitim","19":"product_tag-seramik-el-yapimi","20":"product_tag-seramik-firinlama-egitimi","21":"product_tag-seramik-kurs","22":"product_tag-seramik-kursu-baslangic-seviyesi","23":"product_tag-seramik-kursu-istanbul","24":"product_tag-seramik-kursu-kadikoy","25":"product_tag-seramik-malzeme-kullanimi","26":"product_tag-seramik-sanati-egitimi","27":"product_tag-seramik-teknikleri-kursu","28":"product_tag-seramik-uretim-teknikleri","29":"product_tag-seramik-workshop","30":"product_tag-seramik-yapimi-ogren","31":"product_tag-temel-seramik-egitimi","32":"product_tag-yaratici-seramik-kursu","33":"desktop-align-left","34":"tablet-align-left","35":"mobile-align-left","37":"first","38":"instock","39":"sale","40":"taxable","41":"shipping-taxable","42":"purchasable","43":"product-type-variable","44":"has-default-attributes"},"jetpack_sharing_enabled":true,"uagb_featured_image_src":{"full":["https:\/\/gaceramic.online\/wp-content\/uploads\/2024\/12\/IMG_0276-scaled.jpeg",1440,2560,false],"thumbnail":["https:\/\/gaceramic.online\/wp-content\/uploads\/2024\/12\/IMG_0276-150x150.jpeg",150,150,true],"medium":["https:\/\/gaceramic.online\/wp-content\/uploads\/2024\/12\/IMG_0276-169x300.jpeg",169,300,true],"medium_large":["https:\/\/gaceramic.online\/wp-content\/uploads\/2024\/12\/IMG_0276-768x1365.jpeg",768,1365,true],"large":["https:\/\/gaceramic.online\/wp-content\/uploads\/2024\/12\/IMG_0276-576x1024.jpeg",576,1024,true],"1536x1536":["https:\/\/gaceramic.online\/wp-content\/uploads\/2024\/12\/IMG_0276-864x1536.jpeg",864,1536,true],"2048x2048":["https:\/\/gaceramic.online\/wp-content\/uploads\/2024\/12\/IMG_0276-1152x2048.jpeg",1152,2048,true],"trp-custom-language-flag":["https:\/\/gaceramic.online\/wp-content\/uploads\/2024\/12\/IMG_0276-scaled.jpeg",7,12,false],"woocommerce_thumbnail":["https:\/\/gaceramic.online\/wp-content\/uploads\/2024\/12\/IMG_0276-300x300.jpeg",300,300,true],"woocommerce_single":["https:\/\/gaceramic.online\/wp-content\/uploads\/2024\/12\/IMG_0276-600x1067.jpeg",600,1067,true],"woocommerce_gallery_thumbnail":["https:\/\/gaceramic.online\/wp-content\/uploads\/2024\/12\/IMG_0276-100x100.jpeg",100,100,true],"variation_swatches_image_size":["https:\/\/gaceramic.online\/wp-content\/uploads\/2024\/12\/IMG_0276-50x50.jpeg",50,50,true],"variation_swatches_tooltip_size":["https:\/\/gaceramic.online\/wp-content\/uploads\/2024\/12\/IMG_0276-100x100.jpeg",100,100,true]},"uagb_author_info":{"display_name":"gaceramic","author_link":"https:\/\/gaceramic.online\/ru\/author\/"},"uagb_comment_info":0,"uagb_excerpt":"GACERAMIC Seramik Ayl\u0131k Kurs Kad\u0131k\u00f6y Hasanpa\u015fa merkezi lokasyonunda g\u00fcnl\u00fck stresinizi atarken keyifli vakit ge\u00e7irebilece\u011finiz bir ortam sunuyor","_links":{"self":[{"href":"https:\/\/gaceramic.online\/ru\/wp-json\/wp\/v2\/product\/8495","targetHints":{"allow":["GET"]}}],"collection":[{"href":"https:\/\/gaceramic.online\/ru\/wp-json\/wp\/v2\/product"}],"about":[{"href":"https:\/\/gaceramic.online\/ru\/wp-json\/wp\/v2\/types\/product"}],"replies":[{"embeddable":true,"href":"https:\/\/gaceramic.online\/ru\/wp-json\/wp\/v2\/comments?post=8495"}],"version-history":[{"count":1,"href":"https:\/\/gaceramic.online\/ru\/wp-json\/wp\/v2\/product\/8495\/revisions"}],"predecessor-version":[{"id":8503,"href":"https:\/\/gaceramic.online\/ru\/wp-json\/wp\/v2\/product\/8495\/revisions\/8503"}],"wp:featuredmedia":[{"embeddable":true,"href":"https:\/\/gaceramic.online\/ru\/wp-json\/wp\/v2\/media\/8598"}],"wp:attachment":[{"href":"https:\/\/gaceramic.online\/ru\/wp-json\/wp\/v2\/media?parent=8495"}],"wp:term":[{"taxonomy":"product_cat","embeddable":true,"href":"https:\/\/gaceramic.online\/ru\/wp-json\/wp\/v2\/product_cat?post=8495"},{"taxonomy":"product_tag","embeddable":true,"href":"https:\/\/gaceramic.online\/ru\/wp-json\/wp\/v2\/product_tag?post=8495"}],"curies":[{"name":"wp","href":"https:\/\/api.w.org\/{rel}","templated":true}]}}