{"id":8266,"date":"2024-11-07T16:06:51","date_gmt":"2024-11-07T13:06:51","guid":{"rendered":"https:\/\/gaceramic.online\/?post_type=product&#038;p=8266"},"modified":"2025-07-17T15:32:06","modified_gmt":"2025-07-17T12:32:06","slug":"0-keten-el-boyamasi-kirlent-civciv","status":"publish","type":"product","link":"https:\/\/gaceramic.online\/ru\/product\/0-keten-el-boyamasi-kirlent-civciv\/","title":{"rendered":"%100 Keten el boyamas\u0131 k\u0131rlent-civciv"},"content":{"rendered":"<p>Yast\u0131k i\u00e7i ve k\u0131l\u0131f birlikte g\u00f6nderilecektir.<br \/>\nDo\u011fan\u0131n ne\u015fesi ve sadeli\u011finden ilham alarak yarat\u0131ld\u0131. K\u0131rlent y\u00fczeyi %100 do\u011fal keten kuma\u015fla haz\u0131rlan\u0131rken, her bir civciv \u00f6zenle el boyamas\u0131 tekni\u011fiyle desenlendi. Civcivler, sevimlilikleriyle do\u011fan\u0131n masumiyetini ve sadeli\u011fini simgelerken ba\u015flar\u0131nda ta\u015f\u0131d\u0131klar\u0131 \u00fcz\u00fcm salk\u0131mlar\u0131 ise bereketi, do\u011fan\u0131n c\u00f6mertli\u011fini ve hayat\u0131n d\u00f6ng\u00fcs\u00fcn\u00fc sembolize eder.<br \/>\nTasar\u0131mdaki \u00fcz\u00fcmler, koyu mor ve ye\u015fil tonlar\u0131yla dikkat \u00e7ekerken civcivin canl\u0131 sar\u0131 tonlar\u0131 ile kontrast yarat\u0131yor. Her detay, el boyamas\u0131 oldu\u011fu i\u00e7in, her bir k\u0131rlent kendine has bir karakter ve ruh ta\u015f\u0131yor. Tasar\u0131m, masumiyetin sanatsal bir dille yeniden yorumlanmas\u0131n\u0131 sa\u011flarken, evinizde do\u011fan\u0131n g\u00fczelliklerini ve el eme\u011finin de\u011ferini hissettirmeyi ama\u00e7l\u0131yor.<\/p>","protected":false},"excerpt":{"rendered":"<p>Bu k\u0131rlent, hem zamans\u0131z bir dekoratif par\u00e7a olarak evinize ne\u015fe katacak hem de el i\u015f\u00e7ili\u011finin de\u011ferini her g\u00fcn yeniden an\u0131msatacak.<br \/>\nElde y\u0131kamaya uygundur<\/p>","protected":false},"featured_media":8267,"comment_status":"open","ping_status":"closed","template":"","meta":{"_uag_custom_page_level_css":"","site-sidebar-layout":"default","site-content-layout":null,"ast-site-content-layout":"","site-content-style":"default","site-sidebar-style":"default","ast-global-header-display":"","ast-banner-title-visibility":"","ast-main-header-display":"","ast-hfb-above-header-display":null,"ast-hfb-below-header-display":null,"ast-hfb-mobile-header-display":null,"site-post-title":"","ast-breadcrumbs-content":null,"ast-featured-img":"","footer-sml-layout":"","theme-transparent-header-meta":"default","adv-header-id-meta":null,"stick-header-meta":null,"header-above-stick-meta":null,"header-main-stick-meta":null,"header-below-stick-meta":null,"astra-migrate-meta-layouts":"default","ast-page-background-enabled":"default","ast-page-background-meta":{"desktop":{"background-color":"","background-image":"","background-repeat":"repeat","background-position":"center center","background-size":"auto","background-attachment":"scroll","background-type":"","background-media":"","overlay-type":"","overlay-color":"","overlay-opacity":"","overlay-gradient":""},"tablet":{"background-color":"","background-image":"","background-repeat":"repeat","background-position":"center center","background-size":"auto","background-attachment":"scroll","background-type":"","background-media":"","overlay-type":"","overlay-color":"","overlay-opacity":"","overlay-gradient":""},"mobile":{"background-color":"","background-image":"","background-repeat":"repeat","background-position":"center center","background-size":"auto","background-attachment":"scroll","background-type":"","background-media":"","overlay-type":"","overlay-color":"","overlay-opacity":"","overlay-gradient":""}},"ast-content-background-meta":{"desktop":{"background-color":"var(--ast-global-color-5)","background-image":"","background-repeat":"repeat","background-position":"center center","background-size":"auto","background-attachment":"scroll","background-type":"","background-media":"","overlay-type":"","overlay-color":"","overlay-opacity":"","overlay-gradient":""},"tablet":{"background-color":"var(--ast-global-color-5)","background-image":"","background-repeat":"repeat","background-position":"center center","background-size":"auto","background-attachment":"scroll","background-type":"","background-media":"","overlay-type":"","overlay-color":"","overlay-opacity":"","overlay-gradient":""},"mobile":{"background-color":"var(--ast-global-color-5)","background-image":"","background-repeat":"repeat","background-position":"center center","background-size":"auto","background-attachment":"scroll","background-type":"","background-media":"","overlay-type":"","overlay-color":"","overlay-opacity":"","overlay-gradient":""}}},"product_cat":[814],"product_tag":[251,290,158,364,299],"class_list":{"0":"post-8266","1":"product","2":"type-product","3":"status-publish","4":"has-post-thumbnail","6":"product_cat-yastik","7":"product_tag-dekoratif","8":"product_tag-el-yapimi","9":"product_tag-gaceramic","10":"product_tag-hayvan-figur","11":"product_tag-hediyelik","12":"desktop-align-left","13":"tablet-align-left","14":"mobile-align-left","16":"first","17":"instock","18":"taxable","19":"shipping-taxable","20":"purchasable","21":"product-type-simple"},"jetpack_sharing_enabled":true,"uagb_featured_image_src":{"full":["https:\/\/gaceramic.online\/wp-content\/uploads\/2024\/11\/100-Keten-el-boyamasi-kirlent-civciv.jpg",1500,1500,false],"thumbnail":["https:\/\/gaceramic.online\/wp-content\/uploads\/2024\/11\/100-Keten-el-boyamasi-kirlent-civciv-150x150.jpg",150,150,true],"medium":["https:\/\/gaceramic.online\/wp-content\/uploads\/2024\/11\/100-Keten-el-boyamasi-kirlent-civciv-300x300.jpg",300,300,true],"medium_large":["https:\/\/gaceramic.online\/wp-content\/uploads\/2024\/11\/100-Keten-el-boyamasi-kirlent-civciv-768x768.jpg",768,768,true],"large":["https:\/\/gaceramic.online\/wp-content\/uploads\/2024\/11\/100-Keten-el-boyamasi-kirlent-civciv-1024x1024.jpg",1024,1024,true],"1536x1536":["https:\/\/gaceramic.online\/wp-content\/uploads\/2024\/11\/100-Keten-el-boyamasi-kirlent-civciv.jpg",1500,1500,false],"2048x2048":["https:\/\/gaceramic.online\/wp-content\/uploads\/2024\/11\/100-Keten-el-boyamasi-kirlent-civciv.jpg",1500,1500,false],"trp-custom-language-flag":["https:\/\/gaceramic.online\/wp-content\/uploads\/2024\/11\/100-Keten-el-boyamasi-kirlent-civciv.jpg",12,12,false],"woocommerce_thumbnail":["https:\/\/gaceramic.online\/wp-content\/uploads\/2024\/11\/100-Keten-el-boyamasi-kirlent-civciv-300x300.jpg",300,300,true],"woocommerce_single":["https:\/\/gaceramic.online\/wp-content\/uploads\/2024\/11\/100-Keten-el-boyamasi-kirlent-civciv-600x600.jpg",600,600,true],"woocommerce_gallery_thumbnail":["https:\/\/gaceramic.online\/wp-content\/uploads\/2024\/11\/100-Keten-el-boyamasi-kirlent-civciv-100x100.jpg",100,100,true],"variation_swatches_image_size":["https:\/\/gaceramic.online\/wp-content\/uploads\/2024\/11\/100-Keten-el-boyamasi-kirlent-civciv.jpg",50,50,false],"variation_swatches_tooltip_size":["https:\/\/gaceramic.online\/wp-content\/uploads\/2024\/11\/100-Keten-el-boyamasi-kirlent-civciv.jpg",100,100,false]},"uagb_author_info":{"display_name":"gaceramic","author_link":"https:\/\/gaceramic.online\/ru\/author\/"},"uagb_comment_info":0,"uagb_excerpt":"Bu k\u0131rlent, hem zamans\u0131z bir dekoratif par\u00e7a olarak evinize ne\u015fe katacak hem de el i\u015f\u00e7ili\u011finin de\u011ferini her g\u00fcn yeniden an\u0131msatacak. Elde y\u0131kamaya uygundur","_links":{"self":[{"href":"https:\/\/gaceramic.online\/ru\/wp-json\/wp\/v2\/product\/8266","targetHints":{"allow":["GET"]}}],"collection":[{"href":"https:\/\/gaceramic.online\/ru\/wp-json\/wp\/v2\/product"}],"about":[{"href":"https:\/\/gaceramic.online\/ru\/wp-json\/wp\/v2\/types\/product"}],"replies":[{"embeddable":true,"href":"https:\/\/gaceramic.online\/ru\/wp-json\/wp\/v2\/comments?post=8266"}],"version-history":[{"count":1,"href":"https:\/\/gaceramic.online\/ru\/wp-json\/wp\/v2\/product\/8266\/revisions"}],"predecessor-version":[{"id":8285,"href":"https:\/\/gaceramic.online\/ru\/wp-json\/wp\/v2\/product\/8266\/revisions\/8285"}],"wp:featuredmedia":[{"embeddable":true,"href":"https:\/\/gaceramic.online\/ru\/wp-json\/wp\/v2\/media\/8267"}],"wp:attachment":[{"href":"https:\/\/gaceramic.online\/ru\/wp-json\/wp\/v2\/media?parent=8266"}],"wp:term":[{"taxonomy":"product_cat","embeddable":true,"href":"https:\/\/gaceramic.online\/ru\/wp-json\/wp\/v2\/product_cat?post=8266"},{"taxonomy":"product_tag","embeddable":true,"href":"https:\/\/gaceramic.online\/ru\/wp-json\/wp\/v2\/product_tag?post=8266"}],"curies":[{"name":"wp","href":"https:\/\/api.w.org\/{rel}","templated":true}]}}