{"id":8231,"date":"2024-11-06T16:57:04","date_gmt":"2024-11-06T13:57:04","guid":{"rendered":"https:\/\/gaceramic.online\/?post_type=product&#038;p=8231"},"modified":"2025-07-17T14:41:55","modified_gmt":"2025-07-17T11:41:55","slug":"%d0%bc%d0%b8%d0%bd%d0%b8-%d0%b4%d0%be%d0%bc%d0%b8%d0%ba-4-%d0%b3%d0%b0%d0%bb%d1%82%d0%be%d0%b2%d0%b0%d0%bd%d0%bd%d1%8b%d0%b9","status":"publish","type":"product","link":"https:\/\/gaceramic.online\/ru\/product\/%d0%bc%d0%b8%d0%bd%d0%b8-%d0%b4%d0%be%d0%bc%d0%b8%d0%ba-4-%d0%b3%d0%b0%d0%bb%d1%82%d0%be%d0%b2%d0%b0%d0%bd%d0%bd%d1%8b%d0%b9\/","title":{"rendered":"\u041c\u0438\u043d\u0438-\u0434\u043e\u043c\u0438\u043a \u0438\u0437 4 \u0447\u0430\u0441\u0442\u0435\u0439 - \u0433\u0430\u043b\u0442\u043e\u0432\u0430\u043d\u043d\u044b\u0439"},"content":{"rendered":"<p>\u041f\u041e\u0421\u041a\u041e\u041b\u042c\u041a\u0423 \u042d\u0422\u041e \u041f\u041e\u041b\u041d\u041e\u0421\u0422\u042c\u042e \u0420\u0423\u0427\u041d\u0410\u042f \u0420\u0410\u0411\u041e\u0422\u0410, \u0412\u041e\u0417\u041c\u041e\u0416\u041d\u042b \u041d\u0415\u0417\u041d\u0410\u0427\u0418\u0422\u0415\u041b\u042c\u041d\u042b\u0415 \u041e\u0422\u041b\u0418\u0427\u0418\u042f. \u041a\u0410\u0416\u0414\u041e\u0415 \u0418\u0417\u0414\u0415\u041b\u0418\u0415 \u0423\u041d\u0418\u041a\u0410\u041b\u042c\u041d\u041e. \u0418\u0417\u0413\u041e\u0422\u041e\u0412\u041b\u0415\u041d\u041e \u0421 \u0418\u0421\u041f\u041e\u041b\u042c\u0417\u041e\u0412\u0410\u041d\u0418\u0415\u041c \u0418\u041c\u041f\u041e\u0420\u0422\u041d\u042b\u0425 \u041c\u0410\u0422\u0415\u0420\u0418\u0410\u041b\u041e\u0412. \u041c\u0418\u041d\u0418 \u0414\u0415\u041a\u041e\u0420\u0410\u0422\u0418\u0412\u041d\u042b\u0415 \u0414\u041e\u041c\u0418\u041a\u0418. \u041e\u041d \u041f\u0420\u0415\u0414\u041d\u0410\u0417\u041d\u0410\u0427\u0415\u041d \u0414\u041b\u042f \u0422\u041e\u0413\u041e, \u0427\u0422\u041e\u0411\u042b \u0414\u041e\u0411\u0410\u0412\u0418\u0422\u042c \u041d\u0415\u0411\u041e\u041b\u042c\u0428\u041e\u0415 \u0414\u0412\u0418\u0416\u0415\u041d\u0418\u0415 \u0412 \u0412\u0410\u0428\u0418 \u041f\u0420\u0418\u0425\u041e\u0416\u0418\u0415, \u0421\u0422\u041e\u041b\u042b.<\/p>","protected":false},"excerpt":{"rendered":"<p>\u0423\u043a\u0440\u0430\u0441\u044c\u0442\u0435 \u0441\u0432\u043e\u0435 \u043e\u043a\u0440\u0443\u0436\u0435\u043d\u0438\u0435 \u043a\u0435\u0440\u0430\u043c\u0438\u0447\u0435\u0441\u043a\u0438\u043c\u0438 \u043c\u0438\u043d\u0438-\u0434\u043e\u043c\u0438\u043a\u0430\u043c\u0438 \u0440\u0443\u0447\u043d\u043e\u0439 \u0440\u0430\u0431\u043e\u0442\u044b, \u043a\u043e\u0442\u043e\u0440\u044b\u0435 \u043c\u043e\u0436\u043d\u043e \u0438\u0441\u043f\u043e\u043b\u044c\u0437\u043e\u0432\u0430\u0442\u044c \u0432 \u0432\u0438\u0442\u0440\u0438\u043d\u0430\u0445, \u0434\u0435\u0442\u0441\u043a\u0438\u0445 \u043a\u043e\u043c\u043d\u0430\u0442\u0430\u0445, \u043e\u0444\u0438\u0441\u043d\u044b\u0445 \u0441\u0442\u043e\u043b\u0430\u0445 \u0438 \u043c\u043d\u043e\u0433\u0438\u0445 \u0434\u0440\u0443\u0433\u0438\u0445 \u043c\u0435\u0441\u0442\u0430\u0445.<\/p>","protected":false},"featured_media":8233,"comment_status":"open","ping_status":"closed","template":"","meta":{"_uag_custom_page_level_css":"","site-sidebar-layout":"default","site-content-layout":null,"ast-site-content-layout":"","site-content-style":"default","site-sidebar-style":"default","ast-global-header-display":"","ast-banner-title-visibility":"","ast-main-header-display":"","ast-hfb-above-header-display":null,"ast-hfb-below-header-display":null,"ast-hfb-mobile-header-display":null,"site-post-title":"","ast-breadcrumbs-content":null,"ast-featured-img":"","footer-sml-layout":"","theme-transparent-header-meta":"default","adv-header-id-meta":null,"stick-header-meta":null,"header-above-stick-meta":null,"header-main-stick-meta":null,"header-below-stick-meta":null,"astra-migrate-meta-layouts":"default","ast-page-background-enabled":"default","ast-page-background-meta":{"desktop":{"background-color":"","background-image":"","background-repeat":"repeat","background-position":"center center","background-size":"auto","background-attachment":"scroll","background-type":"","background-media":"","overlay-type":"","overlay-color":"","overlay-opacity":"","overlay-gradient":""},"tablet":{"background-color":"","background-image":"","background-repeat":"repeat","background-position":"center center","background-size":"auto","background-attachment":"scroll","background-type":"","background-media":"","overlay-type":"","overlay-color":"","overlay-opacity":"","overlay-gradient":""},"mobile":{"background-color":"","background-image":"","background-repeat":"repeat","background-position":"center center","background-size":"auto","background-attachment":"scroll","background-type":"","background-media":"","overlay-type":"","overlay-color":"","overlay-opacity":"","overlay-gradient":""}},"ast-content-background-meta":{"desktop":{"background-color":"var(--ast-global-color-5)","background-image":"","background-repeat":"repeat","background-position":"center center","background-size":"auto","background-attachment":"scroll","background-type":"","background-media":"","overlay-type":"","overlay-color":"","overlay-opacity":"","overlay-gradient":""},"tablet":{"background-color":"var(--ast-global-color-5)","background-image":"","background-repeat":"repeat","background-position":"center center","background-size":"auto","background-attachment":"scroll","background-type":"","background-media":"","overlay-type":"","overlay-color":"","overlay-opacity":"","overlay-gradient":""},"mobile":{"background-color":"var(--ast-global-color-5)","background-image":"","background-repeat":"repeat","background-position":"center center","background-size":"auto","background-attachment":"scroll","background-type":"","background-media":"","overlay-type":"","overlay-color":"","overlay-opacity":"","overlay-gradient":""}}},"product_cat":[54],"product_tag":[90,131,251,307,290,158,123,299,203],"class_list":{"0":"post-8231","1":"product","2":"type-product","3":"status-publish","4":"has-post-thumbnail","6":"product_cat-obje","7":"product_tag-seramik","8":"product_tag-ceramic","9":"product_tag-dekoratif","10":"product_tag-el-yapim-seramik","11":"product_tag-el-yapimi","12":"product_tag-gaceramic","13":"product_tag-handmade","14":"product_tag-hediyelik","15":"product_tag-obje","16":"desktop-align-left","17":"tablet-align-left","18":"mobile-align-left","20":"first","21":"instock","22":"taxable","23":"shipping-taxable","24":"purchasable","25":"product-type-simple"},"jetpack_sharing_enabled":true,"uagb_featured_image_src":{"full":["https:\/\/gaceramic.online\/wp-content\/uploads\/2024\/11\/mini-ev-4lu-eskitme-II.jpg",1500,1500,false],"thumbnail":["https:\/\/gaceramic.online\/wp-content\/uploads\/2024\/11\/mini-ev-4lu-eskitme-II-150x150.jpg",150,150,true],"medium":["https:\/\/gaceramic.online\/wp-content\/uploads\/2024\/11\/mini-ev-4lu-eskitme-II-300x300.jpg",300,300,true],"medium_large":["https:\/\/gaceramic.online\/wp-content\/uploads\/2024\/11\/mini-ev-4lu-eskitme-II-768x768.jpg",768,768,true],"large":["https:\/\/gaceramic.online\/wp-content\/uploads\/2024\/11\/mini-ev-4lu-eskitme-II-1024x1024.jpg",1024,1024,true],"1536x1536":["https:\/\/gaceramic.online\/wp-content\/uploads\/2024\/11\/mini-ev-4lu-eskitme-II.jpg",1500,1500,false],"2048x2048":["https:\/\/gaceramic.online\/wp-content\/uploads\/2024\/11\/mini-ev-4lu-eskitme-II.jpg",1500,1500,false],"trp-custom-language-flag":["https:\/\/gaceramic.online\/wp-content\/uploads\/2024\/11\/mini-ev-4lu-eskitme-II.jpg",12,12,false],"woocommerce_thumbnail":["https:\/\/gaceramic.online\/wp-content\/uploads\/2024\/11\/mini-ev-4lu-eskitme-II-300x300.jpg",300,300,true],"woocommerce_single":["https:\/\/gaceramic.online\/wp-content\/uploads\/2024\/11\/mini-ev-4lu-eskitme-II-600x600.jpg",600,600,true],"woocommerce_gallery_thumbnail":["https:\/\/gaceramic.online\/wp-content\/uploads\/2024\/11\/mini-ev-4lu-eskitme-II-100x100.jpg",100,100,true],"variation_swatches_image_size":["https:\/\/gaceramic.online\/wp-content\/uploads\/2024\/11\/mini-ev-4lu-eskitme-II.jpg",50,50,false],"variation_swatches_tooltip_size":["https:\/\/gaceramic.online\/wp-content\/uploads\/2024\/11\/mini-ev-4lu-eskitme-II.jpg",100,100,false]},"uagb_author_info":{"display_name":"gaceramic","author_link":"https:\/\/gaceramic.online\/ru\/author\/"},"uagb_comment_info":0,"uagb_excerpt":"Vitrinlerinize ,\u00e7ocuk odalar\u0131na ,ofis masan\u0131za ve daha bir\u00e7ok alanda dekoratif olarak kullanabilece\u011finiz el yap\u0131m\u0131 mini seramik evler ile bulundu\u011funuz ortam\u0131 \u00f6zelle\u015ftirin.","_links":{"self":[{"href":"https:\/\/gaceramic.online\/ru\/wp-json\/wp\/v2\/product\/8231","targetHints":{"allow":["GET"]}}],"collection":[{"href":"https:\/\/gaceramic.online\/ru\/wp-json\/wp\/v2\/product"}],"about":[{"href":"https:\/\/gaceramic.online\/ru\/wp-json\/wp\/v2\/types\/product"}],"replies":[{"embeddable":true,"href":"https:\/\/gaceramic.online\/ru\/wp-json\/wp\/v2\/comments?post=8231"}],"version-history":[{"count":1,"href":"https:\/\/gaceramic.online\/ru\/wp-json\/wp\/v2\/product\/8231\/revisions"}],"predecessor-version":[{"id":8296,"href":"https:\/\/gaceramic.online\/ru\/wp-json\/wp\/v2\/product\/8231\/revisions\/8296"}],"wp:featuredmedia":[{"embeddable":true,"href":"https:\/\/gaceramic.online\/ru\/wp-json\/wp\/v2\/media\/8233"}],"wp:attachment":[{"href":"https:\/\/gaceramic.online\/ru\/wp-json\/wp\/v2\/media?parent=8231"}],"wp:term":[{"taxonomy":"product_cat","embeddable":true,"href":"https:\/\/gaceramic.online\/ru\/wp-json\/wp\/v2\/product_cat?post=8231"},{"taxonomy":"product_tag","embeddable":true,"href":"https:\/\/gaceramic.online\/ru\/wp-json\/wp\/v2\/product_tag?post=8231"}],"curies":[{"name":"wp","href":"https:\/\/api.w.org\/{rel}","templated":true}]}}