{"id":8224,"date":"2024-11-06T16:44:44","date_gmt":"2024-11-06T13:44:44","guid":{"rendered":"https:\/\/gaceramic.online\/?post_type=product&#038;p=8224"},"modified":"2025-07-17T14:48:47","modified_gmt":"2025-07-17T11:48:47","slug":"ayakli-sunum-tabagi-bal-kahve","status":"publish","type":"product","link":"https:\/\/gaceramic.online\/ru\/product\/ayakli-sunum-tabagi-bal-kahve\/","title":{"rendered":"ayakl\u0131 sunum taba\u011f\u0131-bal kahve"},"content":{"rendered":"<p>Sofran\u0131za \u015f\u0131kl\u0131k katacak ayakl\u0131 sunum taba\u011f\u0131 se\u00e7eneklerimiz ile kurabiye ve meyvelerinizi daha g\u00f6steri\u015fli sunabilirsiniz. Zarif tasar\u0131mlar\u0131 ve sa\u011flam yap\u0131s\u0131 ile hem evinizde hem de kafelerde, restoranlarda kullan\u0131ma uygun olan ayakl\u0131 sunum tabaklar\u0131, sofralar\u0131n\u0131za renk kat\u0131yor.<br \/>\nDo\u011fal ve s\u0131cak tonlardan olu\u015fan sunum tabaklar\u0131m\u0131z, do\u011fal kaynaklardan elde edilmi\u015f \u00e7evre dostu malzemelerden yap\u0131lm\u0131\u015ft\u0131r. Tabaklar\u0131n alt\u0131ndaki ayaklar\u0131 ise, daha \u015f\u0131k bir sunum elde etmenize yard\u0131mc\u0131 oluyor. Sofran\u0131z\u0131 g\u00fczelle\u015ftirecek ayakl\u0131 sunum tabaklar\u0131m\u0131z ile \u00f6zel g\u00fcnlerinizde veya her g\u00fcn sofran\u0131zda daha \u015f\u0131k bir g\u00f6r\u00fcn\u00fcm elde edebilirsiniz.<\/p>","protected":false},"excerpt":{"rendered":"<p>%100 El Yap\u0131m\u0131d\u0131r Bu Y\u00fczden K\u00fc\u00e7\u00fck Farkl\u0131l\u0131klar Olabilir. \u0130thal Malzemeler Kullan\u0131larak \u00dcretilmi\u015ftir. Elde y\u0131kaman\u0131z tavsiye edilir. Ancak bula\u015f\u0131k makinas\u0131nda da y\u0131kayabilirsiniz<\/p>","protected":false},"featured_media":8227,"comment_status":"open","ping_status":"closed","template":"","meta":{"_uag_custom_page_level_css":"","site-sidebar-layout":"default","site-content-layout":null,"ast-site-content-layout":"","site-content-style":"default","site-sidebar-style":"default","ast-global-header-display":"","ast-banner-title-visibility":"","ast-main-header-display":"","ast-hfb-above-header-display":null,"ast-hfb-below-header-display":null,"ast-hfb-mobile-header-display":null,"site-post-title":"","ast-breadcrumbs-content":null,"ast-featured-img":"","footer-sml-layout":"","theme-transparent-header-meta":"default","adv-header-id-meta":null,"stick-header-meta":null,"header-above-stick-meta":null,"header-main-stick-meta":null,"header-below-stick-meta":null,"astra-migrate-meta-layouts":"default","ast-page-background-enabled":"default","ast-page-background-meta":{"desktop":{"background-color":"","background-image":"","background-repeat":"repeat","background-position":"center center","background-size":"auto","background-attachment":"scroll","background-type":"","background-media":"","overlay-type":"","overlay-color":"","overlay-opacity":"","overlay-gradient":""},"tablet":{"background-color":"","background-image":"","background-repeat":"repeat","background-position":"center center","background-size":"auto","background-attachment":"scroll","background-type":"","background-media":"","overlay-type":"","overlay-color":"","overlay-opacity":"","overlay-gradient":""},"mobile":{"background-color":"","background-image":"","background-repeat":"repeat","background-position":"center center","background-size":"auto","background-attachment":"scroll","background-type":"","background-media":"","overlay-type":"","overlay-color":"","overlay-opacity":"","overlay-gradient":""}},"ast-content-background-meta":{"desktop":{"background-color":"var(--ast-global-color-5)","background-image":"","background-repeat":"repeat","background-position":"center center","background-size":"auto","background-attachment":"scroll","background-type":"","background-media":"","overlay-type":"","overlay-color":"","overlay-opacity":"","overlay-gradient":""},"tablet":{"background-color":"var(--ast-global-color-5)","background-image":"","background-repeat":"repeat","background-position":"center center","background-size":"auto","background-attachment":"scroll","background-type":"","background-media":"","overlay-type":"","overlay-color":"","overlay-opacity":"","overlay-gradient":""},"mobile":{"background-color":"var(--ast-global-color-5)","background-image":"","background-repeat":"repeat","background-position":"center center","background-size":"auto","background-attachment":"scroll","background-type":"","background-media":"","overlay-type":"","overlay-color":"","overlay-opacity":"","overlay-gradient":""}}},"product_cat":[58],"product_tag":[90,131,251,307,158,123,299,73,418],"class_list":{"0":"post-8224","1":"product","2":"type-product","3":"status-publish","4":"has-post-thumbnail","6":"product_cat-sunum","7":"product_tag-seramik","8":"product_tag-ceramic","9":"product_tag-dekoratif","10":"product_tag-el-yapim-seramik","11":"product_tag-gaceramic","12":"product_tag-handmade","13":"product_tag-hediyelik","14":"product_tag-sunum","15":"product_tag-sunumluk","16":"desktop-align-left","17":"tablet-align-left","18":"mobile-align-left","20":"first","21":"instock","22":"taxable","23":"shipping-taxable","24":"purchasable","25":"product-type-simple"},"jetpack_sharing_enabled":true,"uagb_featured_image_src":{"full":["https:\/\/gaceramic.online\/wp-content\/uploads\/2024\/11\/ayakli-sunum-tabagi-bal-kahve.jpg",1500,1500,false],"thumbnail":["https:\/\/gaceramic.online\/wp-content\/uploads\/2024\/11\/ayakli-sunum-tabagi-bal-kahve-150x150.jpg",150,150,true],"medium":["https:\/\/gaceramic.online\/wp-content\/uploads\/2024\/11\/ayakli-sunum-tabagi-bal-kahve-300x300.jpg",300,300,true],"medium_large":["https:\/\/gaceramic.online\/wp-content\/uploads\/2024\/11\/ayakli-sunum-tabagi-bal-kahve-768x768.jpg",768,768,true],"large":["https:\/\/gaceramic.online\/wp-content\/uploads\/2024\/11\/ayakli-sunum-tabagi-bal-kahve-1024x1024.jpg",1024,1024,true],"1536x1536":["https:\/\/gaceramic.online\/wp-content\/uploads\/2024\/11\/ayakli-sunum-tabagi-bal-kahve.jpg",1500,1500,false],"2048x2048":["https:\/\/gaceramic.online\/wp-content\/uploads\/2024\/11\/ayakli-sunum-tabagi-bal-kahve.jpg",1500,1500,false],"trp-custom-language-flag":["https:\/\/gaceramic.online\/wp-content\/uploads\/2024\/11\/ayakli-sunum-tabagi-bal-kahve.jpg",12,12,false],"woocommerce_thumbnail":["https:\/\/gaceramic.online\/wp-content\/uploads\/2024\/11\/ayakli-sunum-tabagi-bal-kahve-300x300.jpg",300,300,true],"woocommerce_single":["https:\/\/gaceramic.online\/wp-content\/uploads\/2024\/11\/ayakli-sunum-tabagi-bal-kahve-600x600.jpg",600,600,true],"woocommerce_gallery_thumbnail":["https:\/\/gaceramic.online\/wp-content\/uploads\/2024\/11\/ayakli-sunum-tabagi-bal-kahve-100x100.jpg",100,100,true],"variation_swatches_image_size":["https:\/\/gaceramic.online\/wp-content\/uploads\/2024\/11\/ayakli-sunum-tabagi-bal-kahve.jpg",50,50,false],"variation_swatches_tooltip_size":["https:\/\/gaceramic.online\/wp-content\/uploads\/2024\/11\/ayakli-sunum-tabagi-bal-kahve.jpg",100,100,false]},"uagb_author_info":{"display_name":"gaceramic","author_link":"https:\/\/gaceramic.online\/ru\/author\/"},"uagb_comment_info":0,"uagb_excerpt":"%100 El Yap\u0131m\u0131d\u0131r Bu Y\u00fczden K\u00fc\u00e7\u00fck Farkl\u0131l\u0131klar Olabilir. \u0130thal Malzemeler Kullan\u0131larak \u00dcretilmi\u015ftir. Elde y\u0131kaman\u0131z tavsiye edilir. Ancak bula\u015f\u0131k makinas\u0131nda da y\u0131kayabilirsiniz","_links":{"self":[{"href":"https:\/\/gaceramic.online\/ru\/wp-json\/wp\/v2\/product\/8224","targetHints":{"allow":["GET"]}}],"collection":[{"href":"https:\/\/gaceramic.online\/ru\/wp-json\/wp\/v2\/product"}],"about":[{"href":"https:\/\/gaceramic.online\/ru\/wp-json\/wp\/v2\/types\/product"}],"replies":[{"embeddable":true,"href":"https:\/\/gaceramic.online\/ru\/wp-json\/wp\/v2\/comments?post=8224"}],"version-history":[{"count":1,"href":"https:\/\/gaceramic.online\/ru\/wp-json\/wp\/v2\/product\/8224\/revisions"}],"predecessor-version":[{"id":8298,"href":"https:\/\/gaceramic.online\/ru\/wp-json\/wp\/v2\/product\/8224\/revisions\/8298"}],"wp:featuredmedia":[{"embeddable":true,"href":"https:\/\/gaceramic.online\/ru\/wp-json\/wp\/v2\/media\/8227"}],"wp:attachment":[{"href":"https:\/\/gaceramic.online\/ru\/wp-json\/wp\/v2\/media?parent=8224"}],"wp:term":[{"taxonomy":"product_cat","embeddable":true,"href":"https:\/\/gaceramic.online\/ru\/wp-json\/wp\/v2\/product_cat?post=8224"},{"taxonomy":"product_tag","embeddable":true,"href":"https:\/\/gaceramic.online\/ru\/wp-json\/wp\/v2\/product_tag?post=8224"}],"curies":[{"name":"wp","href":"https:\/\/api.w.org\/{rel}","templated":true}]}}