{"id":7470,"date":"2023-11-10T08:47:38","date_gmt":"2023-11-10T05:47:38","guid":{"rendered":"https:\/\/gaceramic.online\/?post_type=product&#038;p=7470"},"modified":"2025-07-21T08:59:43","modified_gmt":"2025-07-21T05:59:43","slug":"leopar-figurlu-kutu","status":"publish","type":"product","link":"https:\/\/gaceramic.online\/ru\/product\/leopar-figurlu-kutu\/","title":{"rendered":"LEOPAR F\u0130G\u00dcRL\u00dc KUTU"},"content":{"rendered":"<p>TASARIM PATENTL\u0130 HAYVAN F\u0130G\u00dcRL\u00dc SERV\u0130S TABAKLARININ YANI SIRA BU F\u0130G\u00dcRLER\u0130 FARKLI KULLANIM E\u015eYALARIYLA DA B\u0130RLE\u015eT\u0130R\u0130LD\u0130.HEM ESTET\u0130K HEM FONKS\u0130YONEL OLMASI \u0130\u00c7\u0130N HAYVAN F\u0130G\u00dcRLER\u0130 KULP OLARAK TASARLANDI<\/p>","protected":false},"excerpt":{"rendered":"<p>\u0130\u00c7 VE DI\u015e RENG\u0130 S\u0130YAHTIR.\u00dcST\u00dcNDEK\u0130 EL YAPIMI HAYVAN F\u0130G\u00dcR\u00dc TUTMA KULBU OLARAK TASARLANMI\u015eTIR.GIDA MALZEMELR\u0130N\u0130Z\u0130 SAKLAMANIZ \u0130\u00c7\u0130N UYGUNDUR.<\/p>","protected":false},"featured_media":6891,"comment_status":"open","ping_status":"closed","template":"","meta":{"_uag_custom_page_level_css":"","site-sidebar-layout":"default","site-content-layout":null,"ast-site-content-layout":"","site-content-style":"default","site-sidebar-style":"default","ast-global-header-display":"","ast-banner-title-visibility":"","ast-main-header-display":"","ast-hfb-above-header-display":null,"ast-hfb-below-header-display":null,"ast-hfb-mobile-header-display":null,"site-post-title":"","ast-breadcrumbs-content":null,"ast-featured-img":"","footer-sml-layout":"","theme-transparent-header-meta":"default","adv-header-id-meta":null,"stick-header-meta":null,"header-above-stick-meta":null,"header-main-stick-meta":null,"header-below-stick-meta":null,"astra-migrate-meta-layouts":"default","ast-page-background-enabled":"default","ast-page-background-meta":{"desktop":{"background-color":"","background-image":"","background-repeat":"repeat","background-position":"center center","background-size":"auto","background-attachment":"scroll","background-type":"","background-media":"","overlay-type":"","overlay-color":"","overlay-opacity":"","overlay-gradient":""},"tablet":{"background-color":"","background-image":"","background-repeat":"repeat","background-position":"center center","background-size":"auto","background-attachment":"scroll","background-type":"","background-media":"","overlay-type":"","overlay-color":"","overlay-opacity":"","overlay-gradient":""},"mobile":{"background-color":"","background-image":"","background-repeat":"repeat","background-position":"center center","background-size":"auto","background-attachment":"scroll","background-type":"","background-media":"","overlay-type":"","overlay-color":"","overlay-opacity":"","overlay-gradient":""}},"ast-content-background-meta":{"desktop":{"background-color":"var(--ast-global-color-5)","background-image":"","background-repeat":"repeat","background-position":"center center","background-size":"auto","background-attachment":"scroll","background-type":"","background-media":"","overlay-type":"","overlay-color":"","overlay-opacity":"","overlay-gradient":""},"tablet":{"background-color":"var(--ast-global-color-5)","background-image":"","background-repeat":"repeat","background-position":"center center","background-size":"auto","background-attachment":"scroll","background-type":"","background-media":"","overlay-type":"","overlay-color":"","overlay-opacity":"","overlay-gradient":""},"mobile":{"background-color":"var(--ast-global-color-5)","background-image":"","background-repeat":"repeat","background-position":"center center","background-size":"auto","background-attachment":"scroll","background-type":"","background-media":"","overlay-type":"","overlay-color":"","overlay-opacity":"","overlay-gradient":""}}},"product_cat":[439],"product_tag":[90,131,251,134,307,290,158,123,364,299,188,342,203,353],"class_list":{"0":"post-7470","1":"product","2":"type-product","3":"status-publish","4":"has-post-thumbnail","6":"product_cat-dekoratif-kutu","7":"product_tag-seramik","8":"product_tag-ceramic","9":"product_tag-dekoratif","10":"product_tag-design","11":"product_tag-el-yapim-seramik","12":"product_tag-el-yapimi","13":"product_tag-gaceramic","14":"product_tag-handmade","15":"product_tag-hayvan-figur","16":"product_tag-hediyelik","17":"product_tag-homedecor","18":"product_tag-kapakli-kutu","19":"product_tag-obje","20":"product_tag-yemek-masasi-obje","21":"desktop-align-left","22":"tablet-align-left","23":"mobile-align-left","25":"first","26":"instock","27":"sale","28":"taxable","29":"shipping-taxable","30":"purchasable","31":"product-type-simple"},"jetpack_sharing_enabled":true,"uagb_featured_image_src":{"full":["https:\/\/gaceramic.online\/wp-content\/uploads\/2023\/10\/IMG_4190.jpg",1920,1280,false],"thumbnail":["https:\/\/gaceramic.online\/wp-content\/uploads\/2023\/10\/IMG_4190-150x150.jpg",150,150,true],"medium":["https:\/\/gaceramic.online\/wp-content\/uploads\/2023\/10\/IMG_4190-300x200.jpg",300,200,true],"medium_large":["https:\/\/gaceramic.online\/wp-content\/uploads\/2023\/10\/IMG_4190-768x512.jpg",768,512,true],"large":["https:\/\/gaceramic.online\/wp-content\/uploads\/2023\/10\/IMG_4190-1024x683.jpg",1024,683,true],"1536x1536":["https:\/\/gaceramic.online\/wp-content\/uploads\/2023\/10\/IMG_4190-1536x1024.jpg",1536,1024,true],"2048x2048":["https:\/\/gaceramic.online\/wp-content\/uploads\/2023\/10\/IMG_4190.jpg",1920,1280,false],"trp-custom-language-flag":["https:\/\/gaceramic.online\/wp-content\/uploads\/2023\/10\/IMG_4190.jpg",18,12,false],"woocommerce_thumbnail":["https:\/\/gaceramic.online\/wp-content\/uploads\/2023\/10\/IMG_4190-300x300.jpg",300,300,true],"woocommerce_single":["https:\/\/gaceramic.online\/wp-content\/uploads\/2023\/10\/IMG_4190-600x400.jpg",600,400,true],"woocommerce_gallery_thumbnail":["https:\/\/gaceramic.online\/wp-content\/uploads\/2023\/10\/IMG_4190-100x100.jpg",100,100,true],"variation_swatches_image_size":["https:\/\/gaceramic.online\/wp-content\/uploads\/2023\/10\/IMG_4190.jpg",50,33,false],"variation_swatches_tooltip_size":["https:\/\/gaceramic.online\/wp-content\/uploads\/2023\/10\/IMG_4190.jpg",100,67,false]},"uagb_author_info":{"display_name":"gaceramic","author_link":"https:\/\/gaceramic.online\/ru\/author\/"},"uagb_comment_info":0,"uagb_excerpt":"\u0130\u00c7 VE DI\u015e RENG\u0130 S\u0130YAHTIR.\u00dcST\u00dcNDEK\u0130 EL YAPIMI HAYVAN F\u0130G\u00dcR\u00dc TUTMA KULBU OLARAK TASARLANMI\u015eTIR.GIDA MALZEMELR\u0130N\u0130Z\u0130 SAKLAMANIZ \u0130\u00c7\u0130N UYGUNDUR.","_links":{"self":[{"href":"https:\/\/gaceramic.online\/ru\/wp-json\/wp\/v2\/product\/7470","targetHints":{"allow":["GET"]}}],"collection":[{"href":"https:\/\/gaceramic.online\/ru\/wp-json\/wp\/v2\/product"}],"about":[{"href":"https:\/\/gaceramic.online\/ru\/wp-json\/wp\/v2\/types\/product"}],"replies":[{"embeddable":true,"href":"https:\/\/gaceramic.online\/ru\/wp-json\/wp\/v2\/comments?post=7470"}],"version-history":[{"count":1,"href":"https:\/\/gaceramic.online\/ru\/wp-json\/wp\/v2\/product\/7470\/revisions"}],"predecessor-version":[{"id":8339,"href":"https:\/\/gaceramic.online\/ru\/wp-json\/wp\/v2\/product\/7470\/revisions\/8339"}],"wp:featuredmedia":[{"embeddable":true,"href":"https:\/\/gaceramic.online\/ru\/wp-json\/wp\/v2\/media\/6891"}],"wp:attachment":[{"href":"https:\/\/gaceramic.online\/ru\/wp-json\/wp\/v2\/media?parent=7470"}],"wp:term":[{"taxonomy":"product_cat","embeddable":true,"href":"https:\/\/gaceramic.online\/ru\/wp-json\/wp\/v2\/product_cat?post=7470"},{"taxonomy":"product_tag","embeddable":true,"href":"https:\/\/gaceramic.online\/ru\/wp-json\/wp\/v2\/product_tag?post=7470"}],"curies":[{"name":"wp","href":"https:\/\/api.w.org\/{rel}","templated":true}]}}