{"id":7424,"date":"2023-11-09T15:17:10","date_gmt":"2023-11-09T12:17:10","guid":{"rendered":"https:\/\/gaceramic.online\/?post_type=product&#038;p=7424"},"modified":"2025-07-22T11:27:28","modified_gmt":"2025-07-22T08:27:28","slug":"mini-yuvarlak-tabak-bugulu-mavi","status":"publish","type":"product","link":"https:\/\/gaceramic.online\/ru\/product\/mini-yuvarlak-tabak-bugulu-mavi\/","title":{"rendered":"Mini Yuvarlak Tabak Bu\u011fulu mavi"},"content":{"rendered":"<p>K\u00fc\u00e7\u00fck boyutu, lezzetli detaylar\u0131 vurgulamak ve misafirlerinize benzersiz bir deneyim sunmak i\u00e7in idealdir.Ayn\u0131 zamanda, bu seramik tabaklar, \u00e7erezler ve at\u0131\u015ft\u0131rmal\u0131klar i\u00e7in de \u015f\u0131k bir sunum sa\u011flar.<\/p>","protected":false},"excerpt":{"rendered":"<p>El eme\u011fi ve \u00f6zenle tasarlanm\u0131\u015f, k\u00fc\u00e7\u00fck yuvarlak seramik meze taba\u011f\u0131, sofralara zarif bir dokunu\u015f kat\u0131yor. Her bir par\u00e7a, ustal\u0131kla \u015fekillendirilmi\u015f ve dikkatlice elde boyanm\u0131\u015f, benzersiz bir estetik sunuyor.<\/p>","protected":false},"featured_media":6250,"comment_status":"open","ping_status":"closed","template":"","meta":{"_uag_custom_page_level_css":"","site-sidebar-layout":"default","site-content-layout":null,"ast-site-content-layout":"","site-content-style":"default","site-sidebar-style":"default","ast-global-header-display":"","ast-banner-title-visibility":"","ast-main-header-display":"","ast-hfb-above-header-display":null,"ast-hfb-below-header-display":null,"ast-hfb-mobile-header-display":null,"site-post-title":"","ast-breadcrumbs-content":null,"ast-featured-img":"","footer-sml-layout":"","theme-transparent-header-meta":"default","adv-header-id-meta":null,"stick-header-meta":null,"header-above-stick-meta":null,"header-main-stick-meta":null,"header-below-stick-meta":null,"astra-migrate-meta-layouts":"default","ast-page-background-enabled":"default","ast-page-background-meta":{"desktop":{"background-color":"","background-image":"","background-repeat":"repeat","background-position":"center center","background-size":"auto","background-attachment":"scroll","background-type":"","background-media":"","overlay-type":"","overlay-color":"","overlay-opacity":"","overlay-gradient":""},"tablet":{"background-color":"","background-image":"","background-repeat":"repeat","background-position":"center center","background-size":"auto","background-attachment":"scroll","background-type":"","background-media":"","overlay-type":"","overlay-color":"","overlay-opacity":"","overlay-gradient":""},"mobile":{"background-color":"","background-image":"","background-repeat":"repeat","background-position":"center center","background-size":"auto","background-attachment":"scroll","background-type":"","background-media":"","overlay-type":"","overlay-color":"","overlay-opacity":"","overlay-gradient":""}},"ast-content-background-meta":{"desktop":{"background-color":"var(--ast-global-color-5)","background-image":"","background-repeat":"repeat","background-position":"center center","background-size":"auto","background-attachment":"scroll","background-type":"","background-media":"","overlay-type":"","overlay-color":"","overlay-opacity":"","overlay-gradient":""},"tablet":{"background-color":"var(--ast-global-color-5)","background-image":"","background-repeat":"repeat","background-position":"center center","background-size":"auto","background-attachment":"scroll","background-type":"","background-media":"","overlay-type":"","overlay-color":"","overlay-opacity":"","overlay-gradient":""},"mobile":{"background-color":"var(--ast-global-color-5)","background-image":"","background-repeat":"repeat","background-position":"center center","background-size":"auto","background-attachment":"scroll","background-type":"","background-media":"","overlay-type":"","overlay-color":"","overlay-opacity":"","overlay-gradient":""}}},"product_cat":[15],"product_tag":[90,131,251,307,290,158,123,299,188,349,291,73,69,347],"class_list":{"0":"post-7424","1":"product","2":"type-product","3":"status-publish","4":"has-post-thumbnail","6":"product_cat-sunumluk","7":"product_tag-seramik","8":"product_tag-ceramic","9":"product_tag-dekoratif","10":"product_tag-el-yapim-seramik","11":"product_tag-el-yapimi","12":"product_tag-gaceramic","13":"product_tag-handmade","14":"product_tag-hediyelik","15":"product_tag-homedecor","16":"product_tag-seramik-tabak","17":"product_tag-sosluk","18":"product_tag-sunum","19":"product_tag-tabak","20":"product_tag-yemek-set","21":"desktop-align-left","22":"tablet-align-left","23":"mobile-align-left","25":"first","26":"instock","27":"sale","28":"taxable","29":"shipping-taxable","30":"purchasable","31":"product-type-simple"},"jetpack_sharing_enabled":true,"uagb_featured_image_src":{"full":["https:\/\/gaceramic.online\/wp-content\/uploads\/2020\/11\/yuvarlak-mini-tabak-3-scaled.jpg",1707,2560,false],"thumbnail":["https:\/\/gaceramic.online\/wp-content\/uploads\/2020\/11\/yuvarlak-mini-tabak-3-150x150.jpg",150,150,true],"medium":["https:\/\/gaceramic.online\/wp-content\/uploads\/2020\/11\/yuvarlak-mini-tabak-3-200x300.jpg",200,300,true],"medium_large":["https:\/\/gaceramic.online\/wp-content\/uploads\/2020\/11\/yuvarlak-mini-tabak-3-768x1152.jpg",768,1152,true],"large":["https:\/\/gaceramic.online\/wp-content\/uploads\/2020\/11\/yuvarlak-mini-tabak-3-683x1024.jpg",683,1024,true],"1536x1536":["https:\/\/gaceramic.online\/wp-content\/uploads\/2020\/11\/yuvarlak-mini-tabak-3-1024x1536.jpg",1024,1536,true],"2048x2048":["https:\/\/gaceramic.online\/wp-content\/uploads\/2020\/11\/yuvarlak-mini-tabak-3-1365x2048.jpg",1365,2048,true],"trp-custom-language-flag":["https:\/\/gaceramic.online\/wp-content\/uploads\/2020\/11\/yuvarlak-mini-tabak-3-scaled.jpg",8,12,false],"woocommerce_thumbnail":["https:\/\/gaceramic.online\/wp-content\/uploads\/2020\/11\/yuvarlak-mini-tabak-3-300x300.jpg",300,300,true],"woocommerce_single":["https:\/\/gaceramic.online\/wp-content\/uploads\/2020\/11\/yuvarlak-mini-tabak-3-600x900.jpg",600,900,true],"woocommerce_gallery_thumbnail":["https:\/\/gaceramic.online\/wp-content\/uploads\/2020\/11\/yuvarlak-mini-tabak-3-100x100.jpg",100,100,true],"variation_swatches_image_size":["https:\/\/gaceramic.online\/wp-content\/uploads\/2020\/11\/yuvarlak-mini-tabak-3-scaled.jpg",33,50,false],"variation_swatches_tooltip_size":["https:\/\/gaceramic.online\/wp-content\/uploads\/2020\/11\/yuvarlak-mini-tabak-3-scaled.jpg",67,100,false]},"uagb_author_info":{"display_name":"gaceramic","author_link":"https:\/\/gaceramic.online\/ru\/author\/"},"uagb_comment_info":0,"uagb_excerpt":"El eme\u011fi ve \u00f6zenle tasarlanm\u0131\u015f, k\u00fc\u00e7\u00fck yuvarlak seramik meze taba\u011f\u0131, sofralara zarif bir dokunu\u015f kat\u0131yor. Her bir par\u00e7a, ustal\u0131kla \u015fekillendirilmi\u015f ve dikkatlice elde boyanm\u0131\u015f, benzersiz bir estetik sunuyor.","_links":{"self":[{"href":"https:\/\/gaceramic.online\/ru\/wp-json\/wp\/v2\/product\/7424","targetHints":{"allow":["GET"]}}],"collection":[{"href":"https:\/\/gaceramic.online\/ru\/wp-json\/wp\/v2\/product"}],"about":[{"href":"https:\/\/gaceramic.online\/ru\/wp-json\/wp\/v2\/types\/product"}],"replies":[{"embeddable":true,"href":"https:\/\/gaceramic.online\/ru\/wp-json\/wp\/v2\/comments?post=7424"}],"version-history":[{"count":1,"href":"https:\/\/gaceramic.online\/ru\/wp-json\/wp\/v2\/product\/7424\/revisions"}],"predecessor-version":[{"id":8354,"href":"https:\/\/gaceramic.online\/ru\/wp-json\/wp\/v2\/product\/7424\/revisions\/8354"}],"wp:featuredmedia":[{"embeddable":true,"href":"https:\/\/gaceramic.online\/ru\/wp-json\/wp\/v2\/media\/6250"}],"wp:attachment":[{"href":"https:\/\/gaceramic.online\/ru\/wp-json\/wp\/v2\/media?parent=7424"}],"wp:term":[{"taxonomy":"product_cat","embeddable":true,"href":"https:\/\/gaceramic.online\/ru\/wp-json\/wp\/v2\/product_cat?post=7424"},{"taxonomy":"product_tag","embeddable":true,"href":"https:\/\/gaceramic.online\/ru\/wp-json\/wp\/v2\/product_tag?post=7424"}],"curies":[{"name":"wp","href":"https:\/\/api.w.org\/{rel}","templated":true}]}}