{"id":7228,"date":"2023-11-05T23:02:35","date_gmt":"2023-11-05T20:02:35","guid":{"rendered":"https:\/\/gaceramic.online\/?post_type=product&#038;p=7228"},"modified":"2024-11-22T12:02:58","modified_gmt":"2024-11-22T09:02:58","slug":"kulplu-geometrik-kupa-mat-siyah","status":"publish","type":"product","link":"https:\/\/gaceramic.online\/ru\/product\/kulplu-geometrik-kupa-mat-siyah\/","title":{"rendered":"Kulplu Geometrik Kupa Mat Siyah"},"content":{"rendered":"<p>Bu el yap\u0131m\u0131 seramik fincan, zarif geometrik kabartmalar\u0131 ve \u00f6zel tasar\u0131m\u0131 ile \u00f6ne \u00e7\u0131kar. Usta eller taraf\u0131ndan \u00f6zenle i\u015flenmi\u015f olan bu fincan, kahve, \u00e7ay ya da s\u0131cak \u00e7ikolata gibi s\u0131cak i\u00e7eceklerinizi keyifle i\u00e7ebilece\u011finiz bir objedir.<\/p>\n<p>S\u0131cak i\u00e7eceklerinizi bu fincanla yudumlad\u0131\u011f\u0131n\u0131zda, ince i\u015f\u00e7ili\u011fi ve detaylar\u0131 sayesinde hissedece\u011finiz hissiyat sizi \u015fa\u015f\u0131rtabilir.<\/p>\n<p>Kahve tutkunlar\u0131 i\u00e7in \u00f6zel olarak tasarlanm\u0131\u015f olan bu fincan, sabahlar\u0131 kahvenizi i\u00e7erken size e\u015flik etmek i\u00e7in m\u00fckemmel bir se\u00e7imdir. Ayr\u0131ca, el yap\u0131m\u0131 olmas\u0131 sayesinde her bir fincan\u0131n kendine \u00f6zg\u00fc bir karakteri ve dokusu vard\u0131r. Bu y\u00fczden, sevdiklerinize ya da kendinize \u00f6zel bir hediye olarak da d\u00fc\u015f\u00fcnebilirsiniz.<\/p>\n<p>\u00dczerindeki geometrik kabartmalar\u0131yla bir sanat eserini and\u0131ran bu fincan\u0131, mutlaka deneyimlemelisiniz.<\/p>","protected":false},"excerpt":{"rendered":"<p>\u00dcR\u00dcN EBATI: Y\u00dcKSEKL\u0130K 8 CM X GEN\u0130\u015eL\u0130K 8 CM<\/p>","protected":false},"featured_media":7229,"comment_status":"open","ping_status":"closed","template":"","meta":{"_uag_custom_page_level_css":"","site-sidebar-layout":"default","site-content-layout":null,"ast-site-content-layout":"","site-content-style":"default","site-sidebar-style":"default","ast-global-header-display":"","ast-banner-title-visibility":"","ast-main-header-display":"","ast-hfb-above-header-display":null,"ast-hfb-below-header-display":null,"ast-hfb-mobile-header-display":null,"site-post-title":"","ast-breadcrumbs-content":null,"ast-featured-img":"","footer-sml-layout":"","theme-transparent-header-meta":"default","adv-header-id-meta":null,"stick-header-meta":null,"header-above-stick-meta":null,"header-main-stick-meta":null,"header-below-stick-meta":null,"astra-migrate-meta-layouts":"default","ast-page-background-enabled":"default","ast-page-background-meta":{"desktop":{"background-color":"","background-image":"","background-repeat":"repeat","background-position":"center center","background-size":"auto","background-attachment":"scroll","background-type":"","background-media":"","overlay-type":"","overlay-color":"","overlay-opacity":"","overlay-gradient":""},"tablet":{"background-color":"","background-image":"","background-repeat":"repeat","background-position":"center center","background-size":"auto","background-attachment":"scroll","background-type":"","background-media":"","overlay-type":"","overlay-color":"","overlay-opacity":"","overlay-gradient":""},"mobile":{"background-color":"","background-image":"","background-repeat":"repeat","background-position":"center center","background-size":"auto","background-attachment":"scroll","background-type":"","background-media":"","overlay-type":"","overlay-color":"","overlay-opacity":"","overlay-gradient":""}},"ast-content-background-meta":{"desktop":{"background-color":"var(--ast-global-color-5)","background-image":"","background-repeat":"repeat","background-position":"center center","background-size":"auto","background-attachment":"scroll","background-type":"","background-media":"","overlay-type":"","overlay-color":"","overlay-opacity":"","overlay-gradient":""},"tablet":{"background-color":"var(--ast-global-color-5)","background-image":"","background-repeat":"repeat","background-position":"center center","background-size":"auto","background-attachment":"scroll","background-type":"","background-media":"","overlay-type":"","overlay-color":"","overlay-opacity":"","overlay-gradient":""},"mobile":{"background-color":"var(--ast-global-color-5)","background-image":"","background-repeat":"repeat","background-position":"center center","background-size":"auto","background-attachment":"scroll","background-type":"","background-media":"","overlay-type":"","overlay-color":"","overlay-opacity":"","overlay-gradient":""}}},"product_cat":[63],"product_tag":[90,644,433,131,251,307,123,642,299,643,188,280,277,645,639,647,180,646,640,648,649,73,641],"class_list":{"0":"post-7228","1":"product","2":"type-product","3":"status-publish","4":"has-post-thumbnail","6":"product_cat-kahve-veya-cay","7":"product_tag-seramik","8":"product_tag-baba-icin-fincan","9":"product_tag-bardak","10":"product_tag-ceramic","11":"product_tag-dekoratif","12":"product_tag-el-yapim-seramik","13":"product_tag-handmade","14":"product_tag-hediye-fincan","15":"product_tag-hediyelik","16":"product_tag-hediyelik-kahve-bardagi","17":"product_tag-homedecor","18":"product_tag-kahve-bardagi","19":"product_tag-kahve-fincani","20":"product_tag-kahve-keyfi","21":"product_tag-kahve-severler","22":"product_tag-kulplu-kupa","23":"product_tag-kupa","24":"product_tag-ozel-tasarim-fincan","25":"product_tag-sabah-kahvesi","26":"product_tag-seramik-kupa","27":"product_tag-seramik-mug","28":"product_tag-sunum","29":"product_tag-tasarim-fincan","30":"pa_renk-bal-kahve","31":"pa_renk-bej","32":"pa_renk-gri-mavi","33":"pa_renk-kirmizi","34":"pa_renk-siyah","35":"pa_renk-lacivert","36":"desktop-align-left","37":"tablet-align-left","38":"mobile-align-left","40":"first","41":"instock","42":"taxable","43":"shipping-taxable","44":"purchasable","45":"product-type-simple"},"jetpack_sharing_enabled":true,"uagb_featured_image_src":{"full":["https:\/\/gaceramic.online\/wp-content\/uploads\/2023\/11\/KULPLU-KESME-FINCAN-SIYAH.jpg",1920,1280,false],"thumbnail":["https:\/\/gaceramic.online\/wp-content\/uploads\/2023\/11\/KULPLU-KESME-FINCAN-SIYAH-150x150.jpg",150,150,true],"medium":["https:\/\/gaceramic.online\/wp-content\/uploads\/2023\/11\/KULPLU-KESME-FINCAN-SIYAH-300x200.jpg",300,200,true],"medium_large":["https:\/\/gaceramic.online\/wp-content\/uploads\/2023\/11\/KULPLU-KESME-FINCAN-SIYAH-768x512.jpg",768,512,true],"large":["https:\/\/gaceramic.online\/wp-content\/uploads\/2023\/11\/KULPLU-KESME-FINCAN-SIYAH-1024x683.jpg",1024,683,true],"1536x1536":["https:\/\/gaceramic.online\/wp-content\/uploads\/2023\/11\/KULPLU-KESME-FINCAN-SIYAH-1536x1024.jpg",1536,1024,true],"2048x2048":["https:\/\/gaceramic.online\/wp-content\/uploads\/2023\/11\/KULPLU-KESME-FINCAN-SIYAH.jpg",1920,1280,false],"trp-custom-language-flag":["https:\/\/gaceramic.online\/wp-content\/uploads\/2023\/11\/KULPLU-KESME-FINCAN-SIYAH.jpg",18,12,false],"woocommerce_thumbnail":["https:\/\/gaceramic.online\/wp-content\/uploads\/2023\/11\/KULPLU-KESME-FINCAN-SIYAH-300x300.jpg",300,300,true],"woocommerce_single":["https:\/\/gaceramic.online\/wp-content\/uploads\/2023\/11\/KULPLU-KESME-FINCAN-SIYAH-600x400.jpg",600,400,true],"woocommerce_gallery_thumbnail":["https:\/\/gaceramic.online\/wp-content\/uploads\/2023\/11\/KULPLU-KESME-FINCAN-SIYAH-100x100.jpg",100,100,true],"variation_swatches_image_size":["https:\/\/gaceramic.online\/wp-content\/uploads\/2023\/11\/KULPLU-KESME-FINCAN-SIYAH.jpg",50,33,false],"variation_swatches_tooltip_size":["https:\/\/gaceramic.online\/wp-content\/uploads\/2023\/11\/KULPLU-KESME-FINCAN-SIYAH.jpg",100,67,false]},"uagb_author_info":{"display_name":"gaceramic","author_link":"https:\/\/gaceramic.online\/ru\/author\/"},"uagb_comment_info":0,"uagb_excerpt":"\u00dcR\u00dcN EBATI: Y\u00dcKSEKL\u0130K 8 CM X GEN\u0130\u015eL\u0130K 8 CM","_links":{"self":[{"href":"https:\/\/gaceramic.online\/ru\/wp-json\/wp\/v2\/product\/7228","targetHints":{"allow":["GET"]}}],"collection":[{"href":"https:\/\/gaceramic.online\/ru\/wp-json\/wp\/v2\/product"}],"about":[{"href":"https:\/\/gaceramic.online\/ru\/wp-json\/wp\/v2\/types\/product"}],"replies":[{"embeddable":true,"href":"https:\/\/gaceramic.online\/ru\/wp-json\/wp\/v2\/comments?post=7228"}],"version-history":[{"count":1,"href":"https:\/\/gaceramic.online\/ru\/wp-json\/wp\/v2\/product\/7228\/revisions"}],"predecessor-version":[{"id":8372,"href":"https:\/\/gaceramic.online\/ru\/wp-json\/wp\/v2\/product\/7228\/revisions\/8372"}],"wp:featuredmedia":[{"embeddable":true,"href":"https:\/\/gaceramic.online\/ru\/wp-json\/wp\/v2\/media\/7229"}],"wp:attachment":[{"href":"https:\/\/gaceramic.online\/ru\/wp-json\/wp\/v2\/media?parent=7228"}],"wp:term":[{"taxonomy":"product_cat","embeddable":true,"href":"https:\/\/gaceramic.online\/ru\/wp-json\/wp\/v2\/product_cat?post=7228"},{"taxonomy":"product_tag","embeddable":true,"href":"https:\/\/gaceramic.online\/ru\/wp-json\/wp\/v2\/product_tag?post=7228"}],"curies":[{"name":"wp","href":"https:\/\/api.w.org\/{rel}","templated":true}]}}