{"id":6290,"date":"2023-05-03T19:47:21","date_gmt":"2023-05-03T16:47:21","guid":{"rendered":"https:\/\/gaceramic.online\/?post_type=product&#038;p=6290"},"modified":"2025-07-22T12:07:21","modified_gmt":"2025-07-22T09:07:21","slug":"mini-ayakli-ikramlik","status":"publish","type":"product","link":"https:\/\/gaceramic.online\/ru\/product\/mini-ayakli-ikramlik\/","title":{"rendered":"Mini Ayakl\u0131 \u0130kraml\u0131k"},"content":{"rendered":"<p>Sofran\u0131za \u015f\u0131kl\u0131k katacak ayakl\u0131 sunum taba\u011f\u0131\u00a0 ile kahve yan\u0131nda ikraml\u0131klar\u0131n\u0131z\u0131 daha g\u00f6steri\u015fli sunabilirsiniz. Zarif tasar\u0131mlar\u0131 ve sa\u011flam yap\u0131s\u0131 ile hem evinizde hem de kafelerde, restoranlarda kullan\u0131ma uygun olan ayakl\u0131 sunum tabaklar\u0131, sofralar\u0131n\u0131za renk kat\u0131yor.<\/p>\n<p>Do\u011fal ve s\u0131cak tonlardan olu\u015fan sunum tabaklar\u0131m\u0131z, do\u011fal kaynaklardan elde edilmi\u015f \u00e7evre dostu malzemelerden yap\u0131lm\u0131\u015ft\u0131r. Tabaklar\u0131n alt\u0131ndaki ayaklar\u0131 ise, daha \u015f\u0131k bir sunum elde etmenize yard\u0131mc\u0131 oluyor. Sofran\u0131z\u0131 g\u00fczelle\u015ftirecek ayakl\u0131 sunum tabaklar\u0131m\u0131z ile \u00f6zel g\u00fcnlerinizde veya her g\u00fcn sofran\u0131zda daha \u015f\u0131k bir g\u00f6r\u00fcn\u00fcm elde edebilirsiniz.<\/p>","protected":false},"excerpt":{"rendered":"<p class=\"label\">\u00dcR\u00dcN: SUNUM TABA\u011eI<\/p>\n<p class=\"label\">\u00dcR\u00dcN EBATI: 11&#215;6 cm<\/p>\n<p class=\"label\">BAKIM: BULA\u015eIK MAK\u0130NES\u0130NDE YIKANAB\u0130L\u0130R<\/p>\n<p class=\"label\">\u00dcR\u00dcN KODU: GA11061<\/p>","protected":false},"featured_media":6291,"comment_status":"open","ping_status":"closed","template":"","meta":{"_uag_custom_page_level_css":"","site-sidebar-layout":"default","site-content-layout":null,"ast-site-content-layout":"","site-content-style":"default","site-sidebar-style":"default","ast-global-header-display":"","ast-banner-title-visibility":"","ast-main-header-display":"","ast-hfb-above-header-display":null,"ast-hfb-below-header-display":null,"ast-hfb-mobile-header-display":null,"site-post-title":"","ast-breadcrumbs-content":null,"ast-featured-img":"","footer-sml-layout":"","theme-transparent-header-meta":"default","adv-header-id-meta":null,"stick-header-meta":null,"header-above-stick-meta":null,"header-main-stick-meta":null,"header-below-stick-meta":null,"astra-migrate-meta-layouts":"default","ast-page-background-enabled":"default","ast-page-background-meta":{"desktop":{"background-color":"","background-image":"","background-repeat":"repeat","background-position":"center center","background-size":"auto","background-attachment":"scroll","background-type":"","background-media":"","overlay-type":"","overlay-color":"","overlay-opacity":"","overlay-gradient":""},"tablet":{"background-color":"","background-image":"","background-repeat":"repeat","background-position":"center center","background-size":"auto","background-attachment":"scroll","background-type":"","background-media":"","overlay-type":"","overlay-color":"","overlay-opacity":"","overlay-gradient":""},"mobile":{"background-color":"","background-image":"","background-repeat":"repeat","background-position":"center center","background-size":"auto","background-attachment":"scroll","background-type":"","background-media":"","overlay-type":"","overlay-color":"","overlay-opacity":"","overlay-gradient":""}},"ast-content-background-meta":{"desktop":{"background-color":"var(--ast-global-color-5)","background-image":"","background-repeat":"repeat","background-position":"center center","background-size":"auto","background-attachment":"scroll","background-type":"","background-media":"","overlay-type":"","overlay-color":"","overlay-opacity":"","overlay-gradient":""},"tablet":{"background-color":"var(--ast-global-color-5)","background-image":"","background-repeat":"repeat","background-position":"center center","background-size":"auto","background-attachment":"scroll","background-type":"","background-media":"","overlay-type":"","overlay-color":"","overlay-opacity":"","overlay-gradient":""},"mobile":{"background-color":"var(--ast-global-color-5)","background-image":"","background-repeat":"repeat","background-position":"center center","background-size":"auto","background-attachment":"scroll","background-type":"","background-media":"","overlay-type":"","overlay-color":"","overlay-opacity":"","overlay-gradient":""}}},"product_cat":[58],"product_tag":[618,619,629,624,616,620,617,628,621,585,626,627,622,630,631,623,625],"class_list":{"0":"post-6290","1":"product","2":"type-product","3":"status-publish","4":"has-post-thumbnail","6":"product_cat-sunum","7":"product_tag-cikolata-servis","8":"product_tag-draje-sunum","9":"product_tag-evim-evim","10":"product_tag-ikram-tabagi","11":"product_tag-ikramlik","12":"product_tag-kahve-yani","13":"product_tag-kahve-yani-sunumluk","14":"product_tag-kucuk-sunumlar","15":"product_tag-kurabiyelik","16":"product_tag-lokumluk","17":"product_tag-mini-cerez","18":"product_tag-mini-ikram","19":"product_tag-mini-sunum","20":"product_tag-mutfagim","21":"product_tag-sofram","22":"product_tag-standli-cikolatalik","23":"product_tag-tadim-tabagi","24":"desktop-align-left","25":"tablet-align-left","26":"mobile-align-left","28":"first","29":"instock","30":"sale","31":"taxable","32":"shipping-taxable","33":"purchasable","34":"product-type-simple"},"jetpack_sharing_enabled":true,"uagb_featured_image_src":{"full":["https:\/\/gaceramic.online\/wp-content\/uploads\/2023\/05\/IMG_5593-scaled.jpg",1707,2560,false],"thumbnail":["https:\/\/gaceramic.online\/wp-content\/uploads\/2023\/05\/IMG_5593-150x150.jpg",150,150,true],"medium":["https:\/\/gaceramic.online\/wp-content\/uploads\/2023\/05\/IMG_5593-200x300.jpg",200,300,true],"medium_large":["https:\/\/gaceramic.online\/wp-content\/uploads\/2023\/05\/IMG_5593-768x1152.jpg",768,1152,true],"large":["https:\/\/gaceramic.online\/wp-content\/uploads\/2023\/05\/IMG_5593-683x1024.jpg",683,1024,true],"1536x1536":["https:\/\/gaceramic.online\/wp-content\/uploads\/2023\/05\/IMG_5593-1024x1536.jpg",1024,1536,true],"2048x2048":["https:\/\/gaceramic.online\/wp-content\/uploads\/2023\/05\/IMG_5593-1365x2048.jpg",1365,2048,true],"trp-custom-language-flag":["https:\/\/gaceramic.online\/wp-content\/uploads\/2023\/05\/IMG_5593-scaled.jpg",8,12,false],"woocommerce_thumbnail":["https:\/\/gaceramic.online\/wp-content\/uploads\/2023\/05\/IMG_5593-300x300.jpg",300,300,true],"woocommerce_single":["https:\/\/gaceramic.online\/wp-content\/uploads\/2023\/05\/IMG_5593-600x900.jpg",600,900,true],"woocommerce_gallery_thumbnail":["https:\/\/gaceramic.online\/wp-content\/uploads\/2023\/05\/IMG_5593-100x100.jpg",100,100,true],"variation_swatches_image_size":["https:\/\/gaceramic.online\/wp-content\/uploads\/2023\/05\/IMG_5593-scaled.jpg",33,50,false],"variation_swatches_tooltip_size":["https:\/\/gaceramic.online\/wp-content\/uploads\/2023\/05\/IMG_5593-scaled.jpg",67,100,false]},"uagb_author_info":{"display_name":"gaceramic","author_link":"https:\/\/gaceramic.online\/ru\/author\/"},"uagb_comment_info":2,"uagb_excerpt":"\u00dcR\u00dcN: SUNUM TABA\u011eI \u00dcR\u00dcN EBATI: 11x6 cm BAKIM: BULA\u015eIK MAK\u0130NES\u0130NDE YIKANAB\u0130L\u0130R \u00dcR\u00dcN KODU: GA11061","_links":{"self":[{"href":"https:\/\/gaceramic.online\/ru\/wp-json\/wp\/v2\/product\/6290","targetHints":{"allow":["GET"]}}],"collection":[{"href":"https:\/\/gaceramic.online\/ru\/wp-json\/wp\/v2\/product"}],"about":[{"href":"https:\/\/gaceramic.online\/ru\/wp-json\/wp\/v2\/types\/product"}],"replies":[{"embeddable":true,"href":"https:\/\/gaceramic.online\/ru\/wp-json\/wp\/v2\/comments?post=6290"}],"version-history":[{"count":1,"href":"https:\/\/gaceramic.online\/ru\/wp-json\/wp\/v2\/product\/6290\/revisions"}],"predecessor-version":[{"id":8391,"href":"https:\/\/gaceramic.online\/ru\/wp-json\/wp\/v2\/product\/6290\/revisions\/8391"}],"wp:featuredmedia":[{"embeddable":true,"href":"https:\/\/gaceramic.online\/ru\/wp-json\/wp\/v2\/media\/6291"}],"wp:attachment":[{"href":"https:\/\/gaceramic.online\/ru\/wp-json\/wp\/v2\/media?parent=6290"}],"wp:term":[{"taxonomy":"product_cat","embeddable":true,"href":"https:\/\/gaceramic.online\/ru\/wp-json\/wp\/v2\/product_cat?post=6290"},{"taxonomy":"product_tag","embeddable":true,"href":"https:\/\/gaceramic.online\/ru\/wp-json\/wp\/v2\/product_tag?post=6290"}],"curies":[{"name":"wp","href":"https:\/\/api.w.org\/{rel}","templated":true}]}}