{"id":3079,"date":"2021-03-29T19:47:43","date_gmt":"2021-03-29T16:47:43","guid":{"rendered":"https:\/\/gaceramic.online\/?post_type=product&#038;p=3079"},"modified":"2025-07-21T08:53:39","modified_gmt":"2025-07-21T05:53:39","slug":"yuvarlak-kapakli-kase-tucan-tukan","status":"publish","type":"product","link":"https:\/\/gaceramic.online\/ru\/product\/yuvarlak-kapakli-kase-tucan-tukan\/","title":{"rendered":"Yuvarlak kapakl\u0131 kutu (Tukan ku\u015fu)"},"content":{"rendered":"<div class=\"col-md-12 info-title\">\u00dcR\u00dcN : Yuvarlak kapakl\u0131 kutu<\/div>\n<div class=\"clearfix spanline\"><\/div>\n<div class=\"col-md-12 info-title\">TASARIMCI :\u00a0GA Ceramic<\/div>\n<div class=\"clearfix spanline\"><\/div>\n<div class=\"col-md-12 info-title\">MATERYAL:\u00a0Seramik<\/div>\n<div class=\"clearfix spanline\"><\/div>\n<div class=\"col-md-12 info-title\">BAKIM:\u00a0Bula\u015f\u0131k makinesinde y\u0131kanabilir<\/div>","protected":false},"excerpt":{"rendered":"<p>\u0130thal hammadde kullan\u0131larak stoneware \u00e7amurdan \u00fcretilmi\u015ftir.<br \/>\nBula\u015f\u0131k makinesinde y\u0131kanabilir.<br \/>\nS\u0131cak ve so\u011fuk g\u0131da servisi i\u00e7in uygundur.<br \/>\nTamamen el yap\u0131m\u0131 bir \u00fcr\u00fcnd\u00fcr.<\/p>","protected":false},"featured_media":3081,"comment_status":"open","ping_status":"closed","template":"","meta":{"_uag_custom_page_level_css":"","site-sidebar-layout":"default","site-content-layout":null,"ast-site-content-layout":"","site-content-style":"default","site-sidebar-style":"default","ast-global-header-display":"","ast-banner-title-visibility":"","ast-main-header-display":"","ast-hfb-above-header-display":null,"ast-hfb-below-header-display":null,"ast-hfb-mobile-header-display":null,"site-post-title":"","ast-breadcrumbs-content":null,"ast-featured-img":"","footer-sml-layout":"","theme-transparent-header-meta":"default","adv-header-id-meta":null,"stick-header-meta":null,"header-above-stick-meta":null,"header-main-stick-meta":null,"header-below-stick-meta":null,"astra-migrate-meta-layouts":"default","ast-page-background-enabled":"default","ast-page-background-meta":{"desktop":{"background-color":"","background-image":"","background-repeat":"repeat","background-position":"center center","background-size":"auto","background-attachment":"scroll","background-type":"","background-media":"","overlay-type":"","overlay-color":"","overlay-opacity":"","overlay-gradient":""},"tablet":{"background-color":"","background-image":"","background-repeat":"repeat","background-position":"center center","background-size":"auto","background-attachment":"scroll","background-type":"","background-media":"","overlay-type":"","overlay-color":"","overlay-opacity":"","overlay-gradient":""},"mobile":{"background-color":"","background-image":"","background-repeat":"repeat","background-position":"center center","background-size":"auto","background-attachment":"scroll","background-type":"","background-media":"","overlay-type":"","overlay-color":"","overlay-opacity":"","overlay-gradient":""}},"ast-content-background-meta":{"desktop":{"background-color":"var(--ast-global-color-5)","background-image":"","background-repeat":"repeat","background-position":"center center","background-size":"auto","background-attachment":"scroll","background-type":"","background-media":"","overlay-type":"","overlay-color":"","overlay-opacity":"","overlay-gradient":""},"tablet":{"background-color":"var(--ast-global-color-5)","background-image":"","background-repeat":"repeat","background-position":"center center","background-size":"auto","background-attachment":"scroll","background-type":"","background-media":"","overlay-type":"","overlay-color":"","overlay-opacity":"","overlay-gradient":""},"mobile":{"background-color":"var(--ast-global-color-5)","background-image":"","background-repeat":"repeat","background-position":"center center","background-size":"auto","background-attachment":"scroll","background-type":"","background-media":"","overlay-type":"","overlay-color":"","overlay-opacity":"","overlay-gradient":""}}},"product_cat":[54],"product_tag":[90,131,251,134,307,290,123,299,188,342,203,345,346,340],"class_list":{"0":"post-3079","1":"product","2":"type-product","3":"status-publish","4":"has-post-thumbnail","6":"product_cat-obje","7":"product_tag-seramik","8":"product_tag-ceramic","9":"product_tag-dekoratif","10":"product_tag-design","11":"product_tag-el-yapim-seramik","12":"product_tag-el-yapimi","13":"product_tag-handmade","14":"product_tag-hediyelik","15":"product_tag-homedecor","16":"product_tag-kapakli-kutu","17":"product_tag-obje","18":"product_tag-tukan-kusu","19":"product_tag-tukan-kusu-kutu","20":"product_tag-yuvarlak-kutu","21":"desktop-align-left","22":"tablet-align-left","23":"mobile-align-left","25":"first","26":"instock","27":"sale","28":"taxable","29":"shipping-taxable","30":"purchasable","31":"product-type-simple"},"jetpack_sharing_enabled":true,"uagb_featured_image_src":{"full":["https:\/\/gaceramic.online\/wp-content\/uploads\/2021\/03\/IMG_3639-scaled.jpg",1707,2560,false],"thumbnail":["https:\/\/gaceramic.online\/wp-content\/uploads\/2021\/03\/IMG_3639-150x150.jpg",150,150,true],"medium":["https:\/\/gaceramic.online\/wp-content\/uploads\/2021\/03\/IMG_3639-200x300.jpg",200,300,true],"medium_large":["https:\/\/gaceramic.online\/wp-content\/uploads\/2021\/03\/IMG_3639-768x1152.jpg",768,1152,true],"large":["https:\/\/gaceramic.online\/wp-content\/uploads\/2021\/03\/IMG_3639-683x1024.jpg",683,1024,true],"1536x1536":["https:\/\/gaceramic.online\/wp-content\/uploads\/2021\/03\/IMG_3639-1024x1536.jpg",1024,1536,true],"2048x2048":["https:\/\/gaceramic.online\/wp-content\/uploads\/2021\/03\/IMG_3639-1365x2048.jpg",1365,2048,true],"trp-custom-language-flag":["https:\/\/gaceramic.online\/wp-content\/uploads\/2021\/03\/IMG_3639-scaled.jpg",8,12,false],"woocommerce_thumbnail":["https:\/\/gaceramic.online\/wp-content\/uploads\/2021\/03\/IMG_3639-300x300.jpg",300,300,true],"woocommerce_single":["https:\/\/gaceramic.online\/wp-content\/uploads\/2021\/03\/IMG_3639-600x900.jpg",600,900,true],"woocommerce_gallery_thumbnail":["https:\/\/gaceramic.online\/wp-content\/uploads\/2021\/03\/IMG_3639-100x100.jpg",100,100,true],"variation_swatches_image_size":["https:\/\/gaceramic.online\/wp-content\/uploads\/2021\/03\/IMG_3639-scaled.jpg",33,50,false],"variation_swatches_tooltip_size":["https:\/\/gaceramic.online\/wp-content\/uploads\/2021\/03\/IMG_3639-scaled.jpg",67,100,false]},"uagb_author_info":{"display_name":"gaceramic","author_link":"https:\/\/gaceramic.online\/ru\/author\/"},"uagb_comment_info":0,"uagb_excerpt":"\u0130thal hammadde kullan\u0131larak stoneware \u00e7amurdan \u00fcretilmi\u015ftir. Bula\u015f\u0131k makinesinde y\u0131kanabilir. S\u0131cak ve so\u011fuk g\u0131da servisi i\u00e7in uygundur. Tamamen el yap\u0131m\u0131 bir \u00fcr\u00fcnd\u00fcr.","_links":{"self":[{"href":"https:\/\/gaceramic.online\/ru\/wp-json\/wp\/v2\/product\/3079","targetHints":{"allow":["GET"]}}],"collection":[{"href":"https:\/\/gaceramic.online\/ru\/wp-json\/wp\/v2\/product"}],"about":[{"href":"https:\/\/gaceramic.online\/ru\/wp-json\/wp\/v2\/types\/product"}],"replies":[{"embeddable":true,"href":"https:\/\/gaceramic.online\/ru\/wp-json\/wp\/v2\/comments?post=3079"}],"version-history":[{"count":5,"href":"https:\/\/gaceramic.online\/ru\/wp-json\/wp\/v2\/product\/3079\/revisions"}],"predecessor-version":[{"id":3766,"href":"https:\/\/gaceramic.online\/ru\/wp-json\/wp\/v2\/product\/3079\/revisions\/3766"}],"wp:featuredmedia":[{"embeddable":true,"href":"https:\/\/gaceramic.online\/ru\/wp-json\/wp\/v2\/media\/3081"}],"wp:attachment":[{"href":"https:\/\/gaceramic.online\/ru\/wp-json\/wp\/v2\/media?parent=3079"}],"wp:term":[{"taxonomy":"product_cat","embeddable":true,"href":"https:\/\/gaceramic.online\/ru\/wp-json\/wp\/v2\/product_cat?post=3079"},{"taxonomy":"product_tag","embeddable":true,"href":"https:\/\/gaceramic.online\/ru\/wp-json\/wp\/v2\/product_tag?post=3079"}],"curies":[{"name":"wp","href":"https:\/\/api.w.org\/{rel}","templated":true}]}}