{"id":2187,"date":"2020-11-19T09:31:27","date_gmt":"2020-11-19T06:31:27","guid":{"rendered":"https:\/\/gaceramic.online\/?post_type=product&#038;p=2187"},"modified":"2025-07-22T14:33:34","modified_gmt":"2025-07-22T11:33:34","slug":"terra-uclu-set","status":"publish","type":"product","link":"https:\/\/gaceramic.online\/ru\/product\/terra-uclu-set\/","title":{"rendered":"\u0422\u0440\u043e\u0439\u043d\u043e\u0439 \u043d\u0430\u0431\u043e\u0440 Terra"},"content":{"rendered":"<div class=\"col-md-12 info-title\">\u00dcR\u00dcN : Terra \u00fc\u00e7l\u00fc Set<\/div>\n<div class=\"clearfix spanline\"><\/div>\n<div class=\"col-md-12 info-title\">TASARIMCI :\u00a0GA Ceramic<\/div>\n<div class=\"clearfix spanline\"><\/div>\n<div class=\"col-md-12 info-title\">MATERYAL:\u00a0Seramik<\/div>\n<div class=\"clearfix spanline\"><\/div>\n<div class=\"col-md-12 info-title\">BAKIM:\u00a0Bula\u015f\u0131k makinesinde y\u0131kanabilir<\/div>","protected":false},"excerpt":{"rendered":"<ul>\n<li>\u0130thal hammadde kullan\u0131larak \u00fcretilmi\u015ftir.<\/li>\n<li>Daha uzun \u00f6m\u00fcrl\u00fc kullan\u0131m i\u00e7in elde y\u0131kaman\u0131z \u00f6nerilir. Ancak bula\u015f\u0131k makinas\u0131nda da y\u0131kayabilirsiniz.<\/li>\n<li>S\u0131cak ve so\u011fuk g\u0131da servisi i\u00e7in uygundur.<\/li>\n<li>El yap\u0131m\u0131 oldu\u011fu i\u00e7in her \u00fcr\u00fcndeki desenler birbiri ile farkl\u0131l\u0131k g\u00f6sterir.<\/li>\n<li>Mat bir dokusu vard\u0131r.<\/li>\n<li>Paket i\u00e7eri\u011fi 1 adet \u00e7orba kasesi,1adet yemek taba\u011f\u0131 ve 1 adet servis taba\u011f\u0131 olmak \u00fczere, toplam 3 adet \u00fcr\u00fcnden olu\u015fmaktad\u0131r.<\/li>\n<\/ul>","protected":false},"featured_media":1925,"comment_status":"open","ping_status":"closed","template":"","meta":{"_uag_custom_page_level_css":"","site-sidebar-layout":"default","site-content-layout":null,"ast-site-content-layout":"","site-content-style":"default","site-sidebar-style":"default","ast-global-header-display":"","ast-banner-title-visibility":"","ast-main-header-display":"","ast-hfb-above-header-display":null,"ast-hfb-below-header-display":null,"ast-hfb-mobile-header-display":null,"site-post-title":"","ast-breadcrumbs-content":null,"ast-featured-img":"","footer-sml-layout":"","theme-transparent-header-meta":"default","adv-header-id-meta":null,"stick-header-meta":null,"header-above-stick-meta":null,"header-main-stick-meta":null,"header-below-stick-meta":null,"astra-migrate-meta-layouts":"default","ast-page-background-enabled":"default","ast-page-background-meta":{"desktop":{"background-color":"","background-image":"","background-repeat":"repeat","background-position":"center center","background-size":"auto","background-attachment":"scroll","background-type":"","background-media":"","overlay-type":"","overlay-color":"","overlay-opacity":"","overlay-gradient":""},"tablet":{"background-color":"","background-image":"","background-repeat":"repeat","background-position":"center center","background-size":"auto","background-attachment":"scroll","background-type":"","background-media":"","overlay-type":"","overlay-color":"","overlay-opacity":"","overlay-gradient":""},"mobile":{"background-color":"","background-image":"","background-repeat":"repeat","background-position":"center center","background-size":"auto","background-attachment":"scroll","background-type":"","background-media":"","overlay-type":"","overlay-color":"","overlay-opacity":"","overlay-gradient":""}},"ast-content-background-meta":{"desktop":{"background-color":"var(--ast-global-color-5)","background-image":"","background-repeat":"repeat","background-position":"center center","background-size":"auto","background-attachment":"scroll","background-type":"","background-media":"","overlay-type":"","overlay-color":"","overlay-opacity":"","overlay-gradient":""},"tablet":{"background-color":"var(--ast-global-color-5)","background-image":"","background-repeat":"repeat","background-position":"center center","background-size":"auto","background-attachment":"scroll","background-type":"","background-media":"","overlay-type":"","overlay-color":"","overlay-opacity":"","overlay-gradient":""},"mobile":{"background-color":"var(--ast-global-color-5)","background-image":"","background-repeat":"repeat","background-position":"center center","background-size":"auto","background-attachment":"scroll","background-type":"","background-media":"","overlay-type":"","overlay-color":"","overlay-opacity":"","overlay-gradient":""}}},"product_cat":[632],"product_tag":[94,90,88,92,89,139,131,141,134,123,136,135,132,137,127,126,122,129,128,133,74,73,140,69,138,125,124,130],"class_list":{"0":"post-2187","1":"product","2":"type-product","3":"status-publish","4":"has-post-thumbnail","6":"product_cat-tabak","7":"product_tag-elyapimiseramiktabaksofrasunummutfakkeyifdekorasyonyemekozelsizinicinbana-ozelcamur","8":"product_tag-seramik","9":"product_tag-sofra","10":"product_tag-tasarim","11":"product_tag-yemektabagi","12":"product_tag-accesories","13":"product_tag-ceramic","14":"product_tag-ceyiz","15":"product_tag-design","16":"product_tag-handmade","17":"product_tag-home","18":"product_tag-interior","19":"product_tag-keramik","20":"product_tag-kitchen","21":"product_tag-natural","22":"product_tag-ozeltasarim","23":"product_tag-plates","24":"product_tag-porcalein","25":"product_tag-porselen","26":"product_tag-pottery","27":"product_tag-servis","28":"product_tag-sunum","29":"product_tag-sweethome","30":"product_tag-tabak","31":"product_tag-table","32":"product_tag-tasarimtabak","33":"product_tag-yemekseti","34":"product_tag-yemektakimi","35":"desktop-align-left","36":"tablet-align-left","37":"mobile-align-left","39":"first","40":"instock","41":"sale","42":"taxable","43":"shipping-taxable","44":"purchasable","45":"product-type-simple"},"jetpack_sharing_enabled":true,"uagb_featured_image_src":{"full":["https:\/\/gaceramic.online\/wp-content\/uploads\/2020\/11\/yemektakimi4.jpg",1200,1800,false],"thumbnail":["https:\/\/gaceramic.online\/wp-content\/uploads\/2020\/11\/yemektakimi4-150x150.jpg",150,150,true],"medium":["https:\/\/gaceramic.online\/wp-content\/uploads\/2020\/11\/yemektakimi4-200x300.jpg",200,300,true],"medium_large":["https:\/\/gaceramic.online\/wp-content\/uploads\/2020\/11\/yemektakimi4-768x1152.jpg",768,1152,true],"large":["https:\/\/gaceramic.online\/wp-content\/uploads\/2020\/11\/yemektakimi4-683x1024.jpg",683,1024,true],"1536x1536":["https:\/\/gaceramic.online\/wp-content\/uploads\/2020\/11\/yemektakimi4-1024x1536.jpg",1024,1536,true],"2048x2048":["https:\/\/gaceramic.online\/wp-content\/uploads\/2020\/11\/yemektakimi4.jpg",1200,1800,false],"trp-custom-language-flag":["https:\/\/gaceramic.online\/wp-content\/uploads\/2020\/11\/yemektakimi4.jpg",8,12,false],"woocommerce_thumbnail":["https:\/\/gaceramic.online\/wp-content\/uploads\/2020\/11\/yemektakimi4-300x300.jpg",300,300,true],"woocommerce_single":["https:\/\/gaceramic.online\/wp-content\/uploads\/2020\/11\/yemektakimi4-600x900.jpg",600,900,true],"woocommerce_gallery_thumbnail":["https:\/\/gaceramic.online\/wp-content\/uploads\/2020\/11\/yemektakimi4-100x100.jpg",100,100,true],"variation_swatches_image_size":["https:\/\/gaceramic.online\/wp-content\/uploads\/2020\/11\/yemektakimi4.jpg",33,50,false],"variation_swatches_tooltip_size":["https:\/\/gaceramic.online\/wp-content\/uploads\/2020\/11\/yemektakimi4.jpg",67,100,false]},"uagb_author_info":{"display_name":"gaceramic","author_link":"https:\/\/gaceramic.online\/ru\/author\/"},"uagb_comment_info":1,"uagb_excerpt":"\u0130thal hammadde kullan\u0131larak \u00fcretilmi\u015ftir. Daha uzun \u00f6m\u00fcrl\u00fc kullan\u0131m i\u00e7in elde y\u0131kaman\u0131z \u00f6nerilir. Ancak bula\u015f\u0131k makinas\u0131nda da y\u0131kayabilirsiniz. S\u0131cak ve so\u011fuk g\u0131da servisi i\u00e7in uygundur. El yap\u0131m\u0131 oldu\u011fu i\u00e7in her \u00fcr\u00fcndeki desenler birbiri ile farkl\u0131l\u0131k g\u00f6sterir. Mat bir dokusu vard\u0131r. Paket i\u00e7eri\u011fi 1 adet \u00e7orba kasesi,1adet yemek taba\u011f\u0131 ve 1 adet servis taba\u011f\u0131 olmak \u00fczere, toplam&hellip;","_links":{"self":[{"href":"https:\/\/gaceramic.online\/ru\/wp-json\/wp\/v2\/product\/2187","targetHints":{"allow":["GET"]}}],"collection":[{"href":"https:\/\/gaceramic.online\/ru\/wp-json\/wp\/v2\/product"}],"about":[{"href":"https:\/\/gaceramic.online\/ru\/wp-json\/wp\/v2\/types\/product"}],"replies":[{"embeddable":true,"href":"https:\/\/gaceramic.online\/ru\/wp-json\/wp\/v2\/comments?post=2187"}],"version-history":[{"count":4,"href":"https:\/\/gaceramic.online\/ru\/wp-json\/wp\/v2\/product\/2187\/revisions"}],"predecessor-version":[{"id":2593,"href":"https:\/\/gaceramic.online\/ru\/wp-json\/wp\/v2\/product\/2187\/revisions\/2593"}],"wp:featuredmedia":[{"embeddable":true,"href":"https:\/\/gaceramic.online\/ru\/wp-json\/wp\/v2\/media\/1925"}],"wp:attachment":[{"href":"https:\/\/gaceramic.online\/ru\/wp-json\/wp\/v2\/media?parent=2187"}],"wp:term":[{"taxonomy":"product_cat","embeddable":true,"href":"https:\/\/gaceramic.online\/ru\/wp-json\/wp\/v2\/product_cat?post=2187"},{"taxonomy":"product_tag","embeddable":true,"href":"https:\/\/gaceramic.online\/ru\/wp-json\/wp\/v2\/product_tag?post=2187"}],"curies":[{"name":"wp","href":"https:\/\/api.w.org\/{rel}","templated":true}]}}