{"id":2130,"date":"2020-11-18T15:20:07","date_gmt":"2020-11-18T12:20:07","guid":{"rendered":"https:\/\/gaceramic.online\/?post_type=product&#038;p=2130"},"modified":"2025-07-21T08:52:06","modified_gmt":"2025-07-21T05:52:06","slug":"hayvan-deve-kusu-figurlu-tabak","status":"publish","type":"product","link":"https:\/\/gaceramic.online\/ru\/product\/hayvan-deve-kusu-figurlu-tabak\/","title":{"rendered":"Deve Ku\u015fu Fig\u00fcrl\u00fc Tabak"},"content":{"rendered":"<p>Hayvan fig\u00fcrl\u00fc tabaklar markan\u0131n tasar\u0131m tescilli \u00fcr\u00fcn\u00fcd\u00fcr. Bu tabaklarda dilerseniz kurabiye,meyve,peynir taba\u011f\u0131 gibi ikraml\u0131klar servis edebilirsiniz. Dilerseniz de evlerinizde veya ofislerinizde dekoratif ama\u00e7l\u0131 kullanabilirsiniz. Orta sehpa \u00fczerinde i\u00e7erisine mum ve \u00e7i\u00e7eklerle harika aranjmanlar yapabilirsiniz.<\/p>","protected":false},"excerpt":{"rendered":"<p>\u0130thal hammadde kullan\u0131larak \u00fcretilmi\u015ftir.<br \/>\nBula\u015f\u0131k makinesinde y\u0131kanabilir.<br \/>\nS\u0131cak ve so\u011fuk g\u0131da servisi i\u00e7in uygundur.<\/p>","protected":false},"featured_media":2131,"comment_status":"open","ping_status":"closed","template":"","meta":{"_uag_custom_page_level_css":"","site-sidebar-layout":"default","site-content-layout":null,"ast-site-content-layout":"","site-content-style":"default","site-sidebar-style":"default","ast-global-header-display":"","ast-banner-title-visibility":"","ast-main-header-display":"","ast-hfb-above-header-display":null,"ast-hfb-below-header-display":null,"ast-hfb-mobile-header-display":null,"site-post-title":"","ast-breadcrumbs-content":null,"ast-featured-img":"","footer-sml-layout":"","theme-transparent-header-meta":"default","adv-header-id-meta":null,"stick-header-meta":null,"header-above-stick-meta":null,"header-main-stick-meta":null,"header-below-stick-meta":null,"astra-migrate-meta-layouts":"default","ast-page-background-enabled":"default","ast-page-background-meta":{"desktop":{"background-color":"","background-image":"","background-repeat":"repeat","background-position":"center center","background-size":"auto","background-attachment":"scroll","background-type":"","background-media":"","overlay-type":"","overlay-color":"","overlay-opacity":"","overlay-gradient":""},"tablet":{"background-color":"","background-image":"","background-repeat":"repeat","background-position":"center center","background-size":"auto","background-attachment":"scroll","background-type":"","background-media":"","overlay-type":"","overlay-color":"","overlay-opacity":"","overlay-gradient":""},"mobile":{"background-color":"","background-image":"","background-repeat":"repeat","background-position":"center center","background-size":"auto","background-attachment":"scroll","background-type":"","background-media":"","overlay-type":"","overlay-color":"","overlay-opacity":"","overlay-gradient":""}},"ast-content-background-meta":{"desktop":{"background-color":"var(--ast-global-color-5)","background-image":"","background-repeat":"repeat","background-position":"center center","background-size":"auto","background-attachment":"scroll","background-type":"","background-media":"","overlay-type":"","overlay-color":"","overlay-opacity":"","overlay-gradient":""},"tablet":{"background-color":"var(--ast-global-color-5)","background-image":"","background-repeat":"repeat","background-position":"center center","background-size":"auto","background-attachment":"scroll","background-type":"","background-media":"","overlay-type":"","overlay-color":"","overlay-opacity":"","overlay-gradient":""},"mobile":{"background-color":"var(--ast-global-color-5)","background-image":"","background-repeat":"repeat","background-position":"center center","background-size":"auto","background-attachment":"scroll","background-type":"","background-media":"","overlay-type":"","overlay-color":"","overlay-opacity":"","overlay-gradient":""}}},"product_cat":[64],"product_tag":[90,131,351,352,251,134,354,355,356,307,290,123,299,188,68,203,349],"class_list":{"0":"post-2130","1":"product","2":"type-product","3":"status-publish","4":"has-post-thumbnail","6":"product_cat-hayvan-serisi","7":"product_tag-seramik","8":"product_tag-ceramic","9":"product_tag-cift-cidarli","10":"product_tag-cift-cidarli-kase","11":"product_tag-dekoratif","12":"product_tag-design","13":"product_tag-deve-kusu","14":"product_tag-deve-kusu-figur","15":"product_tag-deve-kusu-tabak","16":"product_tag-el-yapim-seramik","17":"product_tag-el-yapimi","18":"product_tag-handmade","19":"product_tag-hediyelik","20":"product_tag-homedecor","21":"product_tag-kase","22":"product_tag-obje","23":"product_tag-seramik-tabak","24":"desktop-align-left","25":"tablet-align-left","26":"mobile-align-left","28":"first","29":"instock","30":"sale","31":"taxable","32":"shipping-taxable","33":"purchasable","34":"product-type-simple"},"jetpack_sharing_enabled":true,"uagb_featured_image_src":{"full":["https:\/\/gaceramic.online\/wp-content\/uploads\/2020\/11\/IMG_2178-kopya.jpg",1200,1800,false],"thumbnail":["https:\/\/gaceramic.online\/wp-content\/uploads\/2020\/11\/IMG_2178-kopya-150x150.jpg",150,150,true],"medium":["https:\/\/gaceramic.online\/wp-content\/uploads\/2020\/11\/IMG_2178-kopya-200x300.jpg",200,300,true],"medium_large":["https:\/\/gaceramic.online\/wp-content\/uploads\/2020\/11\/IMG_2178-kopya-768x1152.jpg",768,1152,true],"large":["https:\/\/gaceramic.online\/wp-content\/uploads\/2020\/11\/IMG_2178-kopya-683x1024.jpg",683,1024,true],"1536x1536":["https:\/\/gaceramic.online\/wp-content\/uploads\/2020\/11\/IMG_2178-kopya-1024x1536.jpg",1024,1536,true],"2048x2048":["https:\/\/gaceramic.online\/wp-content\/uploads\/2020\/11\/IMG_2178-kopya.jpg",1200,1800,false],"trp-custom-language-flag":["https:\/\/gaceramic.online\/wp-content\/uploads\/2020\/11\/IMG_2178-kopya.jpg",8,12,false],"woocommerce_thumbnail":["https:\/\/gaceramic.online\/wp-content\/uploads\/2020\/11\/IMG_2178-kopya-300x300.jpg",300,300,true],"woocommerce_single":["https:\/\/gaceramic.online\/wp-content\/uploads\/2020\/11\/IMG_2178-kopya-600x900.jpg",600,900,true],"woocommerce_gallery_thumbnail":["https:\/\/gaceramic.online\/wp-content\/uploads\/2020\/11\/IMG_2178-kopya-100x100.jpg",100,100,true],"variation_swatches_image_size":["https:\/\/gaceramic.online\/wp-content\/uploads\/2020\/11\/IMG_2178-kopya.jpg",33,50,false],"variation_swatches_tooltip_size":["https:\/\/gaceramic.online\/wp-content\/uploads\/2020\/11\/IMG_2178-kopya.jpg",67,100,false]},"uagb_author_info":{"display_name":"gaceramic","author_link":"https:\/\/gaceramic.online\/ru\/author\/"},"uagb_comment_info":1,"uagb_excerpt":"\u0130thal hammadde kullan\u0131larak \u00fcretilmi\u015ftir. Bula\u015f\u0131k makinesinde y\u0131kanabilir. S\u0131cak ve so\u011fuk g\u0131da servisi i\u00e7in uygundur.","_links":{"self":[{"href":"https:\/\/gaceramic.online\/ru\/wp-json\/wp\/v2\/product\/2130","targetHints":{"allow":["GET"]}}],"collection":[{"href":"https:\/\/gaceramic.online\/ru\/wp-json\/wp\/v2\/product"}],"about":[{"href":"https:\/\/gaceramic.online\/ru\/wp-json\/wp\/v2\/types\/product"}],"replies":[{"embeddable":true,"href":"https:\/\/gaceramic.online\/ru\/wp-json\/wp\/v2\/comments?post=2130"}],"version-history":[{"count":3,"href":"https:\/\/gaceramic.online\/ru\/wp-json\/wp\/v2\/product\/2130\/revisions"}],"predecessor-version":[{"id":8398,"href":"https:\/\/gaceramic.online\/ru\/wp-json\/wp\/v2\/product\/2130\/revisions\/8398"}],"wp:featuredmedia":[{"embeddable":true,"href":"https:\/\/gaceramic.online\/ru\/wp-json\/wp\/v2\/media\/2131"}],"wp:attachment":[{"href":"https:\/\/gaceramic.online\/ru\/wp-json\/wp\/v2\/media?parent=2130"}],"wp:term":[{"taxonomy":"product_cat","embeddable":true,"href":"https:\/\/gaceramic.online\/ru\/wp-json\/wp\/v2\/product_cat?post=2130"},{"taxonomy":"product_tag","embeddable":true,"href":"https:\/\/gaceramic.online\/ru\/wp-json\/wp\/v2\/product_tag?post=2130"}],"curies":[{"name":"wp","href":"https:\/\/api.w.org\/{rel}","templated":true}]}}