{"id":8251,"date":"2024-11-07T15:25:39","date_gmt":"2024-11-07T12:25:39","guid":{"rendered":"https:\/\/gaceramic.online\/?post_type=product&#038;p=8251"},"modified":"2025-07-17T14:37:12","modified_gmt":"2025-07-17T11:37:12","slug":"mese-palamudu-askilik-3lu-canli","status":"publish","type":"product","link":"https:\/\/gaceramic.online\/fr\/product\/mese-palamudu-askilik-3lu-canli\/","title":{"rendered":"me\u015fe palamudu ask\u0131l\u0131k 3l\u00fc-canl\u0131"},"content":{"rendered":"<p>COMME IL EST ENTI\u00c8REMENT FAIT \u00c0 LA MAIN, IL PEUT Y AVOIR DE L\u00c9G\u00c8RES DIFF\u00c9RENCES. CHAQUE PRODUIT EST UNIQUE. IL EST FABRIQU\u00c9 \u00c0 PARTIR DE MAT\u00c9RIAUX IMPORT\u00c9S. LES PETITES SUSPENSIONS D\u00c9CORATIVES SONT CON\u00c7UES POUR AJOUTER UN PETIT MOUVEMENT \u00c0 VOS MURS.<\/p>","protected":false},"excerpt":{"rendered":"<p>Personnalisez votre environnement avec des mini-cintres en c\u00e9ramique faits \u00e0 la main que vous pouvez utiliser de mani\u00e8re d\u00e9corative sur vos murs, dans les chambres d'enfants, les bureaux et bien d'autres endroits.<\/p>","protected":false},"featured_media":8252,"comment_status":"open","ping_status":"closed","template":"","meta":{"_uag_custom_page_level_css":"","site-sidebar-layout":"default","site-content-layout":null,"ast-site-content-layout":"","site-content-style":"default","site-sidebar-style":"default","ast-global-header-display":"","ast-banner-title-visibility":"","ast-main-header-display":"","ast-hfb-above-header-display":null,"ast-hfb-below-header-display":null,"ast-hfb-mobile-header-display":null,"site-post-title":"","ast-breadcrumbs-content":null,"ast-featured-img":"","footer-sml-layout":"","theme-transparent-header-meta":"default","adv-header-id-meta":null,"stick-header-meta":null,"header-above-stick-meta":null,"header-main-stick-meta":null,"header-below-stick-meta":null,"astra-migrate-meta-layouts":"default","ast-page-background-enabled":"default","ast-page-background-meta":{"desktop":{"background-color":"","background-image":"","background-repeat":"repeat","background-position":"center center","background-size":"auto","background-attachment":"scroll","background-type":"","background-media":"","overlay-type":"","overlay-color":"","overlay-opacity":"","overlay-gradient":""},"tablet":{"background-color":"","background-image":"","background-repeat":"repeat","background-position":"center center","background-size":"auto","background-attachment":"scroll","background-type":"","background-media":"","overlay-type":"","overlay-color":"","overlay-opacity":"","overlay-gradient":""},"mobile":{"background-color":"","background-image":"","background-repeat":"repeat","background-position":"center center","background-size":"auto","background-attachment":"scroll","background-type":"","background-media":"","overlay-type":"","overlay-color":"","overlay-opacity":"","overlay-gradient":""}},"ast-content-background-meta":{"desktop":{"background-color":"var(--ast-global-color-5)","background-image":"","background-repeat":"repeat","background-position":"center center","background-size":"auto","background-attachment":"scroll","background-type":"","background-media":"","overlay-type":"","overlay-color":"","overlay-opacity":"","overlay-gradient":""},"tablet":{"background-color":"var(--ast-global-color-5)","background-image":"","background-repeat":"repeat","background-position":"center center","background-size":"auto","background-attachment":"scroll","background-type":"","background-media":"","overlay-type":"","overlay-color":"","overlay-opacity":"","overlay-gradient":""},"mobile":{"background-color":"var(--ast-global-color-5)","background-image":"","background-repeat":"repeat","background-position":"center center","background-size":"auto","background-attachment":"scroll","background-type":"","background-media":"","overlay-type":"","overlay-color":"","overlay-opacity":"","overlay-gradient":""}}},"product_cat":[54],"product_tag":[90,131,251,307,158,299,203],"class_list":{"0":"post-8251","1":"product","2":"type-product","3":"status-publish","4":"has-post-thumbnail","6":"product_cat-obje","7":"product_tag-seramik","8":"product_tag-ceramic","9":"product_tag-dekoratif","10":"product_tag-el-yapim-seramik","11":"product_tag-gaceramic","12":"product_tag-hediyelik","13":"product_tag-obje","14":"desktop-align-left","15":"tablet-align-left","16":"mobile-align-left","18":"first","19":"instock","20":"taxable","21":"shipping-taxable","22":"purchasable","23":"product-type-simple"},"jetpack_sharing_enabled":true,"uagb_featured_image_src":{"full":["https:\/\/gaceramic.online\/wp-content\/uploads\/2024\/11\/mese-palamudu-askilik-3lu-canli.jpg",1500,1500,false],"thumbnail":["https:\/\/gaceramic.online\/wp-content\/uploads\/2024\/11\/mese-palamudu-askilik-3lu-canli-150x150.jpg",150,150,true],"medium":["https:\/\/gaceramic.online\/wp-content\/uploads\/2024\/11\/mese-palamudu-askilik-3lu-canli-300x300.jpg",300,300,true],"medium_large":["https:\/\/gaceramic.online\/wp-content\/uploads\/2024\/11\/mese-palamudu-askilik-3lu-canli-768x768.jpg",768,768,true],"large":["https:\/\/gaceramic.online\/wp-content\/uploads\/2024\/11\/mese-palamudu-askilik-3lu-canli-1024x1024.jpg",1024,1024,true],"1536x1536":["https:\/\/gaceramic.online\/wp-content\/uploads\/2024\/11\/mese-palamudu-askilik-3lu-canli.jpg",1500,1500,false],"2048x2048":["https:\/\/gaceramic.online\/wp-content\/uploads\/2024\/11\/mese-palamudu-askilik-3lu-canli.jpg",1500,1500,false],"trp-custom-language-flag":["https:\/\/gaceramic.online\/wp-content\/uploads\/2024\/11\/mese-palamudu-askilik-3lu-canli.jpg",12,12,false],"woocommerce_thumbnail":["https:\/\/gaceramic.online\/wp-content\/uploads\/2024\/11\/mese-palamudu-askilik-3lu-canli-300x300.jpg",300,300,true],"woocommerce_single":["https:\/\/gaceramic.online\/wp-content\/uploads\/2024\/11\/mese-palamudu-askilik-3lu-canli-600x600.jpg",600,600,true],"woocommerce_gallery_thumbnail":["https:\/\/gaceramic.online\/wp-content\/uploads\/2024\/11\/mese-palamudu-askilik-3lu-canli-100x100.jpg",100,100,true],"variation_swatches_image_size":["https:\/\/gaceramic.online\/wp-content\/uploads\/2024\/11\/mese-palamudu-askilik-3lu-canli.jpg",50,50,false],"variation_swatches_tooltip_size":["https:\/\/gaceramic.online\/wp-content\/uploads\/2024\/11\/mese-palamudu-askilik-3lu-canli.jpg",100,100,false]},"uagb_author_info":{"display_name":"gaceramic","author_link":"https:\/\/gaceramic.online\/fr\/author\/"},"uagb_comment_info":0,"uagb_excerpt":"Duvarlar\u0131n\u0131za ,\u00e7ocuk odalar\u0131na ,ofis ve daha bir\u00e7ok alanda dekoratif olarak kullanabilece\u011finiz el yap\u0131m\u0131 mini seramik ask\u0131l\u0131klar ile bulundu\u011funuz ortam\u0131 \u00f6zelle\u015ftirin.","_links":{"self":[{"href":"https:\/\/gaceramic.online\/fr\/wp-json\/wp\/v2\/product\/8251","targetHints":{"allow":["GET"]}}],"collection":[{"href":"https:\/\/gaceramic.online\/fr\/wp-json\/wp\/v2\/product"}],"about":[{"href":"https:\/\/gaceramic.online\/fr\/wp-json\/wp\/v2\/types\/product"}],"replies":[{"embeddable":true,"href":"https:\/\/gaceramic.online\/fr\/wp-json\/wp\/v2\/comments?post=8251"}],"version-history":[{"count":1,"href":"https:\/\/gaceramic.online\/fr\/wp-json\/wp\/v2\/product\/8251\/revisions"}],"predecessor-version":[{"id":8292,"href":"https:\/\/gaceramic.online\/fr\/wp-json\/wp\/v2\/product\/8251\/revisions\/8292"}],"wp:featuredmedia":[{"embeddable":true,"href":"https:\/\/gaceramic.online\/fr\/wp-json\/wp\/v2\/media\/8252"}],"wp:attachment":[{"href":"https:\/\/gaceramic.online\/fr\/wp-json\/wp\/v2\/media?parent=8251"}],"wp:term":[{"taxonomy":"product_cat","embeddable":true,"href":"https:\/\/gaceramic.online\/fr\/wp-json\/wp\/v2\/product_cat?post=8251"},{"taxonomy":"product_tag","embeddable":true,"href":"https:\/\/gaceramic.online\/fr\/wp-json\/wp\/v2\/product_tag?post=8251"}],"curies":[{"name":"wp","href":"https:\/\/api.w.org\/{rel}","templated":true}]}}