{"id":8155,"date":"2024-11-06T15:18:13","date_gmt":"2024-11-06T12:18:13","guid":{"rendered":"https:\/\/gaceramic.online\/?post_type=product&#038;p=8155"},"modified":"2025-07-17T16:00:47","modified_gmt":"2025-07-17T13:00:47","slug":"el-yapimi-ozel-koleksiyon-yilan-no11","status":"publish","type":"product","link":"https:\/\/gaceramic.online\/fr\/product\/el-yapimi-ozel-koleksiyon-yilan-no11\/","title":{"rendered":"El yap\u0131m\u0131 \u00f6zel koleksiyon y\u0131lan no11"},"content":{"rendered":"<p>%100 El Yap\u0131m\u0131d\u0131r Bu Y\u00fczden K\u00fc\u00e7\u00fck Farkl\u0131l\u0131klar Olabilir. \u0130thal Malzemeler Kullan\u0131larak \u00dcretilmi\u015ftir<\/p>","protected":false},"excerpt":{"rendered":"<p>&#8220;Do\u011fan\u0131n Nefesi&#8221; Koleksiyonu Her Biri Ustal\u0131kla El \u0130\u015f\u00e7ili\u011fiyle Yarat\u0131lm\u0131\u015f Olan Bu \u00d6zel Koleksiyon, Do\u011fan\u0131n Saf G\u00fczelliklerinden Esinlenilerek Do\u011fdu. Her Hayvan Fig\u00fcr\u00fc, Do\u011fan\u0131n Kutsal Dengesine Ve G\u00fczelli\u011fine Bir \u00d6vg\u00fc Olarak Sayg\u0131yla Resmedildi. B\u00fct\u00fcn Bu Fig\u00fcrler, G\u00fcls\u00fcm Ayd\u0131n\u2019In Ellerinde S\u0131r Alt\u0131 Boya Tekni\u011fi \u0130le Tek Tek \u0130\u015flendi. Bu Teknik, Barda\u011fa Hem Zamanla Silinmeyen Bir Dayan\u0131kl\u0131l\u0131k Hem De \u00d6m\u00fcr Boyu Saklanabilecek Bir De\u011fer Kazand\u0131r\u0131yor. Her Bir Bardak, Sanat\u00e7\u0131n\u0131n Ellerinde Yeniden Hayat Bulan Bir Hikaye Anlat\u0131yor; Her \u00c7izgi, Her F\u0131r\u00e7a Darbesi Bir Hat\u0131ray\u0131, Bir Duyguyu, Bir Do\u011fa An\u0131n\u0131 Yans\u0131t\u0131yor. Koleksiyon, Her Par\u00e7an\u0131n Alt\u0131nda El Yaz\u0131s\u0131yla \u0130\u015flenmi\u015f \u00d6zel Bir Say\u0131 \u0130le S\u0131n\u0131rl\u0131 Say\u0131da \u00dcretildi. Bu, Her Bir Barda\u011f\u0131 Benzersiz K\u0131larken, Ayn\u0131 Zamanda Onu Kal\u0131c\u0131 Ve Anlaml\u0131 Bir An\u0131ya D\u00f6n\u00fc\u015ft\u00fcr\u00fcyor. \u0130\u00e7ilen Her Yudumda, Do\u011fan\u0131n Derin Nefesiyle Bulu\u015facak, Hayvan Fig\u00fcrlerinde Sakl\u0131 Hikayelerle Do\u011fan\u0131n E\u015fsiz D\u00f6ng\u00fcs\u00fcne Tan\u0131kl\u0131k Edeceksiniz.<\/p>\n<p>Elde y\u0131kaman\u0131z tavsiye edilir. Ancak bula\u015f\u0131k makinas\u0131nda da y\u0131kayabilirsiniz<\/p>","protected":false},"featured_media":8156,"comment_status":"open","ping_status":"closed","template":"","meta":{"_uag_custom_page_level_css":"","site-sidebar-layout":"default","site-content-layout":null,"ast-site-content-layout":"","site-content-style":"default","site-sidebar-style":"default","ast-global-header-display":"","ast-banner-title-visibility":"","ast-main-header-display":"","ast-hfb-above-header-display":null,"ast-hfb-below-header-display":null,"ast-hfb-mobile-header-display":null,"site-post-title":"","ast-breadcrumbs-content":null,"ast-featured-img":"","footer-sml-layout":"","theme-transparent-header-meta":"default","adv-header-id-meta":null,"stick-header-meta":null,"header-above-stick-meta":null,"header-main-stick-meta":null,"header-below-stick-meta":null,"astra-migrate-meta-layouts":"default","ast-page-background-enabled":"default","ast-page-background-meta":{"desktop":{"background-color":"","background-image":"","background-repeat":"repeat","background-position":"center center","background-size":"auto","background-attachment":"scroll","background-type":"","background-media":"","overlay-type":"","overlay-color":"","overlay-opacity":"","overlay-gradient":""},"tablet":{"background-color":"","background-image":"","background-repeat":"repeat","background-position":"center center","background-size":"auto","background-attachment":"scroll","background-type":"","background-media":"","overlay-type":"","overlay-color":"","overlay-opacity":"","overlay-gradient":""},"mobile":{"background-color":"","background-image":"","background-repeat":"repeat","background-position":"center center","background-size":"auto","background-attachment":"scroll","background-type":"","background-media":"","overlay-type":"","overlay-color":"","overlay-opacity":"","overlay-gradient":""}},"ast-content-background-meta":{"desktop":{"background-color":"var(--ast-global-color-5)","background-image":"","background-repeat":"repeat","background-position":"center center","background-size":"auto","background-attachment":"scroll","background-type":"","background-media":"","overlay-type":"","overlay-color":"","overlay-opacity":"","overlay-gradient":""},"tablet":{"background-color":"var(--ast-global-color-5)","background-image":"","background-repeat":"repeat","background-position":"center center","background-size":"auto","background-attachment":"scroll","background-type":"","background-media":"","overlay-type":"","overlay-color":"","overlay-opacity":"","overlay-gradient":""},"mobile":{"background-color":"var(--ast-global-color-5)","background-image":"","background-repeat":"repeat","background-position":"center center","background-size":"auto","background-attachment":"scroll","background-type":"","background-media":"","overlay-type":"","overlay-color":"","overlay-opacity":"","overlay-gradient":""}}},"product_cat":[63],"product_tag":[90,433,713,131,251,307,712,158,123,299,280,277,180],"class_list":{"0":"post-8155","1":"product","2":"type-product","3":"status-publish","4":"has-post-thumbnail","6":"product_cat-kahve-veya-cay","7":"product_tag-seramik","8":"product_tag-bardak","9":"product_tag-cay","10":"product_tag-ceramic","11":"product_tag-dekoratif","12":"product_tag-el-yapim-seramik","13":"product_tag-filtre-kahve","14":"product_tag-gaceramic","15":"product_tag-handmade","16":"product_tag-hediyelik","17":"product_tag-kahve-bardagi","18":"product_tag-kahve-fincani","19":"product_tag-kupa","20":"desktop-align-left","21":"tablet-align-left","22":"mobile-align-left","24":"first","25":"instock","26":"taxable","27":"shipping-taxable","28":"purchasable","29":"product-type-simple"},"jetpack_sharing_enabled":true,"uagb_featured_image_src":{"full":["https:\/\/gaceramic.online\/wp-content\/uploads\/2024\/11\/El-yapimi-ozel-koleksiyon-yilan-no11.jpg",1500,1500,false],"thumbnail":["https:\/\/gaceramic.online\/wp-content\/uploads\/2024\/11\/El-yapimi-ozel-koleksiyon-yilan-no11-150x150.jpg",150,150,true],"medium":["https:\/\/gaceramic.online\/wp-content\/uploads\/2024\/11\/El-yapimi-ozel-koleksiyon-yilan-no11-300x300.jpg",300,300,true],"medium_large":["https:\/\/gaceramic.online\/wp-content\/uploads\/2024\/11\/El-yapimi-ozel-koleksiyon-yilan-no11-768x768.jpg",768,768,true],"large":["https:\/\/gaceramic.online\/wp-content\/uploads\/2024\/11\/El-yapimi-ozel-koleksiyon-yilan-no11-1024x1024.jpg",1024,1024,true],"1536x1536":["https:\/\/gaceramic.online\/wp-content\/uploads\/2024\/11\/El-yapimi-ozel-koleksiyon-yilan-no11.jpg",1500,1500,false],"2048x2048":["https:\/\/gaceramic.online\/wp-content\/uploads\/2024\/11\/El-yapimi-ozel-koleksiyon-yilan-no11.jpg",1500,1500,false],"trp-custom-language-flag":["https:\/\/gaceramic.online\/wp-content\/uploads\/2024\/11\/El-yapimi-ozel-koleksiyon-yilan-no11.jpg",12,12,false],"woocommerce_thumbnail":["https:\/\/gaceramic.online\/wp-content\/uploads\/2024\/11\/El-yapimi-ozel-koleksiyon-yilan-no11-300x300.jpg",300,300,true],"woocommerce_single":["https:\/\/gaceramic.online\/wp-content\/uploads\/2024\/11\/El-yapimi-ozel-koleksiyon-yilan-no11-600x600.jpg",600,600,true],"woocommerce_gallery_thumbnail":["https:\/\/gaceramic.online\/wp-content\/uploads\/2024\/11\/El-yapimi-ozel-koleksiyon-yilan-no11-100x100.jpg",100,100,true],"variation_swatches_image_size":["https:\/\/gaceramic.online\/wp-content\/uploads\/2024\/11\/El-yapimi-ozel-koleksiyon-yilan-no11.jpg",50,50,false],"variation_swatches_tooltip_size":["https:\/\/gaceramic.online\/wp-content\/uploads\/2024\/11\/El-yapimi-ozel-koleksiyon-yilan-no11.jpg",100,100,false]},"uagb_author_info":{"display_name":"gaceramic","author_link":"https:\/\/gaceramic.online\/fr\/author\/"},"uagb_comment_info":0,"uagb_excerpt":"\"Do\u011fan\u0131n Nefesi\" Koleksiyonu Her Biri Ustal\u0131kla El \u0130\u015f\u00e7ili\u011fiyle Yarat\u0131lm\u0131\u015f Olan Bu \u00d6zel Koleksiyon, Do\u011fan\u0131n Saf G\u00fczelliklerinden Esinlenilerek Do\u011fdu. Her Hayvan Fig\u00fcr\u00fc, Do\u011fan\u0131n Kutsal Dengesine Ve G\u00fczelli\u011fine Bir \u00d6vg\u00fc Olarak Sayg\u0131yla Resmedildi. B\u00fct\u00fcn Bu Fig\u00fcrler, G\u00fcls\u00fcm Ayd\u0131n\u2019In Ellerinde S\u0131r Alt\u0131 Boya Tekni\u011fi \u0130le Tek Tek \u0130\u015flendi. Bu Teknik, Barda\u011fa Hem Zamanla Silinmeyen Bir Dayan\u0131kl\u0131l\u0131k Hem De\u2026","_links":{"self":[{"href":"https:\/\/gaceramic.online\/fr\/wp-json\/wp\/v2\/product\/8155","targetHints":{"allow":["GET"]}}],"collection":[{"href":"https:\/\/gaceramic.online\/fr\/wp-json\/wp\/v2\/product"}],"about":[{"href":"https:\/\/gaceramic.online\/fr\/wp-json\/wp\/v2\/types\/product"}],"replies":[{"embeddable":true,"href":"https:\/\/gaceramic.online\/fr\/wp-json\/wp\/v2\/comments?post=8155"}],"version-history":[{"count":1,"href":"https:\/\/gaceramic.online\/fr\/wp-json\/wp\/v2\/product\/8155\/revisions"}],"predecessor-version":[{"id":8316,"href":"https:\/\/gaceramic.online\/fr\/wp-json\/wp\/v2\/product\/8155\/revisions\/8316"}],"wp:featuredmedia":[{"embeddable":true,"href":"https:\/\/gaceramic.online\/fr\/wp-json\/wp\/v2\/media\/8156"}],"wp:attachment":[{"href":"https:\/\/gaceramic.online\/fr\/wp-json\/wp\/v2\/media?parent=8155"}],"wp:term":[{"taxonomy":"product_cat","embeddable":true,"href":"https:\/\/gaceramic.online\/fr\/wp-json\/wp\/v2\/product_cat?post=8155"},{"taxonomy":"product_tag","embeddable":true,"href":"https:\/\/gaceramic.online\/fr\/wp-json\/wp\/v2\/product_tag?post=8155"}],"curies":[{"name":"wp","href":"https:\/\/api.w.org\/{rel}","templated":true}]}}