{"id":7423,"date":"2023-11-09T15:13:00","date_gmt":"2023-11-09T12:13:00","guid":{"rendered":"https:\/\/gaceramic.online\/?post_type=product&#038;p=7423"},"modified":"2025-07-22T11:27:49","modified_gmt":"2025-07-22T08:27:49","slug":"mini-yuvarlak-tabak-bal-kahve","status":"publish","type":"product","link":"https:\/\/gaceramic.online\/fr\/product\/mini-yuvarlak-tabak-bal-kahve\/","title":{"rendered":"Mini Yuvarlak Tabak Bal Kahve"},"content":{"rendered":"<p>K\u00fc\u00e7\u00fck boyutu, lezzetli detaylar\u0131 vurgulamak ve misafirlerinize benzersiz bir deneyim sunmak i\u00e7in idealdir.Ayn\u0131 zamanda, bu seramik tabaklar, \u00e7erezler ve at\u0131\u015ft\u0131rmal\u0131klar i\u00e7in de \u015f\u0131k bir sunum sa\u011flar.<\/p>","protected":false},"excerpt":{"rendered":"<p>El eme\u011fi ve \u00f6zenle tasarlanm\u0131\u015f, k\u00fc\u00e7\u00fck yuvarlak seramik meze taba\u011f\u0131, sofralara zarif bir dokunu\u015f kat\u0131yor. Her bir par\u00e7a, ustal\u0131kla \u015fekillendirilmi\u015f ve dikkatlice elde boyanm\u0131\u015f, benzersiz bir estetik sunuyor.<\/p>","protected":false},"featured_media":6247,"comment_status":"open","ping_status":"closed","template":"","meta":{"_uag_custom_page_level_css":"","site-sidebar-layout":"default","site-content-layout":null,"ast-site-content-layout":"","site-content-style":"default","site-sidebar-style":"default","ast-global-header-display":"","ast-banner-title-visibility":"","ast-main-header-display":"","ast-hfb-above-header-display":null,"ast-hfb-below-header-display":null,"ast-hfb-mobile-header-display":null,"site-post-title":"","ast-breadcrumbs-content":null,"ast-featured-img":"","footer-sml-layout":"","theme-transparent-header-meta":"default","adv-header-id-meta":null,"stick-header-meta":null,"header-above-stick-meta":null,"header-main-stick-meta":null,"header-below-stick-meta":null,"astra-migrate-meta-layouts":"default","ast-page-background-enabled":"default","ast-page-background-meta":{"desktop":{"background-color":"","background-image":"","background-repeat":"repeat","background-position":"center center","background-size":"auto","background-attachment":"scroll","background-type":"","background-media":"","overlay-type":"","overlay-color":"","overlay-opacity":"","overlay-gradient":""},"tablet":{"background-color":"","background-image":"","background-repeat":"repeat","background-position":"center center","background-size":"auto","background-attachment":"scroll","background-type":"","background-media":"","overlay-type":"","overlay-color":"","overlay-opacity":"","overlay-gradient":""},"mobile":{"background-color":"","background-image":"","background-repeat":"repeat","background-position":"center center","background-size":"auto","background-attachment":"scroll","background-type":"","background-media":"","overlay-type":"","overlay-color":"","overlay-opacity":"","overlay-gradient":""}},"ast-content-background-meta":{"desktop":{"background-color":"var(--ast-global-color-5)","background-image":"","background-repeat":"repeat","background-position":"center center","background-size":"auto","background-attachment":"scroll","background-type":"","background-media":"","overlay-type":"","overlay-color":"","overlay-opacity":"","overlay-gradient":""},"tablet":{"background-color":"var(--ast-global-color-5)","background-image":"","background-repeat":"repeat","background-position":"center center","background-size":"auto","background-attachment":"scroll","background-type":"","background-media":"","overlay-type":"","overlay-color":"","overlay-opacity":"","overlay-gradient":""},"mobile":{"background-color":"var(--ast-global-color-5)","background-image":"","background-repeat":"repeat","background-position":"center center","background-size":"auto","background-attachment":"scroll","background-type":"","background-media":"","overlay-type":"","overlay-color":"","overlay-opacity":"","overlay-gradient":""}}},"product_cat":[15],"product_tag":[90,131,251,307,290,158,123,299,188,563,349,73,69],"class_list":{"0":"post-7423","1":"product","2":"type-product","3":"status-publish","4":"has-post-thumbnail","6":"product_cat-sunumluk","7":"product_tag-seramik","8":"product_tag-ceramic","9":"product_tag-dekoratif","10":"product_tag-el-yapim-seramik","11":"product_tag-el-yapimi","12":"product_tag-gaceramic","13":"product_tag-handmade","14":"product_tag-hediyelik","15":"product_tag-homedecor","16":"product_tag-kahvalti-tabagi","17":"product_tag-seramik-tabak","18":"product_tag-sunum","19":"product_tag-tabak","20":"desktop-align-left","21":"tablet-align-left","22":"mobile-align-left","24":"first","25":"instock","26":"sale","27":"taxable","28":"shipping-taxable","29":"purchasable","30":"product-type-simple"},"jetpack_sharing_enabled":true,"uagb_featured_image_src":{"full":["https:\/\/gaceramic.online\/wp-content\/uploads\/2020\/11\/yuvarlak-mini-tabak-9.jpg",1200,1800,false],"thumbnail":["https:\/\/gaceramic.online\/wp-content\/uploads\/2020\/11\/yuvarlak-mini-tabak-9-150x150.jpg",150,150,true],"medium":["https:\/\/gaceramic.online\/wp-content\/uploads\/2020\/11\/yuvarlak-mini-tabak-9-200x300.jpg",200,300,true],"medium_large":["https:\/\/gaceramic.online\/wp-content\/uploads\/2020\/11\/yuvarlak-mini-tabak-9-768x1152.jpg",768,1152,true],"large":["https:\/\/gaceramic.online\/wp-content\/uploads\/2020\/11\/yuvarlak-mini-tabak-9-683x1024.jpg",683,1024,true],"1536x1536":["https:\/\/gaceramic.online\/wp-content\/uploads\/2020\/11\/yuvarlak-mini-tabak-9-1024x1536.jpg",1024,1536,true],"2048x2048":["https:\/\/gaceramic.online\/wp-content\/uploads\/2020\/11\/yuvarlak-mini-tabak-9.jpg",1200,1800,false],"trp-custom-language-flag":["https:\/\/gaceramic.online\/wp-content\/uploads\/2020\/11\/yuvarlak-mini-tabak-9.jpg",8,12,false],"woocommerce_thumbnail":["https:\/\/gaceramic.online\/wp-content\/uploads\/2020\/11\/yuvarlak-mini-tabak-9-300x300.jpg",300,300,true],"woocommerce_single":["https:\/\/gaceramic.online\/wp-content\/uploads\/2020\/11\/yuvarlak-mini-tabak-9-600x900.jpg",600,900,true],"woocommerce_gallery_thumbnail":["https:\/\/gaceramic.online\/wp-content\/uploads\/2020\/11\/yuvarlak-mini-tabak-9-100x100.jpg",100,100,true],"variation_swatches_image_size":["https:\/\/gaceramic.online\/wp-content\/uploads\/2020\/11\/yuvarlak-mini-tabak-9.jpg",33,50,false],"variation_swatches_tooltip_size":["https:\/\/gaceramic.online\/wp-content\/uploads\/2020\/11\/yuvarlak-mini-tabak-9.jpg",67,100,false]},"uagb_author_info":{"display_name":"gaceramic","author_link":"https:\/\/gaceramic.online\/fr\/author\/"},"uagb_comment_info":0,"uagb_excerpt":"El eme\u011fi ve \u00f6zenle tasarlanm\u0131\u015f, k\u00fc\u00e7\u00fck yuvarlak seramik meze taba\u011f\u0131, sofralara zarif bir dokunu\u015f kat\u0131yor. Her bir par\u00e7a, ustal\u0131kla \u015fekillendirilmi\u015f ve dikkatlice elde boyanm\u0131\u015f, benzersiz bir estetik sunuyor.","_links":{"self":[{"href":"https:\/\/gaceramic.online\/fr\/wp-json\/wp\/v2\/product\/7423","targetHints":{"allow":["GET"]}}],"collection":[{"href":"https:\/\/gaceramic.online\/fr\/wp-json\/wp\/v2\/product"}],"about":[{"href":"https:\/\/gaceramic.online\/fr\/wp-json\/wp\/v2\/types\/product"}],"replies":[{"embeddable":true,"href":"https:\/\/gaceramic.online\/fr\/wp-json\/wp\/v2\/comments?post=7423"}],"version-history":[{"count":1,"href":"https:\/\/gaceramic.online\/fr\/wp-json\/wp\/v2\/product\/7423\/revisions"}],"predecessor-version":[{"id":8353,"href":"https:\/\/gaceramic.online\/fr\/wp-json\/wp\/v2\/product\/7423\/revisions\/8353"}],"wp:featuredmedia":[{"embeddable":true,"href":"https:\/\/gaceramic.online\/fr\/wp-json\/wp\/v2\/media\/6247"}],"wp:attachment":[{"href":"https:\/\/gaceramic.online\/fr\/wp-json\/wp\/v2\/media?parent=7423"}],"wp:term":[{"taxonomy":"product_cat","embeddable":true,"href":"https:\/\/gaceramic.online\/fr\/wp-json\/wp\/v2\/product_cat?post=7423"},{"taxonomy":"product_tag","embeddable":true,"href":"https:\/\/gaceramic.online\/fr\/wp-json\/wp\/v2\/product_tag?post=7423"}],"curies":[{"name":"wp","href":"https:\/\/api.w.org\/{rel}","templated":true}]}}