{"id":5957,"date":"2023-03-30T11:05:28","date_gmt":"2023-03-30T08:05:28","guid":{"rendered":"https:\/\/gaceramic.online\/?post_type=product&#038;p=5957"},"modified":"2025-06-27T16:53:36","modified_gmt":"2025-06-27T13:53:36","slug":"kurumsal-workshop","status":"publish","type":"product","link":"https:\/\/gaceramic.online\/fr\/product\/kurumsal-workshop\/","title":{"rendered":"ATELIER DE C\u00c9RAMIQUE EN ENTREPRISE"},"content":{"rendered":"<p style=\"text-align: left;\">Kendi Seramik Kupan\u0131z\u0131 Tasarlay\u0131n<\/p>\n<p>\u015eirketinize \u00f6zel bir etkinlik d\u00fczenlemek istiyor musunuz? Seramik kupa yap\u0131m workshop&#8217;u, \u00e7al\u0131\u015fanlar\u0131n\u0131z\u0131n yarat\u0131c\u0131l\u0131\u011f\u0131n\u0131 ve birlikte \u00e7al\u0131\u015fma becerilerini geli\u015ftirmeleri i\u00e7in harika bir f\u0131rsat sunuyor..<\/p>\n<p>Etkinlik, 1,5 saat s\u00fcrer ve maksimum 15 ki\u015filik kapasiteye sahiptir. Birlikte belirleyece\u011fimiz bir konu \u00fczerinden workshop ger\u00e7ekle\u015ftirilecektir. Seramik kupa yap\u0131m\u0131 \u00f6rne\u011fimizle devam edelim.<\/p>\n<p>Kat\u0131l\u0131mc\u0131lar, e\u011fitmenimiz taraf\u0131ndan verilecek ad\u0131mlar\u0131 takip ederek, kendi seramik kupalar\u0131n\u0131 \u015fekillendireceklerdir. Ard\u0131ndan, minik dekorlar ile boyayacaklar ve kurumas\u0131n\u0131 bekleyeceklerdir.<\/p>\n<p>Kupalar, e\u011fitmenimiz taraf\u0131ndan \u015feffaf s\u0131r ile s\u0131rlanacak ve yakla\u015f\u0131k 10 g\u00fcn sonra teslim edilecektir. Kendi yarat\u0131c\u0131l\u0131klar\u0131 ile tasarlad\u0131klar\u0131 seramik kupalar\u0131n\u0131 kullanabilir veya sevdiklerine hediye edebilirler.<\/p>\n<p>Bu etkinlik, \u00e7al\u0131\u015fanlar\u0131n\u0131z\u0131n birbirleriyle daha iyi tan\u0131\u015fmalar\u0131n\u0131, birlikte \u00e7al\u0131\u015fma becerilerini geli\u015ftirmelerini ve \u00f6\u011frenme deneyimleri arac\u0131l\u0131\u011f\u0131yla \u015firket k\u00fclt\u00fcr\u00fcn\u00fcze katk\u0131da bulunmalar\u0131n\u0131 sa\u011flayacakt\u0131r.<\/p>\n<p>Etkinli\u011finizi daha da \u00f6zelle\u015ftirmek isterseniz, \u00f6rne\u011fin bir m\u00fczik e\u015fli\u011finde workshop yapabilir veya \u00f6zel bir yemek sunumu ile etkinli\u011finizi tamamlayabilirsiniz. Siz hayal edin, biz ger\u00e7ekle\u015ftirelim.<\/p>\n<p>\u015eirketiniz i\u00e7in \u00f6zel bir etkinlik planlamak i\u00e7in bize ula\u015f\u0131n. Size \u00f6zel se\u00e7enekler sunarak, \u00e7al\u0131\u015fanlar\u0131n\u0131z i\u00e7in unutulmaz bir deneyim ya\u015fatmak i\u00e7in buraday\u0131z.<\/p>","protected":false},"excerpt":{"rendered":"<p><strong>Seramik Workshoplar\u0131 \u0130\u015f Yerleri \u0130\u00e7in Neden Faydal\u0131d\u0131r?<\/strong><\/p>\n<p>Kurumsal i\u015f yerleri i\u00e7in <strong><em>seramik workshoplar\u0131<\/em><\/strong> sunmak, bir\u00e7ok fayda sa\u011flayabilir. \u0130lk olarak, \u00e7al\u0131\u015fanlar\u0131n yarat\u0131c\u0131 d\u00fc\u015f\u00fcnme ve problem \u00e7\u00f6zme becerilerini geli\u015ftirerek onlar\u0131 daha \u00fcretken hale getirir. \u0130kinci olarak, at\u00f6lyeniz \u00e7al\u0131\u015fanlar\u0131n stres seviyelerini azaltarak daha mutlu ve sa\u011fl\u0131kl\u0131 \u00e7al\u0131\u015fanlar olmalar\u0131n\u0131 sa\u011flayabilir. Son olarak, seramik workshoplar\u0131 kurumsal i\u015f yerlerinin marka de\u011ferini artt\u0131rabilir ve m\u00fc\u015fterilerinizin g\u00f6z\u00fcnde daha \u00e7ekici hale gelmenizi sa\u011flayabilir.<\/p>\n<p>L\u00fctfen kat\u0131l\u0131mc\u0131 ki\u015fi say\u0131s\u0131n\u0131 sepetinize ekleyiniz.<\/p>\n<p><em>Fiyat tek ki\u015fi i\u00e7indir\u2665\ufe0f<\/em><\/p>\n<p>&nbsp;<\/p>\n<p>&nbsp;<\/p>","protected":false},"featured_media":8400,"comment_status":"open","ping_status":"closed","template":"","meta":{"_uag_custom_page_level_css":"","site-sidebar-layout":"default","site-content-layout":"default","ast-site-content-layout":"default","site-content-style":"default","site-sidebar-style":"default","ast-global-header-display":"","ast-banner-title-visibility":"","ast-main-header-display":"","ast-hfb-above-header-display":"","ast-hfb-below-header-display":"","ast-hfb-mobile-header-display":"","site-post-title":"","ast-breadcrumbs-content":"","ast-featured-img":"","footer-sml-layout":"","theme-transparent-header-meta":"default","adv-header-id-meta":"","stick-header-meta":"","header-above-stick-meta":"","header-main-stick-meta":"","header-below-stick-meta":"","astra-migrate-meta-layouts":"set","ast-page-background-enabled":"default","ast-page-background-meta":{"desktop":{"background-color":"","background-image":"","background-repeat":"repeat","background-position":"center center","background-size":"auto","background-attachment":"scroll","background-type":"","background-media":"","overlay-type":"","overlay-color":"","overlay-opacity":"","overlay-gradient":""},"tablet":{"background-color":"","background-image":"","background-repeat":"repeat","background-position":"center center","background-size":"auto","background-attachment":"scroll","background-type":"","background-media":"","overlay-type":"","overlay-color":"","overlay-opacity":"","overlay-gradient":""},"mobile":{"background-color":"","background-image":"","background-repeat":"repeat","background-position":"center center","background-size":"auto","background-attachment":"scroll","background-type":"","background-media":"","overlay-type":"","overlay-color":"","overlay-opacity":"","overlay-gradient":""}},"ast-content-background-meta":{"desktop":{"background-color":"var(--ast-global-color-5)","background-image":"","background-repeat":"repeat","background-position":"center center","background-size":"auto","background-attachment":"scroll","background-type":"","background-media":"","overlay-type":"","overlay-color":"","overlay-opacity":"","overlay-gradient":""},"tablet":{"background-color":"var(--ast-global-color-5)","background-image":"","background-repeat":"repeat","background-position":"center center","background-size":"auto","background-attachment":"scroll","background-type":"","background-media":"","overlay-type":"","overlay-color":"","overlay-opacity":"","overlay-gradient":""},"mobile":{"background-color":"var(--ast-global-color-5)","background-image":"","background-repeat":"repeat","background-position":"center center","background-size":"auto","background-attachment":"scroll","background-type":"","background-media":"","overlay-type":"","overlay-color":"","overlay-opacity":"","overlay-gradient":""}}},"product_cat":[440],"product_tag":[500,499,498,497,496],"class_list":{"0":"post-5957","1":"product","2":"type-product","3":"status-publish","4":"has-post-thumbnail","6":"product_cat-egitim","7":"product_tag-ekip-etkinligi","8":"product_tag-is-etkinligi","9":"product_tag-kurumsal-etkinlik","10":"product_tag-kurumsal-seramik","11":"product_tag-kurumsal-workshop","12":"product_shipping_class-free-shipping","13":"desktop-align-left","14":"tablet-align-left","15":"mobile-align-left","17":"first","18":"instock","19":"sale","20":"downloadable","21":"taxable","22":"shipping-taxable","23":"purchasable","24":"product-type-simple"},"jetpack_sharing_enabled":true,"uagb_featured_image_src":{"full":["https:\/\/gaceramic.online\/wp-content\/uploads\/2023\/03\/IMG_1797-scaled.jpeg",2560,1920,false],"thumbnail":["https:\/\/gaceramic.online\/wp-content\/uploads\/2023\/03\/IMG_1797-150x150.jpeg",150,150,true],"medium":["https:\/\/gaceramic.online\/wp-content\/uploads\/2023\/03\/IMG_1797-300x225.jpeg",300,225,true],"medium_large":["https:\/\/gaceramic.online\/wp-content\/uploads\/2023\/03\/IMG_1797-768x576.jpeg",768,576,true],"large":["https:\/\/gaceramic.online\/wp-content\/uploads\/2023\/03\/IMG_1797-1024x768.jpeg",1024,768,true],"1536x1536":["https:\/\/gaceramic.online\/wp-content\/uploads\/2023\/03\/IMG_1797-1536x1152.jpeg",1536,1152,true],"2048x2048":["https:\/\/gaceramic.online\/wp-content\/uploads\/2023\/03\/IMG_1797-2048x1536.jpeg",2048,1536,true],"trp-custom-language-flag":["https:\/\/gaceramic.online\/wp-content\/uploads\/2023\/03\/IMG_1797-scaled.jpeg",16,12,false],"woocommerce_thumbnail":["https:\/\/gaceramic.online\/wp-content\/uploads\/2023\/03\/IMG_1797-300x300.jpeg",300,300,true],"woocommerce_single":["https:\/\/gaceramic.online\/wp-content\/uploads\/2023\/03\/IMG_1797-600x450.jpeg",600,450,true],"woocommerce_gallery_thumbnail":["https:\/\/gaceramic.online\/wp-content\/uploads\/2023\/03\/IMG_1797-100x100.jpeg",100,100,true],"variation_swatches_image_size":["https:\/\/gaceramic.online\/wp-content\/uploads\/2023\/03\/IMG_1797-50x50.jpeg",50,50,true],"variation_swatches_tooltip_size":["https:\/\/gaceramic.online\/wp-content\/uploads\/2023\/03\/IMG_1797-100x100.jpeg",100,100,true]},"uagb_author_info":{"display_name":"gaceramic","author_link":"https:\/\/gaceramic.online\/fr\/author\/"},"uagb_comment_info":3,"uagb_excerpt":"Seramik Workshoplar\u0131 \u0130\u015f Yerleri \u0130\u00e7in Neden Faydal\u0131d\u0131r? Kurumsal i\u015f yerleri i\u00e7in seramik workshoplar\u0131 sunmak, bir\u00e7ok fayda sa\u011flayabilir. \u0130lk olarak, \u00e7al\u0131\u015fanlar\u0131n yarat\u0131c\u0131 d\u00fc\u015f\u00fcnme ve problem \u00e7\u00f6zme becerilerini geli\u015ftirerek onlar\u0131 daha \u00fcretken hale getirir. \u0130kinci olarak, at\u00f6lyeniz \u00e7al\u0131\u015fanlar\u0131n stres seviyelerini azaltarak daha mutlu ve sa\u011fl\u0131kl\u0131 \u00e7al\u0131\u015fanlar olmalar\u0131n\u0131 sa\u011flayabilir. Son olarak, seramik workshoplar\u0131 kurumsal i\u015f yerlerinin marka de\u011ferini\u2026","_links":{"self":[{"href":"https:\/\/gaceramic.online\/fr\/wp-json\/wp\/v2\/product\/5957","targetHints":{"allow":["GET"]}}],"collection":[{"href":"https:\/\/gaceramic.online\/fr\/wp-json\/wp\/v2\/product"}],"about":[{"href":"https:\/\/gaceramic.online\/fr\/wp-json\/wp\/v2\/types\/product"}],"replies":[{"embeddable":true,"href":"https:\/\/gaceramic.online\/fr\/wp-json\/wp\/v2\/comments?post=5957"}],"version-history":[{"count":7,"href":"https:\/\/gaceramic.online\/fr\/wp-json\/wp\/v2\/product\/5957\/revisions"}],"predecessor-version":[{"id":8017,"href":"https:\/\/gaceramic.online\/fr\/wp-json\/wp\/v2\/product\/5957\/revisions\/8017"}],"wp:featuredmedia":[{"embeddable":true,"href":"https:\/\/gaceramic.online\/fr\/wp-json\/wp\/v2\/media\/8400"}],"wp:attachment":[{"href":"https:\/\/gaceramic.online\/fr\/wp-json\/wp\/v2\/media?parent=5957"}],"wp:term":[{"taxonomy":"product_cat","embeddable":true,"href":"https:\/\/gaceramic.online\/fr\/wp-json\/wp\/v2\/product_cat?post=5957"},{"taxonomy":"product_tag","embeddable":true,"href":"https:\/\/gaceramic.online\/fr\/wp-json\/wp\/v2\/product_tag?post=5957"}],"curies":[{"name":"wp","href":"https:\/\/api.w.org\/{rel}","templated":true}]}}