{"id":3481,"date":"2021-04-18T00:46:50","date_gmt":"2021-04-17T21:46:50","guid":{"rendered":"https:\/\/gaceramic.online\/?post_type=product&#038;p=3481"},"modified":"2025-07-22T14:32:08","modified_gmt":"2025-07-22T11:32:08","slug":"mini-ev","status":"publish","type":"product","link":"https:\/\/gaceramic.online\/fr\/product\/mini-ev\/","title":{"rendered":"Mini Ev Ye\u015fil \/\u00dc\u00e7l\u00fc"},"content":{"rendered":"<p>TAMAMEN EL YAPIMI OLDU\u011eU \u0130\u00c7\u0130N K\u00dc\u00c7\u00dcK FARKLILIKLAR OLAB\u0130L\u0130R. HER \u00dcR\u00dcN BENZERS\u0130ZD\u0130R.\u0130THAL MALZEMELER KULLANILARAK \u00dcRET\u0130LM\u0130\u015eT\u0130R. M\u0130N\u0130K DEKORAT\u0130F EVLER.V\u0130TR\u0130NLER\u0130N\u0130ZDE,MASALARINIZA M\u0130N\u0130MAL B\u0130R HAREKET KATMASI \u0130\u00c7\u0130N TASARLANMI\u015eTIR. PAKET\u0130N \u0130\u00c7\u0130NDE 3 ADET EV BULUNMAKTADIR.<\/p>","protected":false},"excerpt":{"rendered":"<p>Vitrinlerinize ,\u00e7ocuk odalar\u0131na ,ofis masan\u0131za ve daha bir\u00e7ok alanda dekoratif olarak kullanabilece\u011finiz el yap\u0131m\u0131 mini seramik evler ile bulundu\u011funuz ortam\u0131 \u00f6zelle\u015ftirin.<\/p>","protected":false},"featured_media":6759,"comment_status":"open","ping_status":"closed","template":"","meta":{"_uag_custom_page_level_css":"","site-sidebar-layout":"default","site-content-layout":null,"ast-site-content-layout":"","site-content-style":"default","site-sidebar-style":"default","ast-global-header-display":"","ast-banner-title-visibility":"","ast-main-header-display":"","ast-hfb-above-header-display":null,"ast-hfb-below-header-display":null,"ast-hfb-mobile-header-display":null,"site-post-title":"","ast-breadcrumbs-content":null,"ast-featured-img":"","footer-sml-layout":"","theme-transparent-header-meta":"default","adv-header-id-meta":null,"stick-header-meta":null,"header-above-stick-meta":null,"header-main-stick-meta":null,"header-below-stick-meta":null,"astra-migrate-meta-layouts":"default","ast-page-background-enabled":"default","ast-page-background-meta":{"desktop":{"background-color":"","background-image":"","background-repeat":"repeat","background-position":"center center","background-size":"auto","background-attachment":"scroll","background-type":"","background-media":"","overlay-type":"","overlay-color":"","overlay-opacity":"","overlay-gradient":""},"tablet":{"background-color":"","background-image":"","background-repeat":"repeat","background-position":"center center","background-size":"auto","background-attachment":"scroll","background-type":"","background-media":"","overlay-type":"","overlay-color":"","overlay-opacity":"","overlay-gradient":""},"mobile":{"background-color":"","background-image":"","background-repeat":"repeat","background-position":"center center","background-size":"auto","background-attachment":"scroll","background-type":"","background-media":"","overlay-type":"","overlay-color":"","overlay-opacity":"","overlay-gradient":""}},"ast-content-background-meta":{"desktop":{"background-color":"var(--ast-global-color-5)","background-image":"","background-repeat":"repeat","background-position":"center center","background-size":"auto","background-attachment":"scroll","background-type":"","background-media":"","overlay-type":"","overlay-color":"","overlay-opacity":"","overlay-gradient":""},"tablet":{"background-color":"var(--ast-global-color-5)","background-image":"","background-repeat":"repeat","background-position":"center center","background-size":"auto","background-attachment":"scroll","background-type":"","background-media":"","overlay-type":"","overlay-color":"","overlay-opacity":"","overlay-gradient":""},"mobile":{"background-color":"var(--ast-global-color-5)","background-image":"","background-repeat":"repeat","background-position":"center center","background-size":"auto","background-attachment":"scroll","background-type":"","background-media":"","overlay-type":"","overlay-color":"","overlay-opacity":"","overlay-gradient":""}}},"product_cat":[54],"product_tag":[131,251,134,307,290,123,299,188,227,226,203,305,306],"class_list":{"0":"post-3481","1":"product","2":"type-product","3":"status-publish","4":"has-post-thumbnail","6":"product_cat-obje","7":"product_tag-ceramic","8":"product_tag-dekoratif","9":"product_tag-design","10":"product_tag-el-yapim-seramik","11":"product_tag-el-yapimi","12":"product_tag-handmade","13":"product_tag-hediyelik","14":"product_tag-homedecor","15":"product_tag-littlehome","16":"product_tag-miniev","17":"product_tag-obje","18":"product_tag-seramik-ev","19":"product_tag-seramik-mini-ev","20":"pa_renk-bal-kahve","21":"pa_renk-kirmizi","22":"pa_renk-yesil","23":"pa_renk-lacivert","24":"desktop-align-left","25":"tablet-align-left","26":"mobile-align-left","28":"first","29":"instock","30":"sale","31":"taxable","32":"shipping-taxable","33":"purchasable","34":"product-type-simple"},"jetpack_sharing_enabled":true,"uagb_featured_image_src":{"full":["https:\/\/gaceramic.online\/wp-content\/uploads\/2021\/04\/YESIL-MINI-EV-III.jpg",1920,1280,false],"thumbnail":["https:\/\/gaceramic.online\/wp-content\/uploads\/2021\/04\/YESIL-MINI-EV-III-150x150.jpg",150,150,true],"medium":["https:\/\/gaceramic.online\/wp-content\/uploads\/2021\/04\/YESIL-MINI-EV-III-300x200.jpg",300,200,true],"medium_large":["https:\/\/gaceramic.online\/wp-content\/uploads\/2021\/04\/YESIL-MINI-EV-III-768x512.jpg",768,512,true],"large":["https:\/\/gaceramic.online\/wp-content\/uploads\/2021\/04\/YESIL-MINI-EV-III-1024x683.jpg",1024,683,true],"1536x1536":["https:\/\/gaceramic.online\/wp-content\/uploads\/2021\/04\/YESIL-MINI-EV-III-1536x1024.jpg",1536,1024,true],"2048x2048":["https:\/\/gaceramic.online\/wp-content\/uploads\/2021\/04\/YESIL-MINI-EV-III.jpg",1920,1280,false],"trp-custom-language-flag":["https:\/\/gaceramic.online\/wp-content\/uploads\/2021\/04\/YESIL-MINI-EV-III.jpg",18,12,false],"woocommerce_thumbnail":["https:\/\/gaceramic.online\/wp-content\/uploads\/2021\/04\/YESIL-MINI-EV-III-300x300.jpg",300,300,true],"woocommerce_single":["https:\/\/gaceramic.online\/wp-content\/uploads\/2021\/04\/YESIL-MINI-EV-III-600x400.jpg",600,400,true],"woocommerce_gallery_thumbnail":["https:\/\/gaceramic.online\/wp-content\/uploads\/2021\/04\/YESIL-MINI-EV-III-100x100.jpg",100,100,true],"variation_swatches_image_size":["https:\/\/gaceramic.online\/wp-content\/uploads\/2021\/04\/YESIL-MINI-EV-III.jpg",50,33,false],"variation_swatches_tooltip_size":["https:\/\/gaceramic.online\/wp-content\/uploads\/2021\/04\/YESIL-MINI-EV-III.jpg",100,67,false]},"uagb_author_info":{"display_name":"gaceramic","author_link":"https:\/\/gaceramic.online\/fr\/author\/"},"uagb_comment_info":0,"uagb_excerpt":"Vitrinlerinize ,\u00e7ocuk odalar\u0131na ,ofis masan\u0131za ve daha bir\u00e7ok alanda dekoratif olarak kullanabilece\u011finiz el yap\u0131m\u0131 mini seramik evler ile bulundu\u011funuz ortam\u0131 \u00f6zelle\u015ftirin.","_links":{"self":[{"href":"https:\/\/gaceramic.online\/fr\/wp-json\/wp\/v2\/product\/3481","targetHints":{"allow":["GET"]}}],"collection":[{"href":"https:\/\/gaceramic.online\/fr\/wp-json\/wp\/v2\/product"}],"about":[{"href":"https:\/\/gaceramic.online\/fr\/wp-json\/wp\/v2\/types\/product"}],"replies":[{"embeddable":true,"href":"https:\/\/gaceramic.online\/fr\/wp-json\/wp\/v2\/comments?post=3481"}],"version-history":[{"count":4,"href":"https:\/\/gaceramic.online\/fr\/wp-json\/wp\/v2\/product\/3481\/revisions"}],"predecessor-version":[{"id":8397,"href":"https:\/\/gaceramic.online\/fr\/wp-json\/wp\/v2\/product\/3481\/revisions\/8397"}],"wp:featuredmedia":[{"embeddable":true,"href":"https:\/\/gaceramic.online\/fr\/wp-json\/wp\/v2\/media\/6759"}],"wp:attachment":[{"href":"https:\/\/gaceramic.online\/fr\/wp-json\/wp\/v2\/media?parent=3481"}],"wp:term":[{"taxonomy":"product_cat","embeddable":true,"href":"https:\/\/gaceramic.online\/fr\/wp-json\/wp\/v2\/product_cat?post=3481"},{"taxonomy":"product_tag","embeddable":true,"href":"https:\/\/gaceramic.online\/fr\/wp-json\/wp\/v2\/product_tag?post=3481"}],"curies":[{"name":"wp","href":"https:\/\/api.w.org\/{rel}","templated":true}]}}