{"id":2107,"date":"2020-11-18T14:13:38","date_gmt":"2020-11-18T11:13:38","guid":{"rendered":"https:\/\/gaceramic.online\/?post_type=product&#038;p=2107"},"modified":"2024-10-10T19:01:03","modified_gmt":"2024-10-10T16:01:03","slug":"hayvan-fil-figurlu-tabak-ayakli","status":"publish","type":"product","link":"https:\/\/gaceramic.online\/fr\/product\/hayvan-fil-figurlu-tabak-ayakli\/","title":{"rendered":"Fil Fig\u00fcrl\u00fc Standl\u0131 Tabak"},"content":{"rendered":"<p>&nbsp;<\/p>\n<p>HAYVAN F\u0130G\u00dcRL\u00dc SERV\u0130S TABAKLARI MARKANIN TASARIM PATENTL\u0130 \u00dcR\u00dcN\u00dcD\u00dcR.HER \u00dcR\u00dcN \u00d6ZENLE ELDE \u015eEK\u0130LLEND\u0130R\u0130LMEKTED\u0130R. HEM ESTET\u0130K HEM FONKS\u0130YONEL OLMASI \u0130\u00c7\u0130N HAYVAN F\u0130G\u00dcRLER\u0130 KULP OLARAK TASARLANMI\u015eTIRI.HAYVANLARIN B\u0130RB\u0130R\u0130NDEN OLDUK\u00c7A BENZERS\u0130Z G\u00d6R\u00dcNT\u00dcLER\u0130 \u00dcRET\u0130M A\u015eAMASINDA HERZAMAN HEYECAN VER\u0130C\u0130 OLMU\u015eTUR.KOLEKS\u0130YON HER SENE YEN\u0130 F\u0130G\u00dcRLER EKLENEREK B\u00dcY\u00dcMEKTED\u0130R.HERKES\u0130N KEND\u0130S\u0130NE YAKIN H\u0130SSETT\u0130\u011e\u0130 B\u0130R HAYVAN MUTLAKA VARDIR<\/p>\n<p>&nbsp;<\/p>","protected":false},"excerpt":{"rendered":"<p>TAMAMEN EL YAPIMI OLDU\u011eU \u0130\u00c7\u0130N K\u00dc\u00c7\u00dcK FARKLILIKLAR OLAB\u0130L\u0130R. HER \u00dcR\u00dcN BENZERS\u0130ZD\u0130R.\u0130THAL MALZEMELER KULLANILARAK \u00dcRET\u0130LM\u0130\u015eT\u0130R. 28 CM KARE SERV\u0130S TABA\u011eININ \u00dcZER\u0130NDE ELLE \u015eEK\u0130LLEND\u0130R\u0130LM\u0130\u015e OLAN F\u0130L F\u0130G\u00dcR\u00dc, A\u011eIRLIK MERKEZ\u0130 OLMASI VE SERV\u0130S YAPARKEN TUTMA KULBU OLARAK KULLANILMASI A\u00c7ISINDAN ORTAYA KONUMLANDIRILMI\u015eTIR.GIDA \u0130LE TEMASA UYGUNDUR.<\/p>","protected":false},"featured_media":2113,"comment_status":"open","ping_status":"closed","template":"","meta":{"_uag_custom_page_level_css":"","site-sidebar-layout":"default","site-content-layout":"default","ast-site-content-layout":"","site-content-style":"default","site-sidebar-style":"default","ast-global-header-display":"","ast-banner-title-visibility":"","ast-main-header-display":"","ast-hfb-above-header-display":"","ast-hfb-below-header-display":"","ast-hfb-mobile-header-display":"","site-post-title":"","ast-breadcrumbs-content":"","ast-featured-img":"","footer-sml-layout":"","theme-transparent-header-meta":"default","adv-header-id-meta":"","stick-header-meta":"","header-above-stick-meta":"","header-main-stick-meta":"","header-below-stick-meta":"","astra-migrate-meta-layouts":"default","ast-page-background-enabled":"default","ast-page-background-meta":{"desktop":{"background-color":"","background-image":"","background-repeat":"repeat","background-position":"center center","background-size":"auto","background-attachment":"scroll","background-type":"","background-media":"","overlay-type":"","overlay-color":"","overlay-opacity":"","overlay-gradient":""},"tablet":{"background-color":"","background-image":"","background-repeat":"repeat","background-position":"center center","background-size":"auto","background-attachment":"scroll","background-type":"","background-media":"","overlay-type":"","overlay-color":"","overlay-opacity":"","overlay-gradient":""},"mobile":{"background-color":"","background-image":"","background-repeat":"repeat","background-position":"center center","background-size":"auto","background-attachment":"scroll","background-type":"","background-media":"","overlay-type":"","overlay-color":"","overlay-opacity":"","overlay-gradient":""}},"ast-content-background-meta":{"desktop":{"background-color":"var(--ast-global-color-5)","background-image":"","background-repeat":"repeat","background-position":"center center","background-size":"auto","background-attachment":"scroll","background-type":"","background-media":"","overlay-type":"","overlay-color":"","overlay-opacity":"","overlay-gradient":""},"tablet":{"background-color":"var(--ast-global-color-5)","background-image":"","background-repeat":"repeat","background-position":"center center","background-size":"auto","background-attachment":"scroll","background-type":"","background-media":"","overlay-type":"","overlay-color":"","overlay-opacity":"","overlay-gradient":""},"mobile":{"background-color":"var(--ast-global-color-5)","background-image":"","background-repeat":"repeat","background-position":"center center","background-size":"auto","background-attachment":"scroll","background-type":"","background-media":"","overlay-type":"","overlay-color":"","overlay-opacity":"","overlay-gradient":""}}},"product_cat":[64],"product_tag":[90,131,251,307,290,362,363,158,123,364,365,299,188,68,203,349,73,418,353,347],"class_list":{"0":"post-2107","1":"product","2":"type-product","3":"status-publish","4":"has-post-thumbnail","6":"product_cat-hayvan-serisi","7":"product_tag-seramik","8":"product_tag-ceramic","9":"product_tag-dekoratif","10":"product_tag-el-yapim-seramik","11":"product_tag-el-yapimi","12":"product_tag-fil-figur","13":"product_tag-fil-figurlu-tabak","14":"product_tag-gaceramic","15":"product_tag-handmade","16":"product_tag-hayvan-figur","17":"product_tag-hayvan-figurlu-seramik","18":"product_tag-hediyelik","19":"product_tag-homedecor","20":"product_tag-kase","21":"product_tag-obje","22":"product_tag-seramik-tabak","23":"product_tag-sunum","24":"product_tag-sunumluk","25":"product_tag-yemek-masasi-obje","26":"product_tag-yemek-set","27":"pa_renk-gri","28":"pa_renk-pembe","29":"pa_renk-petrol-yesili","30":"pa_renk-yesil","31":"desktop-align-left","32":"tablet-align-left","33":"mobile-align-left","35":"first","36":"instock","37":"taxable","38":"shipping-taxable","39":"purchasable","40":"product-type-variable"},"jetpack_sharing_enabled":true,"uagb_featured_image_src":{"full":["https:\/\/gaceramic.online\/wp-content\/uploads\/2020\/11\/IMG_1722-kopya.jpg",1200,1800,false],"thumbnail":["https:\/\/gaceramic.online\/wp-content\/uploads\/2020\/11\/IMG_1722-kopya-150x150.jpg",150,150,true],"medium":["https:\/\/gaceramic.online\/wp-content\/uploads\/2020\/11\/IMG_1722-kopya-200x300.jpg",200,300,true],"medium_large":["https:\/\/gaceramic.online\/wp-content\/uploads\/2020\/11\/IMG_1722-kopya-768x1152.jpg",768,1152,true],"large":["https:\/\/gaceramic.online\/wp-content\/uploads\/2020\/11\/IMG_1722-kopya-683x1024.jpg",683,1024,true],"1536x1536":["https:\/\/gaceramic.online\/wp-content\/uploads\/2020\/11\/IMG_1722-kopya-1024x1536.jpg",1024,1536,true],"2048x2048":["https:\/\/gaceramic.online\/wp-content\/uploads\/2020\/11\/IMG_1722-kopya.jpg",1200,1800,false],"trp-custom-language-flag":["https:\/\/gaceramic.online\/wp-content\/uploads\/2020\/11\/IMG_1722-kopya.jpg",8,12,false],"woocommerce_thumbnail":["https:\/\/gaceramic.online\/wp-content\/uploads\/2020\/11\/IMG_1722-kopya-300x300.jpg",300,300,true],"woocommerce_single":["https:\/\/gaceramic.online\/wp-content\/uploads\/2020\/11\/IMG_1722-kopya-600x900.jpg",600,900,true],"woocommerce_gallery_thumbnail":["https:\/\/gaceramic.online\/wp-content\/uploads\/2020\/11\/IMG_1722-kopya-100x100.jpg",100,100,true],"variation_swatches_image_size":["https:\/\/gaceramic.online\/wp-content\/uploads\/2020\/11\/IMG_1722-kopya.jpg",33,50,false],"variation_swatches_tooltip_size":["https:\/\/gaceramic.online\/wp-content\/uploads\/2020\/11\/IMG_1722-kopya.jpg",67,100,false]},"uagb_author_info":{"display_name":"gaceramic","author_link":"https:\/\/gaceramic.online\/fr\/author\/"},"uagb_comment_info":0,"uagb_excerpt":"TAMAMEN EL YAPIMI OLDU\u011eU \u0130\u00c7\u0130N K\u00dc\u00c7\u00dcK FARKLILIKLAR OLAB\u0130L\u0130R. HER \u00dcR\u00dcN BENZERS\u0130ZD\u0130R.\u0130THAL MALZEMELER KULLANILARAK \u00dcRET\u0130LM\u0130\u015eT\u0130R. 28 CM KARE SERV\u0130S TABA\u011eININ \u00dcZER\u0130NDE ELLE \u015eEK\u0130LLEND\u0130R\u0130LM\u0130\u015e OLAN F\u0130L F\u0130G\u00dcR\u00dc, A\u011eIRLIK MERKEZ\u0130 OLMASI VE SERV\u0130S YAPARKEN TUTMA KULBU OLARAK KULLANILMASI A\u00c7ISINDAN ORTAYA KONUMLANDIRILMI\u015eTIR.GIDA \u0130LE TEMASA UYGUNDUR.","_links":{"self":[{"href":"https:\/\/gaceramic.online\/fr\/wp-json\/wp\/v2\/product\/2107","targetHints":{"allow":["GET"]}}],"collection":[{"href":"https:\/\/gaceramic.online\/fr\/wp-json\/wp\/v2\/product"}],"about":[{"href":"https:\/\/gaceramic.online\/fr\/wp-json\/wp\/v2\/types\/product"}],"replies":[{"embeddable":true,"href":"https:\/\/gaceramic.online\/fr\/wp-json\/wp\/v2\/comments?post=2107"}],"version-history":[{"count":3,"href":"https:\/\/gaceramic.online\/fr\/wp-json\/wp\/v2\/product\/2107\/revisions"}],"predecessor-version":[{"id":3204,"href":"https:\/\/gaceramic.online\/fr\/wp-json\/wp\/v2\/product\/2107\/revisions\/3204"}],"wp:featuredmedia":[{"embeddable":true,"href":"https:\/\/gaceramic.online\/fr\/wp-json\/wp\/v2\/media\/2113"}],"wp:attachment":[{"href":"https:\/\/gaceramic.online\/fr\/wp-json\/wp\/v2\/media?parent=2107"}],"wp:term":[{"taxonomy":"product_cat","embeddable":true,"href":"https:\/\/gaceramic.online\/fr\/wp-json\/wp\/v2\/product_cat?post=2107"},{"taxonomy":"product_tag","embeddable":true,"href":"https:\/\/gaceramic.online\/fr\/wp-json\/wp\/v2\/product_tag?post=2107"}],"curies":[{"name":"wp","href":"https:\/\/api.w.org\/{rel}","templated":true}]}}