{"id":43,"date":"2017-12-17T10:06:43","date_gmt":"2017-12-17T07:06:43","guid":{"rendered":"https:\/\/gaceramic.online\/about\/"},"modified":"2023-02-23T12:00:45","modified_gmt":"2023-02-23T09:00:45","slug":"a-propos-de-nous","status":"publish","type":"page","link":"https:\/\/gaceramic.online\/fr\/a-propos-de-nous\/","title":{"rendered":"A propos de nous"},"content":{"rendered":"<div data-elementor-type=\"wp-post\" data-elementor-id=\"43\" class=\"elementor elementor-43\">\n\t\t\t\t\t\t<section class=\"elementor-section elementor-top-section elementor-element elementor-element-df7e59f elementor-section-full_width elementor-section-height-default elementor-section-height-default\" data-id=\"df7e59f\" data-element_type=\"section\" data-settings=\"{&quot;background_background&quot;:&quot;classic&quot;}\">\n\t\t\t\t\t\t<div class=\"elementor-container elementor-column-gap-default\">\n\t\t\t\t\t<div class=\"elementor-column elementor-col-33 elementor-top-column elementor-element elementor-element-c2d8b7c\" data-id=\"c2d8b7c\" data-element_type=\"column\" data-settings=\"{&quot;background_background&quot;:&quot;classic&quot;}\">\n\t\t\t<div class=\"elementor-widget-wrap elementor-element-populated\">\n\t\t\t\t\t\t<div class=\"elementor-element elementor-element-02d6d9d elementor-widget elementor-widget-image\" data-id=\"02d6d9d\" data-element_type=\"widget\" data-widget_type=\"image.default\">\n\t\t\t\t<div class=\"elementor-widget-container\">\n\t\t\t\t\t\t\t\t\t\t\t\t\t<img fetchpriority=\"high\" decoding=\"async\" width=\"482\" height=\"600\" src=\"https:\/\/gaceramic.online\/wp-content\/uploads\/2020\/10\/fptp.png\" class=\"attachment-large size-large wp-image-1450\" alt=\"\" srcset=\"https:\/\/gaceramic.online\/wp-content\/uploads\/2020\/10\/fptp.png 482w, https:\/\/gaceramic.online\/wp-content\/uploads\/2020\/10\/fptp-416x518.png 416w, https:\/\/gaceramic.online\/wp-content\/uploads\/2020\/10\/fptp-241x300.png 241w\" sizes=\"(max-width: 482px) 100vw, 482px\" \/>\t\t\t\t\t\t\t\t\t\t\t\t\t<\/div>\n\t\t\t\t<\/div>\n\t\t\t\t\t<\/div>\n\t\t<\/div>\n\t\t\t\t<div class=\"elementor-column elementor-col-66 elementor-top-column elementor-element elementor-element-e0f31e0\" data-id=\"e0f31e0\" data-element_type=\"column\" data-settings=\"{&quot;background_background&quot;:&quot;classic&quot;}\">\n\t\t\t<div class=\"elementor-widget-wrap elementor-element-populated\">\n\t\t\t\t\t\t<section class=\"elementor-section elementor-inner-section elementor-element elementor-element-f9d6b32 elementor-section-full_width elementor-section-height-default elementor-section-height-default\" data-id=\"f9d6b32\" data-element_type=\"section\">\n\t\t\t\t\t\t<div class=\"elementor-container elementor-column-gap-wider\">\n\t\t\t\t\t<div class=\"elementor-column elementor-col-100 elementor-inner-column elementor-element elementor-element-57f60c1\" data-id=\"57f60c1\" data-element_type=\"column\">\n\t\t\t<div class=\"elementor-widget-wrap elementor-element-populated\">\n\t\t\t\t\t\t<div class=\"elementor-element elementor-element-cc1858c elementor-widget elementor-widget-heading\" data-id=\"cc1858c\" data-element_type=\"widget\" data-widget_type=\"heading.default\">\n\t\t\t\t<div class=\"elementor-widget-container\">\n\t\t\t<h2 class=\"elementor-heading-title elementor-size-large\">Gulsum Aydin<\/h2>\t\t<\/div>\n\t\t\t\t<\/div>\n\t\t\t\t<div class=\"elementor-element elementor-element-e3ca889 elementor-widget-divider--view-line elementor-widget elementor-widget-divider\" data-id=\"e3ca889\" data-element_type=\"widget\" data-widget_type=\"divider.default\">\n\t\t\t\t<div class=\"elementor-widget-container\">\n\t\t\t\t\t<div class=\"elementor-divider\">\n\t\t\t<span class=\"elementor-divider-separator\">\n\t\t\t\t\t\t<\/span>\n\t\t<\/div>\n\t\t\t\t<\/div>\n\t\t\t\t<\/div>\n\t\t\t\t<div class=\"elementor-element elementor-element-a72cc84 elementor-widget elementor-widget-text-editor\" data-id=\"a72cc84\" data-element_type=\"widget\" data-widget_type=\"text-editor.default\">\n\t\t\t\t<div class=\"elementor-widget-container\">\n\t\t\t\t\t\t\t<p>G\u00fcls\u00fcm Ayd\u0131n est dipl\u00f4m\u00e9e de la facult\u00e9 des beaux-arts de l'universit\u00e9 de Marmara, d\u00e9partement de c\u00e9ramique et de verre, en 2015. <br \/><br \/>En 2017, elle a ouvert son atelier o\u00f9 elle peut r\u00e9aliser ses cr\u00e9ations sur lesquelles elle travaille depuis longtemps. <br \/><br \/>Inspir\u00e9es par des figures animales, les cr\u00e9ations de G\u00fcls\u00fcm Ayd\u0131n ont \u00e9t\u00e9 tr\u00e8s appr\u00e9ci\u00e9es en peu de temps. <br \/><br \/>En 2019, l'entreprise a obtenu un brevet de design pour ses assiettes \u00e0 figures animales. Ses produits sont disponibles dans des magasins exclusifs dans quatre pays diff\u00e9rents, dont la Turquie.<\/p>\t\t\t\t\t\t<\/div>\n\t\t\t\t<\/div>\n\t\t\t\t\t<\/div>\n\t\t<\/div>\n\t\t\t\t\t<\/div>\n\t\t<\/section>\n\t\t\t\t\t<\/div>\n\t\t<\/div>\n\t\t\t\t\t<\/div>\n\t\t<\/section>\n\t\t\t\t<section class=\"elementor-section elementor-top-section elementor-element elementor-element-30ea74b elementor-section-full_width elementor-section-height-default elementor-section-height-default\" data-id=\"30ea74b\" data-element_type=\"section\" data-settings=\"{&quot;background_background&quot;:&quot;classic&quot;}\">\n\t\t\t\t\t\t<div class=\"elementor-container elementor-column-gap-default\">\n\t\t\t\t\t<div class=\"elementor-column elementor-col-33 elementor-top-column elementor-element elementor-element-4475f39\" data-id=\"4475f39\" data-element_type=\"column\" data-settings=\"{&quot;background_background&quot;:&quot;classic&quot;}\">\n\t\t\t<div class=\"elementor-widget-wrap elementor-element-populated\">\n\t\t\t\t\t\t<section class=\"elementor-section elementor-inner-section elementor-element elementor-element-69661ac elementor-section-full_width elementor-section-height-default elementor-section-height-default\" data-id=\"69661ac\" data-element_type=\"section\">\n\t\t\t\t\t\t<div class=\"elementor-container elementor-column-gap-wider\">\n\t\t\t\t\t<div class=\"elementor-column elementor-col-100 elementor-inner-column elementor-element elementor-element-4bcafac\" data-id=\"4bcafac\" data-element_type=\"column\">\n\t\t\t<div class=\"elementor-widget-wrap elementor-element-populated\">\n\t\t\t\t\t\t<div class=\"elementor-element elementor-element-cea337d elementor-widget elementor-widget-heading\" data-id=\"cea337d\" data-element_type=\"widget\" data-widget_type=\"heading.default\">\n\t\t\t\t<div class=\"elementor-widget-container\">\n\t\t\t<h2 class=\"elementor-heading-title elementor-size-large\">GA c\u00e9ramique<\/h2>\t\t<\/div>\n\t\t\t\t<\/div>\n\t\t\t\t<div class=\"elementor-element elementor-element-a3490e4 elementor-widget-divider--view-line elementor-widget elementor-widget-divider\" data-id=\"a3490e4\" data-element_type=\"widget\" data-widget_type=\"divider.default\">\n\t\t\t\t<div class=\"elementor-widget-container\">\n\t\t\t\t\t<div class=\"elementor-divider\">\n\t\t\t<span class=\"elementor-divider-separator\">\n\t\t\t\t\t\t<\/span>\n\t\t<\/div>\n\t\t\t\t<\/div>\n\t\t\t\t<\/div>\n\t\t\t\t<div class=\"elementor-element elementor-element-e8afb27 elementor-widget elementor-widget-text-editor\" data-id=\"e8afb27\" data-element_type=\"widget\" data-widget_type=\"text-editor.default\">\n\t\t\t\t<div class=\"elementor-widget-container\">\n\t\t\t\t\t\t\t<p>Vous n'avez peut-\u00eatre jamais rencontr\u00e9 d'argile, ou vous faites ce travail depuis longtemps, mais vous voulez maintenant apprendre d'autres techniques et faire de ce travail une profession.<\/p><p>Puisque nous pensons qu'il convient de d\u00e9couvrir la voie que vous souhaitez emprunter et de travailler dans cette direction, nous vous parlerons de la c\u00e9ramique dans toutes ses subtilit\u00e9s dans les deux mati\u00e8res.<\/p><p>Nous aurons des informations sur de nombreux sujets tels que la connaissance des mat\u00e9riaux, la fabrication de produits, le d\u00e9cor sous gla\u00e7ure, la gla\u00e7ure, la cuisson, la fabrication de moules, le fa\u00e7onnage de moules, le fa\u00e7onnage libre, le fa\u00e7onnage au tour et nous exp\u00e9rimenterons toutes les techniques.<\/p><p>\u00a0<\/p>\t\t\t\t\t\t<\/div>\n\t\t\t\t<\/div>\n\t\t\t\t\t<\/div>\n\t\t<\/div>\n\t\t\t\t\t<\/div>\n\t\t<\/section>\n\t\t\t\t\t<\/div>\n\t\t<\/div>\n\t\t\t\t<div class=\"elementor-column elementor-col-66 elementor-top-column elementor-element elementor-element-c0b1aef\" data-id=\"c0b1aef\" data-element_type=\"column\" data-settings=\"{&quot;background_background&quot;:&quot;classic&quot;}\">\n\t\t\t<div class=\"elementor-widget-wrap elementor-element-populated\">\n\t\t\t\t\t\t<div class=\"elementor-element elementor-element-49cda37 elementor-widget elementor-widget-image\" data-id=\"49cda37\" data-element_type=\"widget\" data-widget_type=\"image.default\">\n\t\t\t\t<div class=\"elementor-widget-container\">\n\t\t\t\t\t\t\t\t\t\t\t\t\t<img decoding=\"async\" width=\"2560\" height=\"1707\" src=\"https:\/\/gaceramic.online\/wp-content\/uploads\/2020\/10\/MG_2415-1-scaled.jpg\" class=\"attachment-full size-full wp-image-1421\" alt=\"\" srcset=\"https:\/\/gaceramic.online\/wp-content\/uploads\/2020\/10\/MG_2415-1-scaled.jpg 2560w, https:\/\/gaceramic.online\/wp-content\/uploads\/2020\/10\/MG_2415-1-scaled-600x400.jpg 600w, https:\/\/gaceramic.online\/wp-content\/uploads\/2020\/10\/MG_2415-1-300x200.jpg 300w, https:\/\/gaceramic.online\/wp-content\/uploads\/2020\/10\/MG_2415-1-1024x683.jpg 1024w, https:\/\/gaceramic.online\/wp-content\/uploads\/2020\/10\/MG_2415-1-768x512.jpg 768w, https:\/\/gaceramic.online\/wp-content\/uploads\/2020\/10\/MG_2415-1-1536x1024.jpg 1536w, https:\/\/gaceramic.online\/wp-content\/uploads\/2020\/10\/MG_2415-1-2048x1365.jpg 2048w\" sizes=\"(max-width: 2560px) 100vw, 2560px\" \/>\t\t\t\t\t\t\t\t\t\t\t\t\t<\/div>\n\t\t\t\t<\/div>\n\t\t\t\t<section class=\"elementor-section elementor-inner-section elementor-element elementor-element-6d0219c elementor-section-boxed elementor-section-height-default elementor-section-height-default\" data-id=\"6d0219c\" data-element_type=\"section\">\n\t\t\t\t\t\t<div class=\"elementor-container elementor-column-gap-default\">\n\t\t\t\t\t<div class=\"elementor-column elementor-col-100 elementor-inner-column elementor-element elementor-element-6eb33a3\" data-id=\"6eb33a3\" data-element_type=\"column\">\n\t\t\t<div class=\"elementor-widget-wrap elementor-element-populated\">\n\t\t\t\t\t\t<div class=\"elementor-element elementor-element-7276f4b elementor-widget elementor-widget-text-editor\" data-id=\"7276f4b\" data-element_type=\"widget\" data-widget_type=\"text-editor.default\">\n\t\t\t\t<div class=\"elementor-widget-container\">\n\t\t\t\t\t\t\t<p>Si vous souhaitez obtenir des informations plus d\u00e9taill\u00e9es sur nos cours, vous pouvez envoyer un e-mail ou nous contacter au num\u00e9ro de contact.<\/p>\t\t\t\t\t\t<\/div>\n\t\t\t\t<\/div>\n\t\t\t\t\t<\/div>\n\t\t<\/div>\n\t\t\t\t\t<\/div>\n\t\t<\/section>\n\t\t\t\t\t<\/div>\n\t\t<\/div>\n\t\t\t\t\t<\/div>\n\t\t<\/section>\n\t\t\t\t<section class=\"elementor-section elementor-top-section elementor-element elementor-element-d0ca6fa elementor-section-boxed elementor-section-height-default elementor-section-height-default\" data-id=\"d0ca6fa\" data-element_type=\"section\" data-settings=\"{&quot;background_background&quot;:&quot;classic&quot;}\">\n\t\t\t\t\t\t\t<div class=\"elementor-background-overlay\"><\/div>\n\t\t\t\t\t\t\t<div class=\"elementor-container elementor-column-gap-no\">\n\t\t\t\t\t<div class=\"elementor-column elementor-col-100 elementor-top-column elementor-element elementor-element-a5fd6c9\" data-id=\"a5fd6c9\" data-element_type=\"column\">\n\t\t\t<div class=\"elementor-widget-wrap elementor-element-populated\">\n\t\t\t\t\t\t<section class=\"elementor-section elementor-inner-section elementor-element elementor-element-a303f5d elementor-section-boxed elementor-section-height-default elementor-section-height-default\" data-id=\"a303f5d\" data-element_type=\"section\">\n\t\t\t\t\t\t<div class=\"elementor-container elementor-column-gap-no\">\n\t\t\t\t\t<div class=\"elementor-column elementor-col-33 elementor-inner-column elementor-element elementor-element-e73edb7\" data-id=\"e73edb7\" data-element_type=\"column\">\n\t\t\t<div class=\"elementor-widget-wrap\">\n\t\t\t\t\t\t\t<\/div>\n\t\t<\/div>\n\t\t\t\t<div class=\"elementor-column elementor-col-33 elementor-inner-column elementor-element elementor-element-3e8cc37\" data-id=\"3e8cc37\" data-element_type=\"column\" data-settings=\"{&quot;background_background&quot;:&quot;classic&quot;}\">\n\t\t\t<div class=\"elementor-widget-wrap elementor-element-populated\">\n\t\t\t\t\t\t<div class=\"elementor-element elementor-element-f901c0f elementor-widget-divider--view-line elementor-widget elementor-widget-divider\" data-id=\"f901c0f\" data-element_type=\"widget\" data-widget_type=\"divider.default\">\n\t\t\t\t<div class=\"elementor-widget-container\">\n\t\t\t\t\t<div class=\"elementor-divider\">\n\t\t\t<span class=\"elementor-divider-separator\">\n\t\t\t\t\t\t<\/span>\n\t\t<\/div>\n\t\t\t\t<\/div>\n\t\t\t\t<\/div>\n\t\t\t\t<div class=\"elementor-element elementor-element-5258264 elementor-widget elementor-widget-heading\" data-id=\"5258264\" data-element_type=\"widget\" data-widget_type=\"heading.default\">\n\t\t\t\t<div class=\"elementor-widget-container\">\n\t\t\t<h2 class=\"elementor-heading-title elementor-size-large\">Suivez-nous !<\/h2>\t\t<\/div>\n\t\t\t\t<\/div>\n\t\t\t\t<div class=\"elementor-element elementor-element-ffab11b elementor-shape-rounded elementor-grid-0 e-grid-align-center elementor-widget elementor-widget-social-icons\" data-id=\"ffab11b\" data-element_type=\"widget\" data-widget_type=\"social-icons.default\">\n\t\t\t\t<div class=\"elementor-widget-container\">\n\t\t\t\t\t<div class=\"elementor-social-icons-wrapper elementor-grid\">\n\t\t\t\t\t\t\t<span class=\"elementor-grid-item\">\n\t\t\t\t\t<a class=\"elementor-icon elementor-social-icon elementor-social-icon-instagram elementor-repeater-item-65ca331\" href=\"https:\/\/www.instagram.com\/gaceramic\/\" rel=\"noopener\">\n\t\t\t\t\t\t<span class=\"elementor-screen-only\">Instagram<\/span>\n\t\t\t\t\t\t<i class=\"fab fa-instagram\"><\/i>\t\t\t\t\t<\/a>\n\t\t\t\t<\/span>\n\t\t\t\t\t\t\t<span class=\"elementor-grid-item\">\n\t\t\t\t\t<a class=\"elementor-icon elementor-social-icon elementor-social-icon-youtube elementor-repeater-item-525c1b1\" href=\"https:\/\/www.youtube.com\/channel\/UCX-5b2VUpiSjqQDcRvzTskw\" rel=\"noopener\">\n\t\t\t\t\t\t<span class=\"elementor-screen-only\">Youtube<\/span>\n\t\t\t\t\t\t<i class=\"fab fa-youtube\"><\/i>\t\t\t\t\t<\/a>\n\t\t\t\t<\/span>\n\t\t\t\t\t\t\t<span class=\"elementor-grid-item\">\n\t\t\t\t\t<a class=\"elementor-icon elementor-social-icon elementor-social-icon-google-plus-g elementor-repeater-item-347f36d\" href=\"https:\/\/www.google.com\/maps\/dir\/\/40.994043,29.035986\/@40.994043,29.035986,10z?hl=tr-TR\" rel=\"noopener\">\n\t\t\t\t\t\t<span class=\"elementor-screen-only\">Google-plus-g<\/span>\n\t\t\t\t\t\t<i class=\"fab fa-google-plus-g\"><\/i>\t\t\t\t\t<\/a>\n\t\t\t\t<\/span>\n\t\t\t\t\t<\/div>\n\t\t\t\t<\/div>\n\t\t\t\t<\/div>\n\t\t\t\t\t<\/div>\n\t\t<\/div>\n\t\t\t\t<div class=\"elementor-column elementor-col-33 elementor-inner-column elementor-element elementor-element-45d9c5b\" data-id=\"45d9c5b\" data-element_type=\"column\">\n\t\t\t<div class=\"elementor-widget-wrap\">\n\t\t\t\t\t\t\t<\/div>\n\t\t<\/div>\n\t\t\t\t\t<\/div>\n\t\t<\/section>\n\t\t\t\t\t<\/div>\n\t\t<\/div>\n\t\t\t\t\t<\/div>\n\t\t<\/section>\n\t\t\t\t<\/div>","protected":false},"excerpt":{"rendered":"<p>G\u00fcls\u00fcm Ayd\u0131n G\u00fcls\u00fcm Ayd\u0131n 2015 y\u0131l\u0131nda Marmara \u00dcniversitesi G\u00fczel sanatlar fak\u00fcltesi seramik-cam b\u00f6l\u00fcm\u00fcnden mezun olmu\u015ftur. 2017 y\u0131l\u0131nda uzun zamand\u0131r \u00fczerinde \u00e7al\u0131\u015ft\u0131\u011f\u0131 tasar\u0131mlar\u0131n\u0131 hayata ge\u00e7irebilece\u011fi at\u00f6lyesini a\u00e7m\u0131\u015ft\u0131r. \u0130lham\u0131n\u0131 hayvan fig\u00fcrlerinden alan G\u00fcls\u00fcm Ayd\u0131n\u2019\u0131n tasar\u0131mlar\u0131 k\u0131sa s\u00fcrede b\u00fcy\u00fck be\u011feni kazanm\u0131\u015ft\u0131r. 2019 y\u0131l\u0131nda hayvan fig\u00fcrl\u00fc tabaklar\u0131n\u0131n tasar\u0131m patentini alm\u0131\u015ft\u0131r. \u00dcr\u00fcnleri, T\u00fcrkiye dahil d\u00f6rt farkl\u0131 \u00fclkede se\u00e7kin ma\u011fazalarda yer [&hellip;]<\/p>","protected":false},"author":1,"featured_media":0,"parent":0,"menu_order":0,"comment_status":"closed","ping_status":"closed","template":"","meta":{"_uag_custom_page_level_css":"","site-sidebar-layout":"no-sidebar","site-content-layout":"plain-container","ast-site-content-layout":"","site-content-style":"default","site-sidebar-style":"default","ast-global-header-display":"","ast-banner-title-visibility":"","ast-main-header-display":"","ast-hfb-above-header-display":"","ast-hfb-below-header-display":"","ast-hfb-mobile-header-display":"","site-post-title":"disabled","ast-breadcrumbs-content":null,"ast-featured-img":"disabled","footer-sml-layout":"","theme-transparent-header-meta":"enabled","adv-header-id-meta":null,"stick-header-meta":null,"header-above-stick-meta":null,"header-main-stick-meta":null,"header-below-stick-meta":null,"astra-migrate-meta-layouts":"default","ast-page-background-enabled":"default","ast-page-background-meta":{"desktop":{"background-color":"","background-image":"","background-repeat":"repeat","background-position":"center center","background-size":"auto","background-attachment":"scroll","background-type":"","background-media":"","overlay-type":"","overlay-color":"","overlay-opacity":"","overlay-gradient":""},"tablet":{"background-color":"","background-image":"","background-repeat":"repeat","background-position":"center center","background-size":"auto","background-attachment":"scroll","background-type":"","background-media":"","overlay-type":"","overlay-color":"","overlay-opacity":"","overlay-gradient":""},"mobile":{"background-color":"","background-image":"","background-repeat":"repeat","background-position":"center center","background-size":"auto","background-attachment":"scroll","background-type":"","background-media":"","overlay-type":"","overlay-color":"","overlay-opacity":"","overlay-gradient":""}},"ast-content-background-meta":{"desktop":{"background-color":"var(--ast-global-color-5)","background-image":"","background-repeat":"repeat","background-position":"center center","background-size":"auto","background-attachment":"scroll","background-type":"","background-media":"","overlay-type":"","overlay-color":"","overlay-opacity":"","overlay-gradient":""},"tablet":{"background-color":"var(--ast-global-color-5)","background-image":"","background-repeat":"repeat","background-position":"center center","background-size":"auto","background-attachment":"scroll","background-type":"","background-media":"","overlay-type":"","overlay-color":"","overlay-opacity":"","overlay-gradient":""},"mobile":{"background-color":"var(--ast-global-color-5)","background-image":"","background-repeat":"repeat","background-position":"center center","background-size":"auto","background-attachment":"scroll","background-type":"","background-media":"","overlay-type":"","overlay-color":"","overlay-opacity":"","overlay-gradient":""}},"footnotes":""},"class_list":["post-43","page","type-page","status-publish","hentry"],"jetpack_sharing_enabled":true,"uagb_featured_image_src":{"full":false,"thumbnail":false,"medium":false,"medium_large":false,"large":false,"1536x1536":false,"2048x2048":false,"trp-custom-language-flag":false,"woocommerce_thumbnail":false,"woocommerce_single":false,"woocommerce_gallery_thumbnail":false,"variation_swatches_image_size":false,"variation_swatches_tooltip_size":false},"uagb_author_info":{"display_name":"gaceramic","author_link":"https:\/\/gaceramic.online\/fr\/author\/gaceramic\/"},"uagb_comment_info":0,"uagb_excerpt":"G\u00fcls\u00fcm Ayd\u0131n G\u00fcls\u00fcm Ayd\u0131n 2015 y\u0131l\u0131nda Marmara \u00dcniversitesi G\u00fczel sanatlar fak\u00fcltesi seramik-cam b\u00f6l\u00fcm\u00fcnden mezun olmu\u015ftur. 2017 y\u0131l\u0131nda uzun zamand\u0131r \u00fczerinde \u00e7al\u0131\u015ft\u0131\u011f\u0131 tasar\u0131mlar\u0131n\u0131 hayata ge\u00e7irebilece\u011fi at\u00f6lyesini a\u00e7m\u0131\u015ft\u0131r. \u0130lham\u0131n\u0131 hayvan fig\u00fcrlerinden alan G\u00fcls\u00fcm Ayd\u0131n\u2019\u0131n tasar\u0131mlar\u0131 k\u0131sa s\u00fcrede b\u00fcy\u00fck be\u011feni kazanm\u0131\u015ft\u0131r. 2019 y\u0131l\u0131nda hayvan fig\u00fcrl\u00fc tabaklar\u0131n\u0131n tasar\u0131m patentini alm\u0131\u015ft\u0131r. \u00dcr\u00fcnleri, T\u00fcrkiye dahil d\u00f6rt farkl\u0131 \u00fclkede se\u00e7kin ma\u011fazalarda yer\u2026","_links":{"self":[{"href":"https:\/\/gaceramic.online\/fr\/wp-json\/wp\/v2\/pages\/43","targetHints":{"allow":["GET"]}}],"collection":[{"href":"https:\/\/gaceramic.online\/fr\/wp-json\/wp\/v2\/pages"}],"about":[{"href":"https:\/\/gaceramic.online\/fr\/wp-json\/wp\/v2\/types\/page"}],"author":[{"embeddable":true,"href":"https:\/\/gaceramic.online\/fr\/wp-json\/wp\/v2\/users\/1"}],"replies":[{"embeddable":true,"href":"https:\/\/gaceramic.online\/fr\/wp-json\/wp\/v2\/comments?post=43"}],"version-history":[{"count":53,"href":"https:\/\/gaceramic.online\/fr\/wp-json\/wp\/v2\/pages\/43\/revisions"}],"predecessor-version":[{"id":5347,"href":"https:\/\/gaceramic.online\/fr\/wp-json\/wp\/v2\/pages\/43\/revisions\/5347"}],"wp:attachment":[{"href":"https:\/\/gaceramic.online\/fr\/wp-json\/wp\/v2\/media?parent=43"}],"curies":[{"name":"wp","href":"https:\/\/api.w.org\/{rel}","templated":true}]}}