{"id":8270,"date":"2024-11-07T16:13:21","date_gmt":"2024-11-07T13:13:21","guid":{"rendered":"https:\/\/gaceramic.online\/?post_type=product&#038;p=8270"},"modified":"2025-07-17T15:31:40","modified_gmt":"2025-07-17T12:31:40","slug":"0-keten-el-boyamasi-kirlent-yilan","status":"publish","type":"product","link":"https:\/\/gaceramic.online\/es\/product\/0-keten-el-boyamasi-kirlent-yilan\/","title":{"rendered":"%100 Keten el boyamas\u0131 k\u0131rlent-y\u0131lan"},"content":{"rendered":"<p>Yast\u0131k i\u00e7i ve k\u0131l\u0131f birlikte g\u00f6nderilecektir<\/p>\n<p>Tasar\u0131mdaki y\u0131lan, d\u00f6ng\u00fcy\u00fc, de\u011fi\u015fimi ve yeniden do\u011fu\u015fu simgelerken, lila tonlar\u0131 zarafeti ve dinginli\u011fi ifade ediyor. \u00dczerindeki sar\u0131 desenler ise y\u0131lan\u0131n hareketini ve enerjisini yans\u0131t\u0131yor, adeta do\u011fan\u0131n alt\u0131n renkli bir imzas\u0131 gibi kuma\u015f \u00fczerinde par\u0131ld\u0131yor. Her \u00e7izgi, her k\u0131vr\u0131m, el boyamas\u0131n\u0131n benzersiz detaylar\u0131yla \u00f6zg\u00fcn bir karakter kazan\u0131yor; bu da her k\u0131rlenti kendine \u00f6zg\u00fc bir sanat eseri haline getiriyor.<br \/>\n&#8220;Lila Y\u0131lan&#8221; tasar\u0131m\u0131, do\u011fadan ilham alarak ya\u015fam alan\u0131n\u0131za sanatsal bir derinlik katmay\u0131 ama\u00e7l\u0131yor. Hem \u015f\u0131k hem de sembolik bir detay olarak, el i\u015f\u00e7ili\u011finin de\u011ferini ve do\u011fan\u0131n d\u00f6ng\u00fcsel g\u00fczelli\u011fini evinizin en \u00f6zel k\u00f6\u015felerine ta\u015f\u0131mak isteyenler i\u00e7in tasarland\u0131.<\/p>","protected":false},"excerpt":{"rendered":"<p>Bu k\u0131rlent, hem zamans\u0131z bir dekoratif par\u00e7a olarak evinize ne\u015fe katacak hem de el i\u015f\u00e7ili\u011finin de\u011ferini her g\u00fcn yeniden an\u0131msatacak.<\/p>\n<p>\u00a0&#8220;Lila Y\u0131lan&#8221; k\u0131rlent tasar\u0131m\u0131, mistik bir do\u011fa hikayesinin dokunu\u015flar\u0131n\u0131 evlerinize ta\u015f\u0131yor. Bu \u00f6zel k\u0131rlent, %100 keten kuma\u015f \u00fczerinde el boyamas\u0131 bir y\u0131lan fig\u00fcr\u00fc ile hayat buluyor. Y\u0131lan, yumu\u015fak lila tonlar\u0131nda boyanm\u0131\u015f ve \u00fczerinde sar\u0131n\u0131n farkl\u0131 tonlar\u0131yla detayland\u0131r\u0131lm\u0131\u015f desenler ta\u015f\u0131yor.<br \/>\nElde y\u0131kamaya uygundur<\/p>","protected":false},"featured_media":8271,"comment_status":"open","ping_status":"closed","template":"","meta":{"_uag_custom_page_level_css":"","site-sidebar-layout":"default","site-content-layout":null,"ast-site-content-layout":"","site-content-style":"default","site-sidebar-style":"default","ast-global-header-display":"","ast-banner-title-visibility":"","ast-main-header-display":"","ast-hfb-above-header-display":null,"ast-hfb-below-header-display":null,"ast-hfb-mobile-header-display":null,"site-post-title":"","ast-breadcrumbs-content":null,"ast-featured-img":"","footer-sml-layout":"","theme-transparent-header-meta":"default","adv-header-id-meta":null,"stick-header-meta":null,"header-above-stick-meta":null,"header-main-stick-meta":null,"header-below-stick-meta":null,"astra-migrate-meta-layouts":"default","ast-page-background-enabled":"default","ast-page-background-meta":{"desktop":{"background-color":"","background-image":"","background-repeat":"repeat","background-position":"center center","background-size":"auto","background-attachment":"scroll","background-type":"","background-media":"","overlay-type":"","overlay-color":"","overlay-opacity":"","overlay-gradient":""},"tablet":{"background-color":"","background-image":"","background-repeat":"repeat","background-position":"center center","background-size":"auto","background-attachment":"scroll","background-type":"","background-media":"","overlay-type":"","overlay-color":"","overlay-opacity":"","overlay-gradient":""},"mobile":{"background-color":"","background-image":"","background-repeat":"repeat","background-position":"center center","background-size":"auto","background-attachment":"scroll","background-type":"","background-media":"","overlay-type":"","overlay-color":"","overlay-opacity":"","overlay-gradient":""}},"ast-content-background-meta":{"desktop":{"background-color":"var(--ast-global-color-5)","background-image":"","background-repeat":"repeat","background-position":"center center","background-size":"auto","background-attachment":"scroll","background-type":"","background-media":"","overlay-type":"","overlay-color":"","overlay-opacity":"","overlay-gradient":""},"tablet":{"background-color":"var(--ast-global-color-5)","background-image":"","background-repeat":"repeat","background-position":"center center","background-size":"auto","background-attachment":"scroll","background-type":"","background-media":"","overlay-type":"","overlay-color":"","overlay-opacity":"","overlay-gradient":""},"mobile":{"background-color":"var(--ast-global-color-5)","background-image":"","background-repeat":"repeat","background-position":"center center","background-size":"auto","background-attachment":"scroll","background-type":"","background-media":"","overlay-type":"","overlay-color":"","overlay-opacity":"","overlay-gradient":""}}},"product_cat":[814],"product_tag":[251,290,158,364,299],"class_list":{"0":"post-8270","1":"product","2":"type-product","3":"status-publish","4":"has-post-thumbnail","6":"product_cat-yastik","7":"product_tag-dekoratif","8":"product_tag-el-yapimi","9":"product_tag-gaceramic","10":"product_tag-hayvan-figur","11":"product_tag-hediyelik","12":"desktop-align-left","13":"tablet-align-left","14":"mobile-align-left","16":"first","17":"instock","18":"taxable","19":"shipping-taxable","20":"purchasable","21":"product-type-simple"},"jetpack_sharing_enabled":true,"uagb_featured_image_src":{"full":["https:\/\/gaceramic.online\/wp-content\/uploads\/2024\/11\/100-Keten-el-boyamasi-kirlent-yilan.jpg",1500,1500,false],"thumbnail":["https:\/\/gaceramic.online\/wp-content\/uploads\/2024\/11\/100-Keten-el-boyamasi-kirlent-yilan-150x150.jpg",150,150,true],"medium":["https:\/\/gaceramic.online\/wp-content\/uploads\/2024\/11\/100-Keten-el-boyamasi-kirlent-yilan-300x300.jpg",300,300,true],"medium_large":["https:\/\/gaceramic.online\/wp-content\/uploads\/2024\/11\/100-Keten-el-boyamasi-kirlent-yilan-768x768.jpg",768,768,true],"large":["https:\/\/gaceramic.online\/wp-content\/uploads\/2024\/11\/100-Keten-el-boyamasi-kirlent-yilan-1024x1024.jpg",1024,1024,true],"1536x1536":["https:\/\/gaceramic.online\/wp-content\/uploads\/2024\/11\/100-Keten-el-boyamasi-kirlent-yilan.jpg",1500,1500,false],"2048x2048":["https:\/\/gaceramic.online\/wp-content\/uploads\/2024\/11\/100-Keten-el-boyamasi-kirlent-yilan.jpg",1500,1500,false],"trp-custom-language-flag":["https:\/\/gaceramic.online\/wp-content\/uploads\/2024\/11\/100-Keten-el-boyamasi-kirlent-yilan.jpg",12,12,false],"woocommerce_thumbnail":["https:\/\/gaceramic.online\/wp-content\/uploads\/2024\/11\/100-Keten-el-boyamasi-kirlent-yilan-300x300.jpg",300,300,true],"woocommerce_single":["https:\/\/gaceramic.online\/wp-content\/uploads\/2024\/11\/100-Keten-el-boyamasi-kirlent-yilan-600x600.jpg",600,600,true],"woocommerce_gallery_thumbnail":["https:\/\/gaceramic.online\/wp-content\/uploads\/2024\/11\/100-Keten-el-boyamasi-kirlent-yilan-100x100.jpg",100,100,true],"variation_swatches_image_size":["https:\/\/gaceramic.online\/wp-content\/uploads\/2024\/11\/100-Keten-el-boyamasi-kirlent-yilan.jpg",50,50,false],"variation_swatches_tooltip_size":["https:\/\/gaceramic.online\/wp-content\/uploads\/2024\/11\/100-Keten-el-boyamasi-kirlent-yilan.jpg",100,100,false]},"uagb_author_info":{"display_name":"gaceramic","author_link":"https:\/\/gaceramic.online\/es\/author\/"},"uagb_comment_info":0,"uagb_excerpt":"Bu k\u0131rlent, hem zamans\u0131z bir dekoratif par\u00e7a olarak evinize ne\u015fe katacak hem de el i\u015f\u00e7ili\u011finin de\u011ferini her g\u00fcn yeniden an\u0131msatacak. \u00a0\"Lila Y\u0131lan\" k\u0131rlent tasar\u0131m\u0131, mistik bir do\u011fa hikayesinin dokunu\u015flar\u0131n\u0131 evlerinize ta\u015f\u0131yor. Bu \u00f6zel k\u0131rlent, %100 keten kuma\u015f \u00fczerinde el boyamas\u0131 bir y\u0131lan fig\u00fcr\u00fc ile hayat buluyor. Y\u0131lan, yumu\u015fak lila tonlar\u0131nda boyanm\u0131\u015f ve \u00fczerinde sar\u0131n\u0131n farkl\u0131&hellip;","_links":{"self":[{"href":"https:\/\/gaceramic.online\/es\/wp-json\/wp\/v2\/product\/8270","targetHints":{"allow":["GET"]}}],"collection":[{"href":"https:\/\/gaceramic.online\/es\/wp-json\/wp\/v2\/product"}],"about":[{"href":"https:\/\/gaceramic.online\/es\/wp-json\/wp\/v2\/types\/product"}],"replies":[{"embeddable":true,"href":"https:\/\/gaceramic.online\/es\/wp-json\/wp\/v2\/comments?post=8270"}],"version-history":[{"count":1,"href":"https:\/\/gaceramic.online\/es\/wp-json\/wp\/v2\/product\/8270\/revisions"}],"predecessor-version":[{"id":8283,"href":"https:\/\/gaceramic.online\/es\/wp-json\/wp\/v2\/product\/8270\/revisions\/8283"}],"wp:featuredmedia":[{"embeddable":true,"href":"https:\/\/gaceramic.online\/es\/wp-json\/wp\/v2\/media\/8271"}],"wp:attachment":[{"href":"https:\/\/gaceramic.online\/es\/wp-json\/wp\/v2\/media?parent=8270"}],"wp:term":[{"taxonomy":"product_cat","embeddable":true,"href":"https:\/\/gaceramic.online\/es\/wp-json\/wp\/v2\/product_cat?post=8270"},{"taxonomy":"product_tag","embeddable":true,"href":"https:\/\/gaceramic.online\/es\/wp-json\/wp\/v2\/product_tag?post=8270"}],"curies":[{"name":"wp","href":"https:\/\/api.w.org\/{rel}","templated":true}]}}