{"id":8228,"date":"2024-11-06T16:54:02","date_gmt":"2024-11-06T13:54:02","guid":{"rendered":"https:\/\/gaceramic.online\/?post_type=product&#038;p=8228"},"modified":"2025-07-17T14:43:03","modified_gmt":"2025-07-17T11:43:03","slug":"mini-ev-3lu-turkuaz","status":"publish","type":"product","link":"https:\/\/gaceramic.online\/es\/product\/mini-ev-3lu-turkuaz\/","title":{"rendered":"mini ev 3l\u00fc- turkuaz"},"content":{"rendered":"<p>AL ESTAR TOTALMENTE HECHO A MANO, PUEDE HABER LIGERAS DIFERENCIAS. CADA PRODUCTO ES \u00daNICO. SE FABRICA CON MATERIALES IMPORTADOS. MINI CASAS DECORATIVAS. EST\u00c1 DISE\u00d1ADO PARA A\u00d1ADIR UN PEQUE\u00d1O MOVIMIENTO A SUS VEST\u00cdBULOS, MESAS.<\/p>","protected":false},"excerpt":{"rendered":"<p>Personalice su entorno con minicasas de cer\u00e1mica hechas a mano que podr\u00e1 utilizar de forma decorativa en sus escaparates, habitaciones infantiles, escritorios de oficina y muchos otros espacios.<\/p>","protected":false},"featured_media":8230,"comment_status":"open","ping_status":"closed","template":"","meta":{"_uag_custom_page_level_css":"","site-sidebar-layout":"default","site-content-layout":null,"ast-site-content-layout":"","site-content-style":"default","site-sidebar-style":"default","ast-global-header-display":"","ast-banner-title-visibility":"","ast-main-header-display":"","ast-hfb-above-header-display":null,"ast-hfb-below-header-display":null,"ast-hfb-mobile-header-display":null,"site-post-title":"","ast-breadcrumbs-content":null,"ast-featured-img":"","footer-sml-layout":"","theme-transparent-header-meta":"default","adv-header-id-meta":null,"stick-header-meta":null,"header-above-stick-meta":null,"header-main-stick-meta":null,"header-below-stick-meta":null,"astra-migrate-meta-layouts":"default","ast-page-background-enabled":"default","ast-page-background-meta":{"desktop":{"background-color":"","background-image":"","background-repeat":"repeat","background-position":"center center","background-size":"auto","background-attachment":"scroll","background-type":"","background-media":"","overlay-type":"","overlay-color":"","overlay-opacity":"","overlay-gradient":""},"tablet":{"background-color":"","background-image":"","background-repeat":"repeat","background-position":"center center","background-size":"auto","background-attachment":"scroll","background-type":"","background-media":"","overlay-type":"","overlay-color":"","overlay-opacity":"","overlay-gradient":""},"mobile":{"background-color":"","background-image":"","background-repeat":"repeat","background-position":"center center","background-size":"auto","background-attachment":"scroll","background-type":"","background-media":"","overlay-type":"","overlay-color":"","overlay-opacity":"","overlay-gradient":""}},"ast-content-background-meta":{"desktop":{"background-color":"var(--ast-global-color-5)","background-image":"","background-repeat":"repeat","background-position":"center center","background-size":"auto","background-attachment":"scroll","background-type":"","background-media":"","overlay-type":"","overlay-color":"","overlay-opacity":"","overlay-gradient":""},"tablet":{"background-color":"var(--ast-global-color-5)","background-image":"","background-repeat":"repeat","background-position":"center center","background-size":"auto","background-attachment":"scroll","background-type":"","background-media":"","overlay-type":"","overlay-color":"","overlay-opacity":"","overlay-gradient":""},"mobile":{"background-color":"var(--ast-global-color-5)","background-image":"","background-repeat":"repeat","background-position":"center center","background-size":"auto","background-attachment":"scroll","background-type":"","background-media":"","overlay-type":"","overlay-color":"","overlay-opacity":"","overlay-gradient":""}}},"product_cat":[54],"product_tag":[90,131,251,307,290,158,123,299,203],"class_list":{"0":"post-8228","1":"product","2":"type-product","3":"status-publish","4":"has-post-thumbnail","6":"product_cat-obje","7":"product_tag-seramik","8":"product_tag-ceramic","9":"product_tag-dekoratif","10":"product_tag-el-yapim-seramik","11":"product_tag-el-yapimi","12":"product_tag-gaceramic","13":"product_tag-handmade","14":"product_tag-hediyelik","15":"product_tag-obje","16":"desktop-align-left","17":"tablet-align-left","18":"mobile-align-left","20":"first","21":"instock","22":"taxable","23":"shipping-taxable","24":"purchasable","25":"product-type-simple"},"jetpack_sharing_enabled":true,"uagb_featured_image_src":{"full":["https:\/\/gaceramic.online\/wp-content\/uploads\/2024\/11\/mini-ev-3lu-turkuaz-II.jpg",1500,1500,false],"thumbnail":["https:\/\/gaceramic.online\/wp-content\/uploads\/2024\/11\/mini-ev-3lu-turkuaz-II-150x150.jpg",150,150,true],"medium":["https:\/\/gaceramic.online\/wp-content\/uploads\/2024\/11\/mini-ev-3lu-turkuaz-II-300x300.jpg",300,300,true],"medium_large":["https:\/\/gaceramic.online\/wp-content\/uploads\/2024\/11\/mini-ev-3lu-turkuaz-II-768x768.jpg",768,768,true],"large":["https:\/\/gaceramic.online\/wp-content\/uploads\/2024\/11\/mini-ev-3lu-turkuaz-II-1024x1024.jpg",1024,1024,true],"1536x1536":["https:\/\/gaceramic.online\/wp-content\/uploads\/2024\/11\/mini-ev-3lu-turkuaz-II.jpg",1500,1500,false],"2048x2048":["https:\/\/gaceramic.online\/wp-content\/uploads\/2024\/11\/mini-ev-3lu-turkuaz-II.jpg",1500,1500,false],"trp-custom-language-flag":["https:\/\/gaceramic.online\/wp-content\/uploads\/2024\/11\/mini-ev-3lu-turkuaz-II.jpg",12,12,false],"woocommerce_thumbnail":["https:\/\/gaceramic.online\/wp-content\/uploads\/2024\/11\/mini-ev-3lu-turkuaz-II-300x300.jpg",300,300,true],"woocommerce_single":["https:\/\/gaceramic.online\/wp-content\/uploads\/2024\/11\/mini-ev-3lu-turkuaz-II-600x600.jpg",600,600,true],"woocommerce_gallery_thumbnail":["https:\/\/gaceramic.online\/wp-content\/uploads\/2024\/11\/mini-ev-3lu-turkuaz-II-100x100.jpg",100,100,true],"variation_swatches_image_size":["https:\/\/gaceramic.online\/wp-content\/uploads\/2024\/11\/mini-ev-3lu-turkuaz-II.jpg",50,50,false],"variation_swatches_tooltip_size":["https:\/\/gaceramic.online\/wp-content\/uploads\/2024\/11\/mini-ev-3lu-turkuaz-II.jpg",100,100,false]},"uagb_author_info":{"display_name":"gaceramic","author_link":"https:\/\/gaceramic.online\/es\/author\/"},"uagb_comment_info":0,"uagb_excerpt":"Vitrinlerinize ,\u00e7ocuk odalar\u0131na ,ofis masan\u0131za ve daha bir\u00e7ok alanda dekoratif olarak kullanabilece\u011finiz el yap\u0131m\u0131 mini seramik evler ile bulundu\u011funuz ortam\u0131 \u00f6zelle\u015ftirin.","_links":{"self":[{"href":"https:\/\/gaceramic.online\/es\/wp-json\/wp\/v2\/product\/8228","targetHints":{"allow":["GET"]}}],"collection":[{"href":"https:\/\/gaceramic.online\/es\/wp-json\/wp\/v2\/product"}],"about":[{"href":"https:\/\/gaceramic.online\/es\/wp-json\/wp\/v2\/types\/product"}],"replies":[{"embeddable":true,"href":"https:\/\/gaceramic.online\/es\/wp-json\/wp\/v2\/comments?post=8228"}],"version-history":[{"count":1,"href":"https:\/\/gaceramic.online\/es\/wp-json\/wp\/v2\/product\/8228\/revisions"}],"predecessor-version":[{"id":8297,"href":"https:\/\/gaceramic.online\/es\/wp-json\/wp\/v2\/product\/8228\/revisions\/8297"}],"wp:featuredmedia":[{"embeddable":true,"href":"https:\/\/gaceramic.online\/es\/wp-json\/wp\/v2\/media\/8230"}],"wp:attachment":[{"href":"https:\/\/gaceramic.online\/es\/wp-json\/wp\/v2\/media?parent=8228"}],"wp:term":[{"taxonomy":"product_cat","embeddable":true,"href":"https:\/\/gaceramic.online\/es\/wp-json\/wp\/v2\/product_cat?post=8228"},{"taxonomy":"product_tag","embeddable":true,"href":"https:\/\/gaceramic.online\/es\/wp-json\/wp\/v2\/product_tag?post=8228"}],"curies":[{"name":"wp","href":"https:\/\/api.w.org\/{rel}","templated":true}]}}