{"id":7472,"date":"2023-11-10T10:13:42","date_gmt":"2023-11-10T07:13:42","guid":{"rendered":"https:\/\/gaceramic.online\/?post_type=product&#038;p=7472"},"modified":"2025-07-21T09:20:49","modified_gmt":"2025-07-21T06:20:49","slug":"agua-mavi-oval-kapakli-kutu","status":"publish","type":"product","link":"https:\/\/gaceramic.online\/es\/product\/agua-mavi-oval-kapakli-kutu\/","title":{"rendered":"AGUA MAV\u0130 OVAL KAPAKLI KUTU"},"content":{"rendered":"<p>E\u015fsiz tasar\u0131m\u0131yla modern ve minimalist bir tarza sahip olan bu oval formlu kapakl\u0131 seramik kutu, estetik ve i\u015flevselli\u011fi bir araya getirerek \u00f6zg\u00fcn bir deneyim sunuyor. Kendi de\u011ferli e\u015fyalar\u0131n\u0131z\u0131 saklamak ya da sevdiklerinize anlaml\u0131 bir hediye vermek i\u00e7in m\u00fckemmel bir se\u00e7enek olan bu kutu, \u00f6zel anlar\u0131n\u0131z\u0131 g\u00fcvenle korumaya yard\u0131mc\u0131 olacak.<\/p>","protected":false},"excerpt":{"rendered":"<p>D\u00fc\u015f\u00fcnceli ve zarif tasar\u0131m\u0131yla \u00f6ne \u00e7\u0131kan seramik kutu, sadeli\u011fin g\u00fcc\u00fcn\u00fc hissettirerek ya\u015fam alanlar\u0131n\u0131za benzersiz bir dokunu\u015f katacak.<\/p>","protected":false},"featured_media":7476,"comment_status":"open","ping_status":"closed","template":"","meta":{"_uag_custom_page_level_css":"","site-sidebar-layout":"default","site-content-layout":null,"ast-site-content-layout":"","site-content-style":"default","site-sidebar-style":"default","ast-global-header-display":"","ast-banner-title-visibility":"","ast-main-header-display":"","ast-hfb-above-header-display":null,"ast-hfb-below-header-display":null,"ast-hfb-mobile-header-display":null,"site-post-title":"","ast-breadcrumbs-content":null,"ast-featured-img":"","footer-sml-layout":"","theme-transparent-header-meta":"default","adv-header-id-meta":null,"stick-header-meta":null,"header-above-stick-meta":null,"header-main-stick-meta":null,"header-below-stick-meta":null,"astra-migrate-meta-layouts":"default","ast-page-background-enabled":"default","ast-page-background-meta":{"desktop":{"background-color":"","background-image":"","background-repeat":"repeat","background-position":"center center","background-size":"auto","background-attachment":"scroll","background-type":"","background-media":"","overlay-type":"","overlay-color":"","overlay-opacity":"","overlay-gradient":""},"tablet":{"background-color":"","background-image":"","background-repeat":"repeat","background-position":"center center","background-size":"auto","background-attachment":"scroll","background-type":"","background-media":"","overlay-type":"","overlay-color":"","overlay-opacity":"","overlay-gradient":""},"mobile":{"background-color":"","background-image":"","background-repeat":"repeat","background-position":"center center","background-size":"auto","background-attachment":"scroll","background-type":"","background-media":"","overlay-type":"","overlay-color":"","overlay-opacity":"","overlay-gradient":""}},"ast-content-background-meta":{"desktop":{"background-color":"var(--ast-global-color-5)","background-image":"","background-repeat":"repeat","background-position":"center center","background-size":"auto","background-attachment":"scroll","background-type":"","background-media":"","overlay-type":"","overlay-color":"","overlay-opacity":"","overlay-gradient":""},"tablet":{"background-color":"var(--ast-global-color-5)","background-image":"","background-repeat":"repeat","background-position":"center center","background-size":"auto","background-attachment":"scroll","background-type":"","background-media":"","overlay-type":"","overlay-color":"","overlay-opacity":"","overlay-gradient":""},"mobile":{"background-color":"var(--ast-global-color-5)","background-image":"","background-repeat":"repeat","background-position":"center center","background-size":"auto","background-attachment":"scroll","background-type":"","background-media":"","overlay-type":"","overlay-color":"","overlay-opacity":"","overlay-gradient":""}}},"product_cat":[439],"product_tag":[90,554,131,251,134,307,290,158,123,299,188,342,203,73,353],"class_list":{"0":"post-7472","1":"product","2":"type-product","3":"status-publish","4":"has-post-thumbnail","6":"product_cat-dekoratif-kutu","7":"product_tag-seramik","8":"product_tag-bowl","9":"product_tag-ceramic","10":"product_tag-dekoratif","11":"product_tag-design","12":"product_tag-el-yapim-seramik","13":"product_tag-el-yapimi","14":"product_tag-gaceramic","15":"product_tag-handmade","16":"product_tag-hediyelik","17":"product_tag-homedecor","18":"product_tag-kapakli-kutu","19":"product_tag-obje","20":"product_tag-sunum","21":"product_tag-yemek-masasi-obje","22":"desktop-align-left","23":"tablet-align-left","24":"mobile-align-left","26":"first","27":"instock","28":"sale","29":"taxable","30":"shipping-taxable","31":"purchasable","32":"product-type-simple"},"jetpack_sharing_enabled":true,"uagb_featured_image_src":{"full":["https:\/\/gaceramic.online\/wp-content\/uploads\/2023\/11\/GA30079-scaled.jpg",1799,2560,false],"thumbnail":["https:\/\/gaceramic.online\/wp-content\/uploads\/2023\/11\/GA30079-150x150.jpg",150,150,true],"medium":["https:\/\/gaceramic.online\/wp-content\/uploads\/2023\/11\/GA30079-211x300.jpg",211,300,true],"medium_large":["https:\/\/gaceramic.online\/wp-content\/uploads\/2023\/11\/GA30079-768x1093.jpg",768,1093,true],"large":["https:\/\/gaceramic.online\/wp-content\/uploads\/2023\/11\/GA30079-720x1024.jpg",720,1024,true],"1536x1536":["https:\/\/gaceramic.online\/wp-content\/uploads\/2023\/11\/GA30079-1080x1536.jpg",1080,1536,true],"2048x2048":["https:\/\/gaceramic.online\/wp-content\/uploads\/2023\/11\/GA30079-1439x2048.jpg",1439,2048,true],"trp-custom-language-flag":["https:\/\/gaceramic.online\/wp-content\/uploads\/2023\/11\/GA30079-scaled.jpg",8,12,false],"woocommerce_thumbnail":["https:\/\/gaceramic.online\/wp-content\/uploads\/2023\/11\/GA30079-300x300.jpg",300,300,true],"woocommerce_single":["https:\/\/gaceramic.online\/wp-content\/uploads\/2023\/11\/GA30079-600x854.jpg",600,854,true],"woocommerce_gallery_thumbnail":["https:\/\/gaceramic.online\/wp-content\/uploads\/2023\/11\/GA30079-100x100.jpg",100,100,true],"variation_swatches_image_size":["https:\/\/gaceramic.online\/wp-content\/uploads\/2023\/11\/GA30079-scaled.jpg",35,50,false],"variation_swatches_tooltip_size":["https:\/\/gaceramic.online\/wp-content\/uploads\/2023\/11\/GA30079-scaled.jpg",70,100,false]},"uagb_author_info":{"display_name":"gaceramic","author_link":"https:\/\/gaceramic.online\/es\/author\/"},"uagb_comment_info":0,"uagb_excerpt":"D\u00fc\u015f\u00fcnceli ve zarif tasar\u0131m\u0131yla \u00f6ne \u00e7\u0131kan seramik kutu, sadeli\u011fin g\u00fcc\u00fcn\u00fc hissettirerek ya\u015fam alanlar\u0131n\u0131za benzersiz bir dokunu\u015f katacak.","_links":{"self":[{"href":"https:\/\/gaceramic.online\/es\/wp-json\/wp\/v2\/product\/7472","targetHints":{"allow":["GET"]}}],"collection":[{"href":"https:\/\/gaceramic.online\/es\/wp-json\/wp\/v2\/product"}],"about":[{"href":"https:\/\/gaceramic.online\/es\/wp-json\/wp\/v2\/types\/product"}],"replies":[{"embeddable":true,"href":"https:\/\/gaceramic.online\/es\/wp-json\/wp\/v2\/comments?post=7472"}],"version-history":[{"count":1,"href":"https:\/\/gaceramic.online\/es\/wp-json\/wp\/v2\/product\/7472\/revisions"}],"predecessor-version":[{"id":8337,"href":"https:\/\/gaceramic.online\/es\/wp-json\/wp\/v2\/product\/7472\/revisions\/8337"}],"wp:featuredmedia":[{"embeddable":true,"href":"https:\/\/gaceramic.online\/es\/wp-json\/wp\/v2\/media\/7476"}],"wp:attachment":[{"href":"https:\/\/gaceramic.online\/es\/wp-json\/wp\/v2\/media?parent=7472"}],"wp:term":[{"taxonomy":"product_cat","embeddable":true,"href":"https:\/\/gaceramic.online\/es\/wp-json\/wp\/v2\/product_cat?post=7472"},{"taxonomy":"product_tag","embeddable":true,"href":"https:\/\/gaceramic.online\/es\/wp-json\/wp\/v2\/product_tag?post=7472"}],"curies":[{"name":"wp","href":"https:\/\/api.w.org\/{rel}","templated":true}]}}