{"id":6302,"date":"2023-05-03T20:08:37","date_gmt":"2023-05-03T17:08:37","guid":{"rendered":"https:\/\/gaceramic.online\/?post_type=product&#038;p=6302"},"modified":"2025-07-22T12:02:48","modified_gmt":"2025-07-22T09:02:48","slug":"kucuk-boy-yemek-tabagi","status":"publish","type":"product","link":"https:\/\/gaceramic.online\/es\/product\/kucuk-boy-yemek-tabagi\/","title":{"rendered":"K\u00fc\u00e7\u00fck Boy Yemek Taba\u011f\u0131"},"content":{"rendered":"<p>Terra yemek taba\u011f\u0131, sa\u011flam ve dayan\u0131kl\u0131 malzemelerden \u00fcretilmi\u015ftir, b\u00f6ylece yemeklerinizi g\u00fcvenle servis edebilirsiniz. Ayr\u0131ca, \u015f\u0131k tasar\u0131m\u0131 sayesinde yemek masan\u0131zda da harika bir g\u00f6r\u00fcn\u00fcm sunar.<\/p>\n<p>Bu b\u00fcy\u00fck boy terra yemek taba\u011f\u0131, her t\u00fcrl\u00fc yemek i\u00e7in idealdir. \u0130ster \u00f6\u011fle yeme\u011fi olsun, ister ak\u015fam yeme\u011fi, isterse de \u00f6zel bir davet sofras\u0131, bu tabakla yemek servisi yapmak her zaman keyifli bir deneyim olacakt\u0131r<\/p>","protected":false},"excerpt":{"rendered":"<p>\u00dcR\u00dcN EBATI: 18X4 CM<br \/>\nBULA\u015eIK MAK\u0130NES\u0130NDE YIKANAB\u0130L\u0130R<\/p>","protected":false},"featured_media":6303,"comment_status":"open","ping_status":"closed","template":"","meta":{"_uag_custom_page_level_css":"","site-sidebar-layout":"default","site-content-layout":null,"ast-site-content-layout":"","site-content-style":"default","site-sidebar-style":"default","ast-global-header-display":"","ast-banner-title-visibility":"","ast-main-header-display":"","ast-hfb-above-header-display":null,"ast-hfb-below-header-display":null,"ast-hfb-mobile-header-display":null,"site-post-title":"","ast-breadcrumbs-content":null,"ast-featured-img":"","footer-sml-layout":"","theme-transparent-header-meta":"default","adv-header-id-meta":null,"stick-header-meta":null,"header-above-stick-meta":null,"header-main-stick-meta":null,"header-below-stick-meta":null,"astra-migrate-meta-layouts":"default","ast-page-background-enabled":"default","ast-page-background-meta":{"desktop":{"background-color":"","background-image":"","background-repeat":"repeat","background-position":"center center","background-size":"auto","background-attachment":"scroll","background-type":"","background-media":"","overlay-type":"","overlay-color":"","overlay-opacity":"","overlay-gradient":""},"tablet":{"background-color":"","background-image":"","background-repeat":"repeat","background-position":"center center","background-size":"auto","background-attachment":"scroll","background-type":"","background-media":"","overlay-type":"","overlay-color":"","overlay-opacity":"","overlay-gradient":""},"mobile":{"background-color":"","background-image":"","background-repeat":"repeat","background-position":"center center","background-size":"auto","background-attachment":"scroll","background-type":"","background-media":"","overlay-type":"","overlay-color":"","overlay-opacity":"","overlay-gradient":""}},"ast-content-background-meta":{"desktop":{"background-color":"var(--ast-global-color-5)","background-image":"","background-repeat":"repeat","background-position":"center center","background-size":"auto","background-attachment":"scroll","background-type":"","background-media":"","overlay-type":"","overlay-color":"","overlay-opacity":"","overlay-gradient":""},"tablet":{"background-color":"var(--ast-global-color-5)","background-image":"","background-repeat":"repeat","background-position":"center center","background-size":"auto","background-attachment":"scroll","background-type":"","background-media":"","overlay-type":"","overlay-color":"","overlay-opacity":"","overlay-gradient":""},"mobile":{"background-color":"var(--ast-global-color-5)","background-image":"","background-repeat":"repeat","background-position":"center center","background-size":"auto","background-attachment":"scroll","background-type":"","background-media":"","overlay-type":"","overlay-color":"","overlay-opacity":"","overlay-gradient":""}}},"product_cat":[632],"product_tag":[90,131,307,290,158,123,563,68,410,349,73,418,69,399,347],"class_list":{"0":"post-6302","1":"product","2":"type-product","3":"status-publish","4":"has-post-thumbnail","6":"product_cat-tabak","7":"product_tag-seramik","8":"product_tag-ceramic","9":"product_tag-el-yapim-seramik","10":"product_tag-el-yapimi","11":"product_tag-gaceramic","12":"product_tag-handmade","13":"product_tag-kahvalti-tabagi","14":"product_tag-kase","15":"product_tag-kase-set","16":"product_tag-seramik-tabak","17":"product_tag-sunum","18":"product_tag-sunumluk","19":"product_tag-tabak","20":"product_tag-terra","21":"product_tag-yemek-set","22":"desktop-align-left","23":"tablet-align-left","24":"mobile-align-left","26":"first","27":"instock","28":"sale","29":"taxable","30":"shipping-taxable","31":"purchasable","32":"product-type-simple"},"jetpack_sharing_enabled":true,"uagb_featured_image_src":{"full":["https:\/\/gaceramic.online\/wp-content\/uploads\/2023\/05\/yemek-tabagi-1.jpg",1200,1800,false],"thumbnail":["https:\/\/gaceramic.online\/wp-content\/uploads\/2023\/05\/yemek-tabagi-1-150x150.jpg",150,150,true],"medium":["https:\/\/gaceramic.online\/wp-content\/uploads\/2023\/05\/yemek-tabagi-1-200x300.jpg",200,300,true],"medium_large":["https:\/\/gaceramic.online\/wp-content\/uploads\/2023\/05\/yemek-tabagi-1-768x1152.jpg",768,1152,true],"large":["https:\/\/gaceramic.online\/wp-content\/uploads\/2023\/05\/yemek-tabagi-1-683x1024.jpg",683,1024,true],"1536x1536":["https:\/\/gaceramic.online\/wp-content\/uploads\/2023\/05\/yemek-tabagi-1-1024x1536.jpg",1024,1536,true],"2048x2048":["https:\/\/gaceramic.online\/wp-content\/uploads\/2023\/05\/yemek-tabagi-1.jpg",1200,1800,false],"trp-custom-language-flag":["https:\/\/gaceramic.online\/wp-content\/uploads\/2023\/05\/yemek-tabagi-1.jpg",8,12,false],"woocommerce_thumbnail":["https:\/\/gaceramic.online\/wp-content\/uploads\/2023\/05\/yemek-tabagi-1-300x300.jpg",300,300,true],"woocommerce_single":["https:\/\/gaceramic.online\/wp-content\/uploads\/2023\/05\/yemek-tabagi-1-600x900.jpg",600,900,true],"woocommerce_gallery_thumbnail":["https:\/\/gaceramic.online\/wp-content\/uploads\/2023\/05\/yemek-tabagi-1-100x100.jpg",100,100,true],"variation_swatches_image_size":["https:\/\/gaceramic.online\/wp-content\/uploads\/2023\/05\/yemek-tabagi-1.jpg",33,50,false],"variation_swatches_tooltip_size":["https:\/\/gaceramic.online\/wp-content\/uploads\/2023\/05\/yemek-tabagi-1.jpg",67,100,false]},"uagb_author_info":{"display_name":"gaceramic","author_link":"https:\/\/gaceramic.online\/es\/author\/"},"uagb_comment_info":1,"uagb_excerpt":"\u00dcR\u00dcN EBATI: 18X4 CM BULA\u015eIK MAK\u0130NES\u0130NDE YIKANAB\u0130L\u0130R","_links":{"self":[{"href":"https:\/\/gaceramic.online\/es\/wp-json\/wp\/v2\/product\/6302","targetHints":{"allow":["GET"]}}],"collection":[{"href":"https:\/\/gaceramic.online\/es\/wp-json\/wp\/v2\/product"}],"about":[{"href":"https:\/\/gaceramic.online\/es\/wp-json\/wp\/v2\/types\/product"}],"replies":[{"embeddable":true,"href":"https:\/\/gaceramic.online\/es\/wp-json\/wp\/v2\/comments?post=6302"}],"version-history":[{"count":2,"href":"https:\/\/gaceramic.online\/es\/wp-json\/wp\/v2\/product\/6302\/revisions"}],"predecessor-version":[{"id":8389,"href":"https:\/\/gaceramic.online\/es\/wp-json\/wp\/v2\/product\/6302\/revisions\/8389"}],"wp:featuredmedia":[{"embeddable":true,"href":"https:\/\/gaceramic.online\/es\/wp-json\/wp\/v2\/media\/6303"}],"wp:attachment":[{"href":"https:\/\/gaceramic.online\/es\/wp-json\/wp\/v2\/media?parent=6302"}],"wp:term":[{"taxonomy":"product_cat","embeddable":true,"href":"https:\/\/gaceramic.online\/es\/wp-json\/wp\/v2\/product_cat?post=6302"},{"taxonomy":"product_tag","embeddable":true,"href":"https:\/\/gaceramic.online\/es\/wp-json\/wp\/v2\/product_tag?post=6302"}],"curies":[{"name":"wp","href":"https:\/\/api.w.org\/{rel}","templated":true}]}}