{"id":6279,"date":"2023-05-03T18:56:17","date_gmt":"2023-05-03T15:56:17","guid":{"rendered":"https:\/\/gaceramic.online\/?post_type=product&#038;p=6279"},"modified":"2025-07-22T12:10:10","modified_gmt":"2025-07-22T09:10:10","slug":"buyuk-kase","status":"publish","type":"product","link":"https:\/\/gaceramic.online\/es\/product\/buyuk-kase\/","title":{"rendered":"B\u00fcy\u00fck Kase Blau"},"content":{"rendered":"<p>Do\u011fal dokulu salata kaselerimiz, minimalist tasar\u0131mlar\u0131 ile sofran\u0131za sade ve modern bir hava kat\u0131yor. Tek renk se\u00e7ene\u011fiyle sunulan bu kase, yemeklerinizi daha \u00f6ne \u00e7\u0131kararak sunman\u0131za yard\u0131mc\u0131 oluyor. Hem evde hem de restoranlarda kullan\u0131ma uygun olan bu kaseler, \u015f\u0131k ve kullan\u0131\u015fl\u0131 bir se\u00e7imdir.<\/p>\n<p>Do\u011fal dokulu yap\u0131s\u0131, kaselerimize organik bir g\u00f6r\u00fcn\u00fcm kazand\u0131r\u0131yor. Bu sayede do\u011fan\u0131n g\u00fczelliklerini sofran\u0131za ta\u015f\u0131yarak, yemeklerinize farkl\u0131 bir lezzet kat\u0131yor.<\/p>","protected":false},"excerpt":{"rendered":"<p>\u00dcR\u00dcN EBATI: Y\u00dcKSEKL\u0130K 10 CM X GEN\u0130\u015eL\u0130K 20 CM X UZUNLUK 20 CM<br \/>\nBAKIM: BULA\u015eIK MAK\u0130NASINDA VEYA ELDE YIKANAB\u0130L\u0130R<\/p>","protected":false},"featured_media":7242,"comment_status":"open","ping_status":"closed","template":"","meta":{"_uag_custom_page_level_css":"","site-sidebar-layout":"default","site-content-layout":null,"ast-site-content-layout":"","site-content-style":"default","site-sidebar-style":"default","ast-global-header-display":"","ast-banner-title-visibility":"","ast-main-header-display":"","ast-hfb-above-header-display":null,"ast-hfb-below-header-display":null,"ast-hfb-mobile-header-display":null,"site-post-title":"","ast-breadcrumbs-content":null,"ast-featured-img":"","footer-sml-layout":"","theme-transparent-header-meta":"default","adv-header-id-meta":null,"stick-header-meta":null,"header-above-stick-meta":null,"header-main-stick-meta":null,"header-below-stick-meta":null,"astra-migrate-meta-layouts":"default","ast-page-background-enabled":"default","ast-page-background-meta":{"desktop":{"background-color":"","background-image":"","background-repeat":"repeat","background-position":"center center","background-size":"auto","background-attachment":"scroll","background-type":"","background-media":"","overlay-type":"","overlay-color":"","overlay-opacity":"","overlay-gradient":""},"tablet":{"background-color":"","background-image":"","background-repeat":"repeat","background-position":"center center","background-size":"auto","background-attachment":"scroll","background-type":"","background-media":"","overlay-type":"","overlay-color":"","overlay-opacity":"","overlay-gradient":""},"mobile":{"background-color":"","background-image":"","background-repeat":"repeat","background-position":"center center","background-size":"auto","background-attachment":"scroll","background-type":"","background-media":"","overlay-type":"","overlay-color":"","overlay-opacity":"","overlay-gradient":""}},"ast-content-background-meta":{"desktop":{"background-color":"var(--ast-global-color-5)","background-image":"","background-repeat":"repeat","background-position":"center center","background-size":"auto","background-attachment":"scroll","background-type":"","background-media":"","overlay-type":"","overlay-color":"","overlay-opacity":"","overlay-gradient":""},"tablet":{"background-color":"var(--ast-global-color-5)","background-image":"","background-repeat":"repeat","background-position":"center center","background-size":"auto","background-attachment":"scroll","background-type":"","background-media":"","overlay-type":"","overlay-color":"","overlay-opacity":"","overlay-gradient":""},"mobile":{"background-color":"var(--ast-global-color-5)","background-image":"","background-repeat":"repeat","background-position":"center center","background-size":"auto","background-attachment":"scroll","background-type":"","background-media":"","overlay-type":"","overlay-color":"","overlay-opacity":"","overlay-gradient":""}}},"product_cat":[55],"product_tag":[595,554,594,596,597,599,598,601,600,593,592,568],"class_list":{"0":"post-6279","1":"product","2":"type-product","3":"status-publish","4":"has-post-thumbnail","6":"product_cat-kase","7":"product_tag-0-el-yapimi-tabak","8":"product_tag-bowl","9":"product_tag-buyuk-kase","10":"product_tag-dogal-dokulu-kase","11":"product_tag-dogal-form-kase","12":"product_tag-minimalist-seramik","13":"product_tag-minimalist-tasarim","14":"product_tag-sade-form-kase","15":"product_tag-sade-tasarim","16":"product_tag-salata-bowl","17":"product_tag-salata-kasesi","18":"product_tag-seramik-kase","19":"desktop-align-left","20":"tablet-align-left","21":"mobile-align-left","23":"first","24":"instock","25":"sale","26":"taxable","27":"shipping-taxable","28":"purchasable","29":"product-type-simple"},"jetpack_sharing_enabled":true,"uagb_featured_image_src":{"full":["https:\/\/gaceramic.online\/wp-content\/uploads\/2023\/05\/salata-kase-blau.jpg",1920,1280,false],"thumbnail":["https:\/\/gaceramic.online\/wp-content\/uploads\/2023\/05\/salata-kase-blau-150x150.jpg",150,150,true],"medium":["https:\/\/gaceramic.online\/wp-content\/uploads\/2023\/05\/salata-kase-blau-300x200.jpg",300,200,true],"medium_large":["https:\/\/gaceramic.online\/wp-content\/uploads\/2023\/05\/salata-kase-blau-768x512.jpg",768,512,true],"large":["https:\/\/gaceramic.online\/wp-content\/uploads\/2023\/05\/salata-kase-blau-1024x683.jpg",1024,683,true],"1536x1536":["https:\/\/gaceramic.online\/wp-content\/uploads\/2023\/05\/salata-kase-blau-1536x1024.jpg",1536,1024,true],"2048x2048":["https:\/\/gaceramic.online\/wp-content\/uploads\/2023\/05\/salata-kase-blau.jpg",1920,1280,false],"trp-custom-language-flag":["https:\/\/gaceramic.online\/wp-content\/uploads\/2023\/05\/salata-kase-blau.jpg",18,12,false],"woocommerce_thumbnail":["https:\/\/gaceramic.online\/wp-content\/uploads\/2023\/05\/salata-kase-blau-300x300.jpg",300,300,true],"woocommerce_single":["https:\/\/gaceramic.online\/wp-content\/uploads\/2023\/05\/salata-kase-blau-600x400.jpg",600,400,true],"woocommerce_gallery_thumbnail":["https:\/\/gaceramic.online\/wp-content\/uploads\/2023\/05\/salata-kase-blau-100x100.jpg",100,100,true],"variation_swatches_image_size":["https:\/\/gaceramic.online\/wp-content\/uploads\/2023\/05\/salata-kase-blau.jpg",50,33,false],"variation_swatches_tooltip_size":["https:\/\/gaceramic.online\/wp-content\/uploads\/2023\/05\/salata-kase-blau.jpg",100,67,false]},"uagb_author_info":{"display_name":"gaceramic","author_link":"https:\/\/gaceramic.online\/es\/author\/"},"uagb_comment_info":0,"uagb_excerpt":"\u00dcR\u00dcN EBATI: Y\u00dcKSEKL\u0130K 10 CM X GEN\u0130\u015eL\u0130K 20 CM X UZUNLUK 20 CM BAKIM: BULA\u015eIK MAK\u0130NASINDA VEYA ELDE YIKANAB\u0130L\u0130R","_links":{"self":[{"href":"https:\/\/gaceramic.online\/es\/wp-json\/wp\/v2\/product\/6279","targetHints":{"allow":["GET"]}}],"collection":[{"href":"https:\/\/gaceramic.online\/es\/wp-json\/wp\/v2\/product"}],"about":[{"href":"https:\/\/gaceramic.online\/es\/wp-json\/wp\/v2\/types\/product"}],"replies":[{"embeddable":true,"href":"https:\/\/gaceramic.online\/es\/wp-json\/wp\/v2\/comments?post=6279"}],"version-history":[{"count":2,"href":"https:\/\/gaceramic.online\/es\/wp-json\/wp\/v2\/product\/6279\/revisions"}],"predecessor-version":[{"id":8393,"href":"https:\/\/gaceramic.online\/es\/wp-json\/wp\/v2\/product\/6279\/revisions\/8393"}],"wp:featuredmedia":[{"embeddable":true,"href":"https:\/\/gaceramic.online\/es\/wp-json\/wp\/v2\/media\/7242"}],"wp:attachment":[{"href":"https:\/\/gaceramic.online\/es\/wp-json\/wp\/v2\/media?parent=6279"}],"wp:term":[{"taxonomy":"product_cat","embeddable":true,"href":"https:\/\/gaceramic.online\/es\/wp-json\/wp\/v2\/product_cat?post=6279"},{"taxonomy":"product_tag","embeddable":true,"href":"https:\/\/gaceramic.online\/es\/wp-json\/wp\/v2\/product_tag?post=6279"}],"curies":[{"name":"wp","href":"https:\/\/api.w.org\/{rel}","templated":true}]}}