{"id":5981,"date":"2023-03-30T11:53:48","date_gmt":"2023-03-30T08:53:48","guid":{"rendered":"https:\/\/gaceramic.online\/?post_type=product&#038;p=5981"},"modified":"2025-06-27T16:47:05","modified_gmt":"2025-06-27T13:47:05","slug":"aile-anne-cocuk-workshop","status":"publish","type":"product","link":"https:\/\/gaceramic.online\/es\/product\/aile-anne-cocuk-workshop\/","title":{"rendered":"A\u0130LE \/ ANNE-\u00c7OCUK WORKSHOP"},"content":{"rendered":"<p>E\u011flenceli bir aile etkinli\u011fi mi ar\u0131yorsunuz? Seramik tasar\u0131m workshop&#8217;u, hem \u00e7ocuklar\u0131n hem de yeti\u015fkinlerin yarat\u0131c\u0131l\u0131klar\u0131n\u0131 ke\u015ffetmeleri i\u00e7in harika bir se\u00e7enektir.<\/p>\n<p>Etkinlik, yakla\u015f\u0131k 1,5 saat s\u00fcrer ve istedi\u011finiz \u015fekilde seramik \u00fcr\u00fcnler yapabilece\u011finiz bir at\u00f6lye deneyimi sunar. Kupalar, kaseler, vazolar veya fig\u00fcrler yapabilirsiniz &#8211; hayal g\u00fcc\u00fcn\u00fcz ne kadar geni\u015fse, tasar\u0131m se\u00e7enekleri de o kadar fazla..<\/p>\n<p>E\u011fitmenimiz, \u00e7ocuklar ve yeti\u015fkinler i\u00e7in uygun ad\u0131mlar\u0131 g\u00f6stererek seramik \u00fcr\u00fcnlerin nas\u0131l \u015fekillendirilece\u011fini \u00f6\u011fretecektir. Ard\u0131ndan, minik dekorlar ile \u00fcr\u00fcnlerinize boyamalar yapabilirsiniz.<\/p>\n<p>E\u011fitmenimiz kuruyan \u00fcr\u00fcnleri \u015feffaf s\u0131r ile s\u0131rlayacak ve yakla\u015f\u0131k 10 g\u00fcn sonra teslim edecektir. Kendi yarat\u0131c\u0131l\u0131\u011f\u0131n\u0131zla tasarlad\u0131\u011f\u0131n\u0131z seramik \u00fcr\u00fcnleri kullanabilir veya sevdiklerinize hediye edebilirsiniz.<\/p>\n<p>Bu etkinlik, ailelerin birlikte e\u011flenmelerine, yarat\u0131c\u0131l\u0131klar\u0131n\u0131 ke\u015ffetmelerine ve birbirleriyle zaman ge\u00e7irmelerine olanak sa\u011flar. \u00c7ocuklar\u0131n\u0131z\u0131n hayal g\u00fc\u00e7lerini serbest b\u0131rakmalar\u0131na, ellerini kullanarak bir \u015feyler yaratmalar\u0131na ve ayn\u0131 zamanda yeti\u015fkinlerle birlikte keyifli vakit ge\u00e7irmelerine yard\u0131mc\u0131 olur.<\/p>\n<p>K\u00fc\u00e7\u00fck \u00e7ocuklar i\u00e7in, e\u011fitmenimiz yard\u0131mc\u0131 olacak ve onlara \u00f6zel olarak haz\u0131rlanm\u0131\u015f ad\u0131mlar sunacakt\u0131r. B\u00f6ylece onlar da seramik tasar\u0131mc\u0131s\u0131 olabilecekler!<\/p>\n<p>Aileler ve k\u00fc\u00e7\u00fck \u00e7ocuklar i\u00e7in \u00f6zel bir etkinlik planlamak i\u00e7in bize ula\u015f\u0131n. Size \u00f6zel se\u00e7enekler sunarak, sevdiklerinizle unutulmaz bir deneyim ya\u015fatmak i\u00e7in buraday\u0131z.<\/p>","protected":false},"excerpt":{"rendered":"<p>E\u011flenceli bir aile etkinli\u011fi mi ar\u0131yorsunuz? Seramik tasar\u0131m workshop&#8217;u, hem \u00e7ocuklar\u0131n hem de yeti\u015fkinlerin yarat\u0131c\u0131l\u0131klar\u0131n\u0131 ke\u015ffetmeleri i\u00e7in harika bir se\u00e7enektir. Etkinlik, yakla\u015f\u0131k 1,5 saat s\u00fcrer ve istedi\u011finiz \u015fekilde seramik \u00fcr\u00fcnler yapabilece\u011finiz bir at\u00f6lye deneyimi sunar. Kupalar, kaseler, vazolar veya fig\u00fcrler yapabilirsiniz &#8211; hayal g\u00fcc\u00fcn\u00fcz ne kadar geni\u015fse, tasar\u0131m se\u00e7enekleri de o kadar fazla.. E\u011fitmenimiz, \u00e7ocuklar [&hellip;]<\/p>","protected":false},"featured_media":5987,"comment_status":"open","ping_status":"closed","template":"","meta":{"_uag_custom_page_level_css":"","site-sidebar-layout":"default","site-content-layout":"default","ast-site-content-layout":"default","site-content-style":"default","site-sidebar-style":"default","ast-global-header-display":"","ast-banner-title-visibility":"","ast-main-header-display":"","ast-hfb-above-header-display":"","ast-hfb-below-header-display":"","ast-hfb-mobile-header-display":"","site-post-title":"","ast-breadcrumbs-content":"","ast-featured-img":"","footer-sml-layout":"","theme-transparent-header-meta":"default","adv-header-id-meta":"","stick-header-meta":"","header-above-stick-meta":"","header-main-stick-meta":"","header-below-stick-meta":"","astra-migrate-meta-layouts":"set","ast-page-background-enabled":"default","ast-page-background-meta":{"desktop":{"background-color":"","background-image":"","background-repeat":"repeat","background-position":"center center","background-size":"auto","background-attachment":"scroll","background-type":"","background-media":"","overlay-type":"","overlay-color":"","overlay-opacity":"","overlay-gradient":""},"tablet":{"background-color":"","background-image":"","background-repeat":"repeat","background-position":"center center","background-size":"auto","background-attachment":"scroll","background-type":"","background-media":"","overlay-type":"","overlay-color":"","overlay-opacity":"","overlay-gradient":""},"mobile":{"background-color":"","background-image":"","background-repeat":"repeat","background-position":"center center","background-size":"auto","background-attachment":"scroll","background-type":"","background-media":"","overlay-type":"","overlay-color":"","overlay-opacity":"","overlay-gradient":""}},"ast-content-background-meta":{"desktop":{"background-color":"var(--ast-global-color-5)","background-image":"","background-repeat":"repeat","background-position":"center center","background-size":"auto","background-attachment":"scroll","background-type":"","background-media":"","overlay-type":"","overlay-color":"","overlay-opacity":"","overlay-gradient":""},"tablet":{"background-color":"var(--ast-global-color-5)","background-image":"","background-repeat":"repeat","background-position":"center center","background-size":"auto","background-attachment":"scroll","background-type":"","background-media":"","overlay-type":"","overlay-color":"","overlay-opacity":"","overlay-gradient":""},"mobile":{"background-color":"var(--ast-global-color-5)","background-image":"","background-repeat":"repeat","background-position":"center center","background-size":"auto","background-attachment":"scroll","background-type":"","background-media":"","overlay-type":"","overlay-color":"","overlay-opacity":"","overlay-gradient":""}}},"product_cat":[440],"product_tag":[90,482,483,495,486,485,493,494,488,484,489,492,490,487,491,176,446,441],"class_list":{"0":"post-5981","1":"product","2":"type-product","3":"status-publish","4":"has-post-thumbnail","6":"product_cat-egitim","7":"product_tag-seramik","8":"product_tag-aile-etkinlik","9":"product_tag-aile-seramik","10":"product_tag-anne-baba-cocuk-seramik-kurs","11":"product_tag-anne-cocuk-etkinlik","12":"product_tag-anne-cocuk-workshop","13":"product_tag-anne-kiz","14":"product_tag-anne-kiz-seramik","15":"product_tag-anne-cocuk","16":"product_tag-anne-cocuk-seramik","17":"product_tag-anneler-gunu-hediyesi","18":"product_tag-annem-icin","19":"product_tag-babalar-gunu-hediyesi","20":"product_tag-cocuklar-icin-seramik","21":"product_tag-dogum-gunu-hediyesi","22":"product_tag-hediye","23":"product_tag-seramik-kurs","24":"product_tag-workshop","25":"product_shipping_class-free-shipping","26":"desktop-align-left","27":"tablet-align-left","28":"mobile-align-left","30":"first","31":"instock","32":"sale","33":"purchasable","34":"product-type-variable"},"jetpack_sharing_enabled":true,"uagb_featured_image_src":{"full":["https:\/\/gaceramic.online\/wp-content\/uploads\/2023\/03\/aile-seramik-workshop-scaled.jpg",2560,1707,false],"thumbnail":["https:\/\/gaceramic.online\/wp-content\/uploads\/2023\/03\/aile-seramik-workshop-150x150.jpg",150,150,true],"medium":["https:\/\/gaceramic.online\/wp-content\/uploads\/2023\/03\/aile-seramik-workshop-300x200.jpg",300,200,true],"medium_large":["https:\/\/gaceramic.online\/wp-content\/uploads\/2023\/03\/aile-seramik-workshop-768x512.jpg",768,512,true],"large":["https:\/\/gaceramic.online\/wp-content\/uploads\/2023\/03\/aile-seramik-workshop-1024x683.jpg",1024,683,true],"1536x1536":["https:\/\/gaceramic.online\/wp-content\/uploads\/2023\/03\/aile-seramik-workshop-1536x1024.jpg",1536,1024,true],"2048x2048":["https:\/\/gaceramic.online\/wp-content\/uploads\/2023\/03\/aile-seramik-workshop-2048x1365.jpg",2048,1365,true],"trp-custom-language-flag":["https:\/\/gaceramic.online\/wp-content\/uploads\/2023\/03\/aile-seramik-workshop-scaled.jpg",18,12,false],"woocommerce_thumbnail":["https:\/\/gaceramic.online\/wp-content\/uploads\/2023\/03\/aile-seramik-workshop-300x300.jpg",300,300,true],"woocommerce_single":["https:\/\/gaceramic.online\/wp-content\/uploads\/2023\/03\/aile-seramik-workshop-600x400.jpg",600,400,true],"woocommerce_gallery_thumbnail":["https:\/\/gaceramic.online\/wp-content\/uploads\/2023\/03\/aile-seramik-workshop-100x100.jpg",100,100,true],"variation_swatches_image_size":["https:\/\/gaceramic.online\/wp-content\/uploads\/2023\/03\/aile-seramik-workshop-scaled.jpg",50,33,false],"variation_swatches_tooltip_size":["https:\/\/gaceramic.online\/wp-content\/uploads\/2023\/03\/aile-seramik-workshop-scaled.jpg",100,67,false]},"uagb_author_info":{"display_name":"gaceramic","author_link":"https:\/\/gaceramic.online\/es\/author\/"},"uagb_comment_info":1,"uagb_excerpt":"E\u011flenceli bir aile etkinli\u011fi mi ar\u0131yorsunuz? Seramik tasar\u0131m workshop&#8217;u, hem \u00e7ocuklar\u0131n hem de yeti\u015fkinlerin yarat\u0131c\u0131l\u0131klar\u0131n\u0131 ke\u015ffetmeleri i\u00e7in harika bir se\u00e7enektir. Etkinlik, yakla\u015f\u0131k 1,5 saat s\u00fcrer ve istedi\u011finiz \u015fekilde seramik \u00fcr\u00fcnler yapabilece\u011finiz bir at\u00f6lye deneyimi sunar. Kupalar, kaseler, vazolar veya fig\u00fcrler yapabilirsiniz &#8211; hayal g\u00fcc\u00fcn\u00fcz ne kadar geni\u015fse, tasar\u0131m se\u00e7enekleri de o kadar fazla.. E\u011fitmenimiz, \u00e7ocuklar&hellip;","_links":{"self":[{"href":"https:\/\/gaceramic.online\/es\/wp-json\/wp\/v2\/product\/5981","targetHints":{"allow":["GET"]}}],"collection":[{"href":"https:\/\/gaceramic.online\/es\/wp-json\/wp\/v2\/product"}],"about":[{"href":"https:\/\/gaceramic.online\/es\/wp-json\/wp\/v2\/types\/product"}],"replies":[{"embeddable":true,"href":"https:\/\/gaceramic.online\/es\/wp-json\/wp\/v2\/comments?post=5981"}],"version-history":[{"count":5,"href":"https:\/\/gaceramic.online\/es\/wp-json\/wp\/v2\/product\/5981\/revisions"}],"predecessor-version":[{"id":8529,"href":"https:\/\/gaceramic.online\/es\/wp-json\/wp\/v2\/product\/5981\/revisions\/8529"}],"wp:featuredmedia":[{"embeddable":true,"href":"https:\/\/gaceramic.online\/es\/wp-json\/wp\/v2\/media\/5987"}],"wp:attachment":[{"href":"https:\/\/gaceramic.online\/es\/wp-json\/wp\/v2\/media?parent=5981"}],"wp:term":[{"taxonomy":"product_cat","embeddable":true,"href":"https:\/\/gaceramic.online\/es\/wp-json\/wp\/v2\/product_cat?post=5981"},{"taxonomy":"product_tag","embeddable":true,"href":"https:\/\/gaceramic.online\/es\/wp-json\/wp\/v2\/product_tag?post=5981"}],"curies":[{"name":"wp","href":"https:\/\/api.w.org\/{rel}","templated":true}]}}