{"id":5746,"date":"2023-02-28T11:57:27","date_gmt":"2023-02-28T08:57:27","guid":{"rendered":"https:\/\/gaceramic.online\/?post_type=product&#038;p=5746"},"modified":"2025-09-15T12:39:34","modified_gmt":"2025-09-15T09:39:34","slug":"torna-kursu","status":"publish","type":"product","link":"https:\/\/gaceramic.online\/es\/product\/torna-kursu\/","title":{"rendered":"Seramik Torna Kursu"},"content":{"rendered":"<p style=\"text-align: left;\">Seramik \u00c7\u00f6mlek\u00e7i Torna Kursu Haftada 1 g\u00fcn , 1,5 saat<\/p>\n<p><strong>Torna Kurs\/ Workshop<\/strong><br \/>\nSeramik malzemelerini kullanarak bir \u00e7anak, vazo veya di\u011fer seramik eserlerini olu\u015fturmak i\u00e7in kullan\u0131lan bir sanat y\u00f6ntemidir.<br \/>\nKurs birebir \u00f6zel ders \u015feklinde sunulmaktad\u0131r. Her ders 1,5 saat s\u00fcrmektedir ve t\u00fcm malzemeler dahildir. Deneyimli olman\u0131z gerekmiyor; yeni ba\u015flayanlar i\u00e7in de uygundur..<\/p>\n<p>Kurs boyunca, \u00f6\u011frenciler seramik malzemelerinin haz\u0131rlanmas\u0131, merkezleme teknikleri, \u015fekillendirme ve p\u00fcr\u00fczs\u00fczle\u015ftirme teknikleri gibi temel konular\u0131 \u00f6\u011freneceklerdir.<\/p>\n<p>Kurs i\u00e7eri\u011fine t\u00fcm malzemeler dahildir (\u00e7amur, s\u0131r ve pi\u015firim). Herhangi bir\u015fey alman\u0131za gerek yoktur. Pek \u00e7ok renk se\u00e7ene\u011fi olan en kaliteli ithal s\u0131rlar\u0131 kullanaca\u011f\u0131z<\/p>\n<p>Kurs s\u00fcresince yapt\u0131\u011f\u0131n\u0131z \u00fcr\u00fcn\u00fc hem \u015fekillendirecek sonras\u0131nda da bizim deste\u011fimiz ve \u00f6\u011frettiklerimiz do\u011frultusunda s\u0131rlama i\u015flemini diledi\u011finiz gibi yine sizler yapacaks\u0131n\u0131z.<\/p>\n<p>Kat\u0131lmak i\u00e7in l\u00fctfen bize ula\u015f\u0131n ve kayd\u0131n\u0131z\u0131 yapt\u0131r\u0131n<\/p>\n<p>Not\u00a0 :<br \/>\n\u2022Kurs iptallerinde \u00fccret iadesi yap\u0131lmamaktad\u0131r.<br \/>\n\u2022Sat\u0131n ald\u0131\u011f\u0131n\u0131z kurs o hafta i\u00e7in ge\u00e7erlidir.<\/p>\n<p>\u2022En ge\u00e7 1 g\u00fcn \u00f6nceden gelemeyece\u011finizi haber verdi\u011finiz taktirde ders hakk\u0131n\u0131z\u0131 o ay i\u00e7erisinde telafi edebilirsiniz.<\/p>\n<p>\u2022Haber vermeden gelmedi\u011finiz dersler yap\u0131ld\u0131 say\u0131lacakt\u0131r.<\/p>\n<p>&nbsp;<\/p>\n<div style=\"width: 480px;\" class=\"wp-video\"><!--[if lt IE 9]><script>document.createElement('video');<\/script><![endif]-->\n<video class=\"wp-video-shortcode\" id=\"video-5746-1\" width=\"480\" height=\"720\" preload=\"metadata\" controls=\"controls\"><source type=\"video\/mp4\" src=\"https:\/\/gaceramic.online\/wp-content\/uploads\/2023\/02\/seramik-torna-kursu.mp4?_=1\" \/><a href=\"https:\/\/gaceramic.online\/wp-content\/uploads\/2023\/02\/seramik-torna-kursu.mp4\">https:\/\/gaceramic.online\/wp-content\/uploads\/2023\/02\/seramik-torna-kursu.mp4<\/a><\/video><\/div>\n<div style=\"width: 720px;\" class=\"wp-video\"><video class=\"wp-video-shortcode\" id=\"video-5746-2\" width=\"720\" height=\"720\" preload=\"metadata\" controls=\"controls\"><source type=\"video\/mp4\" src=\"https:\/\/gaceramic.online\/wp-content\/uploads\/2023\/02\/seramik-torna-egitim-workshop.mp4?_=2\" \/><a href=\"https:\/\/gaceramic.online\/wp-content\/uploads\/2023\/02\/seramik-torna-egitim-workshop.mp4\">https:\/\/gaceramic.online\/wp-content\/uploads\/2023\/02\/seramik-torna-egitim-workshop.mp4<\/a><\/video><\/div>","protected":false},"excerpt":{"rendered":"<p><strong>Seramik torna kursu, <\/strong>sakinle\u015ftirici ve rahatlat\u0131c\u0131 bir hobidir. Bu kurs, bir yandan yarat\u0131c\u0131l\u0131\u011f\u0131 geli\u015ftirirken, di\u011fer yandan stresi azaltmaya yard\u0131mc\u0131 olur.<\/p>\n<p>E\u011fer seramik sanat\u0131yla ilgileniyor ve bir \u015feyler yaratmak istiyorsan\u0131z, bu kurs sizin i\u00e7in m\u00fckemmel olabilir.<br \/>\n\u0130ster kendiniz i\u00e7in bir hobi, isterse de bir meslek olarak d\u00fc\u015f\u00fcn\u00fcyor olun, seramik torna kursu size yeni bir d\u00fcnya a\u00e7abilir.<\/p>","protected":false},"featured_media":5831,"comment_status":"open","ping_status":"closed","template":"","meta":{"_uag_custom_page_level_css":"","site-sidebar-layout":"default","site-content-layout":"default","ast-site-content-layout":"default","site-content-style":"default","site-sidebar-style":"default","ast-global-header-display":"","ast-banner-title-visibility":"","ast-main-header-display":"","ast-hfb-above-header-display":"","ast-hfb-below-header-display":"","ast-hfb-mobile-header-display":"","site-post-title":"","ast-breadcrumbs-content":"","ast-featured-img":"","footer-sml-layout":"","theme-transparent-header-meta":"default","adv-header-id-meta":"","stick-header-meta":"","header-above-stick-meta":"","header-main-stick-meta":"","header-below-stick-meta":"","astra-migrate-meta-layouts":"set","ast-page-background-enabled":"default","ast-page-background-meta":{"desktop":{"background-color":"","background-image":"","background-repeat":"repeat","background-position":"center center","background-size":"auto","background-attachment":"scroll","background-type":"","background-media":"","overlay-type":"","overlay-color":"","overlay-opacity":"","overlay-gradient":""},"tablet":{"background-color":"","background-image":"","background-repeat":"repeat","background-position":"center center","background-size":"auto","background-attachment":"scroll","background-type":"","background-media":"","overlay-type":"","overlay-color":"","overlay-opacity":"","overlay-gradient":""},"mobile":{"background-color":"","background-image":"","background-repeat":"repeat","background-position":"center center","background-size":"auto","background-attachment":"scroll","background-type":"","background-media":"","overlay-type":"","overlay-color":"","overlay-opacity":"","overlay-gradient":""}},"ast-content-background-meta":{"desktop":{"background-color":"var(--ast-global-color-5)","background-image":"","background-repeat":"repeat","background-position":"center center","background-size":"auto","background-attachment":"scroll","background-type":"","background-media":"","overlay-type":"","overlay-color":"","overlay-opacity":"","overlay-gradient":""},"tablet":{"background-color":"var(--ast-global-color-5)","background-image":"","background-repeat":"repeat","background-position":"center center","background-size":"auto","background-attachment":"scroll","background-type":"","background-media":"","overlay-type":"","overlay-color":"","overlay-opacity":"","overlay-gradient":""},"mobile":{"background-color":"var(--ast-global-color-5)","background-image":"","background-repeat":"repeat","background-position":"center center","background-size":"auto","background-attachment":"scroll","background-type":"","background-media":"","overlay-type":"","overlay-color":"","overlay-opacity":"","overlay-gradient":""}}},"product_cat":[440],"product_tag":[90,450,449,452,451],"class_list":{"0":"post-5746","1":"product","2":"type-product","3":"status-publish","4":"has-post-thumbnail","6":"product_cat-egitim","7":"product_tag-seramik","8":"product_tag-comlekci-torna","9":"product_tag-seramik-torna","10":"product_tag-seramik-torna-kursu","11":"product_tag-torna-kursu","12":"product_shipping_class-free-shipping","13":"desktop-align-left","14":"tablet-align-left","15":"mobile-align-left","17":"first","18":"instock","19":"taxable","20":"shipping-taxable","21":"purchasable","22":"product-type-variable","23":"has-default-attributes"},"jetpack_sharing_enabled":true,"uagb_featured_image_src":{"full":["https:\/\/gaceramic.online\/wp-content\/uploads\/2023\/02\/comlekci-seramik-torna-kursu.jpeg",829,831,false],"thumbnail":["https:\/\/gaceramic.online\/wp-content\/uploads\/2023\/02\/comlekci-seramik-torna-kursu-150x150.jpeg",150,150,true],"medium":["https:\/\/gaceramic.online\/wp-content\/uploads\/2023\/02\/comlekci-seramik-torna-kursu-300x300.jpeg",300,300,true],"medium_large":["https:\/\/gaceramic.online\/wp-content\/uploads\/2023\/02\/comlekci-seramik-torna-kursu-768x770.jpeg",768,770,true],"large":["https:\/\/gaceramic.online\/wp-content\/uploads\/2023\/02\/comlekci-seramik-torna-kursu.jpeg",829,831,false],"1536x1536":["https:\/\/gaceramic.online\/wp-content\/uploads\/2023\/02\/comlekci-seramik-torna-kursu.jpeg",829,831,false],"2048x2048":["https:\/\/gaceramic.online\/wp-content\/uploads\/2023\/02\/comlekci-seramik-torna-kursu.jpeg",829,831,false],"trp-custom-language-flag":["https:\/\/gaceramic.online\/wp-content\/uploads\/2023\/02\/comlekci-seramik-torna-kursu.jpeg",12,12,false],"woocommerce_thumbnail":["https:\/\/gaceramic.online\/wp-content\/uploads\/2023\/02\/comlekci-seramik-torna-kursu-300x300.jpeg",300,300,true],"woocommerce_single":["https:\/\/gaceramic.online\/wp-content\/uploads\/2023\/02\/comlekci-seramik-torna-kursu-600x601.jpeg",600,601,true],"woocommerce_gallery_thumbnail":["https:\/\/gaceramic.online\/wp-content\/uploads\/2023\/02\/comlekci-seramik-torna-kursu-100x100.jpeg",100,100,true],"variation_swatches_image_size":["https:\/\/gaceramic.online\/wp-content\/uploads\/2023\/02\/comlekci-seramik-torna-kursu.jpeg",50,50,false],"variation_swatches_tooltip_size":["https:\/\/gaceramic.online\/wp-content\/uploads\/2023\/02\/comlekci-seramik-torna-kursu.jpeg",100,100,false]},"uagb_author_info":{"display_name":"gaceramic","author_link":"https:\/\/gaceramic.online\/es\/author\/"},"uagb_comment_info":3,"uagb_excerpt":"Seramik torna kursu, sakinle\u015ftirici ve rahatlat\u0131c\u0131 bir hobidir. Bu kurs, bir yandan yarat\u0131c\u0131l\u0131\u011f\u0131 geli\u015ftirirken, di\u011fer yandan stresi azaltmaya yard\u0131mc\u0131 olur. E\u011fer seramik sanat\u0131yla ilgileniyor ve bir \u015feyler yaratmak istiyorsan\u0131z, bu kurs sizin i\u00e7in m\u00fckemmel olabilir. \u0130ster kendiniz i\u00e7in bir hobi, isterse de bir meslek olarak d\u00fc\u015f\u00fcn\u00fcyor olun, seramik torna kursu size yeni bir d\u00fcnya a\u00e7abilir.","_links":{"self":[{"href":"https:\/\/gaceramic.online\/es\/wp-json\/wp\/v2\/product\/5746","targetHints":{"allow":["GET"]}}],"collection":[{"href":"https:\/\/gaceramic.online\/es\/wp-json\/wp\/v2\/product"}],"about":[{"href":"https:\/\/gaceramic.online\/es\/wp-json\/wp\/v2\/types\/product"}],"replies":[{"embeddable":true,"href":"https:\/\/gaceramic.online\/es\/wp-json\/wp\/v2\/comments?post=5746"}],"version-history":[{"count":10,"href":"https:\/\/gaceramic.online\/es\/wp-json\/wp\/v2\/product\/5746\/revisions"}],"predecessor-version":[{"id":8018,"href":"https:\/\/gaceramic.online\/es\/wp-json\/wp\/v2\/product\/5746\/revisions\/8018"}],"wp:featuredmedia":[{"embeddable":true,"href":"https:\/\/gaceramic.online\/es\/wp-json\/wp\/v2\/media\/5831"}],"wp:attachment":[{"href":"https:\/\/gaceramic.online\/es\/wp-json\/wp\/v2\/media?parent=5746"}],"wp:term":[{"taxonomy":"product_cat","embeddable":true,"href":"https:\/\/gaceramic.online\/es\/wp-json\/wp\/v2\/product_cat?post=5746"},{"taxonomy":"product_tag","embeddable":true,"href":"https:\/\/gaceramic.online\/es\/wp-json\/wp\/v2\/product_tag?post=5746"}],"curies":[{"name":"wp","href":"https:\/\/api.w.org\/{rel}","templated":true}]}}