{"id":5720,"date":"2023-02-28T10:57:55","date_gmt":"2023-02-28T07:57:55","guid":{"rendered":"https:\/\/gaceramic.online\/?post_type=product&#038;p=5720"},"modified":"2025-07-28T17:50:41","modified_gmt":"2025-07-28T14:50:41","slug":"seramik-workshop","status":"publish","type":"product","link":"https:\/\/gaceramic.online\/es\/product\/seramik-workshop\/","title":{"rendered":"Seramik Workshop"},"content":{"rendered":"<p>Sizlere harika bir etkinlik \u00f6nerimiz var!<br \/>\nSeramik workshop&#8217;u ile kendi seramik \u00fcr\u00fcnlerinizi yaratman\u0131n keyfini \u00e7\u0131karabilirsiniz. Tek g\u00fcnl\u00fck etkinlik, yakla\u015f\u0131k 2 saat s\u00fcrer ve tamamen sizin yarat\u0131c\u0131l\u0131\u011f\u0131n\u0131za kalm\u0131\u015f \u015fekilde seramik \u00fcr\u00fcnler tasarlaman\u0131z\u0131 sa\u011flar.<\/p>\n<p>Etkinlik sonunda, \u015fekillendirilen \u00fcr\u00fcnlerinizi minik dekorlar ile boyayabilirsiniz. Kuruyan \u00fcr\u00fcnler e\u011fitmenimiz taraf\u0131ndan \u015feffaf s\u0131r ile s\u0131rlan\u0131p daha sonra sizlere teslim edilecektir. Bu nedenle, \u00fcr\u00fcnleriniz tamamlan\u0131p s\u0131rlanana kadar biraz sab\u0131rl\u0131 olman\u0131z\u0131 rica ediyoruz \u2665\ufe0f<\/p>\n<p>S\u0131r i\u015flemi i\u00e7in \u00f6zel bir ilgi alan\u0131n\u0131z varsa, ayr\u0131ca bir workshop daha sat\u0131n alarak s\u0131rlamay\u0131 istedi\u011finiz renklerde kendiniz de yapabilirsiniz. Bu sayede, seramik sanat\u0131 hakk\u0131nda daha fazla bilgi sahibi olabilirsiniz.<\/p>\n<p>T\u00fcm \u00fcr\u00fcnleriniz tamamland\u0131ktan sonra, yakla\u015f\u0131k 10 g\u00fcn sonra sizlere teslim edilecektir. Kendi yarat\u0131c\u0131l\u0131\u011f\u0131n\u0131zla tasarlad\u0131\u011f\u0131n\u0131z ve s\u0131rlad\u0131\u011f\u0131n\u0131z seramik \u00fcr\u00fcnlerinizi kullanabilir veya sevdiklerinize hediye edebilirsiniz. Unutmay\u0131n, seramik workshop&#8217;u ile sanat\u0131n\u0131z\u0131 ke\u015ffetmenin keyfini \u00e7\u0131karabilirsiniz!<\/p>\n<p>Sanat iyile\u015ftirir<\/p>","protected":false},"excerpt":{"rendered":"<p>Seramik Workshop E\u011fitimi Kad\u0131k\u00f6y Hasanpa\u015fa&#8217;da bulunan merkezi lokasyonunda g\u00fcnl\u00fck aktivite olarak de\u011ferlendirebilece\u011finiz e\u011flenceli bir etkinliktir.<\/p>","protected":false},"featured_media":7054,"comment_status":"open","ping_status":"closed","template":"","meta":{"_uag_custom_page_level_css":"","site-sidebar-layout":"default","site-content-layout":"default","ast-site-content-layout":"default","site-content-style":"default","site-sidebar-style":"default","ast-global-header-display":"","ast-banner-title-visibility":"","ast-main-header-display":"","ast-hfb-above-header-display":"","ast-hfb-below-header-display":"","ast-hfb-mobile-header-display":"","site-post-title":"","ast-breadcrumbs-content":"","ast-featured-img":"","footer-sml-layout":"","theme-transparent-header-meta":"default","adv-header-id-meta":"","stick-header-meta":"","header-above-stick-meta":"","header-main-stick-meta":"","header-below-stick-meta":"","astra-migrate-meta-layouts":"set","ast-page-background-enabled":"default","ast-page-background-meta":{"desktop":{"background-color":"","background-image":"","background-repeat":"repeat","background-position":"center center","background-size":"auto","background-attachment":"scroll","background-type":"","background-media":"","overlay-type":"","overlay-color":"","overlay-opacity":"","overlay-gradient":""},"tablet":{"background-color":"","background-image":"","background-repeat":"repeat","background-position":"center center","background-size":"auto","background-attachment":"scroll","background-type":"","background-media":"","overlay-type":"","overlay-color":"","overlay-opacity":"","overlay-gradient":""},"mobile":{"background-color":"","background-image":"","background-repeat":"repeat","background-position":"center center","background-size":"auto","background-attachment":"scroll","background-type":"","background-media":"","overlay-type":"","overlay-color":"","overlay-opacity":"","overlay-gradient":""}},"ast-content-background-meta":{"desktop":{"background-color":"var(--ast-global-color-5)","background-image":"","background-repeat":"repeat","background-position":"center center","background-size":"auto","background-attachment":"scroll","background-type":"","background-media":"","overlay-type":"","overlay-color":"","overlay-opacity":"","overlay-gradient":""},"tablet":{"background-color":"var(--ast-global-color-5)","background-image":"","background-repeat":"repeat","background-position":"center center","background-size":"auto","background-attachment":"scroll","background-type":"","background-media":"","overlay-type":"","overlay-color":"","overlay-opacity":"","overlay-gradient":""},"mobile":{"background-color":"var(--ast-global-color-5)","background-image":"","background-repeat":"repeat","background-position":"center center","background-size":"auto","background-attachment":"scroll","background-type":"","background-media":"","overlay-type":"","overlay-color":"","overlay-opacity":"","overlay-gradient":""}}},"product_cat":[440],"product_tag":[475,481,476,479,480,477,443,445,478,442,444,441],"class_list":{"0":"post-5720","1":"product","2":"type-product","3":"status-publish","4":"has-post-thumbnail","6":"product_cat-egitim","7":"product_tag-egitim","8":"product_tag-etkinlik","9":"product_tag-hobi","10":"product_tag-kil","11":"product_tag-kurs","12":"product_tag-sanat","13":"product_tag-seramik-egitimi","14":"product_tag-seramik-kurs-kadikoy","15":"product_tag-seramik-sanati","16":"product_tag-seramik-workshop","17":"product_tag-seramik-workshop-kadikoy","18":"product_tag-workshop","19":"product_shipping_class-free-shipping","20":"desktop-align-left","21":"tablet-align-left","22":"mobile-align-left","24":"first","25":"instock","26":"sale","27":"taxable","28":"shipping-taxable","29":"purchasable","30":"product-type-variable"},"jetpack_sharing_enabled":true,"uagb_featured_image_src":{"full":["https:\/\/gaceramic.online\/wp-content\/uploads\/2023\/02\/IMG_7986-scaled.jpeg",1920,2560,false],"thumbnail":["https:\/\/gaceramic.online\/wp-content\/uploads\/2023\/02\/IMG_7986-150x150.jpeg",150,150,true],"medium":["https:\/\/gaceramic.online\/wp-content\/uploads\/2023\/02\/IMG_7986-225x300.jpeg",225,300,true],"medium_large":["https:\/\/gaceramic.online\/wp-content\/uploads\/2023\/02\/IMG_7986-768x1024.jpeg",768,1024,true],"large":["https:\/\/gaceramic.online\/wp-content\/uploads\/2023\/02\/IMG_7986-768x1024.jpeg",768,1024,true],"1536x1536":["https:\/\/gaceramic.online\/wp-content\/uploads\/2023\/02\/IMG_7986-1152x1536.jpeg",1152,1536,true],"2048x2048":["https:\/\/gaceramic.online\/wp-content\/uploads\/2023\/02\/IMG_7986-1536x2048.jpeg",1536,2048,true],"trp-custom-language-flag":["https:\/\/gaceramic.online\/wp-content\/uploads\/2023\/02\/IMG_7986-scaled.jpeg",9,12,false],"woocommerce_thumbnail":["https:\/\/gaceramic.online\/wp-content\/uploads\/2023\/02\/IMG_7986-300x300.jpeg",300,300,true],"woocommerce_single":["https:\/\/gaceramic.online\/wp-content\/uploads\/2023\/02\/IMG_7986-600x800.jpeg",600,800,true],"woocommerce_gallery_thumbnail":["https:\/\/gaceramic.online\/wp-content\/uploads\/2023\/02\/IMG_7986-100x100.jpeg",100,100,true],"variation_swatches_image_size":["https:\/\/gaceramic.online\/wp-content\/uploads\/2023\/02\/IMG_7986-scaled.jpeg",38,50,false],"variation_swatches_tooltip_size":["https:\/\/gaceramic.online\/wp-content\/uploads\/2023\/02\/IMG_7986-scaled.jpeg",75,100,false]},"uagb_author_info":{"display_name":"gaceramic","author_link":"https:\/\/gaceramic.online\/es\/author\/"},"uagb_comment_info":5,"uagb_excerpt":"Seramik Workshop E\u011fitimi Kad\u0131k\u00f6y Hasanpa\u015fa'da bulunan merkezi lokasyonunda g\u00fcnl\u00fck aktivite olarak de\u011ferlendirebilece\u011finiz e\u011flenceli bir etkinliktir.","_links":{"self":[{"href":"https:\/\/gaceramic.online\/es\/wp-json\/wp\/v2\/product\/5720","targetHints":{"allow":["GET"]}}],"collection":[{"href":"https:\/\/gaceramic.online\/es\/wp-json\/wp\/v2\/product"}],"about":[{"href":"https:\/\/gaceramic.online\/es\/wp-json\/wp\/v2\/types\/product"}],"replies":[{"embeddable":true,"href":"https:\/\/gaceramic.online\/es\/wp-json\/wp\/v2\/comments?post=5720"}],"version-history":[{"count":5,"href":"https:\/\/gaceramic.online\/es\/wp-json\/wp\/v2\/product\/5720\/revisions"}],"predecessor-version":[{"id":5935,"href":"https:\/\/gaceramic.online\/es\/wp-json\/wp\/v2\/product\/5720\/revisions\/5935"}],"wp:featuredmedia":[{"embeddable":true,"href":"https:\/\/gaceramic.online\/es\/wp-json\/wp\/v2\/media\/7054"}],"wp:attachment":[{"href":"https:\/\/gaceramic.online\/es\/wp-json\/wp\/v2\/media?parent=5720"}],"wp:term":[{"taxonomy":"product_cat","embeddable":true,"href":"https:\/\/gaceramic.online\/es\/wp-json\/wp\/v2\/product_cat?post=5720"},{"taxonomy":"product_tag","embeddable":true,"href":"https:\/\/gaceramic.online\/es\/wp-json\/wp\/v2\/product_tag?post=5720"}],"curies":[{"name":"wp","href":"https:\/\/api.w.org\/{rel}","templated":true}]}}