{"id":1940,"date":"2020-11-14T20:30:38","date_gmt":"2020-11-14T17:30:38","guid":{"rendered":"https:\/\/gaceramic.online\/?post_type=product&#038;p=1940"},"modified":"2025-07-22T14:57:26","modified_gmt":"2025-07-22T11:57:26","slug":"terra-meze-kasesi","status":"publish","type":"product","link":"https:\/\/gaceramic.online\/es\/product\/terra-meze-kasesi\/","title":{"rendered":"Terra Kase"},"content":{"rendered":"<div class=\"col-md-12 info-title\">\u00dcR\u00dcN :\u00a0Terra Meze Kasesi<\/div>\n<div class=\"clearfix spanline\"><\/div>\n<div class=\"col-md-12 info-title\">TASARIMCI :\u00a0GA Ceramic<\/div>\n<div class=\"clearfix spanline\"><\/div>\n<div class=\"col-md-12 info-title\">\u00dcR\u00dcN EBATI :\u00a011,5 x 4,5 cm<\/div>\n<div class=\"clearfix spanline\"><\/div>\n<div class=\"col-md-12 info-title\">MATERYAL:\u00a0Seramik<\/div>\n<div class=\"clearfix spanline\"><\/div>\n<div class=\"col-md-12 info-title\">BAKIM:\u00a0Bula\u015f\u0131k makinesinde y\u0131kanabilir<\/div>\n<div class=\"clearfix spanline\"><\/div>\n<div class=\"col-md-12 info-title\">\u00dcR\u00dcN KODU :\u00a0GA11031<\/div>","protected":false},"excerpt":{"rendered":"<p>\u0130thal hammadde kullan\u0131larak \u00fcretilmi\u015ftir.<br \/>\nBula\u015f\u0131k makinesinde y\u0131kanabilir.<br \/>\nS\u0131cak ve so\u011fuk g\u0131da servisi i\u00e7in uygundur.<\/p>","protected":false},"featured_media":1941,"comment_status":"open","ping_status":"closed","template":"","meta":{"_uag_custom_page_level_css":"","site-sidebar-layout":"default","site-content-layout":null,"ast-site-content-layout":"","site-content-style":"default","site-sidebar-style":"default","ast-global-header-display":"","ast-banner-title-visibility":"","ast-main-header-display":"","ast-hfb-above-header-display":null,"ast-hfb-below-header-display":null,"ast-hfb-mobile-header-display":null,"site-post-title":"","ast-breadcrumbs-content":null,"ast-featured-img":"","footer-sml-layout":"","theme-transparent-header-meta":"default","adv-header-id-meta":null,"stick-header-meta":null,"header-above-stick-meta":null,"header-main-stick-meta":null,"header-below-stick-meta":null,"astra-migrate-meta-layouts":"default","ast-page-background-enabled":"default","ast-page-background-meta":{"desktop":{"background-color":"","background-image":"","background-repeat":"repeat","background-position":"center center","background-size":"auto","background-attachment":"scroll","background-type":"","background-media":"","overlay-type":"","overlay-color":"","overlay-opacity":"","overlay-gradient":""},"tablet":{"background-color":"","background-image":"","background-repeat":"repeat","background-position":"center center","background-size":"auto","background-attachment":"scroll","background-type":"","background-media":"","overlay-type":"","overlay-color":"","overlay-opacity":"","overlay-gradient":""},"mobile":{"background-color":"","background-image":"","background-repeat":"repeat","background-position":"center center","background-size":"auto","background-attachment":"scroll","background-type":"","background-media":"","overlay-type":"","overlay-color":"","overlay-opacity":"","overlay-gradient":""}},"ast-content-background-meta":{"desktop":{"background-color":"var(--ast-global-color-5)","background-image":"","background-repeat":"repeat","background-position":"center center","background-size":"auto","background-attachment":"scroll","background-type":"","background-media":"","overlay-type":"","overlay-color":"","overlay-opacity":"","overlay-gradient":""},"tablet":{"background-color":"var(--ast-global-color-5)","background-image":"","background-repeat":"repeat","background-position":"center center","background-size":"auto","background-attachment":"scroll","background-type":"","background-media":"","overlay-type":"","overlay-color":"","overlay-opacity":"","overlay-gradient":""},"mobile":{"background-color":"var(--ast-global-color-5)","background-image":"","background-repeat":"repeat","background-position":"center center","background-size":"auto","background-attachment":"scroll","background-type":"","background-media":"","overlay-type":"","overlay-color":"","overlay-opacity":"","overlay-gradient":""}}},"product_cat":[55],"product_tag":[307,290,123,299,188,68,400,401,402,203,391,235,403,389,349,399,353,347],"class_list":{"0":"post-1940","1":"product","2":"type-product","3":"status-publish","4":"has-post-thumbnail","6":"product_cat-kase","7":"product_tag-el-yapim-seramik","8":"product_tag-el-yapimi","9":"product_tag-handmade","10":"product_tag-hediyelik","11":"product_tag-homedecor","12":"product_tag-kase","13":"product_tag-meze","14":"product_tag-meze-tabagi","15":"product_tag-meze-tabak","16":"product_tag-obje","17":"product_tag-palyaco","18":"product_tag-saksi","19":"product_tag-seramik-meze-tabagi","20":"product_tag-seramik-saksi","21":"product_tag-seramik-tabak","22":"product_tag-terra","23":"product_tag-yemek-masasi-obje","24":"product_tag-yemek-set","25":"desktop-align-left","26":"tablet-align-left","27":"mobile-align-left","29":"first","30":"instock","31":"sale","32":"taxable","33":"shipping-taxable","34":"purchasable","35":"product-type-simple"},"jetpack_sharing_enabled":true,"uagb_featured_image_src":{"full":["https:\/\/gaceramic.online\/wp-content\/uploads\/2020\/11\/meze-kase.jpg",1200,1800,false],"thumbnail":["https:\/\/gaceramic.online\/wp-content\/uploads\/2020\/11\/meze-kase-150x150.jpg",150,150,true],"medium":["https:\/\/gaceramic.online\/wp-content\/uploads\/2020\/11\/meze-kase-200x300.jpg",200,300,true],"medium_large":["https:\/\/gaceramic.online\/wp-content\/uploads\/2020\/11\/meze-kase-768x1152.jpg",768,1152,true],"large":["https:\/\/gaceramic.online\/wp-content\/uploads\/2020\/11\/meze-kase-683x1024.jpg",683,1024,true],"1536x1536":["https:\/\/gaceramic.online\/wp-content\/uploads\/2020\/11\/meze-kase-1024x1536.jpg",1024,1536,true],"2048x2048":["https:\/\/gaceramic.online\/wp-content\/uploads\/2020\/11\/meze-kase.jpg",1200,1800,false],"trp-custom-language-flag":["https:\/\/gaceramic.online\/wp-content\/uploads\/2020\/11\/meze-kase.jpg",8,12,false],"woocommerce_thumbnail":["https:\/\/gaceramic.online\/wp-content\/uploads\/2020\/11\/meze-kase-300x300.jpg",300,300,true],"woocommerce_single":["https:\/\/gaceramic.online\/wp-content\/uploads\/2020\/11\/meze-kase-600x900.jpg",600,900,true],"woocommerce_gallery_thumbnail":["https:\/\/gaceramic.online\/wp-content\/uploads\/2020\/11\/meze-kase-100x100.jpg",100,100,true],"variation_swatches_image_size":["https:\/\/gaceramic.online\/wp-content\/uploads\/2020\/11\/meze-kase.jpg",33,50,false],"variation_swatches_tooltip_size":["https:\/\/gaceramic.online\/wp-content\/uploads\/2020\/11\/meze-kase.jpg",67,100,false]},"uagb_author_info":{"display_name":"gaceramic","author_link":"https:\/\/gaceramic.online\/es\/author\/"},"uagb_comment_info":0,"uagb_excerpt":"\u0130thal hammadde kullan\u0131larak \u00fcretilmi\u015ftir. Bula\u015f\u0131k makinesinde y\u0131kanabilir. S\u0131cak ve so\u011fuk g\u0131da servisi i\u00e7in uygundur.","_links":{"self":[{"href":"https:\/\/gaceramic.online\/es\/wp-json\/wp\/v2\/product\/1940","targetHints":{"allow":["GET"]}}],"collection":[{"href":"https:\/\/gaceramic.online\/es\/wp-json\/wp\/v2\/product"}],"about":[{"href":"https:\/\/gaceramic.online\/es\/wp-json\/wp\/v2\/types\/product"}],"replies":[{"embeddable":true,"href":"https:\/\/gaceramic.online\/es\/wp-json\/wp\/v2\/comments?post=1940"}],"version-history":[{"count":2,"href":"https:\/\/gaceramic.online\/es\/wp-json\/wp\/v2\/product\/1940\/revisions"}],"predecessor-version":[{"id":8615,"href":"https:\/\/gaceramic.online\/es\/wp-json\/wp\/v2\/product\/1940\/revisions\/8615"}],"wp:featuredmedia":[{"embeddable":true,"href":"https:\/\/gaceramic.online\/es\/wp-json\/wp\/v2\/media\/1941"}],"wp:attachment":[{"href":"https:\/\/gaceramic.online\/es\/wp-json\/wp\/v2\/media?parent=1940"}],"wp:term":[{"taxonomy":"product_cat","embeddable":true,"href":"https:\/\/gaceramic.online\/es\/wp-json\/wp\/v2\/product_cat?post=1940"},{"taxonomy":"product_tag","embeddable":true,"href":"https:\/\/gaceramic.online\/es\/wp-json\/wp\/v2\/product_tag?post=1940"}],"curies":[{"name":"wp","href":"https:\/\/api.w.org\/{rel}","templated":true}]}}