{"id":1845,"date":"2020-11-13T21:52:29","date_gmt":"2020-11-13T18:52:29","guid":{"rendered":"https:\/\/gaceramic.online\/?post_type=product&#038;p=1845"},"modified":"2024-11-22T15:27:31","modified_gmt":"2024-11-22T12:27:31","slug":"stoneware-catal","status":"publish","type":"product","link":"https:\/\/gaceramic.online\/es\/product\/stoneware-catal\/","title":{"rendered":"Stoneware \u00c7atal Kahverengi"},"content":{"rendered":"<div class=\"col-md-12 info-title\">\n<p>Sade ve minimalist bir tarz\u0131 benimseyen bu set, her mutfak dekorasyonuna uyum sa\u011flayacak \u015fekilde tasarlanm\u0131\u015ft\u0131r.<\/p>\n<p>Daha sa\u011flam olmas\u0131 i\u00e7in Stoneware \u00e7amur kullan\u0131larak \u00fcretilmi\u015ftir.\u00a0 Servis ve Sunumlar\u0131n\u0131z\u0131 bu ka\u015f\u0131k ve \u00e7atal seti ile yaparak sofralar\u0131n\u0131zda fark yaratabilirsiniz. Bu set Sa\u011fl\u0131kl\u0131 ve do\u011fal bir yemek deneyimi sunmay\u0131 hedefler. Stoneware malzeme, g\u0131dayla temas eden bir y\u00fczeyde kullan\u0131ld\u0131\u011f\u0131nda g\u00fcvenli ve hijyeniktir.<\/p>\n<p>&nbsp;<\/p>\n<p>&nbsp;<\/p>\n<\/div>","protected":false},"excerpt":{"rendered":"<p>\u0130thal hammadde kullan\u0131larak \u00fcretilmi\u015ftir.<br \/>\nBula\u015f\u0131k makinesinde y\u0131kanabilir.<br \/>\nS\u0131cak ve so\u011fuk g\u0131da servisi i\u00e7in uygundur.<\/p>","protected":false},"featured_media":1846,"comment_status":"open","ping_status":"closed","template":"","meta":{"_uag_custom_page_level_css":"","site-sidebar-layout":"default","site-content-layout":null,"ast-site-content-layout":"","site-content-style":"default","site-sidebar-style":"default","ast-global-header-display":"","ast-banner-title-visibility":"","ast-main-header-display":"","ast-hfb-above-header-display":null,"ast-hfb-below-header-display":null,"ast-hfb-mobile-header-display":null,"site-post-title":"","ast-breadcrumbs-content":null,"ast-featured-img":"","footer-sml-layout":"","theme-transparent-header-meta":"default","adv-header-id-meta":null,"stick-header-meta":null,"header-above-stick-meta":null,"header-main-stick-meta":null,"header-below-stick-meta":null,"astra-migrate-meta-layouts":"default","ast-page-background-enabled":"default","ast-page-background-meta":{"desktop":{"background-color":"","background-image":"","background-repeat":"repeat","background-position":"center center","background-size":"auto","background-attachment":"scroll","background-type":"","background-media":"","overlay-type":"","overlay-color":"","overlay-opacity":"","overlay-gradient":""},"tablet":{"background-color":"","background-image":"","background-repeat":"repeat","background-position":"center center","background-size":"auto","background-attachment":"scroll","background-type":"","background-media":"","overlay-type":"","overlay-color":"","overlay-opacity":"","overlay-gradient":""},"mobile":{"background-color":"","background-image":"","background-repeat":"repeat","background-position":"center center","background-size":"auto","background-attachment":"scroll","background-type":"","background-media":"","overlay-type":"","overlay-color":"","overlay-opacity":"","overlay-gradient":""}},"ast-content-background-meta":{"desktop":{"background-color":"var(--ast-global-color-5)","background-image":"","background-repeat":"repeat","background-position":"center center","background-size":"auto","background-attachment":"scroll","background-type":"","background-media":"","overlay-type":"","overlay-color":"","overlay-opacity":"","overlay-gradient":""},"tablet":{"background-color":"var(--ast-global-color-5)","background-image":"","background-repeat":"repeat","background-position":"center center","background-size":"auto","background-attachment":"scroll","background-type":"","background-media":"","overlay-type":"","overlay-color":"","overlay-opacity":"","overlay-gradient":""},"mobile":{"background-color":"var(--ast-global-color-5)","background-image":"","background-repeat":"repeat","background-position":"center center","background-size":"auto","background-attachment":"scroll","background-type":"","background-media":"","overlay-type":"","overlay-color":"","overlay-opacity":"","overlay-gradient":""}}},"product_cat":[60],"product_tag":[429,307,290,123,299,188,422,425,430,421,431,432,418],"class_list":{"0":"post-1845","1":"product","2":"type-product","3":"status-publish","4":"has-post-thumbnail","6":"product_cat-kasik-catal","7":"product_tag-catal","8":"product_tag-el-yapim-seramik","9":"product_tag-el-yapimi","10":"product_tag-handmade","11":"product_tag-hediyelik","12":"product_tag-homedecor","13":"product_tag-kasik","14":"product_tag-renkli-kasik","15":"product_tag-seramik-catal","16":"product_tag-seramik-kasik","17":"product_tag-stoneware-kasik","18":"product_tag-stonware-catal","19":"product_tag-sunumluk","20":"desktop-align-left","21":"tablet-align-left","22":"mobile-align-left","24":"first","25":"instock","26":"taxable","27":"shipping-taxable","28":"purchasable","29":"product-type-simple"},"jetpack_sharing_enabled":true,"uagb_featured_image_src":{"full":["https:\/\/gaceramic.online\/wp-content\/uploads\/2020\/11\/GA11014-kopya.jpg",1200,1800,false],"thumbnail":["https:\/\/gaceramic.online\/wp-content\/uploads\/2020\/11\/GA11014-kopya-150x150.jpg",150,150,true],"medium":["https:\/\/gaceramic.online\/wp-content\/uploads\/2020\/11\/GA11014-kopya-200x300.jpg",200,300,true],"medium_large":["https:\/\/gaceramic.online\/wp-content\/uploads\/2020\/11\/GA11014-kopya-768x1152.jpg",768,1152,true],"large":["https:\/\/gaceramic.online\/wp-content\/uploads\/2020\/11\/GA11014-kopya-683x1024.jpg",683,1024,true],"1536x1536":["https:\/\/gaceramic.online\/wp-content\/uploads\/2020\/11\/GA11014-kopya-1024x1536.jpg",1024,1536,true],"2048x2048":["https:\/\/gaceramic.online\/wp-content\/uploads\/2020\/11\/GA11014-kopya.jpg",1200,1800,false],"trp-custom-language-flag":["https:\/\/gaceramic.online\/wp-content\/uploads\/2020\/11\/GA11014-kopya.jpg",8,12,false],"woocommerce_thumbnail":["https:\/\/gaceramic.online\/wp-content\/uploads\/2020\/11\/GA11014-kopya-300x300.jpg",300,300,true],"woocommerce_single":["https:\/\/gaceramic.online\/wp-content\/uploads\/2020\/11\/GA11014-kopya-600x900.jpg",600,900,true],"woocommerce_gallery_thumbnail":["https:\/\/gaceramic.online\/wp-content\/uploads\/2020\/11\/GA11014-kopya-100x100.jpg",100,100,true],"variation_swatches_image_size":["https:\/\/gaceramic.online\/wp-content\/uploads\/2020\/11\/GA11014-kopya.jpg",33,50,false],"variation_swatches_tooltip_size":["https:\/\/gaceramic.online\/wp-content\/uploads\/2020\/11\/GA11014-kopya.jpg",67,100,false]},"uagb_author_info":{"display_name":"gaceramic","author_link":"https:\/\/gaceramic.online\/es\/author\/"},"uagb_comment_info":3,"uagb_excerpt":"\u0130thal hammadde kullan\u0131larak \u00fcretilmi\u015ftir. Bula\u015f\u0131k makinesinde y\u0131kanabilir. S\u0131cak ve so\u011fuk g\u0131da servisi i\u00e7in uygundur.","_links":{"self":[{"href":"https:\/\/gaceramic.online\/es\/wp-json\/wp\/v2\/product\/1845","targetHints":{"allow":["GET"]}}],"collection":[{"href":"https:\/\/gaceramic.online\/es\/wp-json\/wp\/v2\/product"}],"about":[{"href":"https:\/\/gaceramic.online\/es\/wp-json\/wp\/v2\/types\/product"}],"replies":[{"embeddable":true,"href":"https:\/\/gaceramic.online\/es\/wp-json\/wp\/v2\/comments?post=1845"}],"version-history":[{"count":3,"href":"https:\/\/gaceramic.online\/es\/wp-json\/wp\/v2\/product\/1845\/revisions"}],"predecessor-version":[{"id":7161,"href":"https:\/\/gaceramic.online\/es\/wp-json\/wp\/v2\/product\/1845\/revisions\/7161"}],"wp:featuredmedia":[{"embeddable":true,"href":"https:\/\/gaceramic.online\/es\/wp-json\/wp\/v2\/media\/1846"}],"wp:attachment":[{"href":"https:\/\/gaceramic.online\/es\/wp-json\/wp\/v2\/media?parent=1845"}],"wp:term":[{"taxonomy":"product_cat","embeddable":true,"href":"https:\/\/gaceramic.online\/es\/wp-json\/wp\/v2\/product_cat?post=1845"},{"taxonomy":"product_tag","embeddable":true,"href":"https:\/\/gaceramic.online\/es\/wp-json\/wp\/v2\/product_tag?post=1845"}],"curies":[{"name":"wp","href":"https:\/\/api.w.org\/{rel}","templated":true}]}}