{"id":8605,"date":"2025-07-04T14:31:27","date_gmt":"2025-07-04T11:31:27","guid":{"rendered":"https:\/\/gaceramic.online\/?post_type=product&#038;p=8605"},"modified":"2025-09-14T12:41:26","modified_gmt":"2025-09-14T09:41:26","slug":"workshop-keramikmalerei-gestalten-sie-ihre-eigene-keramik","status":"publish","type":"product","link":"https:\/\/gaceramic.online\/de\/product\/workshop-keramikmalerei-gestalten-sie-ihre-eigene-keramik\/","title":{"rendered":"Keramikmalerei-Workshop | Gestalten Sie Ihre eigenen Keramiken"},"content":{"rendered":"<p>In unserer Werkstatt k\u00f6nnen Sie frei mit keramischen Glasuren dekorieren, indem Sie eines der unbemalten, sorgf\u00e4ltig vorbereiteten Keramikprodukte (Kekse) ausw\u00e4hlen. Gestalten Sie mit Farben, Mustern und Ihrer Fantasie ein ganz eigenes Design.<\/p>\n<p>Am Ende der Aktivit\u00e4t ist Ihr fertiges Werk sowohl f\u00fcr den Kontakt mit Lebensmitteln geeignet als auch sp\u00fclmaschinenfest.<\/p>\n<p>Wir laden Sie zu einem angenehmen, kreativen und entspannenden Erlebnis in unsere Werkstatt ein!<\/p>\n<p>1 Produkt (1,5 Stunden) Auswahl ist im Veranstaltungspaket enthalten.<\/p>","protected":false},"excerpt":{"rendered":"<p>Wie w\u00e4re es, wenn Sie in unserer Werkstatt Ihre eigenen Keramiken bemalen? Gestalten Sie originelle Designs mit keramischen Glasuren, machen Sie sie lebensmittelecht und sp\u00fclmaschinenfest. Das Veranstaltungspaket umfasst 1 Produkt (1,5 Stunden) Auswahl. Das erste Produkt ist im Preis inbegriffen, zus\u00e4tzliches Produkt +250 TL.<\/p>","protected":false},"featured_media":7808,"comment_status":"open","ping_status":"closed","template":"","meta":{"_uag_custom_page_level_css":"","site-sidebar-layout":"default","site-content-layout":"","ast-site-content-layout":"default","site-content-style":"default","site-sidebar-style":"default","ast-global-header-display":"","ast-banner-title-visibility":"","ast-main-header-display":"","ast-hfb-above-header-display":"","ast-hfb-below-header-display":"","ast-hfb-mobile-header-display":"","site-post-title":"","ast-breadcrumbs-content":"","ast-featured-img":"","footer-sml-layout":"","theme-transparent-header-meta":"default","adv-header-id-meta":"","stick-header-meta":"","header-above-stick-meta":"","header-main-stick-meta":"","header-below-stick-meta":"","astra-migrate-meta-layouts":"set","ast-page-background-enabled":"default","ast-page-background-meta":{"desktop":{"background-color":"","background-image":"","background-repeat":"repeat","background-position":"center center","background-size":"auto","background-attachment":"scroll","background-type":"","background-media":"","overlay-type":"","overlay-color":"","overlay-opacity":"","overlay-gradient":""},"tablet":{"background-color":"","background-image":"","background-repeat":"repeat","background-position":"center center","background-size":"auto","background-attachment":"scroll","background-type":"","background-media":"","overlay-type":"","overlay-color":"","overlay-opacity":"","overlay-gradient":""},"mobile":{"background-color":"","background-image":"","background-repeat":"repeat","background-position":"center center","background-size":"auto","background-attachment":"scroll","background-type":"","background-media":"","overlay-type":"","overlay-color":"","overlay-opacity":"","overlay-gradient":""}},"ast-content-background-meta":{"desktop":{"background-color":"var(--ast-global-color-5)","background-image":"","background-repeat":"repeat","background-position":"center center","background-size":"auto","background-attachment":"scroll","background-type":"","background-media":"","overlay-type":"","overlay-color":"","overlay-opacity":"","overlay-gradient":""},"tablet":{"background-color":"var(--ast-global-color-5)","background-image":"","background-repeat":"repeat","background-position":"center center","background-size":"auto","background-attachment":"scroll","background-type":"","background-media":"","overlay-type":"","overlay-color":"","overlay-opacity":"","overlay-gradient":""},"mobile":{"background-color":"var(--ast-global-color-5)","background-image":"","background-repeat":"repeat","background-position":"center center","background-size":"auto","background-attachment":"scroll","background-type":"","background-media":"","overlay-type":"","overlay-color":"","overlay-opacity":"","overlay-gradient":""}}},"product_cat":[848],"product_tag":[964,945,952,956,965,957,960,961,944,949,963,959,966,948,946,955,950,954,958,962,951,838,943,478,953,442,947],"class_list":{"0":"post-8605","1":"product","2":"type-product","3":"status-publish","4":"has-post-thumbnail","6":"product_cat-seramik-kurs","7":"product_tag-art-workshop-istanbul","8":"product_tag-atolye-etkinligi","9":"product_tag-biskuvi-seramik-boyama","10":"product_tag-ceramic-painting","11":"product_tag-ceramic-studio","12":"product_tag-ceramic-workshop","13":"product_tag-creative-workshop","14":"product_tag-diy-ceramics","15":"product_tag-el-boyama-seramik","16":"product_tag-el-ile-uret","17":"product_tag-glaze-painting","18":"product_tag-hand-painted-ceramics","19":"product_tag-handmade-experience","20":"product_tag-hobi-atolyesi","21":"product_tag-istanbul-etkinlik","22":"product_tag-kadikoy-atolye","23":"product_tag-kendin-yap","24":"product_tag-kisiye-ozel-seramik","25":"product_tag-paint-your-own-ceramic","26":"product_tag-pottery-class","27":"product_tag-sanat-atolyesi","28":"product_tag-seramik-atolyesi","29":"product_tag-seramik-boyama","30":"product_tag-seramik-sanati","31":"product_tag-seramik-sir","32":"product_tag-seramik-workshop","33":"product_tag-yaratici-etkinlik","34":"desktop-align-left","35":"tablet-align-left","36":"mobile-align-left","38":"first","39":"instock","40":"taxable","41":"shipping-taxable","42":"purchasable","43":"product-type-simple"},"jetpack_sharing_enabled":true,"uagb_featured_image_src":{"full":["https:\/\/gaceramic.online\/wp-content\/uploads\/2024\/03\/IMG_2384-scaled.jpeg",1440,2560,false],"thumbnail":["https:\/\/gaceramic.online\/wp-content\/uploads\/2024\/03\/IMG_2384-150x150.jpeg",150,150,true],"medium":["https:\/\/gaceramic.online\/wp-content\/uploads\/2024\/03\/IMG_2384-169x300.jpeg",169,300,true],"medium_large":["https:\/\/gaceramic.online\/wp-content\/uploads\/2024\/03\/IMG_2384-768x1365.jpeg",768,1365,true],"large":["https:\/\/gaceramic.online\/wp-content\/uploads\/2024\/03\/IMG_2384-576x1024.jpeg",576,1024,true],"1536x1536":["https:\/\/gaceramic.online\/wp-content\/uploads\/2024\/03\/IMG_2384-864x1536.jpeg",864,1536,true],"2048x2048":["https:\/\/gaceramic.online\/wp-content\/uploads\/2024\/03\/IMG_2384-1152x2048.jpeg",1152,2048,true],"trp-custom-language-flag":["https:\/\/gaceramic.online\/wp-content\/uploads\/2024\/03\/IMG_2384-scaled.jpeg",7,12,false],"woocommerce_thumbnail":["https:\/\/gaceramic.online\/wp-content\/uploads\/2024\/03\/IMG_2384-300x300.jpeg",300,300,true],"woocommerce_single":["https:\/\/gaceramic.online\/wp-content\/uploads\/2024\/03\/IMG_2384-600x1067.jpeg",600,1067,true],"woocommerce_gallery_thumbnail":["https:\/\/gaceramic.online\/wp-content\/uploads\/2024\/03\/IMG_2384-100x100.jpeg",100,100,true],"variation_swatches_image_size":["https:\/\/gaceramic.online\/wp-content\/uploads\/2024\/03\/IMG_2384-scaled.jpeg",28,50,false],"variation_swatches_tooltip_size":["https:\/\/gaceramic.online\/wp-content\/uploads\/2024\/03\/IMG_2384-scaled.jpeg",56,100,false]},"uagb_author_info":{"display_name":"gaceramic","author_link":"https:\/\/gaceramic.online\/de\/author\/"},"uagb_comment_info":0,"uagb_excerpt":"At\u00f6lyemizde kendi serami\u011fini boyamaya ne dersin? Seramik s\u0131rlarla \u00f6zg\u00fcn tasar\u0131mlar yap, g\u0131daya uygun ve bula\u015f\u0131k makinesinde y\u0131kanabilir hale getir. Etkinlik paketine 1 adet \u00fcr\u00fcn (1,5 Saat ) se\u00e7imi dahildir. \u0130lk \u00fcr\u00fcn fiyata dahil, ek \u00fcr\u00fcn +250 TL.","_links":{"self":[{"href":"https:\/\/gaceramic.online\/de\/wp-json\/wp\/v2\/product\/8605","targetHints":{"allow":["GET"]}}],"collection":[{"href":"https:\/\/gaceramic.online\/de\/wp-json\/wp\/v2\/product"}],"about":[{"href":"https:\/\/gaceramic.online\/de\/wp-json\/wp\/v2\/types\/product"}],"replies":[{"embeddable":true,"href":"https:\/\/gaceramic.online\/de\/wp-json\/wp\/v2\/comments?post=8605"}],"version-history":[{"count":3,"href":"https:\/\/gaceramic.online\/de\/wp-json\/wp\/v2\/product\/8605\/revisions"}],"predecessor-version":[{"id":8619,"href":"https:\/\/gaceramic.online\/de\/wp-json\/wp\/v2\/product\/8605\/revisions\/8619"}],"wp:featuredmedia":[{"embeddable":true,"href":"https:\/\/gaceramic.online\/de\/wp-json\/wp\/v2\/media\/7808"}],"wp:attachment":[{"href":"https:\/\/gaceramic.online\/de\/wp-json\/wp\/v2\/media?parent=8605"}],"wp:term":[{"taxonomy":"product_cat","embeddable":true,"href":"https:\/\/gaceramic.online\/de\/wp-json\/wp\/v2\/product_cat?post=8605"},{"taxonomy":"product_tag","embeddable":true,"href":"https:\/\/gaceramic.online\/de\/wp-json\/wp\/v2\/product_tag?post=8605"}],"curies":[{"name":"wp","href":"https:\/\/api.w.org\/{rel}","templated":true}]}}