{"id":8548,"date":"2025-04-25T15:07:04","date_gmt":"2025-04-25T12:07:04","guid":{"rendered":"https:\/\/gaceramic.online\/?post_type=product&#038;p=8548"},"modified":"2025-06-02T11:14:59","modified_gmt":"2025-06-02T08:14:59","slug":"10-gunluk-seramik-egitimi-atolye-kurmak-isteyenler-icin","status":"publish","type":"product","link":"https:\/\/gaceramic.online\/de\/product\/10-gunluk-seramik-egitimi-atolye-kurmak-isteyenler-icin\/","title":{"rendered":"10-TAGE-KERAMIK-SCHULUNG - (F\u00fcr diejenigen, die eine Werkstatt einrichten wollen)"},"content":{"rendered":"<div>Seramik tutkunuysan\u0131z ve bu i\u015fi profesyonel olarak yapmak istiyorsan\u0131z, size \u00f6zel tasarlad\u0131\u011f\u0131m 10 g\u00fcnl\u00fck h\u0131zland\u0131r\u0131lm\u0131\u015f seramik kursu tam size g\u00f6re!<\/div>\n<div><\/div>\n<div>Bu e\u011fitim, seramik alan\u0131nda kendi markas\u0131n\u0131 yaratmak isteyen giri\u015fimciler i\u00e7in haz\u0131rlanm\u0131\u015ft\u0131r. At\u00f6lye kurulum s\u00fcrecinden, do\u011fru malzeme kullan\u0131m\u0131na; f\u0131r\u0131n se\u00e7iminden, \u00fcr\u00fcn fiyatland\u0131rmas\u0131na kadar ihtiya\u00e7 duyaca\u011f\u0131n\u0131z t\u00fcm bilgiler, uygulamal\u0131 olarak bu e\u011fitimde yer al\u0131yor.<\/div>\n<div><\/div>\n<div>Kimler Kat\u0131lmal\u0131?<\/div>\n<div>\u2022Kendi seramik markas\u0131n\u0131 kurmak isteyenler<\/div>\n<div>\u2022K\u0131sa s\u00fcrede yo\u011fun ve kapsaml\u0131 bilgi almak isteyenler<\/div>\n<div>\u2022At\u00f6lye a\u00e7ma s\u00fcrecinde profesyonel rehberlik arayanlar<\/div>\n<div>\u2022Hem teknik bilgi hem de i\u015f plan\u0131 geli\u015ftirmek isteyen giri\u015fimciler<\/div>\n<div><\/div>\n<div>E\u011fitim \u0130\u00e7eri\u011fi:<\/div>\n<div>\u2022Temel ve ileri d\u00fczey seramik teknikleri<\/div>\n<div>\u2022Kal\u0131p alma ve \u00fcretim y\u00f6ntemleri<\/div>\n<div>\u2022F\u0131r\u0131n kullan\u0131m\u0131 ve pi\u015firim teknikleri<\/div>\n<div>\u2022S\u0131r ve y\u00fczey uygulamalar\u0131<\/div>\n<div>\u2022\u00dcr\u00fcn tasar\u0131m\u0131 ve koleksiyon olu\u015fturma<\/div>\n<div>\u2022At\u00f6lye kurulum rehberi ve maliyet planlamas\u0131<\/div>\n<div>\u2022Marka olu\u015fturma, pazarlama ve sat\u0131\u015f kanallar\u0131<\/div>","protected":false},"excerpt":{"rendered":"<p>Seramikle profesyonel olarak ilgilenmek, kendi at\u00f6lyeni kurmak ve bu i\u015ften gelir elde etmek istiyorsan, bu e\u011fitim tam sana g\u00f6re!<br \/>\n10 g\u00fcn boyunca yo\u011funla\u015ft\u0131r\u0131lm\u0131\u015f i\u00e7erikle, seramik \u00fcretim tekniklerinden, at\u00f6lye kurulumuna kadar her \u015feyi uygulamal\u0131 olarak \u00f6\u011freniyorsun.<br \/>\n\u00dcstelik e\u011fitim sonunda kendi seramik markan\u0131 kurmaya haz\u0131r olacaks\u0131n.<\/p>\n<p>Online kay\u0131t ile yerini hemen ay\u0131rt. Kontenjan s\u0131n\u0131rl\u0131!<br \/>\nAt\u00f6lyeni kurmak i\u00e7in ilk ad\u0131m\u0131 \u015fimdi at!<\/p>","protected":false},"featured_media":8561,"comment_status":"open","ping_status":"closed","template":"","meta":{"_uag_custom_page_level_css":"","site-sidebar-layout":"default","site-content-layout":"","ast-site-content-layout":"default","site-content-style":"default","site-sidebar-style":"default","ast-global-header-display":"","ast-banner-title-visibility":"","ast-main-header-display":"","ast-hfb-above-header-display":"","ast-hfb-below-header-display":"","ast-hfb-mobile-header-display":"","site-post-title":"","ast-breadcrumbs-content":"","ast-featured-img":"","footer-sml-layout":"","theme-transparent-header-meta":"default","adv-header-id-meta":"","stick-header-meta":"","header-above-stick-meta":"","header-main-stick-meta":"","header-below-stick-meta":"","astra-migrate-meta-layouts":"set","ast-page-background-enabled":"default","ast-page-background-meta":{"desktop":{"background-color":"","background-image":"","background-repeat":"repeat","background-position":"center center","background-size":"auto","background-attachment":"scroll","background-type":"","background-media":"","overlay-type":"","overlay-color":"","overlay-opacity":"","overlay-gradient":""},"tablet":{"background-color":"","background-image":"","background-repeat":"repeat","background-position":"center center","background-size":"auto","background-attachment":"scroll","background-type":"","background-media":"","overlay-type":"","overlay-color":"","overlay-opacity":"","overlay-gradient":""},"mobile":{"background-color":"","background-image":"","background-repeat":"repeat","background-position":"center center","background-size":"auto","background-attachment":"scroll","background-type":"","background-media":"","overlay-type":"","overlay-color":"","overlay-opacity":"","overlay-gradient":""}},"ast-content-background-meta":{"desktop":{"background-color":"var(--ast-global-color-5)","background-image":"","background-repeat":"repeat","background-position":"center center","background-size":"auto","background-attachment":"scroll","background-type":"","background-media":"","overlay-type":"","overlay-color":"","overlay-opacity":"","overlay-gradient":""},"tablet":{"background-color":"var(--ast-global-color-5)","background-image":"","background-repeat":"repeat","background-position":"center center","background-size":"auto","background-attachment":"scroll","background-type":"","background-media":"","overlay-type":"","overlay-color":"","overlay-opacity":"","overlay-gradient":""},"mobile":{"background-color":"var(--ast-global-color-5)","background-image":"","background-repeat":"repeat","background-position":"center center","background-size":"auto","background-attachment":"scroll","background-type":"","background-media":"","overlay-type":"","overlay-color":"","overlay-opacity":"","overlay-gradient":""}}},"product_cat":[440,848],"product_tag":[307,158,849,860,858,235,851,852,855,853,850,859,856,446,854,857],"class_list":{"0":"post-8548","1":"product","2":"type-product","3":"status-publish","4":"has-post-thumbnail","6":"product_cat-egitim","7":"product_cat-seramik-kurs","8":"product_tag-el-yapim-seramik","9":"product_tag-gaceramic","10":"product_tag-hizlandirilmis-seramik-egitimi","11":"product_tag-kadikoy-seramik-kursu","12":"product_tag-kendi-seramik-markani-kur","13":"product_tag-saksi","14":"product_tag-seramik-atolyesi-acmak","15":"product_tag-seramik-egitimi-istanbul","16":"product_tag-seramik-firini-kullanimi","17":"product_tag-seramik-girisimciligi","18":"product_tag-seramik-isi-kurmak","19":"product_tag-seramik-isine-baslamak","20":"product_tag-seramik-kalip-teknikleri","21":"product_tag-seramik-kurs","22":"product_tag-seramik-uretimi","23":"product_tag-seramikten-para-kazanmak","24":"desktop-align-left","25":"tablet-align-left","26":"mobile-align-left","28":"first","29":"instock","30":"taxable","31":"shipping-taxable","32":"purchasable","33":"product-type-simple"},"jetpack_sharing_enabled":true,"uagb_featured_image_src":{"full":["https:\/\/gaceramic.online\/wp-content\/uploads\/2025\/04\/IMG_1673-scaled.jpeg",1920,2560,false],"thumbnail":["https:\/\/gaceramic.online\/wp-content\/uploads\/2025\/04\/IMG_1673-150x150.jpeg",150,150,true],"medium":["https:\/\/gaceramic.online\/wp-content\/uploads\/2025\/04\/IMG_1673-225x300.jpeg",225,300,true],"medium_large":["https:\/\/gaceramic.online\/wp-content\/uploads\/2025\/04\/IMG_1673-768x1024.jpeg",768,1024,true],"large":["https:\/\/gaceramic.online\/wp-content\/uploads\/2025\/04\/IMG_1673-768x1024.jpeg",768,1024,true],"1536x1536":["https:\/\/gaceramic.online\/wp-content\/uploads\/2025\/04\/IMG_1673-1152x1536.jpeg",1152,1536,true],"2048x2048":["https:\/\/gaceramic.online\/wp-content\/uploads\/2025\/04\/IMG_1673-1536x2048.jpeg",1536,2048,true],"trp-custom-language-flag":["https:\/\/gaceramic.online\/wp-content\/uploads\/2025\/04\/IMG_1673-scaled.jpeg",9,12,false],"woocommerce_thumbnail":["https:\/\/gaceramic.online\/wp-content\/uploads\/2025\/04\/IMG_1673-300x300.jpeg",300,300,true],"woocommerce_single":["https:\/\/gaceramic.online\/wp-content\/uploads\/2025\/04\/IMG_1673-600x800.jpeg",600,800,true],"woocommerce_gallery_thumbnail":["https:\/\/gaceramic.online\/wp-content\/uploads\/2025\/04\/IMG_1673-100x100.jpeg",100,100,true],"variation_swatches_image_size":["https:\/\/gaceramic.online\/wp-content\/uploads\/2025\/04\/IMG_1673-50x50.jpeg",50,50,true],"variation_swatches_tooltip_size":["https:\/\/gaceramic.online\/wp-content\/uploads\/2025\/04\/IMG_1673-100x100.jpeg",100,100,true]},"uagb_author_info":{"display_name":"gaceramic","author_link":"https:\/\/gaceramic.online\/de\/author\/"},"uagb_comment_info":1,"uagb_excerpt":"Seramikle profesyonel olarak ilgilenmek, kendi at\u00f6lyeni kurmak ve bu i\u015ften gelir elde etmek istiyorsan, bu e\u011fitim tam sana g\u00f6re! 10 g\u00fcn boyunca yo\u011funla\u015ft\u0131r\u0131lm\u0131\u015f i\u00e7erikle, seramik \u00fcretim tekniklerinden, at\u00f6lye kurulumuna kadar her \u015feyi uygulamal\u0131 olarak \u00f6\u011freniyorsun. \u00dcstelik e\u011fitim sonunda kendi seramik markan\u0131 kurmaya haz\u0131r olacaks\u0131n. Online kay\u0131t ile yerini hemen ay\u0131rt. Kontenjan s\u0131n\u0131rl\u0131! At\u00f6lyeni kurmak i\u00e7in&hellip;","_links":{"self":[{"href":"https:\/\/gaceramic.online\/de\/wp-json\/wp\/v2\/product\/8548","targetHints":{"allow":["GET"]}}],"collection":[{"href":"https:\/\/gaceramic.online\/de\/wp-json\/wp\/v2\/product"}],"about":[{"href":"https:\/\/gaceramic.online\/de\/wp-json\/wp\/v2\/types\/product"}],"replies":[{"embeddable":true,"href":"https:\/\/gaceramic.online\/de\/wp-json\/wp\/v2\/comments?post=8548"}],"version-history":[{"count":1,"href":"https:\/\/gaceramic.online\/de\/wp-json\/wp\/v2\/product\/8548\/revisions"}],"predecessor-version":[{"id":8549,"href":"https:\/\/gaceramic.online\/de\/wp-json\/wp\/v2\/product\/8548\/revisions\/8549"}],"wp:featuredmedia":[{"embeddable":true,"href":"https:\/\/gaceramic.online\/de\/wp-json\/wp\/v2\/media\/8561"}],"wp:attachment":[{"href":"https:\/\/gaceramic.online\/de\/wp-json\/wp\/v2\/media?parent=8548"}],"wp:term":[{"taxonomy":"product_cat","embeddable":true,"href":"https:\/\/gaceramic.online\/de\/wp-json\/wp\/v2\/product_cat?post=8548"},{"taxonomy":"product_tag","embeddable":true,"href":"https:\/\/gaceramic.online\/de\/wp-json\/wp\/v2\/product_tag?post=8548"}],"curies":[{"name":"wp","href":"https:\/\/api.w.org\/{rel}","templated":true}]}}