{"id":7511,"date":"2023-11-10T11:19:20","date_gmt":"2023-11-10T08:19:20","guid":{"rendered":"https:\/\/gaceramic.online\/?post_type=product&#038;p=7511"},"modified":"2025-07-21T09:13:38","modified_gmt":"2025-07-21T06:13:38","slug":"minik-kulplu-bardak-zeytin-yesili","status":"publish","type":"product","link":"https:\/\/gaceramic.online\/de\/product\/minik-kulplu-bardak-zeytin-yesili\/","title":{"rendered":"Minik Kulplu Bardak (Zeytin Ye\u015fili )"},"content":{"rendered":"<p>Minimalist bir yakla\u015f\u0131mla tasarlanan bu bardaklar, sadeli\u011fin zarafetini yans\u0131t\u0131r. Sade ve \u015f\u0131k g\u00f6r\u00fcn\u00fcmleriyle evinize veya ofisinize sofistike bir hava katacak olan bu bardaklar, g\u00fcnl\u00fck kullan\u0131m\u0131n\u0131zda size e\u015flik ederken ayn\u0131 zamanda dekoratif bir unsur olarak da \u00f6ne \u00e7\u0131kar.<\/p>","protected":false},"excerpt":{"rendered":"<p>Rahat bir kavrama sa\u011flayan ergonomik tutma y\u00fczeyi, barda\u011f\u0131n\u0131z\u0131 elinizde sabit ve g\u00fcvenli tutman\u0131z\u0131 sa\u011flar. El yap\u0131m\u0131 oldu\u011fu i\u00e7in k\u00fc\u00e7\u00fck farkl\u0131l\u0131klar olabilir<\/p>","protected":false},"featured_media":7497,"comment_status":"open","ping_status":"closed","template":"","meta":{"_uag_custom_page_level_css":"","site-sidebar-layout":"default","site-content-layout":null,"ast-site-content-layout":"","site-content-style":"default","site-sidebar-style":"default","ast-global-header-display":"","ast-banner-title-visibility":"","ast-main-header-display":"","ast-hfb-above-header-display":null,"ast-hfb-below-header-display":null,"ast-hfb-mobile-header-display":null,"site-post-title":"","ast-breadcrumbs-content":null,"ast-featured-img":"","footer-sml-layout":"","theme-transparent-header-meta":"default","adv-header-id-meta":null,"stick-header-meta":null,"header-above-stick-meta":null,"header-main-stick-meta":null,"header-below-stick-meta":null,"astra-migrate-meta-layouts":"default","ast-page-background-enabled":"default","ast-page-background-meta":{"desktop":{"background-color":"","background-image":"","background-repeat":"repeat","background-position":"center center","background-size":"auto","background-attachment":"scroll","background-type":"","background-media":"","overlay-type":"","overlay-color":"","overlay-opacity":"","overlay-gradient":""},"tablet":{"background-color":"","background-image":"","background-repeat":"repeat","background-position":"center center","background-size":"auto","background-attachment":"scroll","background-type":"","background-media":"","overlay-type":"","overlay-color":"","overlay-opacity":"","overlay-gradient":""},"mobile":{"background-color":"","background-image":"","background-repeat":"repeat","background-position":"center center","background-size":"auto","background-attachment":"scroll","background-type":"","background-media":"","overlay-type":"","overlay-color":"","overlay-opacity":"","overlay-gradient":""}},"ast-content-background-meta":{"desktop":{"background-color":"var(--ast-global-color-5)","background-image":"","background-repeat":"repeat","background-position":"center center","background-size":"auto","background-attachment":"scroll","background-type":"","background-media":"","overlay-type":"","overlay-color":"","overlay-opacity":"","overlay-gradient":""},"tablet":{"background-color":"var(--ast-global-color-5)","background-image":"","background-repeat":"repeat","background-position":"center center","background-size":"auto","background-attachment":"scroll","background-type":"","background-media":"","overlay-type":"","overlay-color":"","overlay-opacity":"","overlay-gradient":""},"mobile":{"background-color":"var(--ast-global-color-5)","background-image":"","background-repeat":"repeat","background-position":"center center","background-size":"auto","background-attachment":"scroll","background-type":"","background-media":"","overlay-type":"","overlay-color":"","overlay-opacity":"","overlay-gradient":""}}},"product_cat":[63],"product_tag":[90,554,713,182,251,134,307,290,712,158,123,299,280,277,353,347],"class_list":{"0":"post-7511","1":"product","2":"type-product","3":"status-publish","4":"has-post-thumbnail","6":"product_cat-kahve-veya-cay","7":"product_tag-seramik","8":"product_tag-bowl","9":"product_tag-cay","10":"product_tag-cup","11":"product_tag-dekoratif","12":"product_tag-design","13":"product_tag-el-yapim-seramik","14":"product_tag-el-yapimi","15":"product_tag-filtre-kahve","16":"product_tag-gaceramic","17":"product_tag-handmade","18":"product_tag-hediyelik","19":"product_tag-kahve-bardagi","20":"product_tag-kahve-fincani","21":"product_tag-yemek-masasi-obje","22":"product_tag-yemek-set","23":"desktop-align-left","24":"tablet-align-left","25":"mobile-align-left","27":"first","28":"instock","29":"sale","30":"taxable","31":"shipping-taxable","32":"purchasable","33":"product-type-simple"},"jetpack_sharing_enabled":true,"uagb_featured_image_src":{"full":["https:\/\/gaceramic.online\/wp-content\/uploads\/2023\/11\/IMG_5590-scaled.jpg",1707,2560,false],"thumbnail":["https:\/\/gaceramic.online\/wp-content\/uploads\/2023\/11\/IMG_5590-150x150.jpg",150,150,true],"medium":["https:\/\/gaceramic.online\/wp-content\/uploads\/2023\/11\/IMG_5590-200x300.jpg",200,300,true],"medium_large":["https:\/\/gaceramic.online\/wp-content\/uploads\/2023\/11\/IMG_5590-768x1152.jpg",768,1152,true],"large":["https:\/\/gaceramic.online\/wp-content\/uploads\/2023\/11\/IMG_5590-683x1024.jpg",683,1024,true],"1536x1536":["https:\/\/gaceramic.online\/wp-content\/uploads\/2023\/11\/IMG_5590-1024x1536.jpg",1024,1536,true],"2048x2048":["https:\/\/gaceramic.online\/wp-content\/uploads\/2023\/11\/IMG_5590-1365x2048.jpg",1365,2048,true],"trp-custom-language-flag":["https:\/\/gaceramic.online\/wp-content\/uploads\/2023\/11\/IMG_5590-scaled.jpg",8,12,false],"woocommerce_thumbnail":["https:\/\/gaceramic.online\/wp-content\/uploads\/2023\/11\/IMG_5590-300x300.jpg",300,300,true],"woocommerce_single":["https:\/\/gaceramic.online\/wp-content\/uploads\/2023\/11\/IMG_5590-600x900.jpg",600,900,true],"woocommerce_gallery_thumbnail":["https:\/\/gaceramic.online\/wp-content\/uploads\/2023\/11\/IMG_5590-100x100.jpg",100,100,true],"variation_swatches_image_size":["https:\/\/gaceramic.online\/wp-content\/uploads\/2023\/11\/IMG_5590-scaled.jpg",33,50,false],"variation_swatches_tooltip_size":["https:\/\/gaceramic.online\/wp-content\/uploads\/2023\/11\/IMG_5590-scaled.jpg",67,100,false]},"uagb_author_info":{"display_name":"gaceramic","author_link":"https:\/\/gaceramic.online\/de\/author\/"},"uagb_comment_info":0,"uagb_excerpt":"Rahat bir kavrama sa\u011flayan ergonomik tutma y\u00fczeyi, barda\u011f\u0131n\u0131z\u0131 elinizde sabit ve g\u00fcvenli tutman\u0131z\u0131 sa\u011flar. El yap\u0131m\u0131 oldu\u011fu i\u00e7in k\u00fc\u00e7\u00fck farkl\u0131l\u0131klar olabilir","_links":{"self":[{"href":"https:\/\/gaceramic.online\/de\/wp-json\/wp\/v2\/product\/7511","targetHints":{"allow":["GET"]}}],"collection":[{"href":"https:\/\/gaceramic.online\/de\/wp-json\/wp\/v2\/product"}],"about":[{"href":"https:\/\/gaceramic.online\/de\/wp-json\/wp\/v2\/types\/product"}],"replies":[{"embeddable":true,"href":"https:\/\/gaceramic.online\/de\/wp-json\/wp\/v2\/comments?post=7511"}],"version-history":[{"count":1,"href":"https:\/\/gaceramic.online\/de\/wp-json\/wp\/v2\/product\/7511\/revisions"}],"predecessor-version":[{"id":8332,"href":"https:\/\/gaceramic.online\/de\/wp-json\/wp\/v2\/product\/7511\/revisions\/8332"}],"wp:featuredmedia":[{"embeddable":true,"href":"https:\/\/gaceramic.online\/de\/wp-json\/wp\/v2\/media\/7497"}],"wp:attachment":[{"href":"https:\/\/gaceramic.online\/de\/wp-json\/wp\/v2\/media?parent=7511"}],"wp:term":[{"taxonomy":"product_cat","embeddable":true,"href":"https:\/\/gaceramic.online\/de\/wp-json\/wp\/v2\/product_cat?post=7511"},{"taxonomy":"product_tag","embeddable":true,"href":"https:\/\/gaceramic.online\/de\/wp-json\/wp\/v2\/product_tag?post=7511"}],"curies":[{"name":"wp","href":"https:\/\/api.w.org\/{rel}","templated":true}]}}