{"id":7453,"date":"2023-11-09T16:03:22","date_gmt":"2023-11-09T13:03:22","guid":{"rendered":"https:\/\/gaceramic.online\/?post_type=product&#038;p=7453"},"modified":"2025-07-22T09:08:33","modified_gmt":"2025-07-22T06:08:33","slug":"mini-vazo-yesil-adacayi-s","status":"publish","type":"product","link":"https:\/\/gaceramic.online\/de\/product\/mini-vazo-yesil-adacayi-s\/","title":{"rendered":"Mini Vazo Ye\u015fil Ada\u00e7ay\u0131 &#8211; S"},"content":{"rendered":"<p>Bu seramik kokuluk, evinize s\u0131cakl\u0131k ve huzur getirecek bir esinti olarak tasarland\u0131. \u0130\u015fte bu y\u00fczden soft renklerle bezeli, sade ve zarif bir tasar\u0131m\u0131 var. Her bir detay, ustalar\u0131n titiz ellerinden ge\u00e7erek, \u00f6zenle \u015fekillendirildi.<br \/>\nAncak bu kokuluk sadece g\u00fczelli\u011fiyle de\u011fil, i\u015flevselli\u011fiyle de sizi cezbedecek.<br \/>\neramik kokulu\u011fumuz ayn\u0131 zamanda zarif bir vazo olarak da kullan\u0131labilir. \u0130ster canl\u0131 \u00e7i\u00e7eklerle s\u00fcsleyin, ister kuru \u00e7i\u00e7eklerle minimalist bir dokunu\u015f kat\u0131n, bu \u00e7ok y\u00f6nl\u00fc \u00fcr\u00fcn her \u015fekilde g\u00f6z kama\u015ft\u0131r\u0131c\u0131 bir g\u00f6r\u00fcnt\u00fc sunar.<\/p>\n<p>&nbsp;<\/p>","protected":false},"excerpt":{"rendered":"<p>Her bir \u00fcr\u00fcn\u00fcn, el yap\u0131m\u0131 bir eserin sundu\u011fu benzersizlik ve karakteri ta\u015f\u0131d\u0131\u011f\u0131n\u0131 unutmay\u0131n. Tamamen el yap\u0131m\u0131 oldu\u011fu i\u00e7in k\u00fc\u00e7\u00fck farkl\u0131l\u0131klar olabilir<\/p>","protected":false},"featured_media":7434,"comment_status":"open","ping_status":"closed","template":"","meta":{"_uag_custom_page_level_css":"","site-sidebar-layout":"default","site-content-layout":null,"ast-site-content-layout":"","site-content-style":"default","site-sidebar-style":"default","ast-global-header-display":"","ast-banner-title-visibility":"","ast-main-header-display":"","ast-hfb-above-header-display":null,"ast-hfb-below-header-display":null,"ast-hfb-mobile-header-display":null,"site-post-title":"","ast-breadcrumbs-content":null,"ast-featured-img":"","footer-sml-layout":"","theme-transparent-header-meta":"default","adv-header-id-meta":null,"stick-header-meta":null,"header-above-stick-meta":null,"header-main-stick-meta":null,"header-below-stick-meta":null,"astra-migrate-meta-layouts":"default","ast-page-background-enabled":"default","ast-page-background-meta":{"desktop":{"background-color":"","background-image":"","background-repeat":"repeat","background-position":"center center","background-size":"auto","background-attachment":"scroll","background-type":"","background-media":"","overlay-type":"","overlay-color":"","overlay-opacity":"","overlay-gradient":""},"tablet":{"background-color":"","background-image":"","background-repeat":"repeat","background-position":"center center","background-size":"auto","background-attachment":"scroll","background-type":"","background-media":"","overlay-type":"","overlay-color":"","overlay-opacity":"","overlay-gradient":""},"mobile":{"background-color":"","background-image":"","background-repeat":"repeat","background-position":"center center","background-size":"auto","background-attachment":"scroll","background-type":"","background-media":"","overlay-type":"","overlay-color":"","overlay-opacity":"","overlay-gradient":""}},"ast-content-background-meta":{"desktop":{"background-color":"var(--ast-global-color-5)","background-image":"","background-repeat":"repeat","background-position":"center center","background-size":"auto","background-attachment":"scroll","background-type":"","background-media":"","overlay-type":"","overlay-color":"","overlay-opacity":"","overlay-gradient":""},"tablet":{"background-color":"var(--ast-global-color-5)","background-image":"","background-repeat":"repeat","background-position":"center center","background-size":"auto","background-attachment":"scroll","background-type":"","background-media":"","overlay-type":"","overlay-color":"","overlay-opacity":"","overlay-gradient":""},"mobile":{"background-color":"var(--ast-global-color-5)","background-image":"","background-repeat":"repeat","background-position":"center center","background-size":"auto","background-attachment":"scroll","background-type":"","background-media":"","overlay-type":"","overlay-color":"","overlay-opacity":"","overlay-gradient":""}}},"product_cat":[759],"product_tag":[90,131,251,134,307,290,158,123,299,188,736,203,735],"class_list":{"0":"post-7453","1":"product","2":"type-product","3":"status-publish","4":"has-post-thumbnail","6":"product_cat-kucuk-vazo","7":"product_tag-seramik","8":"product_tag-ceramic","9":"product_tag-dekoratif","10":"product_tag-design","11":"product_tag-el-yapim-seramik","12":"product_tag-el-yapimi","13":"product_tag-gaceramic","14":"product_tag-handmade","15":"product_tag-hediyelik","16":"product_tag-homedecor","17":"product_tag-kokuluk","18":"product_tag-obje","19":"product_tag-vazo","20":"desktop-align-left","21":"tablet-align-left","22":"mobile-align-left","24":"first","25":"instock","26":"sale","27":"taxable","28":"shipping-taxable","29":"purchasable","30":"product-type-simple"},"jetpack_sharing_enabled":true,"uagb_featured_image_src":{"full":["https:\/\/gaceramic.online\/wp-content\/uploads\/2023\/11\/GA30036-2-scaled.jpg",1707,2560,false],"thumbnail":["https:\/\/gaceramic.online\/wp-content\/uploads\/2023\/11\/GA30036-2-150x150.jpg",150,150,true],"medium":["https:\/\/gaceramic.online\/wp-content\/uploads\/2023\/11\/GA30036-2-200x300.jpg",200,300,true],"medium_large":["https:\/\/gaceramic.online\/wp-content\/uploads\/2023\/11\/GA30036-2-768x1152.jpg",768,1152,true],"large":["https:\/\/gaceramic.online\/wp-content\/uploads\/2023\/11\/GA30036-2-683x1024.jpg",683,1024,true],"1536x1536":["https:\/\/gaceramic.online\/wp-content\/uploads\/2023\/11\/GA30036-2-1024x1536.jpg",1024,1536,true],"2048x2048":["https:\/\/gaceramic.online\/wp-content\/uploads\/2023\/11\/GA30036-2-1365x2048.jpg",1365,2048,true],"trp-custom-language-flag":["https:\/\/gaceramic.online\/wp-content\/uploads\/2023\/11\/GA30036-2-scaled.jpg",8,12,false],"woocommerce_thumbnail":["https:\/\/gaceramic.online\/wp-content\/uploads\/2023\/11\/GA30036-2-300x300.jpg",300,300,true],"woocommerce_single":["https:\/\/gaceramic.online\/wp-content\/uploads\/2023\/11\/GA30036-2-600x900.jpg",600,900,true],"woocommerce_gallery_thumbnail":["https:\/\/gaceramic.online\/wp-content\/uploads\/2023\/11\/GA30036-2-100x100.jpg",100,100,true],"variation_swatches_image_size":["https:\/\/gaceramic.online\/wp-content\/uploads\/2023\/11\/GA30036-2-scaled.jpg",33,50,false],"variation_swatches_tooltip_size":["https:\/\/gaceramic.online\/wp-content\/uploads\/2023\/11\/GA30036-2-scaled.jpg",67,100,false]},"uagb_author_info":{"display_name":"gaceramic","author_link":"https:\/\/gaceramic.online\/de\/author\/"},"uagb_comment_info":0,"uagb_excerpt":"Her bir \u00fcr\u00fcn\u00fcn, el yap\u0131m\u0131 bir eserin sundu\u011fu benzersizlik ve karakteri ta\u015f\u0131d\u0131\u011f\u0131n\u0131 unutmay\u0131n. Tamamen el yap\u0131m\u0131 oldu\u011fu i\u00e7in k\u00fc\u00e7\u00fck farkl\u0131l\u0131klar olabilir","_links":{"self":[{"href":"https:\/\/gaceramic.online\/de\/wp-json\/wp\/v2\/product\/7453","targetHints":{"allow":["GET"]}}],"collection":[{"href":"https:\/\/gaceramic.online\/de\/wp-json\/wp\/v2\/product"}],"about":[{"href":"https:\/\/gaceramic.online\/de\/wp-json\/wp\/v2\/types\/product"}],"replies":[{"embeddable":true,"href":"https:\/\/gaceramic.online\/de\/wp-json\/wp\/v2\/comments?post=7453"}],"version-history":[{"count":1,"href":"https:\/\/gaceramic.online\/de\/wp-json\/wp\/v2\/product\/7453\/revisions"}],"predecessor-version":[{"id":8350,"href":"https:\/\/gaceramic.online\/de\/wp-json\/wp\/v2\/product\/7453\/revisions\/8350"}],"wp:featuredmedia":[{"embeddable":true,"href":"https:\/\/gaceramic.online\/de\/wp-json\/wp\/v2\/media\/7434"}],"wp:attachment":[{"href":"https:\/\/gaceramic.online\/de\/wp-json\/wp\/v2\/media?parent=7453"}],"wp:term":[{"taxonomy":"product_cat","embeddable":true,"href":"https:\/\/gaceramic.online\/de\/wp-json\/wp\/v2\/product_cat?post=7453"},{"taxonomy":"product_tag","embeddable":true,"href":"https:\/\/gaceramic.online\/de\/wp-json\/wp\/v2\/product_tag?post=7453"}],"curies":[{"name":"wp","href":"https:\/\/api.w.org\/{rel}","templated":true}]}}