{"id":7362,"date":"2023-11-06T13:11:06","date_gmt":"2023-11-06T10:11:06","guid":{"rendered":"https:\/\/gaceramic.online\/?post_type=product&#038;p=7362"},"modified":"2024-10-10T09:22:14","modified_gmt":"2024-10-10T06:22:14","slug":"seramik-firin-kiralama","status":"publish","type":"product","link":"https:\/\/gaceramic.online\/de\/product\/seramik-firin-kiralama\/","title":{"rendered":"SERAM\u0130K FIRIN K\u0130RALAMA"},"content":{"rendered":"<p>Nabertherm top 220 marka f\u0131r\u0131n kullan\u0131lmaktad\u0131r. Maksimum 1250 derecede f\u0131r\u0131n yak\u0131l\u0131r. F\u0131r\u0131n\u0131n yan\u0131p so\u011fuma s\u00fcresi 2 tam g\u00fcnd\u00fcr.<\/p>","protected":false},"excerpt":{"rendered":"<p>Kad\u0131k\u00f6y Hasanpa\u015fa&#8217;da bulunan at\u00f6lyemizde hem bisk\u00fcvi hem de s\u0131r pi\u015firimlerinizi f\u0131r\u0131n kiralayarak yapabilirsiniz. Kupa, bardak, tabak, seramik tak\u0131, mumluk, \u015famdan, sunum tabaklar\u0131, k\u00fc\u00e7\u00fck fig\u00fcrler ,dekoratif e\u015fyalar\u0131n\u0131z\u0131 pi\u015firebilirsiniz. \u0130\u00e7i bo\u015falt\u0131lmam\u0131\u015f heykel veya \u00e7ini pi\u015firimi yap\u0131lmamaktad\u0131r.<\/p>","protected":false},"featured_media":7366,"comment_status":"open","ping_status":"closed","template":"","meta":{"_uag_custom_page_level_css":"","site-sidebar-layout":"default","site-content-layout":"default","ast-site-content-layout":"","site-content-style":"default","site-sidebar-style":"default","ast-global-header-display":"","ast-banner-title-visibility":"","ast-main-header-display":"","ast-hfb-above-header-display":"","ast-hfb-below-header-display":"","ast-hfb-mobile-header-display":"","site-post-title":"","ast-breadcrumbs-content":"","ast-featured-img":"","footer-sml-layout":"","theme-transparent-header-meta":"default","adv-header-id-meta":"","stick-header-meta":"","header-above-stick-meta":"","header-main-stick-meta":"","header-below-stick-meta":"","astra-migrate-meta-layouts":"default","ast-page-background-enabled":"default","ast-page-background-meta":{"desktop":{"background-color":"","background-image":"","background-repeat":"repeat","background-position":"center center","background-size":"auto","background-attachment":"scroll","background-type":"","background-media":"","overlay-type":"","overlay-color":"","overlay-opacity":"","overlay-gradient":""},"tablet":{"background-color":"","background-image":"","background-repeat":"repeat","background-position":"center center","background-size":"auto","background-attachment":"scroll","background-type":"","background-media":"","overlay-type":"","overlay-color":"","overlay-opacity":"","overlay-gradient":""},"mobile":{"background-color":"","background-image":"","background-repeat":"repeat","background-position":"center center","background-size":"auto","background-attachment":"scroll","background-type":"","background-media":"","overlay-type":"","overlay-color":"","overlay-opacity":"","overlay-gradient":""}},"ast-content-background-meta":{"desktop":{"background-color":"var(--ast-global-color-5)","background-image":"","background-repeat":"repeat","background-position":"center center","background-size":"auto","background-attachment":"scroll","background-type":"","background-media":"","overlay-type":"","overlay-color":"","overlay-opacity":"","overlay-gradient":""},"tablet":{"background-color":"var(--ast-global-color-5)","background-image":"","background-repeat":"repeat","background-position":"center center","background-size":"auto","background-attachment":"scroll","background-type":"","background-media":"","overlay-type":"","overlay-color":"","overlay-opacity":"","overlay-gradient":""},"mobile":{"background-color":"var(--ast-global-color-5)","background-image":"","background-repeat":"repeat","background-position":"center center","background-size":"auto","background-attachment":"scroll","background-type":"","background-media":"","overlay-type":"","overlay-color":"","overlay-opacity":"","overlay-gradient":""}}},"product_cat":[729],"product_tag":[732,733,730,734,731],"class_list":{"0":"post-7362","1":"product","2":"type-product","3":"status-publish","4":"has-post-thumbnail","6":"product_cat-firin-kiralama","7":"product_tag-firin-kiralama","8":"product_tag-firin-kiralama-kadikoy","9":"product_tag-seramik-firin","10":"product_tag-seramik-firin-kadikoy","11":"product_tag-seramik-firin-kiralama","12":"desktop-align-left","13":"tablet-align-left","14":"mobile-align-left","16":"first","17":"instock","18":"taxable","19":"shipping-taxable","20":"purchasable","21":"product-type-variable"},"jetpack_sharing_enabled":true,"uagb_featured_image_src":{"full":["https:\/\/gaceramic.online\/wp-content\/uploads\/2023\/11\/seramik-firin-kiralama.jpg",554,554,false],"thumbnail":["https:\/\/gaceramic.online\/wp-content\/uploads\/2023\/11\/seramik-firin-kiralama-150x150.jpg",150,150,true],"medium":["https:\/\/gaceramic.online\/wp-content\/uploads\/2023\/11\/seramik-firin-kiralama-300x300.jpg",300,300,true],"medium_large":["https:\/\/gaceramic.online\/wp-content\/uploads\/2023\/11\/seramik-firin-kiralama.jpg",554,554,false],"large":["https:\/\/gaceramic.online\/wp-content\/uploads\/2023\/11\/seramik-firin-kiralama.jpg",554,554,false],"1536x1536":["https:\/\/gaceramic.online\/wp-content\/uploads\/2023\/11\/seramik-firin-kiralama.jpg",554,554,false],"2048x2048":["https:\/\/gaceramic.online\/wp-content\/uploads\/2023\/11\/seramik-firin-kiralama.jpg",554,554,false],"trp-custom-language-flag":["https:\/\/gaceramic.online\/wp-content\/uploads\/2023\/11\/seramik-firin-kiralama.jpg",12,12,false],"woocommerce_thumbnail":["https:\/\/gaceramic.online\/wp-content\/uploads\/2023\/11\/seramik-firin-kiralama-300x300.jpg",300,300,true],"woocommerce_single":["https:\/\/gaceramic.online\/wp-content\/uploads\/2023\/11\/seramik-firin-kiralama.jpg",554,554,false],"woocommerce_gallery_thumbnail":["https:\/\/gaceramic.online\/wp-content\/uploads\/2023\/11\/seramik-firin-kiralama-100x100.jpg",100,100,true],"variation_swatches_image_size":["https:\/\/gaceramic.online\/wp-content\/uploads\/2023\/11\/seramik-firin-kiralama.jpg",50,50,false],"variation_swatches_tooltip_size":["https:\/\/gaceramic.online\/wp-content\/uploads\/2023\/11\/seramik-firin-kiralama.jpg",100,100,false]},"uagb_author_info":{"display_name":"gaceramic","author_link":"https:\/\/gaceramic.online\/de\/author\/"},"uagb_comment_info":1,"uagb_excerpt":"Kad\u0131k\u00f6y Hasanpa\u015fa'da bulunan at\u00f6lyemizde hem bisk\u00fcvi hem de s\u0131r pi\u015firimlerinizi f\u0131r\u0131n kiralayarak yapabilirsiniz. Kupa, bardak, tabak, seramik tak\u0131, mumluk, \u015famdan, sunum tabaklar\u0131, k\u00fc\u00e7\u00fck fig\u00fcrler ,dekoratif e\u015fyalar\u0131n\u0131z\u0131 pi\u015firebilirsiniz. \u0130\u00e7i bo\u015falt\u0131lmam\u0131\u015f heykel veya \u00e7ini pi\u015firimi yap\u0131lmamaktad\u0131r.","_links":{"self":[{"href":"https:\/\/gaceramic.online\/de\/wp-json\/wp\/v2\/product\/7362","targetHints":{"allow":["GET"]}}],"collection":[{"href":"https:\/\/gaceramic.online\/de\/wp-json\/wp\/v2\/product"}],"about":[{"href":"https:\/\/gaceramic.online\/de\/wp-json\/wp\/v2\/types\/product"}],"replies":[{"embeddable":true,"href":"https:\/\/gaceramic.online\/de\/wp-json\/wp\/v2\/comments?post=7362"}],"version-history":[{"count":1,"href":"https:\/\/gaceramic.online\/de\/wp-json\/wp\/v2\/product\/7362\/revisions"}],"predecessor-version":[{"id":7371,"href":"https:\/\/gaceramic.online\/de\/wp-json\/wp\/v2\/product\/7362\/revisions\/7371"}],"wp:featuredmedia":[{"embeddable":true,"href":"https:\/\/gaceramic.online\/de\/wp-json\/wp\/v2\/media\/7366"}],"wp:attachment":[{"href":"https:\/\/gaceramic.online\/de\/wp-json\/wp\/v2\/media?parent=7362"}],"wp:term":[{"taxonomy":"product_cat","embeddable":true,"href":"https:\/\/gaceramic.online\/de\/wp-json\/wp\/v2\/product_cat?post=7362"},{"taxonomy":"product_tag","embeddable":true,"href":"https:\/\/gaceramic.online\/de\/wp-json\/wp\/v2\/product_tag?post=7362"}],"curies":[{"name":"wp","href":"https:\/\/api.w.org\/{rel}","templated":true}]}}