{"id":7296,"date":"2023-11-06T01:33:05","date_gmt":"2023-11-05T22:33:05","guid":{"rendered":"https:\/\/gaceramic.online\/?post_type=product&#038;p=7296"},"modified":"2025-07-22T11:36:46","modified_gmt":"2025-07-22T08:36:46","slug":"ev-tealight-yesil-kucuk-boy","status":"publish","type":"product","link":"https:\/\/gaceramic.online\/de\/product\/ev-tealight-yesil-kucuk-boy\/","title":{"rendered":"Home Teelicht Gr\u00fcn \/Kleine Gr\u00f6\u00dfe"},"content":{"rendered":"<p>Ev \u015feklindeki objelerimiz ile ya\u015fam alanlar\u0131n\u0131zda farkl\u0131l\u0131klar yaratabilirsiniz. \u0130\u00e7erisine tealight mum koyarak mekan\u0131n\u0131zda harika bir atmosfer yakalaman\u0131z m\u00fcmk\u00fcn. Pencere k\u0131s\u0131mlar\u0131 a\u00e7\u0131k oldu\u011fu i\u00e7in mum \u0131\u015f\u0131\u011f\u0131n\u0131 rahatl\u0131kla yans\u0131tmaktad\u0131r. Her detay\u0131 \u00f6zenle elde \u015fekillendirilmi\u015f ve boyanm\u0131\u015ft\u0131r. Bu y\u00fczden t\u00fcm \u00fcr\u00fcnler benzersizdir ve k\u00fc\u00e7\u00fck farkl\u0131l\u0131klar olabilir<\/p>","protected":false},"excerpt":{"rendered":"<p>\u00dcR\u00dcN EBATI: 12,5 X 7,5 CM<\/p>","protected":false},"featured_media":7298,"comment_status":"open","ping_status":"closed","template":"","meta":{"_uag_custom_page_level_css":"","site-sidebar-layout":"default","site-content-layout":null,"ast-site-content-layout":"","site-content-style":"default","site-sidebar-style":"default","ast-global-header-display":"","ast-banner-title-visibility":"","ast-main-header-display":"","ast-hfb-above-header-display":null,"ast-hfb-below-header-display":null,"ast-hfb-mobile-header-display":null,"site-post-title":"","ast-breadcrumbs-content":null,"ast-featured-img":"","footer-sml-layout":"","theme-transparent-header-meta":"default","adv-header-id-meta":null,"stick-header-meta":null,"header-above-stick-meta":null,"header-main-stick-meta":null,"header-below-stick-meta":null,"astra-migrate-meta-layouts":"default","ast-page-background-enabled":"default","ast-page-background-meta":{"desktop":{"background-color":"","background-image":"","background-repeat":"repeat","background-position":"center center","background-size":"auto","background-attachment":"scroll","background-type":"","background-media":"","overlay-type":"","overlay-color":"","overlay-opacity":"","overlay-gradient":""},"tablet":{"background-color":"","background-image":"","background-repeat":"repeat","background-position":"center center","background-size":"auto","background-attachment":"scroll","background-type":"","background-media":"","overlay-type":"","overlay-color":"","overlay-opacity":"","overlay-gradient":""},"mobile":{"background-color":"","background-image":"","background-repeat":"repeat","background-position":"center center","background-size":"auto","background-attachment":"scroll","background-type":"","background-media":"","overlay-type":"","overlay-color":"","overlay-opacity":"","overlay-gradient":""}},"ast-content-background-meta":{"desktop":{"background-color":"var(--ast-global-color-5)","background-image":"","background-repeat":"repeat","background-position":"center center","background-size":"auto","background-attachment":"scroll","background-type":"","background-media":"","overlay-type":"","overlay-color":"","overlay-opacity":"","overlay-gradient":""},"tablet":{"background-color":"var(--ast-global-color-5)","background-image":"","background-repeat":"repeat","background-position":"center center","background-size":"auto","background-attachment":"scroll","background-type":"","background-media":"","overlay-type":"","overlay-color":"","overlay-opacity":"","overlay-gradient":""},"mobile":{"background-color":"var(--ast-global-color-5)","background-image":"","background-repeat":"repeat","background-position":"center center","background-size":"auto","background-attachment":"scroll","background-type":"","background-media":"","overlay-type":"","overlay-color":"","overlay-opacity":"","overlay-gradient":""}}},"product_cat":[54],"product_tag":[90,131,205,206,134,307,207,388,158,123,299,136,188,210,209,203,208],"class_list":{"0":"post-7296","1":"product","2":"type-product","3":"status-publish","4":"has-post-thumbnail","6":"product_cat-obje","7":"product_tag-seramik","8":"product_tag-ceramic","9":"product_tag-dekorasyon","10":"product_tag-dekoratifobje","11":"product_tag-design","12":"product_tag-el-yapim-seramik","13":"product_tag-ev","14":"product_tag-evli-tealight","15":"product_tag-gaceramic","16":"product_tag-handmade","17":"product_tag-hediyelik","18":"product_tag-home","19":"product_tag-homedecor","20":"product_tag-homelight","21":"product_tag-light","22":"product_tag-obje","23":"product_tag-tealight","24":"pa_renk-bal-kahve","25":"pa_renk-kirmizi","26":"pa_renk-yesil","27":"desktop-align-left","28":"tablet-align-left","29":"mobile-align-left","31":"first","32":"instock","33":"sale","34":"taxable","35":"shipping-taxable","36":"purchasable","37":"product-type-simple"},"jetpack_sharing_enabled":true,"uagb_featured_image_src":{"full":["https:\/\/gaceramic.online\/wp-content\/uploads\/2023\/11\/YESIL-EV-TEALIGHT.jpg",1920,1280,false],"thumbnail":["https:\/\/gaceramic.online\/wp-content\/uploads\/2023\/11\/YESIL-EV-TEALIGHT-150x150.jpg",150,150,true],"medium":["https:\/\/gaceramic.online\/wp-content\/uploads\/2023\/11\/YESIL-EV-TEALIGHT-300x200.jpg",300,200,true],"medium_large":["https:\/\/gaceramic.online\/wp-content\/uploads\/2023\/11\/YESIL-EV-TEALIGHT-768x512.jpg",768,512,true],"large":["https:\/\/gaceramic.online\/wp-content\/uploads\/2023\/11\/YESIL-EV-TEALIGHT-1024x683.jpg",1024,683,true],"1536x1536":["https:\/\/gaceramic.online\/wp-content\/uploads\/2023\/11\/YESIL-EV-TEALIGHT-1536x1024.jpg",1536,1024,true],"2048x2048":["https:\/\/gaceramic.online\/wp-content\/uploads\/2023\/11\/YESIL-EV-TEALIGHT.jpg",1920,1280,false],"trp-custom-language-flag":["https:\/\/gaceramic.online\/wp-content\/uploads\/2023\/11\/YESIL-EV-TEALIGHT.jpg",18,12,false],"woocommerce_thumbnail":["https:\/\/gaceramic.online\/wp-content\/uploads\/2023\/11\/YESIL-EV-TEALIGHT-300x300.jpg",300,300,true],"woocommerce_single":["https:\/\/gaceramic.online\/wp-content\/uploads\/2023\/11\/YESIL-EV-TEALIGHT-600x400.jpg",600,400,true],"woocommerce_gallery_thumbnail":["https:\/\/gaceramic.online\/wp-content\/uploads\/2023\/11\/YESIL-EV-TEALIGHT-100x100.jpg",100,100,true],"variation_swatches_image_size":["https:\/\/gaceramic.online\/wp-content\/uploads\/2023\/11\/YESIL-EV-TEALIGHT.jpg",50,33,false],"variation_swatches_tooltip_size":["https:\/\/gaceramic.online\/wp-content\/uploads\/2023\/11\/YESIL-EV-TEALIGHT.jpg",100,67,false]},"uagb_author_info":{"display_name":"gaceramic","author_link":"https:\/\/gaceramic.online\/de\/author\/"},"uagb_comment_info":0,"uagb_excerpt":"\u00dcR\u00dcN EBATI: 12,5 X 7,5 CM","_links":{"self":[{"href":"https:\/\/gaceramic.online\/de\/wp-json\/wp\/v2\/product\/7296","targetHints":{"allow":["GET"]}}],"collection":[{"href":"https:\/\/gaceramic.online\/de\/wp-json\/wp\/v2\/product"}],"about":[{"href":"https:\/\/gaceramic.online\/de\/wp-json\/wp\/v2\/types\/product"}],"replies":[{"embeddable":true,"href":"https:\/\/gaceramic.online\/de\/wp-json\/wp\/v2\/comments?post=7296"}],"version-history":[{"count":1,"href":"https:\/\/gaceramic.online\/de\/wp-json\/wp\/v2\/product\/7296\/revisions"}],"predecessor-version":[{"id":8359,"href":"https:\/\/gaceramic.online\/de\/wp-json\/wp\/v2\/product\/7296\/revisions\/8359"}],"wp:featuredmedia":[{"embeddable":true,"href":"https:\/\/gaceramic.online\/de\/wp-json\/wp\/v2\/media\/7298"}],"wp:attachment":[{"href":"https:\/\/gaceramic.online\/de\/wp-json\/wp\/v2\/media?parent=7296"}],"wp:term":[{"taxonomy":"product_cat","embeddable":true,"href":"https:\/\/gaceramic.online\/de\/wp-json\/wp\/v2\/product_cat?post=7296"},{"taxonomy":"product_tag","embeddable":true,"href":"https:\/\/gaceramic.online\/de\/wp-json\/wp\/v2\/product_tag?post=7296"}],"curies":[{"name":"wp","href":"https:\/\/api.w.org\/{rel}","templated":true}]}}