{"id":7178,"date":"2023-11-05T21:59:23","date_gmt":"2023-11-05T18:59:23","guid":{"rendered":"https:\/\/gaceramic.online\/?post_type=product&#038;p=7178"},"modified":"2024-11-22T14:39:57","modified_gmt":"2024-11-22T11:39:57","slug":"oval-bardak-lavanta","status":"publish","type":"product","link":"https:\/\/gaceramic.online\/de\/product\/oval-bardak-lavanta\/","title":{"rendered":"Oval Bardak Lavanta"},"content":{"rendered":"<p>Minimalist bir yakla\u015f\u0131mla tasarlanan bu bardaklar, sadeli\u011fin zarafetini yans\u0131t\u0131r.Sade ve \u015f\u0131k g\u00f6r\u00fcn\u00fcmleriyle evinize veya ofisinize sofistike bir hava katacak olan bu bardaklar, g\u00fcnl\u00fck kullan\u0131m\u0131n\u0131zda size e\u015flik ederken ayn\u0131 zamanda dekoratif bir unsur olarak da \u00f6ne \u00e7\u0131kar.<\/p>","protected":false},"excerpt":{"rendered":"<p>Rahat bir kavrama sa\u011flayan ergonomik tutma y\u00fczeyi, barda\u011f\u0131n\u0131z\u0131 elinizde sabit ve g\u00fcvenli tutman\u0131z\u0131 sa\u011flar. El yap\u0131m\u0131 oldu\u011fu i\u00e7in k\u00fc\u00e7\u00fck farkl\u0131l\u0131klar olabilir<\/p>","protected":false},"featured_media":7179,"comment_status":"open","ping_status":"closed","template":"","meta":{"_uag_custom_page_level_css":"","site-sidebar-layout":"default","site-content-layout":null,"ast-site-content-layout":"","site-content-style":"default","site-sidebar-style":"default","ast-global-header-display":"","ast-banner-title-visibility":"","ast-main-header-display":"","ast-hfb-above-header-display":null,"ast-hfb-below-header-display":null,"ast-hfb-mobile-header-display":null,"site-post-title":"","ast-breadcrumbs-content":null,"ast-featured-img":"","footer-sml-layout":"","theme-transparent-header-meta":"default","adv-header-id-meta":null,"stick-header-meta":null,"header-above-stick-meta":null,"header-main-stick-meta":null,"header-below-stick-meta":null,"astra-migrate-meta-layouts":"default","ast-page-background-enabled":"default","ast-page-background-meta":{"desktop":{"background-color":"","background-image":"","background-repeat":"repeat","background-position":"center center","background-size":"auto","background-attachment":"scroll","background-type":"","background-media":"","overlay-type":"","overlay-color":"","overlay-opacity":"","overlay-gradient":""},"tablet":{"background-color":"","background-image":"","background-repeat":"repeat","background-position":"center center","background-size":"auto","background-attachment":"scroll","background-type":"","background-media":"","overlay-type":"","overlay-color":"","overlay-opacity":"","overlay-gradient":""},"mobile":{"background-color":"","background-image":"","background-repeat":"repeat","background-position":"center center","background-size":"auto","background-attachment":"scroll","background-type":"","background-media":"","overlay-type":"","overlay-color":"","overlay-opacity":"","overlay-gradient":""}},"ast-content-background-meta":{"desktop":{"background-color":"var(--ast-global-color-5)","background-image":"","background-repeat":"repeat","background-position":"center center","background-size":"auto","background-attachment":"scroll","background-type":"","background-media":"","overlay-type":"","overlay-color":"","overlay-opacity":"","overlay-gradient":""},"tablet":{"background-color":"var(--ast-global-color-5)","background-image":"","background-repeat":"repeat","background-position":"center center","background-size":"auto","background-attachment":"scroll","background-type":"","background-media":"","overlay-type":"","overlay-color":"","overlay-opacity":"","overlay-gradient":""},"mobile":{"background-color":"var(--ast-global-color-5)","background-image":"","background-repeat":"repeat","background-position":"center center","background-size":"auto","background-attachment":"scroll","background-type":"","background-media":"","overlay-type":"","overlay-color":"","overlay-opacity":"","overlay-gradient":""}}},"product_cat":[63],"product_tag":[90,713,131,182,251,717,716,715,307,290,712,158,123,299,188,277,714,181],"class_list":{"0":"post-7178","1":"product","2":"type-product","3":"status-publish","4":"has-post-thumbnail","6":"product_cat-kahve-veya-cay","7":"product_tag-seramik","8":"product_tag-cay","9":"product_tag-ceramic","10":"product_tag-cup","11":"product_tag-dekoratif","12":"product_tag-duble-espresso-cup","13":"product_tag-duble-turk-kahvesi","14":"product_tag-duble-turkish-coffee","15":"product_tag-el-yapim-seramik","16":"product_tag-el-yapimi","17":"product_tag-filtre-kahve","18":"product_tag-gaceramic","19":"product_tag-handmade","20":"product_tag-hediyelik","21":"product_tag-homedecor","22":"product_tag-kahve-fincani","23":"product_tag-latte","24":"product_tag-mug","25":"pa_renk-acik-gul-kurusu","26":"pa_renk-acik-yesil","27":"pa_renk-beyaz","28":"pa_renk-gri-mavi","29":"pa_renk-mavi","30":"pa_renk-siyah","31":"desktop-align-left","32":"tablet-align-left","33":"mobile-align-left","35":"first","36":"instock","37":"taxable","38":"shipping-taxable","39":"purchasable","40":"product-type-simple"},"jetpack_sharing_enabled":true,"uagb_featured_image_src":{"full":["https:\/\/gaceramic.online\/wp-content\/uploads\/2023\/11\/LAVANTA-FINCAN.jpg",1920,1280,false],"thumbnail":["https:\/\/gaceramic.online\/wp-content\/uploads\/2023\/11\/LAVANTA-FINCAN-150x150.jpg",150,150,true],"medium":["https:\/\/gaceramic.online\/wp-content\/uploads\/2023\/11\/LAVANTA-FINCAN-300x200.jpg",300,200,true],"medium_large":["https:\/\/gaceramic.online\/wp-content\/uploads\/2023\/11\/LAVANTA-FINCAN-768x512.jpg",768,512,true],"large":["https:\/\/gaceramic.online\/wp-content\/uploads\/2023\/11\/LAVANTA-FINCAN-1024x683.jpg",1024,683,true],"1536x1536":["https:\/\/gaceramic.online\/wp-content\/uploads\/2023\/11\/LAVANTA-FINCAN-1536x1024.jpg",1536,1024,true],"2048x2048":["https:\/\/gaceramic.online\/wp-content\/uploads\/2023\/11\/LAVANTA-FINCAN.jpg",1920,1280,false],"trp-custom-language-flag":["https:\/\/gaceramic.online\/wp-content\/uploads\/2023\/11\/LAVANTA-FINCAN.jpg",18,12,false],"woocommerce_thumbnail":["https:\/\/gaceramic.online\/wp-content\/uploads\/2023\/11\/LAVANTA-FINCAN-300x300.jpg",300,300,true],"woocommerce_single":["https:\/\/gaceramic.online\/wp-content\/uploads\/2023\/11\/LAVANTA-FINCAN-600x400.jpg",600,400,true],"woocommerce_gallery_thumbnail":["https:\/\/gaceramic.online\/wp-content\/uploads\/2023\/11\/LAVANTA-FINCAN-100x100.jpg",100,100,true],"variation_swatches_image_size":["https:\/\/gaceramic.online\/wp-content\/uploads\/2023\/11\/LAVANTA-FINCAN.jpg",50,33,false],"variation_swatches_tooltip_size":["https:\/\/gaceramic.online\/wp-content\/uploads\/2023\/11\/LAVANTA-FINCAN.jpg",100,67,false]},"uagb_author_info":{"display_name":"gaceramic","author_link":"https:\/\/gaceramic.online\/de\/author\/"},"uagb_comment_info":0,"uagb_excerpt":"Rahat bir kavrama sa\u011flayan ergonomik tutma y\u00fczeyi, barda\u011f\u0131n\u0131z\u0131 elinizde sabit ve g\u00fcvenli tutman\u0131z\u0131 sa\u011flar. El yap\u0131m\u0131 oldu\u011fu i\u00e7in k\u00fc\u00e7\u00fck farkl\u0131l\u0131klar olabilir","_links":{"self":[{"href":"https:\/\/gaceramic.online\/de\/wp-json\/wp\/v2\/product\/7178","targetHints":{"allow":["GET"]}}],"collection":[{"href":"https:\/\/gaceramic.online\/de\/wp-json\/wp\/v2\/product"}],"about":[{"href":"https:\/\/gaceramic.online\/de\/wp-json\/wp\/v2\/types\/product"}],"replies":[{"embeddable":true,"href":"https:\/\/gaceramic.online\/de\/wp-json\/wp\/v2\/comments?post=7178"}],"version-history":[{"count":1,"href":"https:\/\/gaceramic.online\/de\/wp-json\/wp\/v2\/product\/7178\/revisions"}],"predecessor-version":[{"id":8381,"href":"https:\/\/gaceramic.online\/de\/wp-json\/wp\/v2\/product\/7178\/revisions\/8381"}],"wp:featuredmedia":[{"embeddable":true,"href":"https:\/\/gaceramic.online\/de\/wp-json\/wp\/v2\/media\/7179"}],"wp:attachment":[{"href":"https:\/\/gaceramic.online\/de\/wp-json\/wp\/v2\/media?parent=7178"}],"wp:term":[{"taxonomy":"product_cat","embeddable":true,"href":"https:\/\/gaceramic.online\/de\/wp-json\/wp\/v2\/product_cat?post=7178"},{"taxonomy":"product_tag","embeddable":true,"href":"https:\/\/gaceramic.online\/de\/wp-json\/wp\/v2\/product_tag?post=7178"}],"curies":[{"name":"wp","href":"https:\/\/api.w.org\/{rel}","templated":true}]}}