{"id":6295,"date":"2023-05-03T20:05:08","date_gmt":"2023-05-03T17:05:08","guid":{"rendered":"https:\/\/gaceramic.online\/?post_type=product&#038;p=6295"},"modified":"2025-07-22T12:03:30","modified_gmt":"2025-07-22T09:03:30","slug":"buyuk-boy-yemek-tabagi","status":"publish","type":"product","link":"https:\/\/gaceramic.online\/de\/product\/buyuk-boy-yemek-tabagi\/","title":{"rendered":"B\u00fcy\u00fck Boy Yemek Taba\u011f\u0131"},"content":{"rendered":"<p>Terra yemek taba\u011f\u0131, sa\u011flam ve dayan\u0131kl\u0131 malzemelerden \u00fcretilmi\u015ftir, b\u00f6ylece yemeklerinizi g\u00fcvenle servis edebilirsiniz. Ayr\u0131ca, \u015f\u0131k tasar\u0131m\u0131 sayesinde yemek masan\u0131zda da harika bir g\u00f6r\u00fcn\u00fcm sunar.<\/p>\n<p>Bu b\u00fcy\u00fck boy terra yemek taba\u011f\u0131, her t\u00fcrl\u00fc yemek i\u00e7in idealdir. \u0130ster \u00f6\u011fle yeme\u011fi olsun, ister ak\u015fam yeme\u011fi, isterse de \u00f6zel bir davet sofras\u0131, bu tabakla yemek servisi yapmak her zaman keyifli bir deneyim olacakt\u0131r.<\/p>","protected":false},"excerpt":{"rendered":"<p>\u00dcR\u00dcN EBATI: 22,5 X 4CM<br \/>\nBAKIM:BULA\u015eIK MAK\u0130NES\u0130NDE YIKANAB\u0130L\u0130R<\/p>","protected":false},"featured_media":6296,"comment_status":"open","ping_status":"closed","template":"","meta":{"_uag_custom_page_level_css":"","site-sidebar-layout":"default","site-content-layout":null,"ast-site-content-layout":"","site-content-style":"default","site-sidebar-style":"default","ast-global-header-display":"","ast-banner-title-visibility":"","ast-main-header-display":"","ast-hfb-above-header-display":null,"ast-hfb-below-header-display":null,"ast-hfb-mobile-header-display":null,"site-post-title":"","ast-breadcrumbs-content":null,"ast-featured-img":"","footer-sml-layout":"","theme-transparent-header-meta":"default","adv-header-id-meta":null,"stick-header-meta":null,"header-above-stick-meta":null,"header-main-stick-meta":null,"header-below-stick-meta":null,"astra-migrate-meta-layouts":"default","ast-page-background-enabled":"default","ast-page-background-meta":{"desktop":{"background-color":"","background-image":"","background-repeat":"repeat","background-position":"center center","background-size":"auto","background-attachment":"scroll","background-type":"","background-media":"","overlay-type":"","overlay-color":"","overlay-opacity":"","overlay-gradient":""},"tablet":{"background-color":"","background-image":"","background-repeat":"repeat","background-position":"center center","background-size":"auto","background-attachment":"scroll","background-type":"","background-media":"","overlay-type":"","overlay-color":"","overlay-opacity":"","overlay-gradient":""},"mobile":{"background-color":"","background-image":"","background-repeat":"repeat","background-position":"center center","background-size":"auto","background-attachment":"scroll","background-type":"","background-media":"","overlay-type":"","overlay-color":"","overlay-opacity":"","overlay-gradient":""}},"ast-content-background-meta":{"desktop":{"background-color":"var(--ast-global-color-5)","background-image":"","background-repeat":"repeat","background-position":"center center","background-size":"auto","background-attachment":"scroll","background-type":"","background-media":"","overlay-type":"","overlay-color":"","overlay-opacity":"","overlay-gradient":""},"tablet":{"background-color":"var(--ast-global-color-5)","background-image":"","background-repeat":"repeat","background-position":"center center","background-size":"auto","background-attachment":"scroll","background-type":"","background-media":"","overlay-type":"","overlay-color":"","overlay-opacity":"","overlay-gradient":""},"mobile":{"background-color":"var(--ast-global-color-5)","background-image":"","background-repeat":"repeat","background-position":"center center","background-size":"auto","background-attachment":"scroll","background-type":"","background-media":"","overlay-type":"","overlay-color":"","overlay-opacity":"","overlay-gradient":""}}},"product_cat":[632],"product_tag":[90,633,131,251,134,637,636,307,123,563,349,575,638,69,635,347,408],"class_list":{"0":"post-6295","1":"product","2":"type-product","3":"status-publish","4":"has-post-thumbnail","6":"product_cat-tabak","7":"product_tag-seramik","8":"product_tag-aksam-yemegi","9":"product_tag-ceramic","10":"product_tag-dekoratif","11":"product_tag-design","12":"product_tag-dogadan-tabak","13":"product_tag-dogal-tabak","14":"product_tag-el-yapim-seramik","15":"product_tag-handmade","16":"product_tag-kahvalti-tabagi","17":"product_tag-seramik-tabak","18":"product_tag-sofra-sunum","19":"product_tag-surdurulebilir-tasarim","20":"product_tag-tabak","21":"product_tag-tabak-seti","22":"product_tag-yemek-set","23":"product_tag-yemek-tabagi","24":"desktop-align-left","25":"tablet-align-left","26":"mobile-align-left","28":"first","29":"instock","30":"sale","31":"taxable","32":"shipping-taxable","33":"purchasable","34":"product-type-simple"},"jetpack_sharing_enabled":true,"uagb_featured_image_src":{"full":["https:\/\/gaceramic.online\/wp-content\/uploads\/2023\/05\/buyuk-yemek-tabagi-kopya.jpg",1200,1800,false],"thumbnail":["https:\/\/gaceramic.online\/wp-content\/uploads\/2023\/05\/buyuk-yemek-tabagi-kopya-150x150.jpg",150,150,true],"medium":["https:\/\/gaceramic.online\/wp-content\/uploads\/2023\/05\/buyuk-yemek-tabagi-kopya-200x300.jpg",200,300,true],"medium_large":["https:\/\/gaceramic.online\/wp-content\/uploads\/2023\/05\/buyuk-yemek-tabagi-kopya-768x1152.jpg",768,1152,true],"large":["https:\/\/gaceramic.online\/wp-content\/uploads\/2023\/05\/buyuk-yemek-tabagi-kopya-683x1024.jpg",683,1024,true],"1536x1536":["https:\/\/gaceramic.online\/wp-content\/uploads\/2023\/05\/buyuk-yemek-tabagi-kopya-1024x1536.jpg",1024,1536,true],"2048x2048":["https:\/\/gaceramic.online\/wp-content\/uploads\/2023\/05\/buyuk-yemek-tabagi-kopya.jpg",1200,1800,false],"trp-custom-language-flag":["https:\/\/gaceramic.online\/wp-content\/uploads\/2023\/05\/buyuk-yemek-tabagi-kopya.jpg",8,12,false],"woocommerce_thumbnail":["https:\/\/gaceramic.online\/wp-content\/uploads\/2023\/05\/buyuk-yemek-tabagi-kopya-300x300.jpg",300,300,true],"woocommerce_single":["https:\/\/gaceramic.online\/wp-content\/uploads\/2023\/05\/buyuk-yemek-tabagi-kopya-600x900.jpg",600,900,true],"woocommerce_gallery_thumbnail":["https:\/\/gaceramic.online\/wp-content\/uploads\/2023\/05\/buyuk-yemek-tabagi-kopya-100x100.jpg",100,100,true],"variation_swatches_image_size":["https:\/\/gaceramic.online\/wp-content\/uploads\/2023\/05\/buyuk-yemek-tabagi-kopya.jpg",33,50,false],"variation_swatches_tooltip_size":["https:\/\/gaceramic.online\/wp-content\/uploads\/2023\/05\/buyuk-yemek-tabagi-kopya.jpg",67,100,false]},"uagb_author_info":{"display_name":"gaceramic","author_link":"https:\/\/gaceramic.online\/de\/author\/"},"uagb_comment_info":1,"uagb_excerpt":"\u00dcR\u00dcN EBATI: 22,5 X 4CM BAKIM:BULA\u015eIK MAK\u0130NES\u0130NDE YIKANAB\u0130L\u0130R","_links":{"self":[{"href":"https:\/\/gaceramic.online\/de\/wp-json\/wp\/v2\/product\/6295","targetHints":{"allow":["GET"]}}],"collection":[{"href":"https:\/\/gaceramic.online\/de\/wp-json\/wp\/v2\/product"}],"about":[{"href":"https:\/\/gaceramic.online\/de\/wp-json\/wp\/v2\/types\/product"}],"replies":[{"embeddable":true,"href":"https:\/\/gaceramic.online\/de\/wp-json\/wp\/v2\/comments?post=6295"}],"version-history":[{"count":1,"href":"https:\/\/gaceramic.online\/de\/wp-json\/wp\/v2\/product\/6295\/revisions"}],"predecessor-version":[{"id":8390,"href":"https:\/\/gaceramic.online\/de\/wp-json\/wp\/v2\/product\/6295\/revisions\/8390"}],"wp:featuredmedia":[{"embeddable":true,"href":"https:\/\/gaceramic.online\/de\/wp-json\/wp\/v2\/media\/6296"}],"wp:attachment":[{"href":"https:\/\/gaceramic.online\/de\/wp-json\/wp\/v2\/media?parent=6295"}],"wp:term":[{"taxonomy":"product_cat","embeddable":true,"href":"https:\/\/gaceramic.online\/de\/wp-json\/wp\/v2\/product_cat?post=6295"},{"taxonomy":"product_tag","embeddable":true,"href":"https:\/\/gaceramic.online\/de\/wp-json\/wp\/v2\/product_tag?post=6295"}],"curies":[{"name":"wp","href":"https:\/\/api.w.org\/{rel}","templated":true}]}}