{"id":6272,"date":"2023-05-03T18:35:10","date_gmt":"2023-05-03T15:35:10","guid":{"rendered":"https:\/\/gaceramic.online\/?post_type=product&#038;p=6272"},"modified":"2025-07-22T12:12:48","modified_gmt":"2025-07-22T09:12:48","slug":"6272","status":"publish","type":"product","link":"https:\/\/gaceramic.online\/de\/product\/6272\/","title":{"rendered":"K\u00fc\u00e7\u00fck Boy Kase Blau"},"content":{"rendered":"<p>K\u00fc\u00e7\u00fck mezeler ve kahvalt\u0131l\u0131klar i\u00e7in uygun boyda seramik tabaklar\u0131m\u0131z, sofralar\u0131n\u0131z\u0131 daha da \u00f6zel hale getiriyor. \u00d6zel tasar\u0131m\u0131m\u0131z, mezelerinizi ve kahvalt\u0131l\u0131klar\u0131n\u0131z\u0131 daha \u00e7ekici hale getirirken, yemeklerinizi daha i\u015ftah a\u00e7\u0131c\u0131 hale getiriyor. Sa\u011flam seramik yap\u0131s\u0131, dayan\u0131kl\u0131l\u0131\u011f\u0131 ile birlikte g\u00f6z al\u0131c\u0131 tasar\u0131m\u0131 da bar\u0131nd\u0131r\u0131yor. Bu tabaklar\u0131m\u0131z, farkl\u0131 renklerle, her t\u00fcrl\u00fc sofra dekoruna uyum sa\u011flayacak \u015fekilde tasarlanm\u0131\u015ft\u0131r.<\/p>\n<p>Mutfaklar\u0131n\u0131zda, kafelerde veya restoranlarda kullanabilirsiniz.<br \/>\nY\u00fcksek adetli sipari\u015fleriniz i\u00e7in l\u00fctfen bizimle ileti\u015fime ge\u00e7iniz.<\/p>","protected":false},"excerpt":{"rendered":"<p>Y\u00fczeyindeki hafif dalgalanmalar, el yap\u0131m\u0131 bir \u00fcr\u00fcn oldu\u011funu ve zanaatk\u00e2r\u0131n titiz i\u015f\u00e7ili\u011fini yans\u0131t\u0131r. Parmak izleri ve \u00e7izgiler, her bir kasan\u0131n kendine \u00f6zg\u00fc bir karaktere sahip oldu\u011funu g\u00f6sterir. Bu da her kullan\u0131mda size benzersiz bir deneyim sunar.<\/p>\n<p>\u00dcR\u00dcN EBATI: 12 X 4CM<br \/>\nBAKIM:BULA\u015eIK MAK\u0130NES\u0130NDE YIKANAB\u0130L\u0130R<\/p>","protected":false},"featured_media":7245,"comment_status":"open","ping_status":"closed","template":"","meta":{"_uag_custom_page_level_css":"","site-sidebar-layout":"default","site-content-layout":"default","ast-site-content-layout":"default","site-content-style":"default","site-sidebar-style":"default","ast-global-header-display":"","ast-banner-title-visibility":"","ast-main-header-display":"","ast-hfb-above-header-display":"","ast-hfb-below-header-display":"","ast-hfb-mobile-header-display":"","site-post-title":"","ast-breadcrumbs-content":"","ast-featured-img":"","footer-sml-layout":"","theme-transparent-header-meta":"default","adv-header-id-meta":"","stick-header-meta":"","header-above-stick-meta":"","header-main-stick-meta":"","header-below-stick-meta":"","astra-migrate-meta-layouts":"set","ast-page-background-enabled":"default","ast-page-background-meta":{"desktop":{"background-color":"","background-image":"","background-repeat":"repeat","background-position":"center center","background-size":"auto","background-attachment":"scroll","background-type":"","background-media":"","overlay-type":"","overlay-color":"","overlay-opacity":"","overlay-gradient":""},"tablet":{"background-color":"","background-image":"","background-repeat":"repeat","background-position":"center center","background-size":"auto","background-attachment":"scroll","background-type":"","background-media":"","overlay-type":"","overlay-color":"","overlay-opacity":"","overlay-gradient":""},"mobile":{"background-color":"","background-image":"","background-repeat":"repeat","background-position":"center center","background-size":"auto","background-attachment":"scroll","background-type":"","background-media":"","overlay-type":"","overlay-color":"","overlay-opacity":"","overlay-gradient":""}},"ast-content-background-meta":{"desktop":{"background-color":"var(--ast-global-color-5)","background-image":"","background-repeat":"repeat","background-position":"center center","background-size":"auto","background-attachment":"scroll","background-type":"","background-media":"","overlay-type":"","overlay-color":"","overlay-opacity":"","overlay-gradient":""},"tablet":{"background-color":"var(--ast-global-color-5)","background-image":"","background-repeat":"repeat","background-position":"center center","background-size":"auto","background-attachment":"scroll","background-type":"","background-media":"","overlay-type":"","overlay-color":"","overlay-opacity":"","overlay-gradient":""},"mobile":{"background-color":"var(--ast-global-color-5)","background-image":"","background-repeat":"repeat","background-position":"center center","background-size":"auto","background-attachment":"scroll","background-type":"","background-media":"","overlay-type":"","overlay-color":"","overlay-opacity":"","overlay-gradient":""}}},"product_cat":[55],"product_tag":[554,279,583,68,585,590,589,587,588,566,586,584,133,349],"class_list":{"0":"post-6272","1":"product","2":"type-product","3":"status-publish","4":"has-post-thumbnail","6":"product_cat-kase","7":"product_tag-bowl","8":"product_tag-el-yapimi-seramik","9":"product_tag-handmade-bowl","10":"product_tag-kase","11":"product_tag-lokumluk","12":"product_tag-mat-sir","13":"product_tag-mat-tabak","14":"product_tag-mini-cerez-tabagi","15":"product_tag-mini-kuruyemislik","16":"product_tag-mini-tabak","17":"product_tag-minik-meyve-tabagi","18":"product_tag-minik-sunumluk","19":"product_tag-pottery","20":"product_tag-seramik-tabak","21":"pa_renk-gri-mavi","22":"pa_renk-sarimsi-kahve","23":"desktop-align-left","24":"tablet-align-left","25":"mobile-align-left","27":"first","28":"instock","29":"sale","30":"taxable","31":"shipping-taxable","32":"purchasable","33":"product-type-variable"},"jetpack_sharing_enabled":true,"uagb_featured_image_src":{"full":["https:\/\/gaceramic.online\/wp-content\/uploads\/2023\/05\/KAHVE-KASE.jpg",1920,1280,false],"thumbnail":["https:\/\/gaceramic.online\/wp-content\/uploads\/2023\/05\/KAHVE-KASE-150x150.jpg",150,150,true],"medium":["https:\/\/gaceramic.online\/wp-content\/uploads\/2023\/05\/KAHVE-KASE-300x200.jpg",300,200,true],"medium_large":["https:\/\/gaceramic.online\/wp-content\/uploads\/2023\/05\/KAHVE-KASE-768x512.jpg",768,512,true],"large":["https:\/\/gaceramic.online\/wp-content\/uploads\/2023\/05\/KAHVE-KASE-1024x683.jpg",1024,683,true],"1536x1536":["https:\/\/gaceramic.online\/wp-content\/uploads\/2023\/05\/KAHVE-KASE-1536x1024.jpg",1536,1024,true],"2048x2048":["https:\/\/gaceramic.online\/wp-content\/uploads\/2023\/05\/KAHVE-KASE.jpg",1920,1280,false],"trp-custom-language-flag":["https:\/\/gaceramic.online\/wp-content\/uploads\/2023\/05\/KAHVE-KASE.jpg",18,12,false],"woocommerce_thumbnail":["https:\/\/gaceramic.online\/wp-content\/uploads\/2023\/05\/KAHVE-KASE-300x300.jpg",300,300,true],"woocommerce_single":["https:\/\/gaceramic.online\/wp-content\/uploads\/2023\/05\/KAHVE-KASE-600x400.jpg",600,400,true],"woocommerce_gallery_thumbnail":["https:\/\/gaceramic.online\/wp-content\/uploads\/2023\/05\/KAHVE-KASE-100x100.jpg",100,100,true],"variation_swatches_image_size":["https:\/\/gaceramic.online\/wp-content\/uploads\/2023\/05\/KAHVE-KASE.jpg",50,33,false],"variation_swatches_tooltip_size":["https:\/\/gaceramic.online\/wp-content\/uploads\/2023\/05\/KAHVE-KASE.jpg",100,67,false]},"uagb_author_info":{"display_name":"gaceramic","author_link":"https:\/\/gaceramic.online\/de\/author\/"},"uagb_comment_info":0,"uagb_excerpt":"Y\u00fczeyindeki hafif dalgalanmalar, el yap\u0131m\u0131 bir \u00fcr\u00fcn oldu\u011funu ve zanaatk\u00e2r\u0131n titiz i\u015f\u00e7ili\u011fini yans\u0131t\u0131r. Parmak izleri ve \u00e7izgiler, her bir kasan\u0131n kendine \u00f6zg\u00fc bir karaktere sahip oldu\u011funu g\u00f6sterir. Bu da her kullan\u0131mda size benzersiz bir deneyim sunar. \u00dcR\u00dcN EBATI: 12 X 4CM BAKIM:BULA\u015eIK MAK\u0130NES\u0130NDE YIKANAB\u0130L\u0130R","_links":{"self":[{"href":"https:\/\/gaceramic.online\/de\/wp-json\/wp\/v2\/product\/6272","targetHints":{"allow":["GET"]}}],"collection":[{"href":"https:\/\/gaceramic.online\/de\/wp-json\/wp\/v2\/product"}],"about":[{"href":"https:\/\/gaceramic.online\/de\/wp-json\/wp\/v2\/types\/product"}],"replies":[{"embeddable":true,"href":"https:\/\/gaceramic.online\/de\/wp-json\/wp\/v2\/comments?post=6272"}],"version-history":[{"count":2,"href":"https:\/\/gaceramic.online\/de\/wp-json\/wp\/v2\/product\/6272\/revisions"}],"predecessor-version":[{"id":7244,"href":"https:\/\/gaceramic.online\/de\/wp-json\/wp\/v2\/product\/6272\/revisions\/7244"}],"wp:featuredmedia":[{"embeddable":true,"href":"https:\/\/gaceramic.online\/de\/wp-json\/wp\/v2\/media\/7245"}],"wp:attachment":[{"href":"https:\/\/gaceramic.online\/de\/wp-json\/wp\/v2\/media?parent=6272"}],"wp:term":[{"taxonomy":"product_cat","embeddable":true,"href":"https:\/\/gaceramic.online\/de\/wp-json\/wp\/v2\/product_cat?post=6272"},{"taxonomy":"product_tag","embeddable":true,"href":"https:\/\/gaceramic.online\/de\/wp-json\/wp\/v2\/product_tag?post=6272"}],"curies":[{"name":"wp","href":"https:\/\/api.w.org\/{rel}","templated":true}]}}