{"id":6224,"date":"2023-05-03T16:58:42","date_gmt":"2023-05-03T13:58:42","guid":{"rendered":"https:\/\/gaceramic.online\/?post_type=product&#038;p=6224"},"modified":"2025-07-22T14:31:28","modified_gmt":"2025-07-22T11:31:28","slug":"small-kase","status":"publish","type":"product","link":"https:\/\/gaceramic.online\/de\/product\/small-kase\/","title":{"rendered":"Kase Bal"},"content":{"rendered":"<p>Y\u00fcksek kaliteli seramik malzemeden \u00fcretilmi\u015ftir ve g\u0131da ile uyumludur. Bu sayede, i\u00e7erisinde \u00e7erezler, mezeler\u00a0 ve diledi\u011finiz di\u011fer yiyecekleri g\u00fcvenle t\u00fcketebilirsiniz. Kahvalt\u0131 sofralar\u0131n\u0131n da vazge\u00e7ilmezi olurlar. El yap\u0131m\u0131 olmas\u0131n\u0131n verdi\u011fi do\u011fal ve \u00f6zel hissiyat\u0131 ile sizlere sunulan bu kase, her detay\u0131 ile \u00f6zenle i\u015flenmi\u015ftir. Her biri tek tek elde \u00fcretildi\u011fi i\u00e7in k\u00fc\u00e7\u00fck farkl\u0131l\u0131klar\u0131 olabilir.<\/p>\n<p>\u0130ster g\u00fcnl\u00fck kullan\u0131m\u0131n\u0131zda, ister \u00f6zel davetlerinizde tercih edebilece\u011finiz bu kase, \u00f6zg\u00fcn tasar\u0131m\u0131 ve uygun boyutu ile her ortama uyum sa\u011flar.<\/p>\n<p>Kase, kolay temizlenebilir \u00f6zelli\u011fi ile de pratik kullan\u0131m sunar. Elde y\u0131kaman\u0131z\u0131 tavsiye ederiz ancak bula\u015f\u0131k makinas\u0131nda da y\u0131kayabilirsiniz.<\/p>","protected":false},"excerpt":{"rendered":"<p>Bula\u015f\u0131k makinesinde y\u0131kanabilir.<br \/>\nTamamen el yap\u0131m\u0131d\u0131r. S\u0131cak ve so\u011fuk g\u0131dalar i\u00e7in uygundur.<\/p>\n<div class=\"extra-details\">\n<p class=\"label\">\n<\/div>","protected":false},"featured_media":6231,"comment_status":"open","ping_status":"closed","template":"","meta":{"_uag_custom_page_level_css":"","site-sidebar-layout":"default","site-content-layout":null,"ast-site-content-layout":"","site-content-style":"default","site-sidebar-style":"default","ast-global-header-display":"","ast-banner-title-visibility":"","ast-main-header-display":"","ast-hfb-above-header-display":null,"ast-hfb-below-header-display":null,"ast-hfb-mobile-header-display":null,"site-post-title":"","ast-breadcrumbs-content":null,"ast-featured-img":"","footer-sml-layout":"","theme-transparent-header-meta":"default","adv-header-id-meta":null,"stick-header-meta":null,"header-above-stick-meta":null,"header-main-stick-meta":null,"header-below-stick-meta":null,"astra-migrate-meta-layouts":"default","ast-page-background-enabled":"default","ast-page-background-meta":{"desktop":{"background-color":"","background-image":"","background-repeat":"repeat","background-position":"center center","background-size":"auto","background-attachment":"scroll","background-type":"","background-media":"","overlay-type":"","overlay-color":"","overlay-opacity":"","overlay-gradient":""},"tablet":{"background-color":"","background-image":"","background-repeat":"repeat","background-position":"center center","background-size":"auto","background-attachment":"scroll","background-type":"","background-media":"","overlay-type":"","overlay-color":"","overlay-opacity":"","overlay-gradient":""},"mobile":{"background-color":"","background-image":"","background-repeat":"repeat","background-position":"center center","background-size":"auto","background-attachment":"scroll","background-type":"","background-media":"","overlay-type":"","overlay-color":"","overlay-opacity":"","overlay-gradient":""}},"ast-content-background-meta":{"desktop":{"background-color":"var(--ast-global-color-5)","background-image":"","background-repeat":"repeat","background-position":"center center","background-size":"auto","background-attachment":"scroll","background-type":"","background-media":"","overlay-type":"","overlay-color":"","overlay-opacity":"","overlay-gradient":""},"tablet":{"background-color":"var(--ast-global-color-5)","background-image":"","background-repeat":"repeat","background-position":"center center","background-size":"auto","background-attachment":"scroll","background-type":"","background-media":"","overlay-type":"","overlay-color":"","overlay-opacity":"","overlay-gradient":""},"mobile":{"background-color":"var(--ast-global-color-5)","background-image":"","background-repeat":"repeat","background-position":"center center","background-size":"auto","background-attachment":"scroll","background-type":"","background-media":"","overlay-type":"","overlay-color":"","overlay-opacity":"","overlay-gradient":""}}},"product_cat":[55],"product_tag":[90,554,131,405,556,251,307,290,158,123,299,188,564,563,68,410,411,561,555,400,557,203,560,349,562,291,73,418,69,399,559,408,558],"class_list":{"0":"post-6224","1":"product","2":"type-product","3":"status-publish","4":"has-post-thumbnail","6":"product_cat-kase","7":"product_tag-seramik","8":"product_tag-bowl","9":"product_tag-ceramic","10":"product_tag-cerez","11":"product_tag-davet-sofrasi","12":"product_tag-dekoratif","13":"product_tag-el-yapim-seramik","14":"product_tag-el-yapimi","15":"product_tag-gaceramic","16":"product_tag-handmade","17":"product_tag-hediyelik","18":"product_tag-homedecor","19":"product_tag-kahvalti-seti","20":"product_tag-kahvalti-tabagi","21":"product_tag-kase","22":"product_tag-kase-set","23":"product_tag-kase-seti","24":"product_tag-kucuk-kase","25":"product_tag-kuruyemis","26":"product_tag-meze","27":"product_tag-mutfak","28":"product_tag-obje","29":"product_tag-seramik-sunum","30":"product_tag-seramik-tabak","31":"product_tag-sofra-takimi","32":"product_tag-sosluk","33":"product_tag-sunum","34":"product_tag-sunumluk","35":"product_tag-tabak","36":"product_tag-terra","37":"product_tag-yemek-sunumu","38":"product_tag-yemek-tabagi","39":"product_tag-yemek-takimi","40":"pa_renk-bal-kahve","41":"pa_renk-mavi","42":"pa_renk-sarimsi-kahve","43":"desktop-align-left","44":"tablet-align-left","45":"mobile-align-left","47":"first","48":"instock","49":"sale","50":"taxable","51":"shipping-taxable","52":"purchasable","53":"product-type-simple"},"jetpack_sharing_enabled":true,"uagb_featured_image_src":{"full":["https:\/\/gaceramic.online\/wp-content\/uploads\/2023\/05\/el-yapimi-seramik-kase-cerezlik-3-scaled.jpg",1707,2560,false],"thumbnail":["https:\/\/gaceramic.online\/wp-content\/uploads\/2023\/05\/el-yapimi-seramik-kase-cerezlik-3-150x150.jpg",150,150,true],"medium":["https:\/\/gaceramic.online\/wp-content\/uploads\/2023\/05\/el-yapimi-seramik-kase-cerezlik-3-200x300.jpg",200,300,true],"medium_large":["https:\/\/gaceramic.online\/wp-content\/uploads\/2023\/05\/el-yapimi-seramik-kase-cerezlik-3-768x1152.jpg",768,1152,true],"large":["https:\/\/gaceramic.online\/wp-content\/uploads\/2023\/05\/el-yapimi-seramik-kase-cerezlik-3-683x1024.jpg",683,1024,true],"1536x1536":["https:\/\/gaceramic.online\/wp-content\/uploads\/2023\/05\/el-yapimi-seramik-kase-cerezlik-3-1024x1536.jpg",1024,1536,true],"2048x2048":["https:\/\/gaceramic.online\/wp-content\/uploads\/2023\/05\/el-yapimi-seramik-kase-cerezlik-3-1365x2048.jpg",1365,2048,true],"trp-custom-language-flag":["https:\/\/gaceramic.online\/wp-content\/uploads\/2023\/05\/el-yapimi-seramik-kase-cerezlik-3-scaled.jpg",8,12,false],"woocommerce_thumbnail":["https:\/\/gaceramic.online\/wp-content\/uploads\/2023\/05\/el-yapimi-seramik-kase-cerezlik-3-300x300.jpg",300,300,true],"woocommerce_single":["https:\/\/gaceramic.online\/wp-content\/uploads\/2023\/05\/el-yapimi-seramik-kase-cerezlik-3-600x900.jpg",600,900,true],"woocommerce_gallery_thumbnail":["https:\/\/gaceramic.online\/wp-content\/uploads\/2023\/05\/el-yapimi-seramik-kase-cerezlik-3-100x100.jpg",100,100,true],"variation_swatches_image_size":["https:\/\/gaceramic.online\/wp-content\/uploads\/2023\/05\/el-yapimi-seramik-kase-cerezlik-3-scaled.jpg",33,50,false],"variation_swatches_tooltip_size":["https:\/\/gaceramic.online\/wp-content\/uploads\/2023\/05\/el-yapimi-seramik-kase-cerezlik-3-scaled.jpg",67,100,false]},"uagb_author_info":{"display_name":"gaceramic","author_link":"https:\/\/gaceramic.online\/de\/author\/"},"uagb_comment_info":0,"uagb_excerpt":"Bula\u015f\u0131k makinesinde y\u0131kanabilir. Tamamen el yap\u0131m\u0131d\u0131r. S\u0131cak ve so\u011fuk g\u0131dalar i\u00e7in uygundur.","_links":{"self":[{"href":"https:\/\/gaceramic.online\/de\/wp-json\/wp\/v2\/product\/6224","targetHints":{"allow":["GET"]}}],"collection":[{"href":"https:\/\/gaceramic.online\/de\/wp-json\/wp\/v2\/product"}],"about":[{"href":"https:\/\/gaceramic.online\/de\/wp-json\/wp\/v2\/types\/product"}],"replies":[{"embeddable":true,"href":"https:\/\/gaceramic.online\/de\/wp-json\/wp\/v2\/comments?post=6224"}],"version-history":[{"count":2,"href":"https:\/\/gaceramic.online\/de\/wp-json\/wp\/v2\/product\/6224\/revisions"}],"predecessor-version":[{"id":8394,"href":"https:\/\/gaceramic.online\/de\/wp-json\/wp\/v2\/product\/6224\/revisions\/8394"}],"wp:featuredmedia":[{"embeddable":true,"href":"https:\/\/gaceramic.online\/de\/wp-json\/wp\/v2\/media\/6231"}],"wp:attachment":[{"href":"https:\/\/gaceramic.online\/de\/wp-json\/wp\/v2\/media?parent=6224"}],"wp:term":[{"taxonomy":"product_cat","embeddable":true,"href":"https:\/\/gaceramic.online\/de\/wp-json\/wp\/v2\/product_cat?post=6224"},{"taxonomy":"product_tag","embeddable":true,"href":"https:\/\/gaceramic.online\/de\/wp-json\/wp\/v2\/product_tag?post=6224"}],"curies":[{"name":"wp","href":"https:\/\/api.w.org\/{rel}","templated":true}]}}