{"id":1885,"date":"2020-11-13T22:41:25","date_gmt":"2020-11-13T19:41:25","guid":{"rendered":"https:\/\/gaceramic.online\/?post_type=product&#038;p=1885"},"modified":"2025-07-22T14:59:53","modified_gmt":"2025-07-22T11:59:53","slug":"meze-tabagi-3","status":"publish","type":"product","link":"https:\/\/gaceramic.online\/de\/product\/meze-tabagi-3\/","title":{"rendered":"Mini Yuvarlak Tabak Ye\u015fil"},"content":{"rendered":"<p>K\u00fc\u00e7\u00fck boyutu, lezzetli detaylar\u0131 vurgulamak ve misafirlerinize benzersiz bir deneyim sunmak i\u00e7in idealdir.Ayn\u0131 zamanda, bu seramik tabaklar, \u00e7erezler ve at\u0131\u015ft\u0131rmal\u0131klar i\u00e7in de \u015f\u0131k bir sunum sa\u011flar.<\/p>","protected":false},"excerpt":{"rendered":"<div class=\"clearfix spanline\">El eme\u011fi ve \u00f6zenle tasarlanm\u0131\u015f, k\u00fc\u00e7\u00fck yuvarlak seramik meze taba\u011f\u0131, sofralara zarif bir dokunu\u015f kat\u0131yor. Her bir par\u00e7a, ustal\u0131kla \u015fekillendirilmi\u015f ve dikkatlice elde boyanm\u0131\u015f, benzersiz bir estetik sunuyor.<\/div>","protected":false},"featured_media":6835,"comment_status":"open","ping_status":"closed","template":"","meta":{"_uag_custom_page_level_css":"","site-sidebar-layout":"default","site-content-layout":"default","ast-site-content-layout":"default","site-content-style":"default","site-sidebar-style":"default","ast-global-header-display":"","ast-banner-title-visibility":"","ast-main-header-display":"","ast-hfb-above-header-display":"","ast-hfb-below-header-display":"","ast-hfb-mobile-header-display":"","site-post-title":"","ast-breadcrumbs-content":"","ast-featured-img":"","footer-sml-layout":"","theme-transparent-header-meta":"default","adv-header-id-meta":"","stick-header-meta":"","header-above-stick-meta":"","header-main-stick-meta":"","header-below-stick-meta":"","astra-migrate-meta-layouts":"set","ast-page-background-enabled":"default","ast-page-background-meta":{"desktop":{"background-color":"","background-image":"","background-repeat":"repeat","background-position":"center center","background-size":"auto","background-attachment":"scroll","background-type":"","background-media":"","overlay-type":"","overlay-color":"","overlay-opacity":"","overlay-gradient":""},"tablet":{"background-color":"","background-image":"","background-repeat":"repeat","background-position":"center center","background-size":"auto","background-attachment":"scroll","background-type":"","background-media":"","overlay-type":"","overlay-color":"","overlay-opacity":"","overlay-gradient":""},"mobile":{"background-color":"","background-image":"","background-repeat":"repeat","background-position":"center center","background-size":"auto","background-attachment":"scroll","background-type":"","background-media":"","overlay-type":"","overlay-color":"","overlay-opacity":"","overlay-gradient":""}},"ast-content-background-meta":{"desktop":{"background-color":"var(--ast-global-color-5)","background-image":"","background-repeat":"repeat","background-position":"center center","background-size":"auto","background-attachment":"scroll","background-type":"","background-media":"","overlay-type":"","overlay-color":"","overlay-opacity":"","overlay-gradient":""},"tablet":{"background-color":"var(--ast-global-color-5)","background-image":"","background-repeat":"repeat","background-position":"center center","background-size":"auto","background-attachment":"scroll","background-type":"","background-media":"","overlay-type":"","overlay-color":"","overlay-opacity":"","overlay-gradient":""},"mobile":{"background-color":"var(--ast-global-color-5)","background-image":"","background-repeat":"repeat","background-position":"center center","background-size":"auto","background-attachment":"scroll","background-type":"","background-media":"","overlay-type":"","overlay-color":"","overlay-opacity":"","overlay-gradient":""}}},"product_cat":[15],"product_tag":[556,564,563,571,561,567,566,568,569,570,572,565],"class_list":{"0":"post-1885","1":"product","2":"type-product","3":"status-publish","4":"has-post-thumbnail","6":"product_cat-sunumluk","7":"product_tag-davet-sofrasi","8":"product_tag-kahvalti-seti","9":"product_tag-kahvalti-tabagi","10":"product_tag-kahvaltilik","11":"product_tag-kucuk-kase","12":"product_tag-kucuk-sos-tabagi","13":"product_tag-mini-tabak","14":"product_tag-seramik-kase","15":"product_tag-seramik-tabak-mini-boy","16":"product_tag-small-tabak","17":"product_tag-sofra-sunumu","18":"product_tag-yuvarlak-tabak","19":"pa_renk-acik-gul-kurusu","20":"pa_renk-bal-kahve","21":"pa_renk-gri-mavi","22":"pa_renk-koyu-gul-kurusu","23":"pa_renk-zeytin-yesili","24":"pa_renk-yesil","25":"desktop-align-left","26":"tablet-align-left","27":"mobile-align-left","29":"first","30":"instock","31":"sale","32":"taxable","33":"shipping-taxable","34":"purchasable","35":"product-type-variable"},"jetpack_sharing_enabled":true,"uagb_featured_image_src":{"full":["https:\/\/gaceramic.online\/wp-content\/uploads\/2020\/11\/KUCUKYESILTABAK.jpg",1500,1500,false],"thumbnail":["https:\/\/gaceramic.online\/wp-content\/uploads\/2020\/11\/KUCUKYESILTABAK-150x150.jpg",150,150,true],"medium":["https:\/\/gaceramic.online\/wp-content\/uploads\/2020\/11\/KUCUKYESILTABAK-300x300.jpg",300,300,true],"medium_large":["https:\/\/gaceramic.online\/wp-content\/uploads\/2020\/11\/KUCUKYESILTABAK-768x768.jpg",768,768,true],"large":["https:\/\/gaceramic.online\/wp-content\/uploads\/2020\/11\/KUCUKYESILTABAK-1024x1024.jpg",1024,1024,true],"1536x1536":["https:\/\/gaceramic.online\/wp-content\/uploads\/2020\/11\/KUCUKYESILTABAK.jpg",1500,1500,false],"2048x2048":["https:\/\/gaceramic.online\/wp-content\/uploads\/2020\/11\/KUCUKYESILTABAK.jpg",1500,1500,false],"trp-custom-language-flag":["https:\/\/gaceramic.online\/wp-content\/uploads\/2020\/11\/KUCUKYESILTABAK.jpg",12,12,false],"woocommerce_thumbnail":["https:\/\/gaceramic.online\/wp-content\/uploads\/2020\/11\/KUCUKYESILTABAK-300x300.jpg",300,300,true],"woocommerce_single":["https:\/\/gaceramic.online\/wp-content\/uploads\/2020\/11\/KUCUKYESILTABAK-600x600.jpg",600,600,true],"woocommerce_gallery_thumbnail":["https:\/\/gaceramic.online\/wp-content\/uploads\/2020\/11\/KUCUKYESILTABAK-100x100.jpg",100,100,true],"variation_swatches_image_size":["https:\/\/gaceramic.online\/wp-content\/uploads\/2020\/11\/KUCUKYESILTABAK.jpg",50,50,false],"variation_swatches_tooltip_size":["https:\/\/gaceramic.online\/wp-content\/uploads\/2020\/11\/KUCUKYESILTABAK.jpg",100,100,false]},"uagb_author_info":{"display_name":"gaceramic","author_link":"https:\/\/gaceramic.online\/de\/author\/"},"uagb_comment_info":0,"uagb_excerpt":"El eme\u011fi ve \u00f6zenle tasarlanm\u0131\u015f, k\u00fc\u00e7\u00fck yuvarlak seramik meze taba\u011f\u0131, sofralara zarif bir dokunu\u015f kat\u0131yor. Her bir par\u00e7a, ustal\u0131kla \u015fekillendirilmi\u015f ve dikkatlice elde boyanm\u0131\u015f, benzersiz bir estetik sunuyor.","_links":{"self":[{"href":"https:\/\/gaceramic.online\/de\/wp-json\/wp\/v2\/product\/1885","targetHints":{"allow":["GET"]}}],"collection":[{"href":"https:\/\/gaceramic.online\/de\/wp-json\/wp\/v2\/product"}],"about":[{"href":"https:\/\/gaceramic.online\/de\/wp-json\/wp\/v2\/types\/product"}],"replies":[{"embeddable":true,"href":"https:\/\/gaceramic.online\/de\/wp-json\/wp\/v2\/comments?post=1885"}],"version-history":[{"count":3,"href":"https:\/\/gaceramic.online\/de\/wp-json\/wp\/v2\/product\/1885\/revisions"}],"predecessor-version":[{"id":8572,"href":"https:\/\/gaceramic.online\/de\/wp-json\/wp\/v2\/product\/1885\/revisions\/8572"}],"wp:featuredmedia":[{"embeddable":true,"href":"https:\/\/gaceramic.online\/de\/wp-json\/wp\/v2\/media\/6835"}],"wp:attachment":[{"href":"https:\/\/gaceramic.online\/de\/wp-json\/wp\/v2\/media?parent=1885"}],"wp:term":[{"taxonomy":"product_cat","embeddable":true,"href":"https:\/\/gaceramic.online\/de\/wp-json\/wp\/v2\/product_cat?post=1885"},{"taxonomy":"product_tag","embeddable":true,"href":"https:\/\/gaceramic.online\/de\/wp-json\/wp\/v2\/product_tag?post=1885"}],"curies":[{"name":"wp","href":"https:\/\/api.w.org\/{rel}","templated":true}]}}