{"id":414,"date":"2017-12-21T09:00:47","date_gmt":"2017-12-21T06:00:47","guid":{"rendered":"https:\/\/gaceramic.online\/contact-us\/"},"modified":"2024-11-03T16:06:14","modified_gmt":"2024-11-03T13:06:14","slug":"iletisim","status":"publish","type":"page","link":"https:\/\/gaceramic.online\/ar\/iletisim\/","title":{"rendered":"\u0627\u062a\u0635\u0644 \u0628\u0646\u0627"},"content":{"rendered":"<div data-elementor-type=\"wp-post\" data-elementor-id=\"414\" class=\"elementor elementor-414\">\n\t\t\t\t\t\t<section class=\"elementor-section elementor-top-section elementor-element elementor-element-adcc176 elementor-section-content-middle elementor-section-full_width elementor-section-height-default elementor-section-height-default\" data-id=\"adcc176\" data-element_type=\"section\">\n\t\t\t\t\t\t<div class=\"elementor-container elementor-column-gap-default\">\n\t\t\t\t\t<div class=\"elementor-column elementor-col-25 elementor-top-column elementor-element elementor-element-a91ad32\" data-id=\"a91ad32\" data-element_type=\"column\" data-settings=\"{&quot;background_background&quot;:&quot;classic&quot;}\">\n\t\t\t<div class=\"elementor-widget-wrap elementor-element-populated\">\n\t\t\t\t\t\t<div class=\"elementor-element elementor-element-dad4c63 elementor-widget elementor-widget-heading\" data-id=\"dad4c63\" data-element_type=\"widget\" data-widget_type=\"heading.default\">\n\t\t\t\t<div class=\"elementor-widget-container\">\n\t\t\t<h2 class=\"elementor-heading-title elementor-size-large\">Bizi takip edin!<\/h2>\t\t<\/div>\n\t\t\t\t<\/div>\n\t\t\t\t<div class=\"elementor-element elementor-element-cae3858 elementor-shape-rounded elementor-grid-0 e-grid-align-center elementor-widget elementor-widget-social-icons\" data-id=\"cae3858\" data-element_type=\"widget\" data-widget_type=\"social-icons.default\">\n\t\t\t\t<div class=\"elementor-widget-container\">\n\t\t\t\t\t<div class=\"elementor-social-icons-wrapper elementor-grid\">\n\t\t\t\t\t\t\t<span class=\"elementor-grid-item\">\n\t\t\t\t\t<a class=\"elementor-icon elementor-social-icon elementor-social-icon-instagram elementor-repeater-item-65ca331\" href=\"https:\/\/www.instagram.com\/gaceramic\/\" rel=\"noopener\">\n\t\t\t\t\t\t<span class=\"elementor-screen-only\">\u0627\u0646\u0633\u062a\u0642\u0631\u0627\u0645<\/span>\n\t\t\t\t\t\t<i class=\"fab fa-instagram\"><\/i>\t\t\t\t\t<\/a>\n\t\t\t\t<\/span>\n\t\t\t\t\t\t\t<span class=\"elementor-grid-item\">\n\t\t\t\t\t<a class=\"elementor-icon elementor-social-icon elementor-social-icon-youtube elementor-repeater-item-9e740e1\" href=\"https:\/\/www.youtube.com\/channel\/UCX-5b2VUpiSjqQDcRvzTskw\" rel=\"noopener\">\n\t\t\t\t\t\t<span class=\"elementor-screen-only\">\u064a\u0648\u062a\u064a\u0648\u0628<\/span>\n\t\t\t\t\t\t<i class=\"fab fa-youtube\"><\/i>\t\t\t\t\t<\/a>\n\t\t\t\t<\/span>\n\t\t\t\t\t\t\t<span class=\"elementor-grid-item\">\n\t\t\t\t\t<a class=\"elementor-icon elementor-social-icon elementor-social-icon-google-plus-g elementor-repeater-item-347f36d\" href=\"https:\/\/www.google.com\/maps\/dir\/\/40.994043,29.035986\/@40.994043,29.035986,10z?hl=tr-TR\" rel=\"noopener\">\n\t\t\t\t\t\t<span class=\"elementor-screen-only\">\u062c\u0648\u062c\u0644 \u0628\u0644\u0633-\u062c<\/span>\n\t\t\t\t\t\t<i class=\"fab fa-google-plus-g\"><\/i>\t\t\t\t\t<\/a>\n\t\t\t\t<\/span>\n\t\t\t\t\t<\/div>\n\t\t\t\t<\/div>\n\t\t\t\t<\/div>\n\t\t\t\t\t<\/div>\n\t\t<\/div>\n\t\t\t\t<div class=\"elementor-column elementor-col-25 elementor-top-column elementor-element elementor-element-db8cbcb\" data-id=\"db8cbcb\" data-element_type=\"column\">\n\t\t\t<div class=\"elementor-widget-wrap elementor-element-populated\">\n\t\t\t\t\t\t<div class=\"elementor-element elementor-element-96f4ff7 elementor-widget elementor-widget-heading\" data-id=\"96f4ff7\" data-element_type=\"widget\" data-widget_type=\"heading.default\">\n\t\t\t\t<div class=\"elementor-widget-container\">\n\t\t\t<h3 class=\"elementor-heading-title elementor-size-large\">Bize ula\u015f\u0131n<\/h3>\t\t<\/div>\n\t\t\t\t<\/div>\n\t\t\t\t<div class=\"elementor-element elementor-element-29702b9 elementor-widget elementor-widget-text-editor\" data-id=\"29702b9\" data-element_type=\"widget\" data-widget_type=\"text-editor.default\">\n\t\t\t\t<div class=\"elementor-widget-container\">\n\t\t\t\t\t\t\t<p><strong>Adres:<\/strong><br \/><span style=\"color: #202124; font-family: arial, sans-serif; font-size: 14px; font-style: normal; font-weight: 400;\">\u062d\u0633\u0646 \u0628\u0627\u0634\u0627\u060c \u0634\u064a\u0631 \u0633\u0648\u0631\u0648\u0631\u064a \u0633\u0643. \u0631\u0642\u0645:7, 34724 \u0643\u0627\u062f\u064a\u0643\u0648\u064a \/ \u0625\u0633\u0637\u0646\u0628\u0648\u0644 \/ \u062a\u0631\u0643\u064a\u0627<\/span><\/p><p><strong>Telefon:<\/strong><br \/><span class=\"w8qArf\">+ 9<\/span><span class=\"LrzXr zdqRlf kno-fv\"><a href=\"https:\/\/www.google.com\/search?q=ga+ceramic&amp;oq=ga+cer&amp;aqs=chrome.1.69i57j35i39l2j0j0i22i30j69i60l3.2997j0j7&amp;sourceid=chrome&amp;ie=UTF-8#\" data-dtype=\"d3ifr\" data-local-attribute=\"d3ph\" data-ved=\"2ahUKEwimxuPEwe7tAhXFy6QKHV3iA5QQkAgoADATegQIERAD\" rel=\"noopener\"><span role=\"link\" aria-label=\"0505 955 87 93 Numaral\u0131 Telefonu Ara\">0 505 955 87 93<\/span><\/a><\/span><\/p><p><strong>E-mail:<\/strong><br \/>gulsumaydin0@gmail.com<\/p><p><strong>Haftai\u00e7i:<\/strong> 10:00 &#8211; 19:00<br \/><strong>Cumartesi:<\/strong> 12:00 &#8211; 19:00<\/p>\t\t\t\t\t\t<\/div>\n\t\t\t\t<\/div>\n\t\t\t\t\t<\/div>\n\t\t<\/div>\n\t\t\t\t<div class=\"elementor-column elementor-col-50 elementor-top-column elementor-element elementor-element-925231a\" data-id=\"925231a\" data-element_type=\"column\">\n\t\t\t<div class=\"elementor-widget-wrap elementor-element-populated\">\n\t\t\t\t\t\t<div class=\"elementor-element elementor-element-a6af199 elementor-widget elementor-widget-google_maps\" data-id=\"a6af199\" data-element_type=\"widget\" data-widget_type=\"google_maps.default\">\n\t\t\t\t<div class=\"elementor-widget-container\">\n\t\t\t\t\t<div class=\"elementor-custom-embed\">\n\t\t\t<iframe loading=\"lazy\"\n\t\t\t\t\tsrc=\"https:\/\/maps.google.com\/maps?q=Hasanpa%C5%9Fa%2C%20%C5%9Eair%20Sururi%20Sk.%20No%3A7%2C%2034724%20Kad%C4%B1k%C3%B6y%2F%C4%B0stanbul&#038;t=m&#038;z=10&#038;output=embed&#038;iwloc=near\"\n\t\t\t\t\ttitle=\"Hasanpa\u015fa, \u015eair Sururi Sk. No:7, 34724 Kad\u0131k\u00f6y\/\u0130stanbul\"\n\t\t\t\t\taria-label=\"Hasanpa\u015fa, \u015eair Sururi Sk. No:7, 34724 Kad\u0131k\u00f6y\/\u0130stanbul\"\n\t\t\t><\/iframe>\n\t\t<\/div>\n\t\t\t\t<\/div>\n\t\t\t\t<\/div>\n\t\t\t\t\t<\/div>\n\t\t<\/div>\n\t\t\t\t\t<\/div>\n\t\t<\/section>\n\t\t\t\t<\/div>","protected":false},"excerpt":{"rendered":"<p>Bizi takip edin! Instagram Youtube Google-plus-g Bize ula\u015f\u0131n Adres: Hasanpa\u015fa, \u015eair Sururi Sk. No:7, 34724 Kad\u0131k\u00f6y \/ \u0130stanbul \/ T\u00fcrkiye Telefon: + 90 505 955 87 93 E-mail: gulsumaydin0@gmail.com Haftai\u00e7i: 10:00 &#8211; 19:00 Cumartesi: 11:00 &#8211; 16:00<\/p>","protected":false},"author":1,"featured_media":0,"parent":0,"menu_order":0,"comment_status":"closed","ping_status":"closed","template":"","meta":{"_uag_custom_page_level_css":"","site-sidebar-layout":"no-sidebar","site-content-layout":"page-builder","ast-site-content-layout":"","site-content-style":"default","site-sidebar-style":"default","ast-global-header-display":"","ast-banner-title-visibility":"","ast-main-header-display":"","ast-hfb-above-header-display":"","ast-hfb-below-header-display":"","ast-hfb-mobile-header-display":"","site-post-title":"disabled","ast-breadcrumbs-content":null,"ast-featured-img":"disabled","footer-sml-layout":"","theme-transparent-header-meta":"enabled","adv-header-id-meta":null,"stick-header-meta":null,"header-above-stick-meta":null,"header-main-stick-meta":null,"header-below-stick-meta":null,"astra-migrate-meta-layouts":"default","ast-page-background-enabled":"default","ast-page-background-meta":{"desktop":{"background-color":"","background-image":"","background-repeat":"repeat","background-position":"center center","background-size":"auto","background-attachment":"scroll","background-type":"","background-media":"","overlay-type":"","overlay-color":"","overlay-opacity":"","overlay-gradient":""},"tablet":{"background-color":"","background-image":"","background-repeat":"repeat","background-position":"center center","background-size":"auto","background-attachment":"scroll","background-type":"","background-media":"","overlay-type":"","overlay-color":"","overlay-opacity":"","overlay-gradient":""},"mobile":{"background-color":"","background-image":"","background-repeat":"repeat","background-position":"center center","background-size":"auto","background-attachment":"scroll","background-type":"","background-media":"","overlay-type":"","overlay-color":"","overlay-opacity":"","overlay-gradient":""}},"ast-content-background-meta":{"desktop":{"background-color":"var(--ast-global-color-5)","background-image":"","background-repeat":"repeat","background-position":"center center","background-size":"auto","background-attachment":"scroll","background-type":"","background-media":"","overlay-type":"","overlay-color":"","overlay-opacity":"","overlay-gradient":""},"tablet":{"background-color":"var(--ast-global-color-5)","background-image":"","background-repeat":"repeat","background-position":"center center","background-size":"auto","background-attachment":"scroll","background-type":"","background-media":"","overlay-type":"","overlay-color":"","overlay-opacity":"","overlay-gradient":""},"mobile":{"background-color":"var(--ast-global-color-5)","background-image":"","background-repeat":"repeat","background-position":"center center","background-size":"auto","background-attachment":"scroll","background-type":"","background-media":"","overlay-type":"","overlay-color":"","overlay-opacity":"","overlay-gradient":""}},"footnotes":""},"class_list":["post-414","page","type-page","status-publish","hentry"],"jetpack_sharing_enabled":true,"uagb_featured_image_src":{"full":false,"thumbnail":false,"medium":false,"medium_large":false,"large":false,"1536x1536":false,"2048x2048":false,"trp-custom-language-flag":false,"woocommerce_thumbnail":false,"woocommerce_single":false,"woocommerce_gallery_thumbnail":false,"variation_swatches_image_size":false,"variation_swatches_tooltip_size":false},"uagb_author_info":{"display_name":"gaceramic","author_link":"https:\/\/gaceramic.online\/ar\/author\/gaceramic\/"},"uagb_comment_info":0,"uagb_excerpt":"Bizi takip edin! Instagram Youtube Google-plus-g Bize ula\u015f\u0131n Adres: Hasanpa\u015fa, \u015eair Sururi Sk. No:7, 34724 Kad\u0131k\u00f6y \/ \u0130stanbul \/ T\u00fcrkiye Telefon: + 90 505 955 87 93 E-mail: gulsumaydin0@gmail.com Haftai\u00e7i: 10:00 &#8211; 19:00 Cumartesi: 11:00 &#8211; 16:00","_links":{"self":[{"href":"https:\/\/gaceramic.online\/ar\/wp-json\/wp\/v2\/pages\/414","targetHints":{"allow":["GET"]}}],"collection":[{"href":"https:\/\/gaceramic.online\/ar\/wp-json\/wp\/v2\/pages"}],"about":[{"href":"https:\/\/gaceramic.online\/ar\/wp-json\/wp\/v2\/types\/page"}],"author":[{"embeddable":true,"href":"https:\/\/gaceramic.online\/ar\/wp-json\/wp\/v2\/users\/1"}],"replies":[{"embeddable":true,"href":"https:\/\/gaceramic.online\/ar\/wp-json\/wp\/v2\/comments?post=414"}],"version-history":[{"count":30,"href":"https:\/\/gaceramic.online\/ar\/wp-json\/wp\/v2\/pages\/414\/revisions"}],"predecessor-version":[{"id":8663,"href":"https:\/\/gaceramic.online\/ar\/wp-json\/wp\/v2\/pages\/414\/revisions\/8663"}],"wp:attachment":[{"href":"https:\/\/gaceramic.online\/ar\/wp-json\/wp\/v2\/media?parent=414"}],"curies":[{"name":"wp","href":"https:\/\/api.w.org\/{rel}","templated":true}]}}